{"id":44250,"date":"2025-03-07T10:19:03","date_gmt":"2025-03-07T09:19:03","guid":{"rendered":"https:\/\/ecoxshop.ch\/prodotto\/scatola-fustellata-per-e-commerce-colompac-conf-10-pz-cartone-ondulato\/"},"modified":"2025-03-07T16:56:23","modified_gmt":"2025-03-07T15:56:23","slug":"scatola-fustellata-per-e-commerce-colompac-conf-10-pz-cartone-ondulato","status":"publish","type":"product","link":"https:\/\/ecoxshop.ch\/it\/prodotto\/scatola-fustellata-per-e-commerce-colompac-conf-10-pz-cartone-ondulato\/","title":{"rendered":"Scatola fustellata per e-commerce ColomPac conf. 10 pz &#8211; cartone ondulato"},"content":{"rendered":"<p>Scatola speciale per E-Commerce con la dicitura &#8221;Diritto di Reso&#8221;. Studiata per rispondere alle necessit\u00e0 degli operatori di E-Commerce, la scatola \u00e8 super resistente e grazie alla doppia linguetta adesiva pu\u00f2 essere utilizzata per due differenti spedizioni. Grazie al doppio adesivo pu\u00f2 essere utilizzata per esercitare il diritto di reso. Facile da montare, da aprire tirando la linguetta rossa e facile da chiudere grazie al Colompac self-sealing system. Il cartone ha gli angoli arrotondati e con protezione resistente, bordo perimetrale in cartone doppio. Formato 35 x 25 x 15 cm, colore avana. La confezione contiene 10 scatole.<\/p>\n","protected":false},"excerpt":{"rendered":"<p>Scatola fustellata per e-commerce ColomPac conf. 10 pz &#8211; cartone ondulato avana formato L &#8211; 35x25x15 cm CP069.06<\/p>\n","protected":false},"featured_media":44251,"template":"","meta":[],"product_cat":[383],"product_tag":[],"yoast_head":"<!-- This site is optimized with the Yoast SEO plugin v20.7 - https:\/\/yoast.com\/wordpress\/plugins\/seo\/ -->\n<title>Scatola fustellata per e-commerce ColomPac conf. 10 pz - cartone ondulato - Ecox Shop<\/title>\n<meta name=\"robots\" content=\"index, follow, max-snippet:-1, max-image-preview:large, max-video-preview:-1\" \/>\n<link rel=\"canonical\" href=\"https:\/\/ecoxshop.ch\/it\/prodotto\/scatola-fustellata-per-e-commerce-colompac-conf-10-pz-cartone-ondulato\/\" \/>\n<meta property=\"og:locale\" content=\"it_IT\" \/>\n<meta property=\"og:type\" content=\"article\" \/>\n<meta property=\"og:title\" content=\"Scatola fustellata per e-commerce ColomPac conf. 10 pz - cartone ondulato - Ecox Shop\" \/>\n<meta property=\"og:description\" content=\"Scatola fustellata per e-commerce ColomPac conf. 10 pz - cartone ondulato avana formato L - 35x25x15 cm CP069.06\" \/>\n<meta property=\"og:url\" content=\"https:\/\/ecoxshop.ch\/it\/prodotto\/scatola-fustellata-per-e-commerce-colompac-conf-10-pz-cartone-ondulato\/\" \/>\n<meta property=\"og:site_name\" content=\"Ecox Shop\" \/>\n<meta property=\"article:modified_time\" content=\"2025-03-07T15:56:23+00:00\" \/>\n<meta property=\"og:image\" content=\"https:\/\/ecoxshop.ch\/wp-content\/uploads\/2025\/03\/1603095.jpg\" \/>\n\t<meta property=\"og:image:width\" content=\"480\" \/>\n\t<meta property=\"og:image:height\" content=\"480\" \/>\n\t<meta property=\"og:image:type\" content=\"image\/jpeg\" \/>\n<meta name=\"twitter:card\" content=\"summary_large_image\" \/>\n<script type=\"application\/ld+json\" class=\"yoast-schema-graph\">{\"@context\":\"https:\/\/schema.org\",\"@graph\":[{\"@type\":\"WebPage\",\"@id\":\"https:\/\/ecoxshop.ch\/it\/prodotto\/scatola-fustellata-per-e-commerce-colompac-conf-10-pz-cartone-ondulato\/\",\"url\":\"https:\/\/ecoxshop.ch\/it\/prodotto\/scatola-fustellata-per-e-commerce-colompac-conf-10-pz-cartone-ondulato\/\",\"name\":\"Scatola fustellata per e-commerce ColomPac conf. 10 pz - cartone ondulato - Ecox Shop\",\"isPartOf\":{\"@id\":\"https:\/\/ecoxshop.ch\/#website\"},\"datePublished\":\"2025-03-07T09:19:03+00:00\",\"dateModified\":\"2025-03-07T15:56:23+00:00\",\"breadcrumb\":{\"@id\":\"https:\/\/ecoxshop.ch\/it\/prodotto\/scatola-fustellata-per-e-commerce-colompac-conf-10-pz-cartone-ondulato\/#breadcrumb\"},\"inLanguage\":\"it-IT\",\"potentialAction\":[{\"@type\":\"ReadAction\",\"target\":[\"https:\/\/ecoxshop.ch\/it\/prodotto\/scatola-fustellata-per-e-commerce-colompac-conf-10-pz-cartone-ondulato\/\"]}]},{\"@type\":\"BreadcrumbList\",\"@id\":\"https:\/\/ecoxshop.ch\/it\/prodotto\/scatola-fustellata-per-e-commerce-colompac-conf-10-pz-cartone-ondulato\/#breadcrumb\",\"itemListElement\":[{\"@type\":\"ListItem\",\"position\":1,\"name\":\"Home\",\"item\":\"https:\/\/ecoxshop.ch\/it\/\"},{\"@type\":\"ListItem\",\"position\":2,\"name\":\"Shop\",\"item\":\"https:\/\/ecoxshop.ch\/it\/shop\/\"},{\"@type\":\"ListItem\",\"position\":3,\"name\":\"Scatola fustellata per e-commerce ColomPac conf. 10 pz &#8211; cartone ondulato\"}]},{\"@type\":\"WebSite\",\"@id\":\"https:\/\/ecoxshop.ch\/#website\",\"url\":\"https:\/\/ecoxshop.ch\/\",\"name\":\"Ecox Shop\",\"description\":\"\",\"publisher\":{\"@id\":\"https:\/\/ecoxshop.ch\/#organization\"},\"potentialAction\":[{\"@type\":\"SearchAction\",\"target\":{\"@type\":\"EntryPoint\",\"urlTemplate\":\"https:\/\/ecoxshop.ch\/?s={search_term_string}\"},\"query-input\":\"required name=search_term_string\"}],\"inLanguage\":\"it-IT\"},{\"@type\":\"Organization\",\"@id\":\"https:\/\/ecoxshop.ch\/#organization\",\"name\":\"Ecox Shop\",\"url\":\"https:\/\/ecoxshop.ch\/\",\"logo\":{\"@type\":\"ImageObject\",\"inLanguage\":\"it-IT\",\"@id\":\"https:\/\/ecoxshop.ch\/#\/schema\/logo\/image\/\",\"url\":\"https:\/\/ecoxshop.ch\/wp-content\/uploads\/2023\/05\/logo-ecox.svg\",\"contentUrl\":\"https:\/\/ecoxshop.ch\/wp-content\/uploads\/2023\/05\/logo-ecox.svg\",\"width\":304.6,\"height\":91.5,\"caption\":\"Ecox Shop\"},\"image\":{\"@id\":\"https:\/\/ecoxshop.ch\/#\/schema\/logo\/image\/\"}}]}<\/script>\n<!-- \/ Yoast SEO plugin. -->","yoast_head_json":{"title":"Scatola fustellata per e-commerce ColomPac conf. 10 pz - cartone ondulato - Ecox Shop","robots":{"index":"index","follow":"follow","max-snippet":"max-snippet:-1","max-image-preview":"max-image-preview:large","max-video-preview":"max-video-preview:-1"},"canonical":"https:\/\/ecoxshop.ch\/it\/prodotto\/scatola-fustellata-per-e-commerce-colompac-conf-10-pz-cartone-ondulato\/","og_locale":"it_IT","og_type":"article","og_title":"Scatola fustellata per e-commerce ColomPac conf. 10 pz - cartone ondulato - Ecox Shop","og_description":"Scatola fustellata per e-commerce ColomPac conf. 10 pz - cartone ondulato avana formato L - 35x25x15 cm CP069.06","og_url":"https:\/\/ecoxshop.ch\/it\/prodotto\/scatola-fustellata-per-e-commerce-colompac-conf-10-pz-cartone-ondulato\/","og_site_name":"Ecox Shop","article_modified_time":"2025-03-07T15:56:23+00:00","og_image":[{"width":480,"height":480,"url":"https:\/\/ecoxshop.ch\/wp-content\/uploads\/2025\/03\/1603095.jpg","type":"image\/jpeg"}],"twitter_card":"summary_large_image","schema":{"@context":"https:\/\/schema.org","@graph":[{"@type":"WebPage","@id":"https:\/\/ecoxshop.ch\/it\/prodotto\/scatola-fustellata-per-e-commerce-colompac-conf-10-pz-cartone-ondulato\/","url":"https:\/\/ecoxshop.ch\/it\/prodotto\/scatola-fustellata-per-e-commerce-colompac-conf-10-pz-cartone-ondulato\/","name":"Scatola fustellata per e-commerce ColomPac conf. 10 pz - cartone ondulato - Ecox Shop","isPartOf":{"@id":"https:\/\/ecoxshop.ch\/#website"},"datePublished":"2025-03-07T09:19:03+00:00","dateModified":"2025-03-07T15:56:23+00:00","breadcrumb":{"@id":"https:\/\/ecoxshop.ch\/it\/prodotto\/scatola-fustellata-per-e-commerce-colompac-conf-10-pz-cartone-ondulato\/#breadcrumb"},"inLanguage":"it-IT","potentialAction":[{"@type":"ReadAction","target":["https:\/\/ecoxshop.ch\/it\/prodotto\/scatola-fustellata-per-e-commerce-colompac-conf-10-pz-cartone-ondulato\/"]}]},{"@type":"BreadcrumbList","@id":"https:\/\/ecoxshop.ch\/it\/prodotto\/scatola-fustellata-per-e-commerce-colompac-conf-10-pz-cartone-ondulato\/#breadcrumb","itemListElement":[{"@type":"ListItem","position":1,"name":"Home","item":"https:\/\/ecoxshop.ch\/it\/"},{"@type":"ListItem","position":2,"name":"Shop","item":"https:\/\/ecoxshop.ch\/it\/shop\/"},{"@type":"ListItem","position":3,"name":"Scatola fustellata per e-commerce ColomPac conf. 10 pz &#8211; cartone ondulato"}]},{"@type":"WebSite","@id":"https:\/\/ecoxshop.ch\/#website","url":"https:\/\/ecoxshop.ch\/","name":"Ecox Shop","description":"","publisher":{"@id":"https:\/\/ecoxshop.ch\/#organization"},"potentialAction":[{"@type":"SearchAction","target":{"@type":"EntryPoint","urlTemplate":"https:\/\/ecoxshop.ch\/?s={search_term_string}"},"query-input":"required name=search_term_string"}],"inLanguage":"it-IT"},{"@type":"Organization","@id":"https:\/\/ecoxshop.ch\/#organization","name":"Ecox Shop","url":"https:\/\/ecoxshop.ch\/","logo":{"@type":"ImageObject","inLanguage":"it-IT","@id":"https:\/\/ecoxshop.ch\/#\/schema\/logo\/image\/","url":"https:\/\/ecoxshop.ch\/wp-content\/uploads\/2023\/05\/logo-ecox.svg","contentUrl":"https:\/\/ecoxshop.ch\/wp-content\/uploads\/2023\/05\/logo-ecox.svg","width":304.6,"height":91.5,"caption":"Ecox Shop"},"image":{"@id":"https:\/\/ecoxshop.ch\/#\/schema\/logo\/image\/"}}]}},"_links":{"self":[{"href":"https:\/\/ecoxshop.ch\/it\/wp-json\/wp\/v3\/product\/44250"}],"collection":[{"href":"https:\/\/ecoxshop.ch\/it\/wp-json\/wp\/v3\/product"}],"about":[{"href":"https:\/\/ecoxshop.ch\/it\/wp-json\/wp\/v2\/types\/product"}],"wp:featuredmedia":[{"embeddable":true,"href":"https:\/\/ecoxshop.ch\/it\/wp-json\/wp\/v2\/media\/44251"}],"wp:attachment":[{"href":"https:\/\/ecoxshop.ch\/it\/wp-json\/wp\/v2\/media?parent=44250"}],"wp:term":[{"taxonomy":"product_cat","embeddable":true,"href":"https:\/\/ecoxshop.ch\/it\/wp-json\/wp\/v2\/product_cat?post=44250"},{"taxonomy":"product_tag","embeddable":true,"href":"https:\/\/ecoxshop.ch\/it\/wp-json\/wp\/v2\/product_tag?post=44250"}],"curies":[{"name":"wp","href":"https:\/\/api.w.org\/{rel}","templated":true}]}}