{"id":43830,"date":"2025-03-07T10:15:47","date_gmt":"2025-03-07T09:15:47","guid":{"rendered":"https:\/\/ecoxshop.ch\/prodotto\/zaino-per-laptop-trust-lisboa-capacita-fino-a-16-eco-friendly-verde\/"},"modified":"2025-03-07T16:51:08","modified_gmt":"2025-03-07T15:51:08","slug":"zaino-per-laptop-trust-lisboa-capacita-fino-a-16-eco-friendly-verde","status":"publish","type":"product","link":"https:\/\/ecoxshop.ch\/it\/prodotto\/zaino-per-laptop-trust-lisboa-capacita-fino-a-16-eco-friendly-verde\/","title":{"rendered":"Zaino per laptop Trust Lisboa capacit\u00e0 fino a 16&#8221; eco-friendly &#8211; verde &#8211;"},"content":{"rendered":"<p>Resistente zaino per laptop fino a 16&#8221;. Materiale: POM, RPET poliestere, RPET poliestere twill. Peso: 768 g. Dimensioni: 460 x 165 x 300 mm. Con quel design professionale e raffinato non si direbbe mai, ma lo zaino Lisboa \u00e8 stato realizzato con 12 bottiglie di plastica! Grazie al tessuto ricavato da bottiglie in PET riciclate, questo zaino per laptop \u00e8 elegante, robusto e anche ecologico. Questo zaino \u00e8 davvero un tuttofare. Lo spazioso interno imbottito da 23 L con scomparto antiurto offre tutto lo spazio necessario per riporre in sicurezza il tuo laptop (fino a 16\u0094), libri, cancelleria, accessori, pranzo e altro ancora! Questo zaino non \u00e8 solo per laptop, anzi: avrai ben tre scomparti con tante tasche, inclusa una esterna nascosta sul retro per riporre in sicurezza i tuoi oggetti di valore durante gli spostamenti. In pi\u00f9, \u00e8 dotato anche di una cinghia per trolley, che lo rende perfetto anche per i viaggi pi\u00f9 lunghi. Colore verde.<\/p>\n","protected":false},"excerpt":{"rendered":"<p>Zaino per laptop Trust Lisboa capacit\u00e0 fino a 16&#8221; eco-friendly &#8211; verde &#8211; 25243<\/p>\n","protected":false},"featured_media":43831,"template":"","meta":[],"product_cat":[483],"product_tag":[],"yoast_head":"<!-- This site is optimized with the Yoast SEO plugin v20.7 - https:\/\/yoast.com\/wordpress\/plugins\/seo\/ -->\n<title>Zaino per laptop Trust Lisboa capacit\u00e0 fino a 16&#039;&#039; eco-friendly - verde - Ecox Shop<\/title>\n<meta name=\"robots\" content=\"index, follow, max-snippet:-1, max-image-preview:large, max-video-preview:-1\" \/>\n<link rel=\"canonical\" href=\"https:\/\/ecoxshop.ch\/it\/product\/zaino-per-laptop-trust-lisboa-capacita-fino-a-16-eco-friendly-verde\/\" \/>\n<meta property=\"og:locale\" content=\"it_IT\" \/>\n<meta property=\"og:type\" content=\"article\" \/>\n<meta property=\"og:title\" content=\"Zaino per laptop Trust Lisboa capacit\u00e0 fino a 16&#039;&#039; eco-friendly - verde - Ecox Shop\" \/>\n<meta property=\"og:description\" content=\"Zaino per laptop Trust Lisboa capacit\u00e0 fino a 16&#039;&#039; eco-friendly - verde - 25243\" \/>\n<meta property=\"og:url\" content=\"https:\/\/ecoxshop.ch\/it\/product\/zaino-per-laptop-trust-lisboa-capacita-fino-a-16-eco-friendly-verde\/\" \/>\n<meta property=\"og:site_name\" content=\"Ecox Shop\" \/>\n<meta property=\"article:modified_time\" content=\"2025-03-07T15:51:08+00:00\" \/>\n<meta property=\"og:image\" content=\"https:\/\/ecoxshop.ch\/wp-content\/uploads\/2025\/03\/2634627.jpg\" \/>\n\t<meta property=\"og:image:width\" content=\"480\" \/>\n\t<meta property=\"og:image:height\" content=\"480\" \/>\n\t<meta property=\"og:image:type\" content=\"image\/jpeg\" \/>\n<meta name=\"twitter:card\" content=\"summary_large_image\" \/>\n<meta name=\"twitter:label1\" content=\"Tempo di lettura stimato\" \/>\n\t<meta name=\"twitter:data1\" content=\"1 minuto\" \/>\n<script type=\"application\/ld+json\" class=\"yoast-schema-graph\">{\"@context\":\"https:\/\/schema.org\",\"@graph\":[{\"@type\":\"WebPage\",\"@id\":\"https:\/\/ecoxshop.ch\/en\/product\/zaino-per-laptop-trust-lisboa-capacita-fino-a-16-eco-friendly-verde\/\",\"url\":\"https:\/\/ecoxshop.ch\/en\/product\/zaino-per-laptop-trust-lisboa-capacita-fino-a-16-eco-friendly-verde\/\",\"name\":\"Zaino per laptop Trust Lisboa capacit\u00e0 fino a 16'' eco-friendly - verde - Ecox Shop\",\"isPartOf\":{\"@id\":\"https:\/\/ecoxshop.ch\/#website\"},\"datePublished\":\"2025-03-07T09:15:47+00:00\",\"dateModified\":\"2025-03-07T15:51:08+00:00\",\"breadcrumb\":{\"@id\":\"https:\/\/ecoxshop.ch\/en\/product\/zaino-per-laptop-trust-lisboa-capacita-fino-a-16-eco-friendly-verde\/#breadcrumb\"},\"inLanguage\":\"it-IT\",\"potentialAction\":[{\"@type\":\"ReadAction\",\"target\":[\"https:\/\/ecoxshop.ch\/en\/product\/zaino-per-laptop-trust-lisboa-capacita-fino-a-16-eco-friendly-verde\/\"]}]},{\"@type\":\"BreadcrumbList\",\"@id\":\"https:\/\/ecoxshop.ch\/en\/product\/zaino-per-laptop-trust-lisboa-capacita-fino-a-16-eco-friendly-verde\/#breadcrumb\",\"itemListElement\":[{\"@type\":\"ListItem\",\"position\":1,\"name\":\"Home\",\"item\":\"https:\/\/ecoxshop.ch\/it\/\"},{\"@type\":\"ListItem\",\"position\":2,\"name\":\"Shop\",\"item\":\"https:\/\/ecoxshop.ch\/it\/shop\/\"},{\"@type\":\"ListItem\",\"position\":3,\"name\":\"Zaino per laptop Trust Lisboa capacit\u00e0 fino a 16&#8221; eco-friendly &#8211; verde &#8211;\"}]},{\"@type\":\"WebSite\",\"@id\":\"https:\/\/ecoxshop.ch\/#website\",\"url\":\"https:\/\/ecoxshop.ch\/\",\"name\":\"Ecox Shop\",\"description\":\"\",\"publisher\":{\"@id\":\"https:\/\/ecoxshop.ch\/#organization\"},\"potentialAction\":[{\"@type\":\"SearchAction\",\"target\":{\"@type\":\"EntryPoint\",\"urlTemplate\":\"https:\/\/ecoxshop.ch\/?s={search_term_string}\"},\"query-input\":\"required name=search_term_string\"}],\"inLanguage\":\"it-IT\"},{\"@type\":\"Organization\",\"@id\":\"https:\/\/ecoxshop.ch\/#organization\",\"name\":\"Ecox Shop\",\"url\":\"https:\/\/ecoxshop.ch\/\",\"logo\":{\"@type\":\"ImageObject\",\"inLanguage\":\"it-IT\",\"@id\":\"https:\/\/ecoxshop.ch\/#\/schema\/logo\/image\/\",\"url\":\"https:\/\/ecoxshop.ch\/wp-content\/uploads\/2023\/05\/logo-ecox.svg\",\"contentUrl\":\"https:\/\/ecoxshop.ch\/wp-content\/uploads\/2023\/05\/logo-ecox.svg\",\"width\":304.6,\"height\":91.5,\"caption\":\"Ecox Shop\"},\"image\":{\"@id\":\"https:\/\/ecoxshop.ch\/#\/schema\/logo\/image\/\"}}]}<\/script>\n<!-- \/ Yoast SEO plugin. -->","yoast_head_json":{"title":"Zaino per laptop Trust Lisboa capacit\u00e0 fino a 16'' eco-friendly - verde - Ecox Shop","robots":{"index":"index","follow":"follow","max-snippet":"max-snippet:-1","max-image-preview":"max-image-preview:large","max-video-preview":"max-video-preview:-1"},"canonical":"https:\/\/ecoxshop.ch\/it\/product\/zaino-per-laptop-trust-lisboa-capacita-fino-a-16-eco-friendly-verde\/","og_locale":"it_IT","og_type":"article","og_title":"Zaino per laptop Trust Lisboa capacit\u00e0 fino a 16'' eco-friendly - verde - Ecox Shop","og_description":"Zaino per laptop Trust Lisboa capacit\u00e0 fino a 16'' eco-friendly - verde - 25243","og_url":"https:\/\/ecoxshop.ch\/it\/product\/zaino-per-laptop-trust-lisboa-capacita-fino-a-16-eco-friendly-verde\/","og_site_name":"Ecox Shop","article_modified_time":"2025-03-07T15:51:08+00:00","og_image":[{"width":480,"height":480,"url":"https:\/\/ecoxshop.ch\/wp-content\/uploads\/2025\/03\/2634627.jpg","type":"image\/jpeg"}],"twitter_card":"summary_large_image","twitter_misc":{"Tempo di lettura stimato":"1 minuto"},"schema":{"@context":"https:\/\/schema.org","@graph":[{"@type":"WebPage","@id":"https:\/\/ecoxshop.ch\/en\/product\/zaino-per-laptop-trust-lisboa-capacita-fino-a-16-eco-friendly-verde\/","url":"https:\/\/ecoxshop.ch\/en\/product\/zaino-per-laptop-trust-lisboa-capacita-fino-a-16-eco-friendly-verde\/","name":"Zaino per laptop Trust Lisboa capacit\u00e0 fino a 16'' eco-friendly - verde - Ecox Shop","isPartOf":{"@id":"https:\/\/ecoxshop.ch\/#website"},"datePublished":"2025-03-07T09:15:47+00:00","dateModified":"2025-03-07T15:51:08+00:00","breadcrumb":{"@id":"https:\/\/ecoxshop.ch\/en\/product\/zaino-per-laptop-trust-lisboa-capacita-fino-a-16-eco-friendly-verde\/#breadcrumb"},"inLanguage":"it-IT","potentialAction":[{"@type":"ReadAction","target":["https:\/\/ecoxshop.ch\/en\/product\/zaino-per-laptop-trust-lisboa-capacita-fino-a-16-eco-friendly-verde\/"]}]},{"@type":"BreadcrumbList","@id":"https:\/\/ecoxshop.ch\/en\/product\/zaino-per-laptop-trust-lisboa-capacita-fino-a-16-eco-friendly-verde\/#breadcrumb","itemListElement":[{"@type":"ListItem","position":1,"name":"Home","item":"https:\/\/ecoxshop.ch\/it\/"},{"@type":"ListItem","position":2,"name":"Shop","item":"https:\/\/ecoxshop.ch\/it\/shop\/"},{"@type":"ListItem","position":3,"name":"Zaino per laptop Trust Lisboa capacit\u00e0 fino a 16&#8221; eco-friendly &#8211; verde &#8211;"}]},{"@type":"WebSite","@id":"https:\/\/ecoxshop.ch\/#website","url":"https:\/\/ecoxshop.ch\/","name":"Ecox Shop","description":"","publisher":{"@id":"https:\/\/ecoxshop.ch\/#organization"},"potentialAction":[{"@type":"SearchAction","target":{"@type":"EntryPoint","urlTemplate":"https:\/\/ecoxshop.ch\/?s={search_term_string}"},"query-input":"required name=search_term_string"}],"inLanguage":"it-IT"},{"@type":"Organization","@id":"https:\/\/ecoxshop.ch\/#organization","name":"Ecox Shop","url":"https:\/\/ecoxshop.ch\/","logo":{"@type":"ImageObject","inLanguage":"it-IT","@id":"https:\/\/ecoxshop.ch\/#\/schema\/logo\/image\/","url":"https:\/\/ecoxshop.ch\/wp-content\/uploads\/2023\/05\/logo-ecox.svg","contentUrl":"https:\/\/ecoxshop.ch\/wp-content\/uploads\/2023\/05\/logo-ecox.svg","width":304.6,"height":91.5,"caption":"Ecox Shop"},"image":{"@id":"https:\/\/ecoxshop.ch\/#\/schema\/logo\/image\/"}}]}},"_links":{"self":[{"href":"https:\/\/ecoxshop.ch\/it\/wp-json\/wp\/v3\/product\/43830"}],"collection":[{"href":"https:\/\/ecoxshop.ch\/it\/wp-json\/wp\/v3\/product"}],"about":[{"href":"https:\/\/ecoxshop.ch\/it\/wp-json\/wp\/v2\/types\/product"}],"wp:featuredmedia":[{"embeddable":true,"href":"https:\/\/ecoxshop.ch\/it\/wp-json\/wp\/v2\/media\/43831"}],"wp:attachment":[{"href":"https:\/\/ecoxshop.ch\/it\/wp-json\/wp\/v2\/media?parent=43830"}],"wp:term":[{"taxonomy":"product_cat","embeddable":true,"href":"https:\/\/ecoxshop.ch\/it\/wp-json\/wp\/v2\/product_cat?post=43830"},{"taxonomy":"product_tag","embeddable":true,"href":"https:\/\/ecoxshop.ch\/it\/wp-json\/wp\/v2\/product_tag?post=43830"}],"curies":[{"name":"wp","href":"https:\/\/api.w.org\/{rel}","templated":true}]}}