{"id":43284,"date":"2025-03-07T10:11:01","date_gmt":"2025-03-07T09:11:01","guid":{"rendered":"https:\/\/ecoxshop.ch\/prodotto\/penna-gel-a-scatto-m-07-paper-mate-flexgrip-gel-blu\/"},"modified":"2025-03-07T16:42:35","modified_gmt":"2025-03-07T15:42:35","slug":"penna-gel-a-scatto-m-07-paper-mate-flexgrip-gel-blu","status":"publish","type":"product","link":"https:\/\/ecoxshop.ch\/it\/prodotto\/penna-gel-a-scatto-m-07-paper-mate-flexgrip-gel-blu\/","title":{"rendered":"Penna gel a scatto M 0,7 Paper Mate FLEXGRIP GEL blu"},"content":{"rendered":"<p>Penna gel a scatto M 0,7. La penna gel retrattile nera offre un&#8217;esperienza di scrittura comoda e uniforme con un design raffinato. L&#8217;impugnatura texturizzata e il corpo completamente gommato regalano comodit\u00e0 in qualsiasi posizione. Flusso di inchiostro gel uniforme. punta media da 0,7 mm per linee definite e omogenee. Punta in acciaio inossidabile per un aspetto pi\u00f9 alla moda. La penna gel retrattile Paper Mate FlexGrip consente una scrittura comoda e uniforme ed \u00e8 caratterizzata da un design pratico ed elegante, mentre l&#8217;inchiostro gel brillante rende ben visibile ogni parola scritta nelle annotazioni e nelle liste di cose da fare. Con un corpo gommato e un&#8217;impugnatura texturizzata, questa penna retrattile offre un comfort e un controllo eccezionali, anche durante le sessioni di scrittura pi\u00f9 lunghe. Il design retrattile consente di esporre e ritrarre la punta con un semplice clic, mentre il puntalino in metallo regala una percezione incredibile e un look premium. Ideale per l&#8217;utilizzo a casa, in ufficio e a scuola, questa penna \u00e8 caratterizzata da una punta media da 0,7 mm che la rende perfetta per un&#8217;ampia variet\u00e0 di attivit\u00e0 di scrittura. Una pratica clip ti consente di agganciare la penna a un&#8217;agenda tascabile o a un taccuino, per riporla e portarla con te in modo semplice. Disponibile con inchiostro nero, blu, rosso e verde. Penne Paper Mate: il compagno di scrittura affidabile di tutti i giorni su cui puoi contare. Colore: blu.<\/p>\n","protected":false},"excerpt":{"rendered":"<p>Penna gel a scatto M 0,7 Paper Mate FLEXGRIP GEL blu 2108213<\/p>\n","protected":false},"featured_media":43285,"template":"","meta":[],"product_cat":[364],"product_tag":[],"yoast_head":"<!-- This site is optimized with the Yoast SEO plugin v20.7 - https:\/\/yoast.com\/wordpress\/plugins\/seo\/ -->\n<title>Penna gel a scatto M 0,7 Paper Mate FLEXGRIP GEL blu - Ecox Shop<\/title>\n<meta name=\"robots\" content=\"index, follow, max-snippet:-1, max-image-preview:large, max-video-preview:-1\" \/>\n<link rel=\"canonical\" href=\"https:\/\/ecoxshop.ch\/it\/product\/penna-gel-a-scatto-m-07-paper-mate-flexgrip-gel-blu\/\" \/>\n<meta property=\"og:locale\" content=\"it_IT\" \/>\n<meta property=\"og:type\" content=\"article\" \/>\n<meta property=\"og:title\" content=\"Penna gel a scatto M 0,7 Paper Mate FLEXGRIP GEL blu - Ecox Shop\" \/>\n<meta property=\"og:description\" content=\"Penna gel a scatto M 0,7 Paper Mate FLEXGRIP GEL blu 2108213\" \/>\n<meta property=\"og:url\" content=\"https:\/\/ecoxshop.ch\/it\/product\/penna-gel-a-scatto-m-07-paper-mate-flexgrip-gel-blu\/\" \/>\n<meta property=\"og:site_name\" content=\"Ecox Shop\" \/>\n<meta property=\"article:modified_time\" content=\"2025-03-07T15:42:35+00:00\" \/>\n<meta property=\"og:image\" content=\"https:\/\/ecoxshop.ch\/wp-content\/uploads\/2025\/03\/2629646.jpg\" \/>\n\t<meta property=\"og:image:width\" content=\"480\" \/>\n\t<meta property=\"og:image:height\" content=\"480\" \/>\n\t<meta property=\"og:image:type\" content=\"image\/jpeg\" \/>\n<meta name=\"twitter:card\" content=\"summary_large_image\" \/>\n<meta name=\"twitter:label1\" content=\"Tempo di lettura stimato\" \/>\n\t<meta name=\"twitter:data1\" content=\"1 minuto\" \/>\n<script type=\"application\/ld+json\" class=\"yoast-schema-graph\">{\"@context\":\"https:\/\/schema.org\",\"@graph\":[{\"@type\":\"WebPage\",\"@id\":\"https:\/\/ecoxshop.ch\/en\/product\/penna-gel-a-scatto-m-07-paper-mate-flexgrip-gel-blu\/\",\"url\":\"https:\/\/ecoxshop.ch\/en\/product\/penna-gel-a-scatto-m-07-paper-mate-flexgrip-gel-blu\/\",\"name\":\"Penna gel a scatto M 0,7 Paper Mate FLEXGRIP GEL blu - Ecox Shop\",\"isPartOf\":{\"@id\":\"https:\/\/ecoxshop.ch\/#website\"},\"datePublished\":\"2025-03-07T09:11:01+00:00\",\"dateModified\":\"2025-03-07T15:42:35+00:00\",\"breadcrumb\":{\"@id\":\"https:\/\/ecoxshop.ch\/en\/product\/penna-gel-a-scatto-m-07-paper-mate-flexgrip-gel-blu\/#breadcrumb\"},\"inLanguage\":\"it-IT\",\"potentialAction\":[{\"@type\":\"ReadAction\",\"target\":[\"https:\/\/ecoxshop.ch\/en\/product\/penna-gel-a-scatto-m-07-paper-mate-flexgrip-gel-blu\/\"]}]},{\"@type\":\"BreadcrumbList\",\"@id\":\"https:\/\/ecoxshop.ch\/en\/product\/penna-gel-a-scatto-m-07-paper-mate-flexgrip-gel-blu\/#breadcrumb\",\"itemListElement\":[{\"@type\":\"ListItem\",\"position\":1,\"name\":\"Home\",\"item\":\"https:\/\/ecoxshop.ch\/it\/\"},{\"@type\":\"ListItem\",\"position\":2,\"name\":\"Shop\",\"item\":\"https:\/\/ecoxshop.ch\/it\/shop\/\"},{\"@type\":\"ListItem\",\"position\":3,\"name\":\"Penna gel a scatto M 0,7 Paper Mate FLEXGRIP GEL blu\"}]},{\"@type\":\"WebSite\",\"@id\":\"https:\/\/ecoxshop.ch\/#website\",\"url\":\"https:\/\/ecoxshop.ch\/\",\"name\":\"Ecox Shop\",\"description\":\"\",\"publisher\":{\"@id\":\"https:\/\/ecoxshop.ch\/#organization\"},\"potentialAction\":[{\"@type\":\"SearchAction\",\"target\":{\"@type\":\"EntryPoint\",\"urlTemplate\":\"https:\/\/ecoxshop.ch\/?s={search_term_string}\"},\"query-input\":\"required name=search_term_string\"}],\"inLanguage\":\"it-IT\"},{\"@type\":\"Organization\",\"@id\":\"https:\/\/ecoxshop.ch\/#organization\",\"name\":\"Ecox Shop\",\"url\":\"https:\/\/ecoxshop.ch\/\",\"logo\":{\"@type\":\"ImageObject\",\"inLanguage\":\"it-IT\",\"@id\":\"https:\/\/ecoxshop.ch\/#\/schema\/logo\/image\/\",\"url\":\"https:\/\/ecoxshop.ch\/wp-content\/uploads\/2023\/05\/logo-ecox.svg\",\"contentUrl\":\"https:\/\/ecoxshop.ch\/wp-content\/uploads\/2023\/05\/logo-ecox.svg\",\"width\":304.6,\"height\":91.5,\"caption\":\"Ecox Shop\"},\"image\":{\"@id\":\"https:\/\/ecoxshop.ch\/#\/schema\/logo\/image\/\"}}]}<\/script>\n<!-- \/ Yoast SEO plugin. -->","yoast_head_json":{"title":"Penna gel a scatto M 0,7 Paper Mate FLEXGRIP GEL blu - Ecox Shop","robots":{"index":"index","follow":"follow","max-snippet":"max-snippet:-1","max-image-preview":"max-image-preview:large","max-video-preview":"max-video-preview:-1"},"canonical":"https:\/\/ecoxshop.ch\/it\/product\/penna-gel-a-scatto-m-07-paper-mate-flexgrip-gel-blu\/","og_locale":"it_IT","og_type":"article","og_title":"Penna gel a scatto M 0,7 Paper Mate FLEXGRIP GEL blu - Ecox Shop","og_description":"Penna gel a scatto M 0,7 Paper Mate FLEXGRIP GEL blu 2108213","og_url":"https:\/\/ecoxshop.ch\/it\/product\/penna-gel-a-scatto-m-07-paper-mate-flexgrip-gel-blu\/","og_site_name":"Ecox Shop","article_modified_time":"2025-03-07T15:42:35+00:00","og_image":[{"width":480,"height":480,"url":"https:\/\/ecoxshop.ch\/wp-content\/uploads\/2025\/03\/2629646.jpg","type":"image\/jpeg"}],"twitter_card":"summary_large_image","twitter_misc":{"Tempo di lettura stimato":"1 minuto"},"schema":{"@context":"https:\/\/schema.org","@graph":[{"@type":"WebPage","@id":"https:\/\/ecoxshop.ch\/en\/product\/penna-gel-a-scatto-m-07-paper-mate-flexgrip-gel-blu\/","url":"https:\/\/ecoxshop.ch\/en\/product\/penna-gel-a-scatto-m-07-paper-mate-flexgrip-gel-blu\/","name":"Penna gel a scatto M 0,7 Paper Mate FLEXGRIP GEL blu - Ecox Shop","isPartOf":{"@id":"https:\/\/ecoxshop.ch\/#website"},"datePublished":"2025-03-07T09:11:01+00:00","dateModified":"2025-03-07T15:42:35+00:00","breadcrumb":{"@id":"https:\/\/ecoxshop.ch\/en\/product\/penna-gel-a-scatto-m-07-paper-mate-flexgrip-gel-blu\/#breadcrumb"},"inLanguage":"it-IT","potentialAction":[{"@type":"ReadAction","target":["https:\/\/ecoxshop.ch\/en\/product\/penna-gel-a-scatto-m-07-paper-mate-flexgrip-gel-blu\/"]}]},{"@type":"BreadcrumbList","@id":"https:\/\/ecoxshop.ch\/en\/product\/penna-gel-a-scatto-m-07-paper-mate-flexgrip-gel-blu\/#breadcrumb","itemListElement":[{"@type":"ListItem","position":1,"name":"Home","item":"https:\/\/ecoxshop.ch\/it\/"},{"@type":"ListItem","position":2,"name":"Shop","item":"https:\/\/ecoxshop.ch\/it\/shop\/"},{"@type":"ListItem","position":3,"name":"Penna gel a scatto M 0,7 Paper Mate FLEXGRIP GEL blu"}]},{"@type":"WebSite","@id":"https:\/\/ecoxshop.ch\/#website","url":"https:\/\/ecoxshop.ch\/","name":"Ecox Shop","description":"","publisher":{"@id":"https:\/\/ecoxshop.ch\/#organization"},"potentialAction":[{"@type":"SearchAction","target":{"@type":"EntryPoint","urlTemplate":"https:\/\/ecoxshop.ch\/?s={search_term_string}"},"query-input":"required name=search_term_string"}],"inLanguage":"it-IT"},{"@type":"Organization","@id":"https:\/\/ecoxshop.ch\/#organization","name":"Ecox Shop","url":"https:\/\/ecoxshop.ch\/","logo":{"@type":"ImageObject","inLanguage":"it-IT","@id":"https:\/\/ecoxshop.ch\/#\/schema\/logo\/image\/","url":"https:\/\/ecoxshop.ch\/wp-content\/uploads\/2023\/05\/logo-ecox.svg","contentUrl":"https:\/\/ecoxshop.ch\/wp-content\/uploads\/2023\/05\/logo-ecox.svg","width":304.6,"height":91.5,"caption":"Ecox Shop"},"image":{"@id":"https:\/\/ecoxshop.ch\/#\/schema\/logo\/image\/"}}]}},"_links":{"self":[{"href":"https:\/\/ecoxshop.ch\/it\/wp-json\/wp\/v3\/product\/43284"}],"collection":[{"href":"https:\/\/ecoxshop.ch\/it\/wp-json\/wp\/v3\/product"}],"about":[{"href":"https:\/\/ecoxshop.ch\/it\/wp-json\/wp\/v2\/types\/product"}],"wp:featuredmedia":[{"embeddable":true,"href":"https:\/\/ecoxshop.ch\/it\/wp-json\/wp\/v2\/media\/43285"}],"wp:attachment":[{"href":"https:\/\/ecoxshop.ch\/it\/wp-json\/wp\/v2\/media?parent=43284"}],"wp:term":[{"taxonomy":"product_cat","embeddable":true,"href":"https:\/\/ecoxshop.ch\/it\/wp-json\/wp\/v2\/product_cat?post=43284"},{"taxonomy":"product_tag","embeddable":true,"href":"https:\/\/ecoxshop.ch\/it\/wp-json\/wp\/v2\/product_tag?post=43284"}],"curies":[{"name":"wp","href":"https:\/\/api.w.org\/{rel}","templated":true}]}}