{"id":42799,"date":"2025-03-07T10:07:39","date_gmt":"2025-03-07T09:07:39","guid":{"rendered":"https:\/\/ecoxshop.ch\/prodotto\/pennarelli-carioca-baby-teddy-1-in-colori-assortiti-conf-6-pezzi\/"},"modified":"2025-03-07T16:34:48","modified_gmt":"2025-03-07T15:34:48","slug":"pennarelli-carioca-baby-teddy-1-in-colori-assortiti-conf-6-pezzi","status":"publish","type":"product","link":"https:\/\/ecoxshop.ch\/it\/prodotto\/pennarelli-carioca-baby-teddy-1-in-colori-assortiti-conf-6-pezzi\/","title":{"rendered":"Pennarelli Carioca Baby Teddy 1+ in colori assortiti &#8211; conf. 6 pezzi &#8211;"},"content":{"rendered":"<p>I pennarelli Carioca BABY Teddy 1+ sono dotati di protezione antibatterica Microban, una speciale formula che li mantiene sicuri per tutto il loro ciclo di vita. Questi pennarelli sono progettati con caratteristiche di sicurezza ottimali, ideali per i primi giochi e storie dei bambini. Hanno una forma ergonomica, studiata appositamente per le mani dei piccoli a partire dai 12 mesi. L\u0092inchiostro \u00e8 superlavabile, atossico e pu\u00f2 essere rimosso facilmente dalla pelle e dai tessuti con semplice acqua, senza bisogno di sapone. Inoltre, il prodotto \u00e8 dermatologicamente testato. Confezione composta da 6 colori assortiti.<\/p>\n","protected":false},"excerpt":{"rendered":"<p>Pennarelli Carioca Baby Teddy 1+ in colori assortiti &#8211; conf. 6 pezzi &#8211; 42815<\/p>\n","protected":false},"featured_media":42800,"template":"","meta":[],"product_cat":[368],"product_tag":[],"yoast_head":"<!-- This site is optimized with the Yoast SEO plugin v20.7 - https:\/\/yoast.com\/wordpress\/plugins\/seo\/ -->\n<title>Pennarelli Carioca Baby Teddy 1+ in colori assortiti - conf. 6 pezzi - Ecox Shop<\/title>\n<meta name=\"robots\" content=\"index, follow, max-snippet:-1, max-image-preview:large, max-video-preview:-1\" \/>\n<link rel=\"canonical\" href=\"https:\/\/ecoxshop.ch\/it\/prodotto\/pennarelli-carioca-baby-teddy-1-in-colori-assortiti-conf-6-pezzi\/\" \/>\n<meta property=\"og:locale\" content=\"it_IT\" \/>\n<meta property=\"og:type\" content=\"article\" \/>\n<meta property=\"og:title\" content=\"Pennarelli Carioca Baby Teddy 1+ in colori assortiti - conf. 6 pezzi - Ecox Shop\" \/>\n<meta property=\"og:description\" content=\"Pennarelli Carioca Baby Teddy 1+ in colori assortiti - conf. 6 pezzi - 42815\" \/>\n<meta property=\"og:url\" content=\"https:\/\/ecoxshop.ch\/it\/prodotto\/pennarelli-carioca-baby-teddy-1-in-colori-assortiti-conf-6-pezzi\/\" \/>\n<meta property=\"og:site_name\" content=\"Ecox Shop\" \/>\n<meta property=\"article:modified_time\" content=\"2025-03-07T15:34:48+00:00\" \/>\n<meta property=\"og:image\" content=\"https:\/\/ecoxshop.ch\/wp-content\/uploads\/2025\/03\/2625779.jpg\" \/>\n\t<meta property=\"og:image:width\" content=\"480\" \/>\n\t<meta property=\"og:image:height\" content=\"480\" \/>\n\t<meta property=\"og:image:type\" content=\"image\/jpeg\" \/>\n<meta name=\"twitter:card\" content=\"summary_large_image\" \/>\n<script type=\"application\/ld+json\" class=\"yoast-schema-graph\">{\"@context\":\"https:\/\/schema.org\",\"@graph\":[{\"@type\":\"WebPage\",\"@id\":\"https:\/\/ecoxshop.ch\/it\/prodotto\/pennarelli-carioca-baby-teddy-1-in-colori-assortiti-conf-6-pezzi\/\",\"url\":\"https:\/\/ecoxshop.ch\/it\/prodotto\/pennarelli-carioca-baby-teddy-1-in-colori-assortiti-conf-6-pezzi\/\",\"name\":\"Pennarelli Carioca Baby Teddy 1+ in colori assortiti - conf. 6 pezzi - Ecox Shop\",\"isPartOf\":{\"@id\":\"https:\/\/ecoxshop.ch\/#website\"},\"datePublished\":\"2025-03-07T09:07:39+00:00\",\"dateModified\":\"2025-03-07T15:34:48+00:00\",\"breadcrumb\":{\"@id\":\"https:\/\/ecoxshop.ch\/it\/prodotto\/pennarelli-carioca-baby-teddy-1-in-colori-assortiti-conf-6-pezzi\/#breadcrumb\"},\"inLanguage\":\"it-IT\",\"potentialAction\":[{\"@type\":\"ReadAction\",\"target\":[\"https:\/\/ecoxshop.ch\/it\/prodotto\/pennarelli-carioca-baby-teddy-1-in-colori-assortiti-conf-6-pezzi\/\"]}]},{\"@type\":\"BreadcrumbList\",\"@id\":\"https:\/\/ecoxshop.ch\/it\/prodotto\/pennarelli-carioca-baby-teddy-1-in-colori-assortiti-conf-6-pezzi\/#breadcrumb\",\"itemListElement\":[{\"@type\":\"ListItem\",\"position\":1,\"name\":\"Home\",\"item\":\"https:\/\/ecoxshop.ch\/it\/\"},{\"@type\":\"ListItem\",\"position\":2,\"name\":\"Shop\",\"item\":\"https:\/\/ecoxshop.ch\/it\/shop\/\"},{\"@type\":\"ListItem\",\"position\":3,\"name\":\"Pennarelli Carioca Baby Teddy 1+ in colori assortiti &#8211; conf. 6 pezzi &#8211;\"}]},{\"@type\":\"WebSite\",\"@id\":\"https:\/\/ecoxshop.ch\/#website\",\"url\":\"https:\/\/ecoxshop.ch\/\",\"name\":\"Ecox Shop\",\"description\":\"\",\"publisher\":{\"@id\":\"https:\/\/ecoxshop.ch\/#organization\"},\"potentialAction\":[{\"@type\":\"SearchAction\",\"target\":{\"@type\":\"EntryPoint\",\"urlTemplate\":\"https:\/\/ecoxshop.ch\/?s={search_term_string}\"},\"query-input\":\"required name=search_term_string\"}],\"inLanguage\":\"it-IT\"},{\"@type\":\"Organization\",\"@id\":\"https:\/\/ecoxshop.ch\/#organization\",\"name\":\"Ecox Shop\",\"url\":\"https:\/\/ecoxshop.ch\/\",\"logo\":{\"@type\":\"ImageObject\",\"inLanguage\":\"it-IT\",\"@id\":\"https:\/\/ecoxshop.ch\/#\/schema\/logo\/image\/\",\"url\":\"https:\/\/ecoxshop.ch\/wp-content\/uploads\/2023\/05\/logo-ecox.svg\",\"contentUrl\":\"https:\/\/ecoxshop.ch\/wp-content\/uploads\/2023\/05\/logo-ecox.svg\",\"width\":304.6,\"height\":91.5,\"caption\":\"Ecox Shop\"},\"image\":{\"@id\":\"https:\/\/ecoxshop.ch\/#\/schema\/logo\/image\/\"}}]}<\/script>\n<!-- \/ Yoast SEO plugin. -->","yoast_head_json":{"title":"Pennarelli Carioca Baby Teddy 1+ in colori assortiti - conf. 6 pezzi - Ecox Shop","robots":{"index":"index","follow":"follow","max-snippet":"max-snippet:-1","max-image-preview":"max-image-preview:large","max-video-preview":"max-video-preview:-1"},"canonical":"https:\/\/ecoxshop.ch\/it\/prodotto\/pennarelli-carioca-baby-teddy-1-in-colori-assortiti-conf-6-pezzi\/","og_locale":"it_IT","og_type":"article","og_title":"Pennarelli Carioca Baby Teddy 1+ in colori assortiti - conf. 6 pezzi - Ecox Shop","og_description":"Pennarelli Carioca Baby Teddy 1+ in colori assortiti - conf. 6 pezzi - 42815","og_url":"https:\/\/ecoxshop.ch\/it\/prodotto\/pennarelli-carioca-baby-teddy-1-in-colori-assortiti-conf-6-pezzi\/","og_site_name":"Ecox Shop","article_modified_time":"2025-03-07T15:34:48+00:00","og_image":[{"width":480,"height":480,"url":"https:\/\/ecoxshop.ch\/wp-content\/uploads\/2025\/03\/2625779.jpg","type":"image\/jpeg"}],"twitter_card":"summary_large_image","schema":{"@context":"https:\/\/schema.org","@graph":[{"@type":"WebPage","@id":"https:\/\/ecoxshop.ch\/it\/prodotto\/pennarelli-carioca-baby-teddy-1-in-colori-assortiti-conf-6-pezzi\/","url":"https:\/\/ecoxshop.ch\/it\/prodotto\/pennarelli-carioca-baby-teddy-1-in-colori-assortiti-conf-6-pezzi\/","name":"Pennarelli Carioca Baby Teddy 1+ in colori assortiti - conf. 6 pezzi - Ecox Shop","isPartOf":{"@id":"https:\/\/ecoxshop.ch\/#website"},"datePublished":"2025-03-07T09:07:39+00:00","dateModified":"2025-03-07T15:34:48+00:00","breadcrumb":{"@id":"https:\/\/ecoxshop.ch\/it\/prodotto\/pennarelli-carioca-baby-teddy-1-in-colori-assortiti-conf-6-pezzi\/#breadcrumb"},"inLanguage":"it-IT","potentialAction":[{"@type":"ReadAction","target":["https:\/\/ecoxshop.ch\/it\/prodotto\/pennarelli-carioca-baby-teddy-1-in-colori-assortiti-conf-6-pezzi\/"]}]},{"@type":"BreadcrumbList","@id":"https:\/\/ecoxshop.ch\/it\/prodotto\/pennarelli-carioca-baby-teddy-1-in-colori-assortiti-conf-6-pezzi\/#breadcrumb","itemListElement":[{"@type":"ListItem","position":1,"name":"Home","item":"https:\/\/ecoxshop.ch\/it\/"},{"@type":"ListItem","position":2,"name":"Shop","item":"https:\/\/ecoxshop.ch\/it\/shop\/"},{"@type":"ListItem","position":3,"name":"Pennarelli Carioca Baby Teddy 1+ in colori assortiti &#8211; conf. 6 pezzi &#8211;"}]},{"@type":"WebSite","@id":"https:\/\/ecoxshop.ch\/#website","url":"https:\/\/ecoxshop.ch\/","name":"Ecox Shop","description":"","publisher":{"@id":"https:\/\/ecoxshop.ch\/#organization"},"potentialAction":[{"@type":"SearchAction","target":{"@type":"EntryPoint","urlTemplate":"https:\/\/ecoxshop.ch\/?s={search_term_string}"},"query-input":"required name=search_term_string"}],"inLanguage":"it-IT"},{"@type":"Organization","@id":"https:\/\/ecoxshop.ch\/#organization","name":"Ecox Shop","url":"https:\/\/ecoxshop.ch\/","logo":{"@type":"ImageObject","inLanguage":"it-IT","@id":"https:\/\/ecoxshop.ch\/#\/schema\/logo\/image\/","url":"https:\/\/ecoxshop.ch\/wp-content\/uploads\/2023\/05\/logo-ecox.svg","contentUrl":"https:\/\/ecoxshop.ch\/wp-content\/uploads\/2023\/05\/logo-ecox.svg","width":304.6,"height":91.5,"caption":"Ecox Shop"},"image":{"@id":"https:\/\/ecoxshop.ch\/#\/schema\/logo\/image\/"}}]}},"_links":{"self":[{"href":"https:\/\/ecoxshop.ch\/it\/wp-json\/wp\/v3\/product\/42799"}],"collection":[{"href":"https:\/\/ecoxshop.ch\/it\/wp-json\/wp\/v3\/product"}],"about":[{"href":"https:\/\/ecoxshop.ch\/it\/wp-json\/wp\/v2\/types\/product"}],"wp:featuredmedia":[{"embeddable":true,"href":"https:\/\/ecoxshop.ch\/it\/wp-json\/wp\/v2\/media\/42800"}],"wp:attachment":[{"href":"https:\/\/ecoxshop.ch\/it\/wp-json\/wp\/v2\/media?parent=42799"}],"wp:term":[{"taxonomy":"product_cat","embeddable":true,"href":"https:\/\/ecoxshop.ch\/it\/wp-json\/wp\/v2\/product_cat?post=42799"},{"taxonomy":"product_tag","embeddable":true,"href":"https:\/\/ecoxshop.ch\/it\/wp-json\/wp\/v2\/product_tag?post=42799"}],"curies":[{"name":"wp","href":"https:\/\/api.w.org\/{rel}","templated":true}]}}