{"id":40024,"date":"2025-03-07T09:47:33","date_gmt":"2025-03-07T08:47:33","guid":{"rendered":"https:\/\/ecoxshop.ch\/prodotto\/astuccio-giotto-collezione-candy-3-zip-in-3-fantasie-assortite\/"},"modified":"2025-03-07T16:03:54","modified_gmt":"2025-03-07T15:03:54","slug":"astuccio-giotto-collezione-candy-3-zip-in-3-fantasie-assortite","status":"publish","type":"product","link":"https:\/\/ecoxshop.ch\/it\/prodotto\/astuccio-giotto-collezione-candy-3-zip-in-3-fantasie-assortite\/","title":{"rendered":"Astuccio Giotto collezione Candy 3 Zip in 3 fantasie assortite &#8211;"},"content":{"rendered":"<p>GIOTTO, da oltre 100 anni \u00e8 sinonimo di scuola e colore. Con i suoi prodotti di qualit\u00e0 \u00e8 presente da sempre negli astucci di tutti i ragazzi. F.I.L.A., per il ritorno a scuola 2024, vuole dedicare a tutti i bambini i suoi nuovi astucci GIOTTO 3 ZIP. Curati nei minimi dettagli, realizzati con tessuti di qualit\u00e0 e riempiti con i migliori prodotti. Astucci in poliestere 900D, impermeabili e con cerniere in metallo. Candy Collection: una collezione super trendy a tema caramelle con un simpatico unicorno, eroe della comunicazione. 1 tessuto effetto glitter, 1 tessuto effetto jeans con glitter. 1 tessuro unicorno con effetto iridescente. Contenuto: 1x Colla Giotto Stick 10g. 1x Righello Giotto 15 cm. 1x Maxi gomma bianca Lyra Temagraph No-Sign. 1x Temperamatite Giotto foro s\/m con serbatoio. 1x Forbice. 1x Penna cancellabile Tratto Cancellik colore rosso. 1x Penna cancellabile Tratto Cancellik colore blu. 1x Penna sfera Tratto Uno Green Plastic colore nero. 1x Matita grafite Lyra Temagraph HB. 1x Matita grafite Lyra Temagraph 2B. 18x Pennarelli Giotto Turbo Color. 18x Pastelli Giotto Supermina mina 4 mm. Dimensioni: L. 12,9 x P. 7,5 x H. 19,5 cm.<\/p>\n","protected":false},"excerpt":{"rendered":"<p>Astuccio Giotto collezione Candy 3 Zip in 3 fantasie assortite &#8211; F954000<\/p>\n","protected":false},"featured_media":40025,"template":"","meta":[],"product_cat":[435],"product_tag":[],"yoast_head":"<!-- This site is optimized with the Yoast SEO plugin v20.7 - https:\/\/yoast.com\/wordpress\/plugins\/seo\/ -->\n<title>Astuccio Giotto collezione Candy 3 Zip in 3 fantasie assortite - Ecox Shop<\/title>\n<meta name=\"robots\" content=\"index, follow, max-snippet:-1, max-image-preview:large, max-video-preview:-1\" \/>\n<link rel=\"canonical\" href=\"https:\/\/ecoxshop.ch\/it\/product\/astuccio-giotto-collezione-candy-3-zip-in-3-fantasie-assortite\/\" \/>\n<meta property=\"og:locale\" content=\"it_IT\" \/>\n<meta property=\"og:type\" content=\"article\" \/>\n<meta property=\"og:title\" content=\"Astuccio Giotto collezione Candy 3 Zip in 3 fantasie assortite - Ecox Shop\" \/>\n<meta property=\"og:description\" content=\"Astuccio Giotto collezione Candy 3 Zip in 3 fantasie assortite - F954000\" \/>\n<meta property=\"og:url\" content=\"https:\/\/ecoxshop.ch\/it\/product\/astuccio-giotto-collezione-candy-3-zip-in-3-fantasie-assortite\/\" \/>\n<meta property=\"og:site_name\" content=\"Ecox Shop\" \/>\n<meta property=\"article:modified_time\" content=\"2025-03-07T15:03:54+00:00\" \/>\n<meta property=\"og:image\" content=\"https:\/\/ecoxshop.ch\/wp-content\/uploads\/2025\/03\/2692322.jpg\" \/>\n\t<meta property=\"og:image:width\" content=\"480\" \/>\n\t<meta property=\"og:image:height\" content=\"480\" \/>\n\t<meta property=\"og:image:type\" content=\"image\/jpeg\" \/>\n<meta name=\"twitter:card\" content=\"summary_large_image\" \/>\n<meta name=\"twitter:label1\" content=\"Tempo di lettura stimato\" \/>\n\t<meta name=\"twitter:data1\" content=\"1 minuto\" \/>\n<script type=\"application\/ld+json\" class=\"yoast-schema-graph\">{\"@context\":\"https:\/\/schema.org\",\"@graph\":[{\"@type\":\"WebPage\",\"@id\":\"https:\/\/ecoxshop.ch\/en\/product\/astuccio-giotto-collezione-candy-3-zip-in-3-fantasie-assortite\/\",\"url\":\"https:\/\/ecoxshop.ch\/en\/product\/astuccio-giotto-collezione-candy-3-zip-in-3-fantasie-assortite\/\",\"name\":\"Astuccio Giotto collezione Candy 3 Zip in 3 fantasie assortite - Ecox Shop\",\"isPartOf\":{\"@id\":\"https:\/\/ecoxshop.ch\/#website\"},\"datePublished\":\"2025-03-07T08:47:33+00:00\",\"dateModified\":\"2025-03-07T15:03:54+00:00\",\"breadcrumb\":{\"@id\":\"https:\/\/ecoxshop.ch\/en\/product\/astuccio-giotto-collezione-candy-3-zip-in-3-fantasie-assortite\/#breadcrumb\"},\"inLanguage\":\"it-IT\",\"potentialAction\":[{\"@type\":\"ReadAction\",\"target\":[\"https:\/\/ecoxshop.ch\/en\/product\/astuccio-giotto-collezione-candy-3-zip-in-3-fantasie-assortite\/\"]}]},{\"@type\":\"BreadcrumbList\",\"@id\":\"https:\/\/ecoxshop.ch\/en\/product\/astuccio-giotto-collezione-candy-3-zip-in-3-fantasie-assortite\/#breadcrumb\",\"itemListElement\":[{\"@type\":\"ListItem\",\"position\":1,\"name\":\"Home\",\"item\":\"https:\/\/ecoxshop.ch\/it\/\"},{\"@type\":\"ListItem\",\"position\":2,\"name\":\"Shop\",\"item\":\"https:\/\/ecoxshop.ch\/it\/shop\/\"},{\"@type\":\"ListItem\",\"position\":3,\"name\":\"Astuccio Giotto collezione Candy 3 Zip in 3 fantasie assortite &#8211;\"}]},{\"@type\":\"WebSite\",\"@id\":\"https:\/\/ecoxshop.ch\/#website\",\"url\":\"https:\/\/ecoxshop.ch\/\",\"name\":\"Ecox Shop\",\"description\":\"\",\"publisher\":{\"@id\":\"https:\/\/ecoxshop.ch\/#organization\"},\"potentialAction\":[{\"@type\":\"SearchAction\",\"target\":{\"@type\":\"EntryPoint\",\"urlTemplate\":\"https:\/\/ecoxshop.ch\/?s={search_term_string}\"},\"query-input\":\"required name=search_term_string\"}],\"inLanguage\":\"it-IT\"},{\"@type\":\"Organization\",\"@id\":\"https:\/\/ecoxshop.ch\/#organization\",\"name\":\"Ecox Shop\",\"url\":\"https:\/\/ecoxshop.ch\/\",\"logo\":{\"@type\":\"ImageObject\",\"inLanguage\":\"it-IT\",\"@id\":\"https:\/\/ecoxshop.ch\/#\/schema\/logo\/image\/\",\"url\":\"https:\/\/ecoxshop.ch\/wp-content\/uploads\/2023\/05\/logo-ecox.svg\",\"contentUrl\":\"https:\/\/ecoxshop.ch\/wp-content\/uploads\/2023\/05\/logo-ecox.svg\",\"width\":304.6,\"height\":91.5,\"caption\":\"Ecox Shop\"},\"image\":{\"@id\":\"https:\/\/ecoxshop.ch\/#\/schema\/logo\/image\/\"}}]}<\/script>\n<!-- \/ Yoast SEO plugin. -->","yoast_head_json":{"title":"Astuccio Giotto collezione Candy 3 Zip in 3 fantasie assortite - Ecox Shop","robots":{"index":"index","follow":"follow","max-snippet":"max-snippet:-1","max-image-preview":"max-image-preview:large","max-video-preview":"max-video-preview:-1"},"canonical":"https:\/\/ecoxshop.ch\/it\/product\/astuccio-giotto-collezione-candy-3-zip-in-3-fantasie-assortite\/","og_locale":"it_IT","og_type":"article","og_title":"Astuccio Giotto collezione Candy 3 Zip in 3 fantasie assortite - Ecox Shop","og_description":"Astuccio Giotto collezione Candy 3 Zip in 3 fantasie assortite - F954000","og_url":"https:\/\/ecoxshop.ch\/it\/product\/astuccio-giotto-collezione-candy-3-zip-in-3-fantasie-assortite\/","og_site_name":"Ecox Shop","article_modified_time":"2025-03-07T15:03:54+00:00","og_image":[{"width":480,"height":480,"url":"https:\/\/ecoxshop.ch\/wp-content\/uploads\/2025\/03\/2692322.jpg","type":"image\/jpeg"}],"twitter_card":"summary_large_image","twitter_misc":{"Tempo di lettura stimato":"1 minuto"},"schema":{"@context":"https:\/\/schema.org","@graph":[{"@type":"WebPage","@id":"https:\/\/ecoxshop.ch\/en\/product\/astuccio-giotto-collezione-candy-3-zip-in-3-fantasie-assortite\/","url":"https:\/\/ecoxshop.ch\/en\/product\/astuccio-giotto-collezione-candy-3-zip-in-3-fantasie-assortite\/","name":"Astuccio Giotto collezione Candy 3 Zip in 3 fantasie assortite - Ecox Shop","isPartOf":{"@id":"https:\/\/ecoxshop.ch\/#website"},"datePublished":"2025-03-07T08:47:33+00:00","dateModified":"2025-03-07T15:03:54+00:00","breadcrumb":{"@id":"https:\/\/ecoxshop.ch\/en\/product\/astuccio-giotto-collezione-candy-3-zip-in-3-fantasie-assortite\/#breadcrumb"},"inLanguage":"it-IT","potentialAction":[{"@type":"ReadAction","target":["https:\/\/ecoxshop.ch\/en\/product\/astuccio-giotto-collezione-candy-3-zip-in-3-fantasie-assortite\/"]}]},{"@type":"BreadcrumbList","@id":"https:\/\/ecoxshop.ch\/en\/product\/astuccio-giotto-collezione-candy-3-zip-in-3-fantasie-assortite\/#breadcrumb","itemListElement":[{"@type":"ListItem","position":1,"name":"Home","item":"https:\/\/ecoxshop.ch\/it\/"},{"@type":"ListItem","position":2,"name":"Shop","item":"https:\/\/ecoxshop.ch\/it\/shop\/"},{"@type":"ListItem","position":3,"name":"Astuccio Giotto collezione Candy 3 Zip in 3 fantasie assortite &#8211;"}]},{"@type":"WebSite","@id":"https:\/\/ecoxshop.ch\/#website","url":"https:\/\/ecoxshop.ch\/","name":"Ecox Shop","description":"","publisher":{"@id":"https:\/\/ecoxshop.ch\/#organization"},"potentialAction":[{"@type":"SearchAction","target":{"@type":"EntryPoint","urlTemplate":"https:\/\/ecoxshop.ch\/?s={search_term_string}"},"query-input":"required name=search_term_string"}],"inLanguage":"it-IT"},{"@type":"Organization","@id":"https:\/\/ecoxshop.ch\/#organization","name":"Ecox Shop","url":"https:\/\/ecoxshop.ch\/","logo":{"@type":"ImageObject","inLanguage":"it-IT","@id":"https:\/\/ecoxshop.ch\/#\/schema\/logo\/image\/","url":"https:\/\/ecoxshop.ch\/wp-content\/uploads\/2023\/05\/logo-ecox.svg","contentUrl":"https:\/\/ecoxshop.ch\/wp-content\/uploads\/2023\/05\/logo-ecox.svg","width":304.6,"height":91.5,"caption":"Ecox Shop"},"image":{"@id":"https:\/\/ecoxshop.ch\/#\/schema\/logo\/image\/"}}]}},"_links":{"self":[{"href":"https:\/\/ecoxshop.ch\/it\/wp-json\/wp\/v3\/product\/40024"}],"collection":[{"href":"https:\/\/ecoxshop.ch\/it\/wp-json\/wp\/v3\/product"}],"about":[{"href":"https:\/\/ecoxshop.ch\/it\/wp-json\/wp\/v2\/types\/product"}],"wp:featuredmedia":[{"embeddable":true,"href":"https:\/\/ecoxshop.ch\/it\/wp-json\/wp\/v2\/media\/40025"}],"wp:attachment":[{"href":"https:\/\/ecoxshop.ch\/it\/wp-json\/wp\/v2\/media?parent=40024"}],"wp:term":[{"taxonomy":"product_cat","embeddable":true,"href":"https:\/\/ecoxshop.ch\/it\/wp-json\/wp\/v2\/product_cat?post=40024"},{"taxonomy":"product_tag","embeddable":true,"href":"https:\/\/ecoxshop.ch\/it\/wp-json\/wp\/v2\/product_tag?post=40024"}],"curies":[{"name":"wp","href":"https:\/\/api.w.org\/{rel}","templated":true}]}}