{"id":39720,"date":"2025-03-07T09:45:51","date_gmt":"2025-03-07T08:45:51","guid":{"rendered":"https:\/\/ecoxshop.ch\/prodotto\/penna-stilografica-waterman-hemisphere-gt-inchiostro-blu-waterman-stainless\/"},"modified":"2025-03-07T16:02:54","modified_gmt":"2025-03-07T15:02:54","slug":"penna-stilografica-waterman-hemisphere-gt-inchiostro-blu-waterman-stainless","status":"publish","type":"product","link":"https:\/\/ecoxshop.ch\/it\/prodotto\/penna-stilografica-waterman-hemisphere-gt-inchiostro-blu-waterman-stainless\/","title":{"rendered":"Penna stilografica Waterman Hemisphere GT inchiostro blu Waterman Stainless"},"content":{"rendered":"<p>Trasforma il tuo stile inconfondibile con la penna stilografica Waterman H\u00e9misph\u00e8re senza tempo. Questo particolare modello vanta un corpo in acciaio inossidabile completato da finiture placcate in palladio. Il pennino \u00e8 realizzato in acciaio inossidabile, rivestito con placcatura in palladio e impreziosito dal nome Waterman come simbolo della sua lavorazione artigianale di alta qualit\u00e0. Il cappuccio pu\u00f2 essere rimosso e posizionato all&#8217;estremit\u00e0 della penna. Presenta una sezione dell&#8217;impugnatura nera lucida. Include una cartuccia d&#8217;inchiostro blu. Pu\u00f2 essere convertito per l&#8217;uso con inchiostro in flacone (convertitori e inchiostro venduti separatamente). Fornita in una lussuosa confezione regalo Waterman. Coperto dalla garanzia di due anni Waterman contro difetti di materiali o lavorazione.<\/p>\n","protected":false},"excerpt":{"rendered":"<p>Penna stilografica Waterman Hemisphere GT inchiostro blu Waterman Stainless Steel CT &#8211; S0920430<\/p>\n","protected":false},"featured_media":39721,"template":"","meta":[],"product_cat":[144],"product_tag":[],"yoast_head":"<!-- This site is optimized with the Yoast SEO plugin v20.7 - https:\/\/yoast.com\/wordpress\/plugins\/seo\/ -->\n<title>Penna stilografica Waterman Hemisphere GT inchiostro blu Waterman Stainless - Ecox Shop<\/title>\n<meta name=\"robots\" content=\"index, follow, max-snippet:-1, max-image-preview:large, max-video-preview:-1\" \/>\n<link rel=\"canonical\" href=\"https:\/\/ecoxshop.ch\/it\/product\/penna-stilografica-waterman-hemisphere-gt-inchiostro-blu-waterman-stainless\/\" \/>\n<meta property=\"og:locale\" content=\"it_IT\" \/>\n<meta property=\"og:type\" content=\"article\" \/>\n<meta property=\"og:title\" content=\"Penna stilografica Waterman Hemisphere GT inchiostro blu Waterman Stainless - Ecox Shop\" \/>\n<meta property=\"og:description\" content=\"Penna stilografica Waterman Hemisphere GT inchiostro blu Waterman Stainless Steel CT - S0920430\" \/>\n<meta property=\"og:url\" content=\"https:\/\/ecoxshop.ch\/it\/product\/penna-stilografica-waterman-hemisphere-gt-inchiostro-blu-waterman-stainless\/\" \/>\n<meta property=\"og:site_name\" content=\"Ecox Shop\" \/>\n<meta property=\"article:modified_time\" content=\"2025-03-07T15:02:54+00:00\" \/>\n<meta property=\"og:image\" content=\"https:\/\/ecoxshop.ch\/wp-content\/uploads\/2025\/03\/1452300.jpg\" \/>\n\t<meta property=\"og:image:width\" content=\"480\" \/>\n\t<meta property=\"og:image:height\" content=\"480\" \/>\n\t<meta property=\"og:image:type\" content=\"image\/jpeg\" \/>\n<meta name=\"twitter:card\" content=\"summary_large_image\" \/>\n<meta name=\"twitter:label1\" content=\"Tempo di lettura stimato\" \/>\n\t<meta name=\"twitter:data1\" content=\"1 minuto\" \/>\n<script type=\"application\/ld+json\" class=\"yoast-schema-graph\">{\"@context\":\"https:\/\/schema.org\",\"@graph\":[{\"@type\":\"WebPage\",\"@id\":\"https:\/\/ecoxshop.ch\/en\/product\/penna-stilografica-waterman-hemisphere-gt-inchiostro-blu-waterman-stainless\/\",\"url\":\"https:\/\/ecoxshop.ch\/en\/product\/penna-stilografica-waterman-hemisphere-gt-inchiostro-blu-waterman-stainless\/\",\"name\":\"Penna stilografica Waterman Hemisphere GT inchiostro blu Waterman Stainless - Ecox Shop\",\"isPartOf\":{\"@id\":\"https:\/\/ecoxshop.ch\/#website\"},\"datePublished\":\"2025-03-07T08:45:51+00:00\",\"dateModified\":\"2025-03-07T15:02:54+00:00\",\"breadcrumb\":{\"@id\":\"https:\/\/ecoxshop.ch\/en\/product\/penna-stilografica-waterman-hemisphere-gt-inchiostro-blu-waterman-stainless\/#breadcrumb\"},\"inLanguage\":\"it-IT\",\"potentialAction\":[{\"@type\":\"ReadAction\",\"target\":[\"https:\/\/ecoxshop.ch\/en\/product\/penna-stilografica-waterman-hemisphere-gt-inchiostro-blu-waterman-stainless\/\"]}]},{\"@type\":\"BreadcrumbList\",\"@id\":\"https:\/\/ecoxshop.ch\/en\/product\/penna-stilografica-waterman-hemisphere-gt-inchiostro-blu-waterman-stainless\/#breadcrumb\",\"itemListElement\":[{\"@type\":\"ListItem\",\"position\":1,\"name\":\"Home\",\"item\":\"https:\/\/ecoxshop.ch\/it\/\"},{\"@type\":\"ListItem\",\"position\":2,\"name\":\"Shop\",\"item\":\"https:\/\/ecoxshop.ch\/it\/shop\/\"},{\"@type\":\"ListItem\",\"position\":3,\"name\":\"Penna stilografica Waterman Hemisphere GT inchiostro blu Waterman Stainless\"}]},{\"@type\":\"WebSite\",\"@id\":\"https:\/\/ecoxshop.ch\/#website\",\"url\":\"https:\/\/ecoxshop.ch\/\",\"name\":\"Ecox Shop\",\"description\":\"\",\"publisher\":{\"@id\":\"https:\/\/ecoxshop.ch\/#organization\"},\"potentialAction\":[{\"@type\":\"SearchAction\",\"target\":{\"@type\":\"EntryPoint\",\"urlTemplate\":\"https:\/\/ecoxshop.ch\/?s={search_term_string}\"},\"query-input\":\"required name=search_term_string\"}],\"inLanguage\":\"it-IT\"},{\"@type\":\"Organization\",\"@id\":\"https:\/\/ecoxshop.ch\/#organization\",\"name\":\"Ecox Shop\",\"url\":\"https:\/\/ecoxshop.ch\/\",\"logo\":{\"@type\":\"ImageObject\",\"inLanguage\":\"it-IT\",\"@id\":\"https:\/\/ecoxshop.ch\/#\/schema\/logo\/image\/\",\"url\":\"https:\/\/ecoxshop.ch\/wp-content\/uploads\/2023\/05\/logo-ecox.svg\",\"contentUrl\":\"https:\/\/ecoxshop.ch\/wp-content\/uploads\/2023\/05\/logo-ecox.svg\",\"width\":304.6,\"height\":91.5,\"caption\":\"Ecox Shop\"},\"image\":{\"@id\":\"https:\/\/ecoxshop.ch\/#\/schema\/logo\/image\/\"}}]}<\/script>\n<!-- \/ Yoast SEO plugin. -->","yoast_head_json":{"title":"Penna stilografica Waterman Hemisphere GT inchiostro blu Waterman Stainless - Ecox Shop","robots":{"index":"index","follow":"follow","max-snippet":"max-snippet:-1","max-image-preview":"max-image-preview:large","max-video-preview":"max-video-preview:-1"},"canonical":"https:\/\/ecoxshop.ch\/it\/product\/penna-stilografica-waterman-hemisphere-gt-inchiostro-blu-waterman-stainless\/","og_locale":"it_IT","og_type":"article","og_title":"Penna stilografica Waterman Hemisphere GT inchiostro blu Waterman Stainless - Ecox Shop","og_description":"Penna stilografica Waterman Hemisphere GT inchiostro blu Waterman Stainless Steel CT - S0920430","og_url":"https:\/\/ecoxshop.ch\/it\/product\/penna-stilografica-waterman-hemisphere-gt-inchiostro-blu-waterman-stainless\/","og_site_name":"Ecox Shop","article_modified_time":"2025-03-07T15:02:54+00:00","og_image":[{"width":480,"height":480,"url":"https:\/\/ecoxshop.ch\/wp-content\/uploads\/2025\/03\/1452300.jpg","type":"image\/jpeg"}],"twitter_card":"summary_large_image","twitter_misc":{"Tempo di lettura stimato":"1 minuto"},"schema":{"@context":"https:\/\/schema.org","@graph":[{"@type":"WebPage","@id":"https:\/\/ecoxshop.ch\/en\/product\/penna-stilografica-waterman-hemisphere-gt-inchiostro-blu-waterman-stainless\/","url":"https:\/\/ecoxshop.ch\/en\/product\/penna-stilografica-waterman-hemisphere-gt-inchiostro-blu-waterman-stainless\/","name":"Penna stilografica Waterman Hemisphere GT inchiostro blu Waterman Stainless - Ecox Shop","isPartOf":{"@id":"https:\/\/ecoxshop.ch\/#website"},"datePublished":"2025-03-07T08:45:51+00:00","dateModified":"2025-03-07T15:02:54+00:00","breadcrumb":{"@id":"https:\/\/ecoxshop.ch\/en\/product\/penna-stilografica-waterman-hemisphere-gt-inchiostro-blu-waterman-stainless\/#breadcrumb"},"inLanguage":"it-IT","potentialAction":[{"@type":"ReadAction","target":["https:\/\/ecoxshop.ch\/en\/product\/penna-stilografica-waterman-hemisphere-gt-inchiostro-blu-waterman-stainless\/"]}]},{"@type":"BreadcrumbList","@id":"https:\/\/ecoxshop.ch\/en\/product\/penna-stilografica-waterman-hemisphere-gt-inchiostro-blu-waterman-stainless\/#breadcrumb","itemListElement":[{"@type":"ListItem","position":1,"name":"Home","item":"https:\/\/ecoxshop.ch\/it\/"},{"@type":"ListItem","position":2,"name":"Shop","item":"https:\/\/ecoxshop.ch\/it\/shop\/"},{"@type":"ListItem","position":3,"name":"Penna stilografica Waterman Hemisphere GT inchiostro blu Waterman Stainless"}]},{"@type":"WebSite","@id":"https:\/\/ecoxshop.ch\/#website","url":"https:\/\/ecoxshop.ch\/","name":"Ecox Shop","description":"","publisher":{"@id":"https:\/\/ecoxshop.ch\/#organization"},"potentialAction":[{"@type":"SearchAction","target":{"@type":"EntryPoint","urlTemplate":"https:\/\/ecoxshop.ch\/?s={search_term_string}"},"query-input":"required name=search_term_string"}],"inLanguage":"it-IT"},{"@type":"Organization","@id":"https:\/\/ecoxshop.ch\/#organization","name":"Ecox Shop","url":"https:\/\/ecoxshop.ch\/","logo":{"@type":"ImageObject","inLanguage":"it-IT","@id":"https:\/\/ecoxshop.ch\/#\/schema\/logo\/image\/","url":"https:\/\/ecoxshop.ch\/wp-content\/uploads\/2023\/05\/logo-ecox.svg","contentUrl":"https:\/\/ecoxshop.ch\/wp-content\/uploads\/2023\/05\/logo-ecox.svg","width":304.6,"height":91.5,"caption":"Ecox Shop"},"image":{"@id":"https:\/\/ecoxshop.ch\/#\/schema\/logo\/image\/"}}]}},"_links":{"self":[{"href":"https:\/\/ecoxshop.ch\/it\/wp-json\/wp\/v3\/product\/39720"}],"collection":[{"href":"https:\/\/ecoxshop.ch\/it\/wp-json\/wp\/v3\/product"}],"about":[{"href":"https:\/\/ecoxshop.ch\/it\/wp-json\/wp\/v2\/types\/product"}],"wp:featuredmedia":[{"embeddable":true,"href":"https:\/\/ecoxshop.ch\/it\/wp-json\/wp\/v2\/media\/39721"}],"wp:attachment":[{"href":"https:\/\/ecoxshop.ch\/it\/wp-json\/wp\/v2\/media?parent=39720"}],"wp:term":[{"taxonomy":"product_cat","embeddable":true,"href":"https:\/\/ecoxshop.ch\/it\/wp-json\/wp\/v2\/product_cat?post=39720"},{"taxonomy":"product_tag","embeddable":true,"href":"https:\/\/ecoxshop.ch\/it\/wp-json\/wp\/v2\/product_tag?post=39720"}],"curies":[{"name":"wp","href":"https:\/\/api.w.org\/{rel}","templated":true}]}}