{"id":39716,"date":"2025-03-07T09:45:51","date_gmt":"2025-03-07T08:45:51","guid":{"rendered":"https:\/\/ecoxshop.ch\/prodotto\/penna-stilografica-parker-sonnet-punta-f-matt-black-gf\/"},"modified":"2025-03-07T16:02:49","modified_gmt":"2025-03-07T15:02:49","slug":"penna-stilografica-parker-sonnet-punta-f-matt-black-gf","status":"publish","type":"product","link":"https:\/\/ecoxshop.ch\/it\/prodotto\/penna-stilografica-parker-sonnet-punta-f-matt-black-gf\/","title":{"rendered":"Penna stilografica Parker Sonnet punta F Matt Black GF"},"content":{"rendered":"<p>Questa penna stilografica \u00e8 un&#8217;espressione classica di stile raffinato. Sonnet \u00e8 il simbolo dell&#8217;eleganza Parker per tutti. Con una vasta gamma di design, ogni dettaglio \u00e8 abilmente realizzato per conferire raffinatezza ad ogni occasione di scrittura. Puoi ricaricare questa penna con cartucce d&#8217;inchiostro Parker o inchiostro Parker in flacone. Rivestita con resina nera opaca effetto satinato. Completata da finiture rifinite in oro e un pennino in acciaio inossidabile ricoperto da una finitura dorata. Fornita in una confezione regalo premium Parker. Questa penna stilografica \u00e8 dotata di pennino di dimensione fine. Una cartuccia di inchiostro inclusa in colore nero e un convertitore di inchiostro.<\/p>\n","protected":false},"excerpt":{"rendered":"<p>Penna stilografica Parker Sonnet punta F Matt Black GF 1931516<\/p>\n","protected":false},"featured_media":39717,"template":"","meta":[],"product_cat":[144],"product_tag":[],"yoast_head":"<!-- This site is optimized with the Yoast SEO plugin v20.7 - https:\/\/yoast.com\/wordpress\/plugins\/seo\/ -->\n<title>Penna stilografica Parker Sonnet punta F Matt Black GF - Ecox Shop<\/title>\n<meta name=\"robots\" content=\"index, follow, max-snippet:-1, max-image-preview:large, max-video-preview:-1\" \/>\n<link rel=\"canonical\" href=\"https:\/\/ecoxshop.ch\/it\/product\/penna-stilografica-parker-sonnet-punta-f-matt-black-gf\/\" \/>\n<meta property=\"og:locale\" content=\"it_IT\" \/>\n<meta property=\"og:type\" content=\"article\" \/>\n<meta property=\"og:title\" content=\"Penna stilografica Parker Sonnet punta F Matt Black GF - Ecox Shop\" \/>\n<meta property=\"og:description\" content=\"Penna stilografica Parker Sonnet punta F Matt Black GF 1931516\" \/>\n<meta property=\"og:url\" content=\"https:\/\/ecoxshop.ch\/it\/product\/penna-stilografica-parker-sonnet-punta-f-matt-black-gf\/\" \/>\n<meta property=\"og:site_name\" content=\"Ecox Shop\" \/>\n<meta property=\"article:modified_time\" content=\"2025-03-07T15:02:49+00:00\" \/>\n<meta property=\"og:image\" content=\"https:\/\/ecoxshop.ch\/wp-content\/uploads\/2025\/03\/2689648.jpg\" \/>\n\t<meta property=\"og:image:width\" content=\"480\" \/>\n\t<meta property=\"og:image:height\" content=\"480\" \/>\n\t<meta property=\"og:image:type\" content=\"image\/jpeg\" \/>\n<meta name=\"twitter:card\" content=\"summary_large_image\" \/>\n<script type=\"application\/ld+json\" class=\"yoast-schema-graph\">{\"@context\":\"https:\/\/schema.org\",\"@graph\":[{\"@type\":\"WebPage\",\"@id\":\"https:\/\/ecoxshop.ch\/en\/product\/penna-stilografica-parker-sonnet-punta-f-matt-black-gf\/\",\"url\":\"https:\/\/ecoxshop.ch\/en\/product\/penna-stilografica-parker-sonnet-punta-f-matt-black-gf\/\",\"name\":\"Penna stilografica Parker Sonnet punta F Matt Black GF - Ecox Shop\",\"isPartOf\":{\"@id\":\"https:\/\/ecoxshop.ch\/#website\"},\"datePublished\":\"2025-03-07T08:45:51+00:00\",\"dateModified\":\"2025-03-07T15:02:49+00:00\",\"breadcrumb\":{\"@id\":\"https:\/\/ecoxshop.ch\/en\/product\/penna-stilografica-parker-sonnet-punta-f-matt-black-gf\/#breadcrumb\"},\"inLanguage\":\"it-IT\",\"potentialAction\":[{\"@type\":\"ReadAction\",\"target\":[\"https:\/\/ecoxshop.ch\/en\/product\/penna-stilografica-parker-sonnet-punta-f-matt-black-gf\/\"]}]},{\"@type\":\"BreadcrumbList\",\"@id\":\"https:\/\/ecoxshop.ch\/en\/product\/penna-stilografica-parker-sonnet-punta-f-matt-black-gf\/#breadcrumb\",\"itemListElement\":[{\"@type\":\"ListItem\",\"position\":1,\"name\":\"Home\",\"item\":\"https:\/\/ecoxshop.ch\/it\/\"},{\"@type\":\"ListItem\",\"position\":2,\"name\":\"Shop\",\"item\":\"https:\/\/ecoxshop.ch\/it\/shop\/\"},{\"@type\":\"ListItem\",\"position\":3,\"name\":\"Penna stilografica Parker Sonnet punta F Matt Black GF\"}]},{\"@type\":\"WebSite\",\"@id\":\"https:\/\/ecoxshop.ch\/#website\",\"url\":\"https:\/\/ecoxshop.ch\/\",\"name\":\"Ecox Shop\",\"description\":\"\",\"publisher\":{\"@id\":\"https:\/\/ecoxshop.ch\/#organization\"},\"potentialAction\":[{\"@type\":\"SearchAction\",\"target\":{\"@type\":\"EntryPoint\",\"urlTemplate\":\"https:\/\/ecoxshop.ch\/?s={search_term_string}\"},\"query-input\":\"required name=search_term_string\"}],\"inLanguage\":\"it-IT\"},{\"@type\":\"Organization\",\"@id\":\"https:\/\/ecoxshop.ch\/#organization\",\"name\":\"Ecox Shop\",\"url\":\"https:\/\/ecoxshop.ch\/\",\"logo\":{\"@type\":\"ImageObject\",\"inLanguage\":\"it-IT\",\"@id\":\"https:\/\/ecoxshop.ch\/#\/schema\/logo\/image\/\",\"url\":\"https:\/\/ecoxshop.ch\/wp-content\/uploads\/2023\/05\/logo-ecox.svg\",\"contentUrl\":\"https:\/\/ecoxshop.ch\/wp-content\/uploads\/2023\/05\/logo-ecox.svg\",\"width\":304.6,\"height\":91.5,\"caption\":\"Ecox Shop\"},\"image\":{\"@id\":\"https:\/\/ecoxshop.ch\/#\/schema\/logo\/image\/\"}}]}<\/script>\n<!-- \/ Yoast SEO plugin. -->","yoast_head_json":{"title":"Penna stilografica Parker Sonnet punta F Matt Black GF - Ecox Shop","robots":{"index":"index","follow":"follow","max-snippet":"max-snippet:-1","max-image-preview":"max-image-preview:large","max-video-preview":"max-video-preview:-1"},"canonical":"https:\/\/ecoxshop.ch\/it\/product\/penna-stilografica-parker-sonnet-punta-f-matt-black-gf\/","og_locale":"it_IT","og_type":"article","og_title":"Penna stilografica Parker Sonnet punta F Matt Black GF - Ecox Shop","og_description":"Penna stilografica Parker Sonnet punta F Matt Black GF 1931516","og_url":"https:\/\/ecoxshop.ch\/it\/product\/penna-stilografica-parker-sonnet-punta-f-matt-black-gf\/","og_site_name":"Ecox Shop","article_modified_time":"2025-03-07T15:02:49+00:00","og_image":[{"width":480,"height":480,"url":"https:\/\/ecoxshop.ch\/wp-content\/uploads\/2025\/03\/2689648.jpg","type":"image\/jpeg"}],"twitter_card":"summary_large_image","schema":{"@context":"https:\/\/schema.org","@graph":[{"@type":"WebPage","@id":"https:\/\/ecoxshop.ch\/en\/product\/penna-stilografica-parker-sonnet-punta-f-matt-black-gf\/","url":"https:\/\/ecoxshop.ch\/en\/product\/penna-stilografica-parker-sonnet-punta-f-matt-black-gf\/","name":"Penna stilografica Parker Sonnet punta F Matt Black GF - Ecox Shop","isPartOf":{"@id":"https:\/\/ecoxshop.ch\/#website"},"datePublished":"2025-03-07T08:45:51+00:00","dateModified":"2025-03-07T15:02:49+00:00","breadcrumb":{"@id":"https:\/\/ecoxshop.ch\/en\/product\/penna-stilografica-parker-sonnet-punta-f-matt-black-gf\/#breadcrumb"},"inLanguage":"it-IT","potentialAction":[{"@type":"ReadAction","target":["https:\/\/ecoxshop.ch\/en\/product\/penna-stilografica-parker-sonnet-punta-f-matt-black-gf\/"]}]},{"@type":"BreadcrumbList","@id":"https:\/\/ecoxshop.ch\/en\/product\/penna-stilografica-parker-sonnet-punta-f-matt-black-gf\/#breadcrumb","itemListElement":[{"@type":"ListItem","position":1,"name":"Home","item":"https:\/\/ecoxshop.ch\/it\/"},{"@type":"ListItem","position":2,"name":"Shop","item":"https:\/\/ecoxshop.ch\/it\/shop\/"},{"@type":"ListItem","position":3,"name":"Penna stilografica Parker Sonnet punta F Matt Black GF"}]},{"@type":"WebSite","@id":"https:\/\/ecoxshop.ch\/#website","url":"https:\/\/ecoxshop.ch\/","name":"Ecox Shop","description":"","publisher":{"@id":"https:\/\/ecoxshop.ch\/#organization"},"potentialAction":[{"@type":"SearchAction","target":{"@type":"EntryPoint","urlTemplate":"https:\/\/ecoxshop.ch\/?s={search_term_string}"},"query-input":"required name=search_term_string"}],"inLanguage":"it-IT"},{"@type":"Organization","@id":"https:\/\/ecoxshop.ch\/#organization","name":"Ecox Shop","url":"https:\/\/ecoxshop.ch\/","logo":{"@type":"ImageObject","inLanguage":"it-IT","@id":"https:\/\/ecoxshop.ch\/#\/schema\/logo\/image\/","url":"https:\/\/ecoxshop.ch\/wp-content\/uploads\/2023\/05\/logo-ecox.svg","contentUrl":"https:\/\/ecoxshop.ch\/wp-content\/uploads\/2023\/05\/logo-ecox.svg","width":304.6,"height":91.5,"caption":"Ecox Shop"},"image":{"@id":"https:\/\/ecoxshop.ch\/#\/schema\/logo\/image\/"}}]}},"_links":{"self":[{"href":"https:\/\/ecoxshop.ch\/it\/wp-json\/wp\/v3\/product\/39716"}],"collection":[{"href":"https:\/\/ecoxshop.ch\/it\/wp-json\/wp\/v3\/product"}],"about":[{"href":"https:\/\/ecoxshop.ch\/it\/wp-json\/wp\/v2\/types\/product"}],"wp:featuredmedia":[{"embeddable":true,"href":"https:\/\/ecoxshop.ch\/it\/wp-json\/wp\/v2\/media\/39717"}],"wp:attachment":[{"href":"https:\/\/ecoxshop.ch\/it\/wp-json\/wp\/v2\/media?parent=39716"}],"wp:term":[{"taxonomy":"product_cat","embeddable":true,"href":"https:\/\/ecoxshop.ch\/it\/wp-json\/wp\/v2\/product_cat?post=39716"},{"taxonomy":"product_tag","embeddable":true,"href":"https:\/\/ecoxshop.ch\/it\/wp-json\/wp\/v2\/product_tag?post=39716"}],"curies":[{"name":"wp","href":"https:\/\/api.w.org\/{rel}","templated":true}]}}