{"id":35731,"date":"2025-03-06T18:34:07","date_gmt":"2025-03-06T17:34:07","guid":{"rendered":"https:\/\/ecoxshop.ch\/prodotto\/multipresa-stretta-con-interruttore-16a-cavo-15-m-bianco-aigostar-a-4-vie\/"},"modified":"2025-03-07T15:46:37","modified_gmt":"2025-03-07T14:46:37","slug":"multipresa-stretta-con-interruttore-16a-cavo-15-m-bianco-aigostar-a-4-vie","status":"publish","type":"product","link":"https:\/\/ecoxshop.ch\/it\/prodotto\/multipresa-stretta-con-interruttore-16a-cavo-15-m-bianco-aigostar-a-4-vie\/","title":{"rendered":"Multipresa stretta con interruttore 16A &#8211; cavo 1,5 m &#8211; bianco Aigostar a 4 vie"},"content":{"rendered":"<p>Multipresa stretta a 4 vie P17\/P11 con interruttore 16A, spina standard italiana e cavo lungo 1,5 metri. Utilizzo interno. Supporta l&#8217;uso simultaneo di pi\u00f9 apparecchi elettrici. Spina da 16A, potenza massima da 3680W, per soddisfare le esigenze di elettrodomestici diversificati. Forma sottile per gli spazi pi\u00f9 stretti. Interruttore principale di accensione\/spegnimento. Cavo di alimentazione standard europeo con filo di rame a tre strati di alta qualit\u00e0 e spesso, con buona conduttivit\u00e0 e bassa dissipazione di calore, per un uso prolungato in sicurezza e stabilit\u00e0. Con porta protettiva di sicurezza, protegge tutta la famiglia dal rischio di scosse elettriche. Certificazione CE. Potenza MAX.3680W. Parametri della spina 16A 250V~ SPA17. Parametri della presa 16A 250V~ 4-WAY P17\/P11. Cavo H05VV-F 3G1.0m?. Colore bianco.<\/p>\n","protected":false},"excerpt":{"rendered":"<p>Multipresa stretta con interruttore 16A &#8211; cavo 1,5 m &#8211; bianco Aigostar a 4 vie P17\/11 &#8211; 196837<\/p>\n","protected":false},"featured_media":35732,"template":"","meta":[],"product_cat":[385],"product_tag":[],"yoast_head":"<!-- This site is optimized with the Yoast SEO plugin v20.7 - https:\/\/yoast.com\/wordpress\/plugins\/seo\/ -->\n<title>Multipresa stretta con interruttore 16A - cavo 1,5 m - bianco Aigostar a 4 vie - Ecox Shop<\/title>\n<meta name=\"robots\" content=\"index, follow, max-snippet:-1, max-image-preview:large, max-video-preview:-1\" \/>\n<link rel=\"canonical\" href=\"https:\/\/ecoxshop.ch\/it\/prodotto\/multipresa-stretta-con-interruttore-16a-cavo-15-m-bianco-aigostar-a-4-vie\/\" \/>\n<meta property=\"og:locale\" content=\"it_IT\" \/>\n<meta property=\"og:type\" content=\"article\" \/>\n<meta property=\"og:title\" content=\"Multipresa stretta con interruttore 16A - cavo 1,5 m - bianco Aigostar a 4 vie - Ecox Shop\" \/>\n<meta property=\"og:description\" content=\"Multipresa stretta con interruttore 16A - cavo 1,5 m - bianco Aigostar a 4 vie P17\/11 - 196837\" \/>\n<meta property=\"og:url\" content=\"https:\/\/ecoxshop.ch\/it\/prodotto\/multipresa-stretta-con-interruttore-16a-cavo-15-m-bianco-aigostar-a-4-vie\/\" \/>\n<meta property=\"og:site_name\" content=\"Ecox Shop\" \/>\n<meta property=\"article:modified_time\" content=\"2025-03-07T14:46:37+00:00\" \/>\n<meta property=\"og:image\" content=\"https:\/\/ecoxshop.ch\/wp-content\/uploads\/2025\/03\/2579808.jpg\" \/>\n\t<meta property=\"og:image:width\" content=\"480\" \/>\n\t<meta property=\"og:image:height\" content=\"480\" \/>\n\t<meta property=\"og:image:type\" content=\"image\/jpeg\" \/>\n<meta name=\"twitter:card\" content=\"summary_large_image\" \/>\n<meta name=\"twitter:label1\" content=\"Tempo di lettura stimato\" \/>\n\t<meta name=\"twitter:data1\" content=\"1 minuto\" \/>\n<script type=\"application\/ld+json\" class=\"yoast-schema-graph\">{\"@context\":\"https:\/\/schema.org\",\"@graph\":[{\"@type\":\"WebPage\",\"@id\":\"https:\/\/ecoxshop.ch\/it\/prodotto\/multipresa-stretta-con-interruttore-16a-cavo-15-m-bianco-aigostar-a-4-vie\/\",\"url\":\"https:\/\/ecoxshop.ch\/it\/prodotto\/multipresa-stretta-con-interruttore-16a-cavo-15-m-bianco-aigostar-a-4-vie\/\",\"name\":\"Multipresa stretta con interruttore 16A - cavo 1,5 m - bianco Aigostar a 4 vie - Ecox Shop\",\"isPartOf\":{\"@id\":\"https:\/\/ecoxshop.ch\/#website\"},\"datePublished\":\"2025-03-06T17:34:07+00:00\",\"dateModified\":\"2025-03-07T14:46:37+00:00\",\"breadcrumb\":{\"@id\":\"https:\/\/ecoxshop.ch\/it\/prodotto\/multipresa-stretta-con-interruttore-16a-cavo-15-m-bianco-aigostar-a-4-vie\/#breadcrumb\"},\"inLanguage\":\"it-IT\",\"potentialAction\":[{\"@type\":\"ReadAction\",\"target\":[\"https:\/\/ecoxshop.ch\/it\/prodotto\/multipresa-stretta-con-interruttore-16a-cavo-15-m-bianco-aigostar-a-4-vie\/\"]}]},{\"@type\":\"BreadcrumbList\",\"@id\":\"https:\/\/ecoxshop.ch\/it\/prodotto\/multipresa-stretta-con-interruttore-16a-cavo-15-m-bianco-aigostar-a-4-vie\/#breadcrumb\",\"itemListElement\":[{\"@type\":\"ListItem\",\"position\":1,\"name\":\"Home\",\"item\":\"https:\/\/ecoxshop.ch\/it\/\"},{\"@type\":\"ListItem\",\"position\":2,\"name\":\"Shop\",\"item\":\"https:\/\/ecoxshop.ch\/it\/shop\/\"},{\"@type\":\"ListItem\",\"position\":3,\"name\":\"Multipresa stretta con interruttore 16A &#8211; cavo 1,5 m &#8211; bianco Aigostar a 4 vie\"}]},{\"@type\":\"WebSite\",\"@id\":\"https:\/\/ecoxshop.ch\/#website\",\"url\":\"https:\/\/ecoxshop.ch\/\",\"name\":\"Ecox Shop\",\"description\":\"\",\"publisher\":{\"@id\":\"https:\/\/ecoxshop.ch\/#organization\"},\"potentialAction\":[{\"@type\":\"SearchAction\",\"target\":{\"@type\":\"EntryPoint\",\"urlTemplate\":\"https:\/\/ecoxshop.ch\/?s={search_term_string}\"},\"query-input\":\"required name=search_term_string\"}],\"inLanguage\":\"it-IT\"},{\"@type\":\"Organization\",\"@id\":\"https:\/\/ecoxshop.ch\/#organization\",\"name\":\"Ecox Shop\",\"url\":\"https:\/\/ecoxshop.ch\/\",\"logo\":{\"@type\":\"ImageObject\",\"inLanguage\":\"it-IT\",\"@id\":\"https:\/\/ecoxshop.ch\/#\/schema\/logo\/image\/\",\"url\":\"https:\/\/ecoxshop.ch\/wp-content\/uploads\/2023\/05\/logo-ecox.svg\",\"contentUrl\":\"https:\/\/ecoxshop.ch\/wp-content\/uploads\/2023\/05\/logo-ecox.svg\",\"width\":304.6,\"height\":91.5,\"caption\":\"Ecox Shop\"},\"image\":{\"@id\":\"https:\/\/ecoxshop.ch\/#\/schema\/logo\/image\/\"}}]}<\/script>\n<!-- \/ Yoast SEO plugin. -->","yoast_head_json":{"title":"Multipresa stretta con interruttore 16A - cavo 1,5 m - bianco Aigostar a 4 vie - Ecox Shop","robots":{"index":"index","follow":"follow","max-snippet":"max-snippet:-1","max-image-preview":"max-image-preview:large","max-video-preview":"max-video-preview:-1"},"canonical":"https:\/\/ecoxshop.ch\/it\/prodotto\/multipresa-stretta-con-interruttore-16a-cavo-15-m-bianco-aigostar-a-4-vie\/","og_locale":"it_IT","og_type":"article","og_title":"Multipresa stretta con interruttore 16A - cavo 1,5 m - bianco Aigostar a 4 vie - Ecox Shop","og_description":"Multipresa stretta con interruttore 16A - cavo 1,5 m - bianco Aigostar a 4 vie P17\/11 - 196837","og_url":"https:\/\/ecoxshop.ch\/it\/prodotto\/multipresa-stretta-con-interruttore-16a-cavo-15-m-bianco-aigostar-a-4-vie\/","og_site_name":"Ecox Shop","article_modified_time":"2025-03-07T14:46:37+00:00","og_image":[{"width":480,"height":480,"url":"https:\/\/ecoxshop.ch\/wp-content\/uploads\/2025\/03\/2579808.jpg","type":"image\/jpeg"}],"twitter_card":"summary_large_image","twitter_misc":{"Tempo di lettura stimato":"1 minuto"},"schema":{"@context":"https:\/\/schema.org","@graph":[{"@type":"WebPage","@id":"https:\/\/ecoxshop.ch\/it\/prodotto\/multipresa-stretta-con-interruttore-16a-cavo-15-m-bianco-aigostar-a-4-vie\/","url":"https:\/\/ecoxshop.ch\/it\/prodotto\/multipresa-stretta-con-interruttore-16a-cavo-15-m-bianco-aigostar-a-4-vie\/","name":"Multipresa stretta con interruttore 16A - cavo 1,5 m - bianco Aigostar a 4 vie - Ecox Shop","isPartOf":{"@id":"https:\/\/ecoxshop.ch\/#website"},"datePublished":"2025-03-06T17:34:07+00:00","dateModified":"2025-03-07T14:46:37+00:00","breadcrumb":{"@id":"https:\/\/ecoxshop.ch\/it\/prodotto\/multipresa-stretta-con-interruttore-16a-cavo-15-m-bianco-aigostar-a-4-vie\/#breadcrumb"},"inLanguage":"it-IT","potentialAction":[{"@type":"ReadAction","target":["https:\/\/ecoxshop.ch\/it\/prodotto\/multipresa-stretta-con-interruttore-16a-cavo-15-m-bianco-aigostar-a-4-vie\/"]}]},{"@type":"BreadcrumbList","@id":"https:\/\/ecoxshop.ch\/it\/prodotto\/multipresa-stretta-con-interruttore-16a-cavo-15-m-bianco-aigostar-a-4-vie\/#breadcrumb","itemListElement":[{"@type":"ListItem","position":1,"name":"Home","item":"https:\/\/ecoxshop.ch\/it\/"},{"@type":"ListItem","position":2,"name":"Shop","item":"https:\/\/ecoxshop.ch\/it\/shop\/"},{"@type":"ListItem","position":3,"name":"Multipresa stretta con interruttore 16A &#8211; cavo 1,5 m &#8211; bianco Aigostar a 4 vie"}]},{"@type":"WebSite","@id":"https:\/\/ecoxshop.ch\/#website","url":"https:\/\/ecoxshop.ch\/","name":"Ecox Shop","description":"","publisher":{"@id":"https:\/\/ecoxshop.ch\/#organization"},"potentialAction":[{"@type":"SearchAction","target":{"@type":"EntryPoint","urlTemplate":"https:\/\/ecoxshop.ch\/?s={search_term_string}"},"query-input":"required name=search_term_string"}],"inLanguage":"it-IT"},{"@type":"Organization","@id":"https:\/\/ecoxshop.ch\/#organization","name":"Ecox Shop","url":"https:\/\/ecoxshop.ch\/","logo":{"@type":"ImageObject","inLanguage":"it-IT","@id":"https:\/\/ecoxshop.ch\/#\/schema\/logo\/image\/","url":"https:\/\/ecoxshop.ch\/wp-content\/uploads\/2023\/05\/logo-ecox.svg","contentUrl":"https:\/\/ecoxshop.ch\/wp-content\/uploads\/2023\/05\/logo-ecox.svg","width":304.6,"height":91.5,"caption":"Ecox Shop"},"image":{"@id":"https:\/\/ecoxshop.ch\/#\/schema\/logo\/image\/"}}]}},"_links":{"self":[{"href":"https:\/\/ecoxshop.ch\/it\/wp-json\/wp\/v3\/product\/35731"}],"collection":[{"href":"https:\/\/ecoxshop.ch\/it\/wp-json\/wp\/v3\/product"}],"about":[{"href":"https:\/\/ecoxshop.ch\/it\/wp-json\/wp\/v2\/types\/product"}],"wp:featuredmedia":[{"embeddable":true,"href":"https:\/\/ecoxshop.ch\/it\/wp-json\/wp\/v2\/media\/35732"}],"wp:attachment":[{"href":"https:\/\/ecoxshop.ch\/it\/wp-json\/wp\/v2\/media?parent=35731"}],"wp:term":[{"taxonomy":"product_cat","embeddable":true,"href":"https:\/\/ecoxshop.ch\/it\/wp-json\/wp\/v2\/product_cat?post=35731"},{"taxonomy":"product_tag","embeddable":true,"href":"https:\/\/ecoxshop.ch\/it\/wp-json\/wp\/v2\/product_tag?post=35731"}],"curies":[{"name":"wp","href":"https:\/\/api.w.org\/{rel}","templated":true}]}}