{"id":31067,"date":"2025-03-06T16:19:44","date_gmt":"2025-03-06T15:19:44","guid":{"rendered":"https:\/\/ecoxshop.ch\/prodotto\/gonfiabile-cavalcabile-intex-a-forma-di-aragosta\/"},"modified":"2025-03-07T15:34:31","modified_gmt":"2025-03-07T14:34:31","slug":"gonfiabile-cavalcabile-intex-a-forma-di-aragosta","status":"publish","type":"product","link":"https:\/\/ecoxshop.ch\/it\/prodotto\/gonfiabile-cavalcabile-intex-a-forma-di-aragosta\/","title":{"rendered":"Gonfiabile cavalcabile Intex a forma di Aragosta"},"content":{"rendered":"<p>Con questo super gonfiabile cavalcabile a forma di aragosta estremamente stabile il divertimento in piscina \u00e8 assicurato! Grazie alla sua lunghezza di circa 2 metri, possono salirvici sopra senza problemi fino a due bambini. Il fatto che la struttura sia molto ampia sulla parte anteriore previene inoltre che si ribalti facilmente. In aggiunta, l&#8217;aragosta gonfiabile \u00e8 dotata di 4 maniglie cos\u00ec che i bambini possano aggrapparvisi saldamente per una maggiore stabilit\u00e0. Kit di Riparazione incluso. Realizzato in vinile resistente da 0,3 mm. Dimensione 213 x 137 cm. Kit di riparazione Incluso. Facilmente lavabile, resistente e confortevole. Et\u00e0 anni 3+<\/p>\n","protected":false},"excerpt":{"rendered":"<p>Gonfiabile cavalcabile Intex a forma di Aragosta 10200<\/p>\n","protected":false},"featured_media":31068,"template":"","meta":[],"product_cat":[556],"product_tag":[],"yoast_head":"<!-- This site is optimized with the Yoast SEO plugin v20.7 - https:\/\/yoast.com\/wordpress\/plugins\/seo\/ -->\n<title>Gonfiabile cavalcabile Intex a forma di Aragosta - Ecox Shop<\/title>\n<meta name=\"robots\" content=\"index, follow, max-snippet:-1, max-image-preview:large, max-video-preview:-1\" \/>\n<link rel=\"canonical\" href=\"https:\/\/ecoxshop.ch\/it\/prodotto\/gonfiabile-cavalcabile-intex-a-forma-di-aragosta\/\" \/>\n<meta property=\"og:locale\" content=\"it_IT\" \/>\n<meta property=\"og:type\" content=\"article\" \/>\n<meta property=\"og:title\" content=\"Gonfiabile cavalcabile Intex a forma di Aragosta - Ecox Shop\" \/>\n<meta property=\"og:description\" content=\"Gonfiabile cavalcabile Intex a forma di Aragosta 10200\" \/>\n<meta property=\"og:url\" content=\"https:\/\/ecoxshop.ch\/it\/prodotto\/gonfiabile-cavalcabile-intex-a-forma-di-aragosta\/\" \/>\n<meta property=\"og:site_name\" content=\"Ecox Shop\" \/>\n<meta property=\"article:modified_time\" content=\"2025-03-07T14:34:31+00:00\" \/>\n<meta property=\"og:image\" content=\"https:\/\/ecoxshop.ch\/wp-content\/uploads\/2025\/03\/2508378.jpg\" \/>\n\t<meta property=\"og:image:width\" content=\"480\" \/>\n\t<meta property=\"og:image:height\" content=\"480\" \/>\n\t<meta property=\"og:image:type\" content=\"image\/jpeg\" \/>\n<meta name=\"twitter:card\" content=\"summary_large_image\" \/>\n<script type=\"application\/ld+json\" class=\"yoast-schema-graph\">{\"@context\":\"https:\/\/schema.org\",\"@graph\":[{\"@type\":\"WebPage\",\"@id\":\"https:\/\/ecoxshop.ch\/it\/prodotto\/gonfiabile-cavalcabile-intex-a-forma-di-aragosta\/\",\"url\":\"https:\/\/ecoxshop.ch\/it\/prodotto\/gonfiabile-cavalcabile-intex-a-forma-di-aragosta\/\",\"name\":\"Gonfiabile cavalcabile Intex a forma di Aragosta - Ecox Shop\",\"isPartOf\":{\"@id\":\"https:\/\/ecoxshop.ch\/#website\"},\"datePublished\":\"2025-03-06T15:19:44+00:00\",\"dateModified\":\"2025-03-07T14:34:31+00:00\",\"breadcrumb\":{\"@id\":\"https:\/\/ecoxshop.ch\/it\/prodotto\/gonfiabile-cavalcabile-intex-a-forma-di-aragosta\/#breadcrumb\"},\"inLanguage\":\"it-IT\",\"potentialAction\":[{\"@type\":\"ReadAction\",\"target\":[\"https:\/\/ecoxshop.ch\/it\/prodotto\/gonfiabile-cavalcabile-intex-a-forma-di-aragosta\/\"]}]},{\"@type\":\"BreadcrumbList\",\"@id\":\"https:\/\/ecoxshop.ch\/it\/prodotto\/gonfiabile-cavalcabile-intex-a-forma-di-aragosta\/#breadcrumb\",\"itemListElement\":[{\"@type\":\"ListItem\",\"position\":1,\"name\":\"Home\",\"item\":\"https:\/\/ecoxshop.ch\/it\/\"},{\"@type\":\"ListItem\",\"position\":2,\"name\":\"Shop\",\"item\":\"https:\/\/ecoxshop.ch\/it\/shop\/\"},{\"@type\":\"ListItem\",\"position\":3,\"name\":\"Gonfiabile cavalcabile Intex a forma di Aragosta\"}]},{\"@type\":\"WebSite\",\"@id\":\"https:\/\/ecoxshop.ch\/#website\",\"url\":\"https:\/\/ecoxshop.ch\/\",\"name\":\"Ecox Shop\",\"description\":\"\",\"publisher\":{\"@id\":\"https:\/\/ecoxshop.ch\/#organization\"},\"potentialAction\":[{\"@type\":\"SearchAction\",\"target\":{\"@type\":\"EntryPoint\",\"urlTemplate\":\"https:\/\/ecoxshop.ch\/?s={search_term_string}\"},\"query-input\":\"required name=search_term_string\"}],\"inLanguage\":\"it-IT\"},{\"@type\":\"Organization\",\"@id\":\"https:\/\/ecoxshop.ch\/#organization\",\"name\":\"Ecox Shop\",\"url\":\"https:\/\/ecoxshop.ch\/\",\"logo\":{\"@type\":\"ImageObject\",\"inLanguage\":\"it-IT\",\"@id\":\"https:\/\/ecoxshop.ch\/#\/schema\/logo\/image\/\",\"url\":\"https:\/\/ecoxshop.ch\/wp-content\/uploads\/2023\/05\/logo-ecox.svg\",\"contentUrl\":\"https:\/\/ecoxshop.ch\/wp-content\/uploads\/2023\/05\/logo-ecox.svg\",\"width\":304.6,\"height\":91.5,\"caption\":\"Ecox Shop\"},\"image\":{\"@id\":\"https:\/\/ecoxshop.ch\/#\/schema\/logo\/image\/\"}}]}<\/script>\n<!-- \/ Yoast SEO plugin. -->","yoast_head_json":{"title":"Gonfiabile cavalcabile Intex a forma di Aragosta - Ecox Shop","robots":{"index":"index","follow":"follow","max-snippet":"max-snippet:-1","max-image-preview":"max-image-preview:large","max-video-preview":"max-video-preview:-1"},"canonical":"https:\/\/ecoxshop.ch\/it\/prodotto\/gonfiabile-cavalcabile-intex-a-forma-di-aragosta\/","og_locale":"it_IT","og_type":"article","og_title":"Gonfiabile cavalcabile Intex a forma di Aragosta - Ecox Shop","og_description":"Gonfiabile cavalcabile Intex a forma di Aragosta 10200","og_url":"https:\/\/ecoxshop.ch\/it\/prodotto\/gonfiabile-cavalcabile-intex-a-forma-di-aragosta\/","og_site_name":"Ecox Shop","article_modified_time":"2025-03-07T14:34:31+00:00","og_image":[{"width":480,"height":480,"url":"https:\/\/ecoxshop.ch\/wp-content\/uploads\/2025\/03\/2508378.jpg","type":"image\/jpeg"}],"twitter_card":"summary_large_image","schema":{"@context":"https:\/\/schema.org","@graph":[{"@type":"WebPage","@id":"https:\/\/ecoxshop.ch\/it\/prodotto\/gonfiabile-cavalcabile-intex-a-forma-di-aragosta\/","url":"https:\/\/ecoxshop.ch\/it\/prodotto\/gonfiabile-cavalcabile-intex-a-forma-di-aragosta\/","name":"Gonfiabile cavalcabile Intex a forma di Aragosta - Ecox Shop","isPartOf":{"@id":"https:\/\/ecoxshop.ch\/#website"},"datePublished":"2025-03-06T15:19:44+00:00","dateModified":"2025-03-07T14:34:31+00:00","breadcrumb":{"@id":"https:\/\/ecoxshop.ch\/it\/prodotto\/gonfiabile-cavalcabile-intex-a-forma-di-aragosta\/#breadcrumb"},"inLanguage":"it-IT","potentialAction":[{"@type":"ReadAction","target":["https:\/\/ecoxshop.ch\/it\/prodotto\/gonfiabile-cavalcabile-intex-a-forma-di-aragosta\/"]}]},{"@type":"BreadcrumbList","@id":"https:\/\/ecoxshop.ch\/it\/prodotto\/gonfiabile-cavalcabile-intex-a-forma-di-aragosta\/#breadcrumb","itemListElement":[{"@type":"ListItem","position":1,"name":"Home","item":"https:\/\/ecoxshop.ch\/it\/"},{"@type":"ListItem","position":2,"name":"Shop","item":"https:\/\/ecoxshop.ch\/it\/shop\/"},{"@type":"ListItem","position":3,"name":"Gonfiabile cavalcabile Intex a forma di Aragosta"}]},{"@type":"WebSite","@id":"https:\/\/ecoxshop.ch\/#website","url":"https:\/\/ecoxshop.ch\/","name":"Ecox Shop","description":"","publisher":{"@id":"https:\/\/ecoxshop.ch\/#organization"},"potentialAction":[{"@type":"SearchAction","target":{"@type":"EntryPoint","urlTemplate":"https:\/\/ecoxshop.ch\/?s={search_term_string}"},"query-input":"required name=search_term_string"}],"inLanguage":"it-IT"},{"@type":"Organization","@id":"https:\/\/ecoxshop.ch\/#organization","name":"Ecox Shop","url":"https:\/\/ecoxshop.ch\/","logo":{"@type":"ImageObject","inLanguage":"it-IT","@id":"https:\/\/ecoxshop.ch\/#\/schema\/logo\/image\/","url":"https:\/\/ecoxshop.ch\/wp-content\/uploads\/2023\/05\/logo-ecox.svg","contentUrl":"https:\/\/ecoxshop.ch\/wp-content\/uploads\/2023\/05\/logo-ecox.svg","width":304.6,"height":91.5,"caption":"Ecox Shop"},"image":{"@id":"https:\/\/ecoxshop.ch\/#\/schema\/logo\/image\/"}}]}},"_links":{"self":[{"href":"https:\/\/ecoxshop.ch\/it\/wp-json\/wp\/v3\/product\/31067"}],"collection":[{"href":"https:\/\/ecoxshop.ch\/it\/wp-json\/wp\/v3\/product"}],"about":[{"href":"https:\/\/ecoxshop.ch\/it\/wp-json\/wp\/v2\/types\/product"}],"wp:featuredmedia":[{"embeddable":true,"href":"https:\/\/ecoxshop.ch\/it\/wp-json\/wp\/v2\/media\/31068"}],"wp:attachment":[{"href":"https:\/\/ecoxshop.ch\/it\/wp-json\/wp\/v2\/media?parent=31067"}],"wp:term":[{"taxonomy":"product_cat","embeddable":true,"href":"https:\/\/ecoxshop.ch\/it\/wp-json\/wp\/v2\/product_cat?post=31067"},{"taxonomy":"product_tag","embeddable":true,"href":"https:\/\/ecoxshop.ch\/it\/wp-json\/wp\/v2\/product_tag?post=31067"}],"curies":[{"name":"wp","href":"https:\/\/api.w.org\/{rel}","templated":true}]}}