{"id":30951,"date":"2025-03-06T16:17:53","date_gmt":"2025-03-06T15:17:53","guid":{"rendered":"https:\/\/ecoxshop.ch\/prodotto\/timbro-componibile-timbra-attacca-trodat-nero-misure-e-set-assortiti\/"},"modified":"2025-03-07T15:34:20","modified_gmt":"2025-03-07T14:34:20","slug":"timbro-componibile-timbra-attacca-trodat-nero-misure-e-set-assortiti","status":"publish","type":"product","link":"https:\/\/ecoxshop.ch\/it\/prodotto\/timbro-componibile-timbra-attacca-trodat-nero-misure-e-set-assortiti\/","title":{"rendered":"Timbro componibile Timbra &#038; Attacca Trodat nero &#8211; misure e set assortiti"},"content":{"rendered":"<p>Ideato per la scuola \u00e8 perfetto anche per ufficio, magazzino, palestra e tempo libero, ospedali, RSA e comunit\u00e0 in genere, ovunque sia necessario ETICHETTARE FACILMENTE CON INCHIOSTRO INDELEBILE i propri effetti personali per non perderli. Timbra Attacca include 1 timbro verde con cartuccia d&#8217;inchiostro per tessuti nero, 1 set di lettere e numeri con icone divertenti, 30 adesivi in 2 formati 40 x 10 mm e 40 x 15 mm, 1 m di nastro termoadesivo, 1 pinzetta. Inchiostro dermatologicamente testato, lavabile in lavatrice fino a 95 \u00b0C se timbrato direttamente sui tessuti, fino a 60 \u00b0C se timbrato su tessuto non tessuto, lavabile in lavastoviglie fino a 75 \u00b0C se timbrato sulle etichette applicate su una vasta gamma di materie plastiche. Ideale per timbrare direttamente su tessuti, carta e cartone, contrassegnare le etichette da applicare sui materiali pi\u00f9 duri tra cui scarpe, borracce, giocattoli, matite, materiale scolastico ecc. per una maggiore leggibilit\u00e0 sui tessuti scuri \u00e8 disponibile il nastro termoadesivo da timbrare e fissare con il ferro da stiro direttamente sul vestiario. Altezza del carattere 4 mm per testi fino a 3 righe composte al massimo da 14 caratteri ciascuna.<\/p>\n","protected":false},"excerpt":{"rendered":"<p>Timbro componibile Timbra &#038; Attacca Trodat nero &#8211; misure e set assortiti 180221<\/p>\n","protected":false},"featured_media":30952,"template":"","meta":[],"product_cat":[315],"product_tag":[],"yoast_head":"<!-- This site is optimized with the Yoast SEO plugin v20.7 - https:\/\/yoast.com\/wordpress\/plugins\/seo\/ -->\n<title>Timbro componibile Timbra &amp; Attacca Trodat nero - misure e set assortiti - Ecox Shop<\/title>\n<meta name=\"robots\" content=\"index, follow, max-snippet:-1, max-image-preview:large, max-video-preview:-1\" \/>\n<link rel=\"canonical\" href=\"https:\/\/ecoxshop.ch\/it\/prodotto\/timbro-componibile-timbra-attacca-trodat-nero-misure-e-set-assortiti\/\" \/>\n<meta property=\"og:locale\" content=\"it_IT\" \/>\n<meta property=\"og:type\" content=\"article\" \/>\n<meta property=\"og:title\" content=\"Timbro componibile Timbra &amp; Attacca Trodat nero - misure e set assortiti - Ecox Shop\" \/>\n<meta property=\"og:description\" content=\"Timbro componibile Timbra &amp; Attacca Trodat nero - misure e set assortiti 180221\" \/>\n<meta property=\"og:url\" content=\"https:\/\/ecoxshop.ch\/it\/prodotto\/timbro-componibile-timbra-attacca-trodat-nero-misure-e-set-assortiti\/\" \/>\n<meta property=\"og:site_name\" content=\"Ecox Shop\" \/>\n<meta property=\"article:modified_time\" content=\"2025-03-07T14:34:20+00:00\" \/>\n<meta property=\"og:image\" content=\"https:\/\/ecoxshop.ch\/wp-content\/uploads\/2025\/03\/2535744.jpg\" \/>\n\t<meta property=\"og:image:width\" content=\"480\" \/>\n\t<meta property=\"og:image:height\" content=\"480\" \/>\n\t<meta property=\"og:image:type\" content=\"image\/jpeg\" \/>\n<meta name=\"twitter:card\" content=\"summary_large_image\" \/>\n<meta name=\"twitter:label1\" content=\"Tempo di lettura stimato\" \/>\n\t<meta name=\"twitter:data1\" content=\"1 minuto\" \/>\n<script type=\"application\/ld+json\" class=\"yoast-schema-graph\">{\"@context\":\"https:\/\/schema.org\",\"@graph\":[{\"@type\":\"WebPage\",\"@id\":\"https:\/\/ecoxshop.ch\/it\/prodotto\/timbro-componibile-timbra-attacca-trodat-nero-misure-e-set-assortiti\/\",\"url\":\"https:\/\/ecoxshop.ch\/it\/prodotto\/timbro-componibile-timbra-attacca-trodat-nero-misure-e-set-assortiti\/\",\"name\":\"Timbro componibile Timbra & Attacca Trodat nero - misure e set assortiti - Ecox Shop\",\"isPartOf\":{\"@id\":\"https:\/\/ecoxshop.ch\/#website\"},\"datePublished\":\"2025-03-06T15:17:53+00:00\",\"dateModified\":\"2025-03-07T14:34:20+00:00\",\"breadcrumb\":{\"@id\":\"https:\/\/ecoxshop.ch\/it\/prodotto\/timbro-componibile-timbra-attacca-trodat-nero-misure-e-set-assortiti\/#breadcrumb\"},\"inLanguage\":\"it-IT\",\"potentialAction\":[{\"@type\":\"ReadAction\",\"target\":[\"https:\/\/ecoxshop.ch\/it\/prodotto\/timbro-componibile-timbra-attacca-trodat-nero-misure-e-set-assortiti\/\"]}]},{\"@type\":\"BreadcrumbList\",\"@id\":\"https:\/\/ecoxshop.ch\/it\/prodotto\/timbro-componibile-timbra-attacca-trodat-nero-misure-e-set-assortiti\/#breadcrumb\",\"itemListElement\":[{\"@type\":\"ListItem\",\"position\":1,\"name\":\"Home\",\"item\":\"https:\/\/ecoxshop.ch\/it\/\"},{\"@type\":\"ListItem\",\"position\":2,\"name\":\"Shop\",\"item\":\"https:\/\/ecoxshop.ch\/it\/shop\/\"},{\"@type\":\"ListItem\",\"position\":3,\"name\":\"Timbro componibile Timbra &#038; Attacca Trodat nero &#8211; misure e set assortiti\"}]},{\"@type\":\"WebSite\",\"@id\":\"https:\/\/ecoxshop.ch\/#website\",\"url\":\"https:\/\/ecoxshop.ch\/\",\"name\":\"Ecox Shop\",\"description\":\"\",\"publisher\":{\"@id\":\"https:\/\/ecoxshop.ch\/#organization\"},\"potentialAction\":[{\"@type\":\"SearchAction\",\"target\":{\"@type\":\"EntryPoint\",\"urlTemplate\":\"https:\/\/ecoxshop.ch\/?s={search_term_string}\"},\"query-input\":\"required name=search_term_string\"}],\"inLanguage\":\"it-IT\"},{\"@type\":\"Organization\",\"@id\":\"https:\/\/ecoxshop.ch\/#organization\",\"name\":\"Ecox Shop\",\"url\":\"https:\/\/ecoxshop.ch\/\",\"logo\":{\"@type\":\"ImageObject\",\"inLanguage\":\"it-IT\",\"@id\":\"https:\/\/ecoxshop.ch\/#\/schema\/logo\/image\/\",\"url\":\"https:\/\/ecoxshop.ch\/wp-content\/uploads\/2023\/05\/logo-ecox.svg\",\"contentUrl\":\"https:\/\/ecoxshop.ch\/wp-content\/uploads\/2023\/05\/logo-ecox.svg\",\"width\":304.6,\"height\":91.5,\"caption\":\"Ecox Shop\"},\"image\":{\"@id\":\"https:\/\/ecoxshop.ch\/#\/schema\/logo\/image\/\"}}]}<\/script>\n<!-- \/ Yoast SEO plugin. -->","yoast_head_json":{"title":"Timbro componibile Timbra & Attacca Trodat nero - misure e set assortiti - Ecox Shop","robots":{"index":"index","follow":"follow","max-snippet":"max-snippet:-1","max-image-preview":"max-image-preview:large","max-video-preview":"max-video-preview:-1"},"canonical":"https:\/\/ecoxshop.ch\/it\/prodotto\/timbro-componibile-timbra-attacca-trodat-nero-misure-e-set-assortiti\/","og_locale":"it_IT","og_type":"article","og_title":"Timbro componibile Timbra & Attacca Trodat nero - misure e set assortiti - Ecox Shop","og_description":"Timbro componibile Timbra & Attacca Trodat nero - misure e set assortiti 180221","og_url":"https:\/\/ecoxshop.ch\/it\/prodotto\/timbro-componibile-timbra-attacca-trodat-nero-misure-e-set-assortiti\/","og_site_name":"Ecox Shop","article_modified_time":"2025-03-07T14:34:20+00:00","og_image":[{"width":480,"height":480,"url":"https:\/\/ecoxshop.ch\/wp-content\/uploads\/2025\/03\/2535744.jpg","type":"image\/jpeg"}],"twitter_card":"summary_large_image","twitter_misc":{"Tempo di lettura stimato":"1 minuto"},"schema":{"@context":"https:\/\/schema.org","@graph":[{"@type":"WebPage","@id":"https:\/\/ecoxshop.ch\/it\/prodotto\/timbro-componibile-timbra-attacca-trodat-nero-misure-e-set-assortiti\/","url":"https:\/\/ecoxshop.ch\/it\/prodotto\/timbro-componibile-timbra-attacca-trodat-nero-misure-e-set-assortiti\/","name":"Timbro componibile Timbra & Attacca Trodat nero - misure e set assortiti - Ecox Shop","isPartOf":{"@id":"https:\/\/ecoxshop.ch\/#website"},"datePublished":"2025-03-06T15:17:53+00:00","dateModified":"2025-03-07T14:34:20+00:00","breadcrumb":{"@id":"https:\/\/ecoxshop.ch\/it\/prodotto\/timbro-componibile-timbra-attacca-trodat-nero-misure-e-set-assortiti\/#breadcrumb"},"inLanguage":"it-IT","potentialAction":[{"@type":"ReadAction","target":["https:\/\/ecoxshop.ch\/it\/prodotto\/timbro-componibile-timbra-attacca-trodat-nero-misure-e-set-assortiti\/"]}]},{"@type":"BreadcrumbList","@id":"https:\/\/ecoxshop.ch\/it\/prodotto\/timbro-componibile-timbra-attacca-trodat-nero-misure-e-set-assortiti\/#breadcrumb","itemListElement":[{"@type":"ListItem","position":1,"name":"Home","item":"https:\/\/ecoxshop.ch\/it\/"},{"@type":"ListItem","position":2,"name":"Shop","item":"https:\/\/ecoxshop.ch\/it\/shop\/"},{"@type":"ListItem","position":3,"name":"Timbro componibile Timbra &#038; Attacca Trodat nero &#8211; misure e set assortiti"}]},{"@type":"WebSite","@id":"https:\/\/ecoxshop.ch\/#website","url":"https:\/\/ecoxshop.ch\/","name":"Ecox Shop","description":"","publisher":{"@id":"https:\/\/ecoxshop.ch\/#organization"},"potentialAction":[{"@type":"SearchAction","target":{"@type":"EntryPoint","urlTemplate":"https:\/\/ecoxshop.ch\/?s={search_term_string}"},"query-input":"required name=search_term_string"}],"inLanguage":"it-IT"},{"@type":"Organization","@id":"https:\/\/ecoxshop.ch\/#organization","name":"Ecox Shop","url":"https:\/\/ecoxshop.ch\/","logo":{"@type":"ImageObject","inLanguage":"it-IT","@id":"https:\/\/ecoxshop.ch\/#\/schema\/logo\/image\/","url":"https:\/\/ecoxshop.ch\/wp-content\/uploads\/2023\/05\/logo-ecox.svg","contentUrl":"https:\/\/ecoxshop.ch\/wp-content\/uploads\/2023\/05\/logo-ecox.svg","width":304.6,"height":91.5,"caption":"Ecox Shop"},"image":{"@id":"https:\/\/ecoxshop.ch\/#\/schema\/logo\/image\/"}}]}},"_links":{"self":[{"href":"https:\/\/ecoxshop.ch\/it\/wp-json\/wp\/v3\/product\/30951"}],"collection":[{"href":"https:\/\/ecoxshop.ch\/it\/wp-json\/wp\/v3\/product"}],"about":[{"href":"https:\/\/ecoxshop.ch\/it\/wp-json\/wp\/v2\/types\/product"}],"wp:featuredmedia":[{"embeddable":true,"href":"https:\/\/ecoxshop.ch\/it\/wp-json\/wp\/v2\/media\/30952"}],"wp:attachment":[{"href":"https:\/\/ecoxshop.ch\/it\/wp-json\/wp\/v2\/media?parent=30951"}],"wp:term":[{"taxonomy":"product_cat","embeddable":true,"href":"https:\/\/ecoxshop.ch\/it\/wp-json\/wp\/v2\/product_cat?post=30951"},{"taxonomy":"product_tag","embeddable":true,"href":"https:\/\/ecoxshop.ch\/it\/wp-json\/wp\/v2\/product_tag?post=30951"}],"curies":[{"name":"wp","href":"https:\/\/api.w.org\/{rel}","templated":true}]}}