{"id":29276,"date":"2025-03-06T15:42:24","date_gmt":"2025-03-06T14:42:24","guid":{"rendered":"https:\/\/ecoxshop.ch\/prodotto\/modulo-aggiuntivo-per-scaffalatura-ad-incastro-6-ripiani-fissi-paperflow\/"},"modified":"2025-03-07T15:30:41","modified_gmt":"2025-03-07T14:30:41","slug":"modulo-aggiuntivo-per-scaffalatura-ad-incastro-6-ripiani-fissi-paperflow","status":"publish","type":"product","link":"https:\/\/ecoxshop.ch\/it\/prodotto\/modulo-aggiuntivo-per-scaffalatura-ad-incastro-6-ripiani-fissi-paperflow\/","title":{"rendered":"Modulo aggiuntivo per scaffalatura ad incastro 6 ripiani fissi Paperflow"},"content":{"rendered":"<p>Modulo aggiuntivo per scaffalatura Tubeco da ufficio con 6 ripiani fissi in truciolato di spessore 3 mm, ideali per raccoglitori. La capacit\u00e0 di ciascun ripiano \u00e8 di 80 kg. La distanza fra ripiani \u00e8 di 36 cm. Il montaggio ad incastro risulta molto facile. Alla scaffalatura base possono essere uniti uno o pi\u00f9 moduli aggiuntivi per ampliamento. Colore grigio.<\/p>\n","protected":false},"excerpt":{"rendered":"<p>Modulo aggiuntivo per scaffalatura ad incastro 6 ripiani fissi Paperflow 100x35x200 cm &#8211; grigio &#8211; K606023<\/p>\n","protected":false},"featured_media":29277,"template":"","meta":[],"product_cat":[258],"product_tag":[],"yoast_head":"<!-- This site is optimized with the Yoast SEO plugin v20.7 - https:\/\/yoast.com\/wordpress\/plugins\/seo\/ -->\n<title>Modulo aggiuntivo per scaffalatura ad incastro 6 ripiani fissi Paperflow - Ecox Shop<\/title>\n<meta name=\"robots\" content=\"index, follow, max-snippet:-1, max-image-preview:large, max-video-preview:-1\" \/>\n<link rel=\"canonical\" href=\"https:\/\/ecoxshop.ch\/it\/prodotto\/modulo-aggiuntivo-per-scaffalatura-ad-incastro-6-ripiani-fissi-paperflow\/\" \/>\n<meta property=\"og:locale\" content=\"it_IT\" \/>\n<meta property=\"og:type\" content=\"article\" \/>\n<meta property=\"og:title\" content=\"Modulo aggiuntivo per scaffalatura ad incastro 6 ripiani fissi Paperflow - Ecox Shop\" \/>\n<meta property=\"og:description\" content=\"Modulo aggiuntivo per scaffalatura ad incastro 6 ripiani fissi Paperflow 100x35x200 cm - grigio - K606023\" \/>\n<meta property=\"og:url\" content=\"https:\/\/ecoxshop.ch\/it\/prodotto\/modulo-aggiuntivo-per-scaffalatura-ad-incastro-6-ripiani-fissi-paperflow\/\" \/>\n<meta property=\"og:site_name\" content=\"Ecox Shop\" \/>\n<meta property=\"article:modified_time\" content=\"2025-03-07T14:30:41+00:00\" \/>\n<meta property=\"og:image\" content=\"https:\/\/ecoxshop.ch\/wp-content\/uploads\/2025\/03\/2497988.jpg\" \/>\n\t<meta property=\"og:image:width\" content=\"480\" \/>\n\t<meta property=\"og:image:height\" content=\"480\" \/>\n\t<meta property=\"og:image:type\" content=\"image\/jpeg\" \/>\n<meta name=\"twitter:card\" content=\"summary_large_image\" \/>\n<script type=\"application\/ld+json\" class=\"yoast-schema-graph\">{\"@context\":\"https:\/\/schema.org\",\"@graph\":[{\"@type\":\"WebPage\",\"@id\":\"https:\/\/ecoxshop.ch\/it\/prodotto\/modulo-aggiuntivo-per-scaffalatura-ad-incastro-6-ripiani-fissi-paperflow\/\",\"url\":\"https:\/\/ecoxshop.ch\/it\/prodotto\/modulo-aggiuntivo-per-scaffalatura-ad-incastro-6-ripiani-fissi-paperflow\/\",\"name\":\"Modulo aggiuntivo per scaffalatura ad incastro 6 ripiani fissi Paperflow - Ecox Shop\",\"isPartOf\":{\"@id\":\"https:\/\/ecoxshop.ch\/#website\"},\"datePublished\":\"2025-03-06T14:42:24+00:00\",\"dateModified\":\"2025-03-07T14:30:41+00:00\",\"breadcrumb\":{\"@id\":\"https:\/\/ecoxshop.ch\/it\/prodotto\/modulo-aggiuntivo-per-scaffalatura-ad-incastro-6-ripiani-fissi-paperflow\/#breadcrumb\"},\"inLanguage\":\"it-IT\",\"potentialAction\":[{\"@type\":\"ReadAction\",\"target\":[\"https:\/\/ecoxshop.ch\/it\/prodotto\/modulo-aggiuntivo-per-scaffalatura-ad-incastro-6-ripiani-fissi-paperflow\/\"]}]},{\"@type\":\"BreadcrumbList\",\"@id\":\"https:\/\/ecoxshop.ch\/it\/prodotto\/modulo-aggiuntivo-per-scaffalatura-ad-incastro-6-ripiani-fissi-paperflow\/#breadcrumb\",\"itemListElement\":[{\"@type\":\"ListItem\",\"position\":1,\"name\":\"Home\",\"item\":\"https:\/\/ecoxshop.ch\/it\/\"},{\"@type\":\"ListItem\",\"position\":2,\"name\":\"Shop\",\"item\":\"https:\/\/ecoxshop.ch\/it\/shop\/\"},{\"@type\":\"ListItem\",\"position\":3,\"name\":\"Modulo aggiuntivo per scaffalatura ad incastro 6 ripiani fissi Paperflow\"}]},{\"@type\":\"WebSite\",\"@id\":\"https:\/\/ecoxshop.ch\/#website\",\"url\":\"https:\/\/ecoxshop.ch\/\",\"name\":\"Ecox Shop\",\"description\":\"\",\"publisher\":{\"@id\":\"https:\/\/ecoxshop.ch\/#organization\"},\"potentialAction\":[{\"@type\":\"SearchAction\",\"target\":{\"@type\":\"EntryPoint\",\"urlTemplate\":\"https:\/\/ecoxshop.ch\/?s={search_term_string}\"},\"query-input\":\"required name=search_term_string\"}],\"inLanguage\":\"it-IT\"},{\"@type\":\"Organization\",\"@id\":\"https:\/\/ecoxshop.ch\/#organization\",\"name\":\"Ecox Shop\",\"url\":\"https:\/\/ecoxshop.ch\/\",\"logo\":{\"@type\":\"ImageObject\",\"inLanguage\":\"it-IT\",\"@id\":\"https:\/\/ecoxshop.ch\/#\/schema\/logo\/image\/\",\"url\":\"https:\/\/ecoxshop.ch\/wp-content\/uploads\/2023\/05\/logo-ecox.svg\",\"contentUrl\":\"https:\/\/ecoxshop.ch\/wp-content\/uploads\/2023\/05\/logo-ecox.svg\",\"width\":304.6,\"height\":91.5,\"caption\":\"Ecox Shop\"},\"image\":{\"@id\":\"https:\/\/ecoxshop.ch\/#\/schema\/logo\/image\/\"}}]}<\/script>\n<!-- \/ Yoast SEO plugin. -->","yoast_head_json":{"title":"Modulo aggiuntivo per scaffalatura ad incastro 6 ripiani fissi Paperflow - Ecox Shop","robots":{"index":"index","follow":"follow","max-snippet":"max-snippet:-1","max-image-preview":"max-image-preview:large","max-video-preview":"max-video-preview:-1"},"canonical":"https:\/\/ecoxshop.ch\/it\/prodotto\/modulo-aggiuntivo-per-scaffalatura-ad-incastro-6-ripiani-fissi-paperflow\/","og_locale":"it_IT","og_type":"article","og_title":"Modulo aggiuntivo per scaffalatura ad incastro 6 ripiani fissi Paperflow - Ecox Shop","og_description":"Modulo aggiuntivo per scaffalatura ad incastro 6 ripiani fissi Paperflow 100x35x200 cm - grigio - K606023","og_url":"https:\/\/ecoxshop.ch\/it\/prodotto\/modulo-aggiuntivo-per-scaffalatura-ad-incastro-6-ripiani-fissi-paperflow\/","og_site_name":"Ecox Shop","article_modified_time":"2025-03-07T14:30:41+00:00","og_image":[{"width":480,"height":480,"url":"https:\/\/ecoxshop.ch\/wp-content\/uploads\/2025\/03\/2497988.jpg","type":"image\/jpeg"}],"twitter_card":"summary_large_image","schema":{"@context":"https:\/\/schema.org","@graph":[{"@type":"WebPage","@id":"https:\/\/ecoxshop.ch\/it\/prodotto\/modulo-aggiuntivo-per-scaffalatura-ad-incastro-6-ripiani-fissi-paperflow\/","url":"https:\/\/ecoxshop.ch\/it\/prodotto\/modulo-aggiuntivo-per-scaffalatura-ad-incastro-6-ripiani-fissi-paperflow\/","name":"Modulo aggiuntivo per scaffalatura ad incastro 6 ripiani fissi Paperflow - Ecox Shop","isPartOf":{"@id":"https:\/\/ecoxshop.ch\/#website"},"datePublished":"2025-03-06T14:42:24+00:00","dateModified":"2025-03-07T14:30:41+00:00","breadcrumb":{"@id":"https:\/\/ecoxshop.ch\/it\/prodotto\/modulo-aggiuntivo-per-scaffalatura-ad-incastro-6-ripiani-fissi-paperflow\/#breadcrumb"},"inLanguage":"it-IT","potentialAction":[{"@type":"ReadAction","target":["https:\/\/ecoxshop.ch\/it\/prodotto\/modulo-aggiuntivo-per-scaffalatura-ad-incastro-6-ripiani-fissi-paperflow\/"]}]},{"@type":"BreadcrumbList","@id":"https:\/\/ecoxshop.ch\/it\/prodotto\/modulo-aggiuntivo-per-scaffalatura-ad-incastro-6-ripiani-fissi-paperflow\/#breadcrumb","itemListElement":[{"@type":"ListItem","position":1,"name":"Home","item":"https:\/\/ecoxshop.ch\/it\/"},{"@type":"ListItem","position":2,"name":"Shop","item":"https:\/\/ecoxshop.ch\/it\/shop\/"},{"@type":"ListItem","position":3,"name":"Modulo aggiuntivo per scaffalatura ad incastro 6 ripiani fissi Paperflow"}]},{"@type":"WebSite","@id":"https:\/\/ecoxshop.ch\/#website","url":"https:\/\/ecoxshop.ch\/","name":"Ecox Shop","description":"","publisher":{"@id":"https:\/\/ecoxshop.ch\/#organization"},"potentialAction":[{"@type":"SearchAction","target":{"@type":"EntryPoint","urlTemplate":"https:\/\/ecoxshop.ch\/?s={search_term_string}"},"query-input":"required name=search_term_string"}],"inLanguage":"it-IT"},{"@type":"Organization","@id":"https:\/\/ecoxshop.ch\/#organization","name":"Ecox Shop","url":"https:\/\/ecoxshop.ch\/","logo":{"@type":"ImageObject","inLanguage":"it-IT","@id":"https:\/\/ecoxshop.ch\/#\/schema\/logo\/image\/","url":"https:\/\/ecoxshop.ch\/wp-content\/uploads\/2023\/05\/logo-ecox.svg","contentUrl":"https:\/\/ecoxshop.ch\/wp-content\/uploads\/2023\/05\/logo-ecox.svg","width":304.6,"height":91.5,"caption":"Ecox Shop"},"image":{"@id":"https:\/\/ecoxshop.ch\/#\/schema\/logo\/image\/"}}]}},"_links":{"self":[{"href":"https:\/\/ecoxshop.ch\/it\/wp-json\/wp\/v3\/product\/29276"}],"collection":[{"href":"https:\/\/ecoxshop.ch\/it\/wp-json\/wp\/v3\/product"}],"about":[{"href":"https:\/\/ecoxshop.ch\/it\/wp-json\/wp\/v2\/types\/product"}],"wp:featuredmedia":[{"embeddable":true,"href":"https:\/\/ecoxshop.ch\/it\/wp-json\/wp\/v2\/media\/29277"}],"wp:attachment":[{"href":"https:\/\/ecoxshop.ch\/it\/wp-json\/wp\/v2\/media?parent=29276"}],"wp:term":[{"taxonomy":"product_cat","embeddable":true,"href":"https:\/\/ecoxshop.ch\/it\/wp-json\/wp\/v2\/product_cat?post=29276"},{"taxonomy":"product_tag","embeddable":true,"href":"https:\/\/ecoxshop.ch\/it\/wp-json\/wp\/v2\/product_tag?post=29276"}],"curies":[{"name":"wp","href":"https:\/\/api.w.org\/{rel}","templated":true}]}}