{"id":26796,"date":"2025-03-06T15:03:13","date_gmt":"2025-03-06T14:03:13","guid":{"rendered":"https:\/\/ecoxshop.ch\/prodotto\/portapenne-zenith-820-122x10x92-cm-o-interno-67-cm-bianco\/"},"modified":"2025-03-07T15:25:19","modified_gmt":"2025-03-07T14:25:19","slug":"portapenne-zenith-820-122x10x92-cm-o-interno-67-cm-bianco","status":"publish","type":"product","link":"https:\/\/ecoxshop.ch\/it\/prodotto\/portapenne-zenith-820-122x10x92-cm-o-interno-67-cm-bianco\/","title":{"rendered":"Portapenne Zenith 820 &#8211; 12,2x10x9,2 cm &#8211; \u00d8 interno 6,7 cm &#8211; bianco &#8211;"},"content":{"rendered":"<p>Il nuovo portapenne Zenith 820 \u00e8 un oggetto dal design unico ed insolito, caratterizzato da linee semplici ed essenziali, la cui forma innovativa \u00e8 protetta a livello brevettuale come modello di utilit\u00e0. \u00c8 costituito da due componenti realizzati interamente in metallo, con il cilindro portapenne nichelato e la base di sostegno verniciata. Le verniciature sono tutte realizzate con smalti senza piombo ad alte caratteristiche di resistenza all\u0092usura ed alla corrosione.<br \/>\nIl portapenne Zenith 820 garantisce una stabilit\u00e0 assoluta in ogni situazione, assicurata dalle dimensioni e dalla robustezza della base all\u0092interno della quale \u00e8 inserito il contenitore portapenne.<br \/>\nLa praticit\u00e0 si unisce al design per una nuova collezione ricercata, moderna e funzionale. La linea di accessori da scrivania Zenith \u00e8 100% Made in Italy e perfetta per chi sulla propria scrivania cura ogni dettaglio.<br \/>\nDimensioni: Cilindro portapenne \u00d8 (interno) 67 mm, dimensioni complessiva cm 12,2 x 10 x 9,2. Colore bianco.<\/p>\n","protected":false},"excerpt":{"rendered":"<p>Portapenne Zenith 820 &#8211; 12,2x10x9,2 cm &#8211; \u00d8 interno 6,7 cm &#8211; bianco &#8211; 0608200020<\/p>\n","protected":false},"featured_media":26797,"template":"","meta":[],"product_cat":[208],"product_tag":[],"yoast_head":"<!-- This site is optimized with the Yoast SEO plugin v20.7 - https:\/\/yoast.com\/wordpress\/plugins\/seo\/ -->\n<title>Portapenne Zenith 820 - 12,2x10x9,2 cm - \u00d8 interno 6,7 cm - bianco - Ecox Shop<\/title>\n<meta name=\"robots\" content=\"index, follow, max-snippet:-1, max-image-preview:large, max-video-preview:-1\" \/>\n<link rel=\"canonical\" href=\"https:\/\/ecoxshop.ch\/it\/product\/portapenne-zenith-820-122x10x92-cm-o-interno-67-cm-bianco\/\" \/>\n<meta property=\"og:locale\" content=\"it_IT\" \/>\n<meta property=\"og:type\" content=\"article\" \/>\n<meta property=\"og:title\" content=\"Portapenne Zenith 820 - 12,2x10x9,2 cm - \u00d8 interno 6,7 cm - bianco - Ecox Shop\" \/>\n<meta property=\"og:description\" content=\"Portapenne Zenith 820 - 12,2x10x9,2 cm - \u00d8 interno 6,7 cm - bianco - 0608200020\" \/>\n<meta property=\"og:url\" content=\"https:\/\/ecoxshop.ch\/it\/product\/portapenne-zenith-820-122x10x92-cm-o-interno-67-cm-bianco\/\" \/>\n<meta property=\"og:site_name\" content=\"Ecox Shop\" \/>\n<meta property=\"article:modified_time\" content=\"2025-03-07T14:25:19+00:00\" \/>\n<meta property=\"og:image\" content=\"https:\/\/ecoxshop.ch\/wp-content\/uploads\/2025\/03\/2330296.jpg\" \/>\n\t<meta property=\"og:image:width\" content=\"480\" \/>\n\t<meta property=\"og:image:height\" content=\"480\" \/>\n\t<meta property=\"og:image:type\" content=\"image\/jpeg\" \/>\n<meta name=\"twitter:card\" content=\"summary_large_image\" \/>\n<meta name=\"twitter:label1\" content=\"Tempo di lettura stimato\" \/>\n\t<meta name=\"twitter:data1\" content=\"1 minuto\" \/>\n<script type=\"application\/ld+json\" class=\"yoast-schema-graph\">{\"@context\":\"https:\/\/schema.org\",\"@graph\":[{\"@type\":\"WebPage\",\"@id\":\"https:\/\/ecoxshop.ch\/en\/product\/portapenne-zenith-820-122x10x92-cm-o-interno-67-cm-bianco\/\",\"url\":\"https:\/\/ecoxshop.ch\/en\/product\/portapenne-zenith-820-122x10x92-cm-o-interno-67-cm-bianco\/\",\"name\":\"Portapenne Zenith 820 - 12,2x10x9,2 cm - \u00d8 interno 6,7 cm - bianco - Ecox Shop\",\"isPartOf\":{\"@id\":\"https:\/\/ecoxshop.ch\/#website\"},\"datePublished\":\"2025-03-06T14:03:13+00:00\",\"dateModified\":\"2025-03-07T14:25:19+00:00\",\"breadcrumb\":{\"@id\":\"https:\/\/ecoxshop.ch\/en\/product\/portapenne-zenith-820-122x10x92-cm-o-interno-67-cm-bianco\/#breadcrumb\"},\"inLanguage\":\"it-IT\",\"potentialAction\":[{\"@type\":\"ReadAction\",\"target\":[\"https:\/\/ecoxshop.ch\/en\/product\/portapenne-zenith-820-122x10x92-cm-o-interno-67-cm-bianco\/\"]}]},{\"@type\":\"BreadcrumbList\",\"@id\":\"https:\/\/ecoxshop.ch\/en\/product\/portapenne-zenith-820-122x10x92-cm-o-interno-67-cm-bianco\/#breadcrumb\",\"itemListElement\":[{\"@type\":\"ListItem\",\"position\":1,\"name\":\"Home\",\"item\":\"https:\/\/ecoxshop.ch\/it\/\"},{\"@type\":\"ListItem\",\"position\":2,\"name\":\"Shop\",\"item\":\"https:\/\/ecoxshop.ch\/it\/shop\/\"},{\"@type\":\"ListItem\",\"position\":3,\"name\":\"Portapenne Zenith 820 &#8211; 12,2x10x9,2 cm &#8211; \u00d8 interno 6,7 cm &#8211; bianco &#8211;\"}]},{\"@type\":\"WebSite\",\"@id\":\"https:\/\/ecoxshop.ch\/#website\",\"url\":\"https:\/\/ecoxshop.ch\/\",\"name\":\"Ecox Shop\",\"description\":\"\",\"publisher\":{\"@id\":\"https:\/\/ecoxshop.ch\/#organization\"},\"potentialAction\":[{\"@type\":\"SearchAction\",\"target\":{\"@type\":\"EntryPoint\",\"urlTemplate\":\"https:\/\/ecoxshop.ch\/?s={search_term_string}\"},\"query-input\":\"required name=search_term_string\"}],\"inLanguage\":\"it-IT\"},{\"@type\":\"Organization\",\"@id\":\"https:\/\/ecoxshop.ch\/#organization\",\"name\":\"Ecox Shop\",\"url\":\"https:\/\/ecoxshop.ch\/\",\"logo\":{\"@type\":\"ImageObject\",\"inLanguage\":\"it-IT\",\"@id\":\"https:\/\/ecoxshop.ch\/#\/schema\/logo\/image\/\",\"url\":\"https:\/\/ecoxshop.ch\/wp-content\/uploads\/2023\/05\/logo-ecox.svg\",\"contentUrl\":\"https:\/\/ecoxshop.ch\/wp-content\/uploads\/2023\/05\/logo-ecox.svg\",\"width\":304.6,\"height\":91.5,\"caption\":\"Ecox Shop\"},\"image\":{\"@id\":\"https:\/\/ecoxshop.ch\/#\/schema\/logo\/image\/\"}}]}<\/script>\n<!-- \/ Yoast SEO plugin. -->","yoast_head_json":{"title":"Portapenne Zenith 820 - 12,2x10x9,2 cm - \u00d8 interno 6,7 cm - bianco - Ecox Shop","robots":{"index":"index","follow":"follow","max-snippet":"max-snippet:-1","max-image-preview":"max-image-preview:large","max-video-preview":"max-video-preview:-1"},"canonical":"https:\/\/ecoxshop.ch\/it\/product\/portapenne-zenith-820-122x10x92-cm-o-interno-67-cm-bianco\/","og_locale":"it_IT","og_type":"article","og_title":"Portapenne Zenith 820 - 12,2x10x9,2 cm - \u00d8 interno 6,7 cm - bianco - Ecox Shop","og_description":"Portapenne Zenith 820 - 12,2x10x9,2 cm - \u00d8 interno 6,7 cm - bianco - 0608200020","og_url":"https:\/\/ecoxshop.ch\/it\/product\/portapenne-zenith-820-122x10x92-cm-o-interno-67-cm-bianco\/","og_site_name":"Ecox Shop","article_modified_time":"2025-03-07T14:25:19+00:00","og_image":[{"width":480,"height":480,"url":"https:\/\/ecoxshop.ch\/wp-content\/uploads\/2025\/03\/2330296.jpg","type":"image\/jpeg"}],"twitter_card":"summary_large_image","twitter_misc":{"Tempo di lettura stimato":"1 minuto"},"schema":{"@context":"https:\/\/schema.org","@graph":[{"@type":"WebPage","@id":"https:\/\/ecoxshop.ch\/en\/product\/portapenne-zenith-820-122x10x92-cm-o-interno-67-cm-bianco\/","url":"https:\/\/ecoxshop.ch\/en\/product\/portapenne-zenith-820-122x10x92-cm-o-interno-67-cm-bianco\/","name":"Portapenne Zenith 820 - 12,2x10x9,2 cm - \u00d8 interno 6,7 cm - bianco - Ecox Shop","isPartOf":{"@id":"https:\/\/ecoxshop.ch\/#website"},"datePublished":"2025-03-06T14:03:13+00:00","dateModified":"2025-03-07T14:25:19+00:00","breadcrumb":{"@id":"https:\/\/ecoxshop.ch\/en\/product\/portapenne-zenith-820-122x10x92-cm-o-interno-67-cm-bianco\/#breadcrumb"},"inLanguage":"it-IT","potentialAction":[{"@type":"ReadAction","target":["https:\/\/ecoxshop.ch\/en\/product\/portapenne-zenith-820-122x10x92-cm-o-interno-67-cm-bianco\/"]}]},{"@type":"BreadcrumbList","@id":"https:\/\/ecoxshop.ch\/en\/product\/portapenne-zenith-820-122x10x92-cm-o-interno-67-cm-bianco\/#breadcrumb","itemListElement":[{"@type":"ListItem","position":1,"name":"Home","item":"https:\/\/ecoxshop.ch\/it\/"},{"@type":"ListItem","position":2,"name":"Shop","item":"https:\/\/ecoxshop.ch\/it\/shop\/"},{"@type":"ListItem","position":3,"name":"Portapenne Zenith 820 &#8211; 12,2x10x9,2 cm &#8211; \u00d8 interno 6,7 cm &#8211; bianco &#8211;"}]},{"@type":"WebSite","@id":"https:\/\/ecoxshop.ch\/#website","url":"https:\/\/ecoxshop.ch\/","name":"Ecox Shop","description":"","publisher":{"@id":"https:\/\/ecoxshop.ch\/#organization"},"potentialAction":[{"@type":"SearchAction","target":{"@type":"EntryPoint","urlTemplate":"https:\/\/ecoxshop.ch\/?s={search_term_string}"},"query-input":"required name=search_term_string"}],"inLanguage":"it-IT"},{"@type":"Organization","@id":"https:\/\/ecoxshop.ch\/#organization","name":"Ecox Shop","url":"https:\/\/ecoxshop.ch\/","logo":{"@type":"ImageObject","inLanguage":"it-IT","@id":"https:\/\/ecoxshop.ch\/#\/schema\/logo\/image\/","url":"https:\/\/ecoxshop.ch\/wp-content\/uploads\/2023\/05\/logo-ecox.svg","contentUrl":"https:\/\/ecoxshop.ch\/wp-content\/uploads\/2023\/05\/logo-ecox.svg","width":304.6,"height":91.5,"caption":"Ecox Shop"},"image":{"@id":"https:\/\/ecoxshop.ch\/#\/schema\/logo\/image\/"}}]}},"_links":{"self":[{"href":"https:\/\/ecoxshop.ch\/it\/wp-json\/wp\/v3\/product\/26796"}],"collection":[{"href":"https:\/\/ecoxshop.ch\/it\/wp-json\/wp\/v3\/product"}],"about":[{"href":"https:\/\/ecoxshop.ch\/it\/wp-json\/wp\/v2\/types\/product"}],"wp:featuredmedia":[{"embeddable":true,"href":"https:\/\/ecoxshop.ch\/it\/wp-json\/wp\/v2\/media\/26797"}],"wp:attachment":[{"href":"https:\/\/ecoxshop.ch\/it\/wp-json\/wp\/v2\/media?parent=26796"}],"wp:term":[{"taxonomy":"product_cat","embeddable":true,"href":"https:\/\/ecoxshop.ch\/it\/wp-json\/wp\/v2\/product_cat?post=26796"},{"taxonomy":"product_tag","embeddable":true,"href":"https:\/\/ecoxshop.ch\/it\/wp-json\/wp\/v2\/product_tag?post=26796"}],"curies":[{"name":"wp","href":"https:\/\/api.w.org\/{rel}","templated":true}]}}