{"id":25985,"date":"2025-03-06T14:52:44","date_gmt":"2025-03-06T13:52:44","guid":{"rendered":"https:\/\/ecoxshop.ch\/prodotto\/pellicola-elettrostatica-da-parete-legamaster-magic-chart-flipchart-25-ff\/"},"modified":"2025-03-07T15:23:39","modified_gmt":"2025-03-07T14:23:39","slug":"pellicola-elettrostatica-da-parete-legamaster-magic-chart-flipchart-25-ff","status":"publish","type":"product","link":"https:\/\/ecoxshop.ch\/it\/prodotto\/pellicola-elettrostatica-da-parete-legamaster-magic-chart-flipchart-25-ff\/","title":{"rendered":"Pellicola elettrostatica da parete Legamaster Magic-Chart Flipchart 25 ff"},"content":{"rendered":"<p>Gli innovativi fogli Legamaster Magic-Chart Flipchart delle dimensioni di 20x 30 cm si avvalgono dell&#8217;elettricit\u00e0 statica per aderire a qualsiasi superficie piatta in modo da creare in un istante una superficie su cui scrivere.<br \/>\nCrea in un istante una superficie su cui puoi scrivere ovunque ti trovi con i fogli Legamaster Magic-Chart Flipchart delle dimensioni di 20 x 30 cm, che utilizzano l&#8217;elettricit\u00e0 statica per aderire a superfici piatte senza lasciare residui. La nuova gamma di fogli in polipropilene \u00e8 perfetta per dare libero sfogo alla creativit\u00e0 e per promuovere la comunicazione interattiva in qualunque ambiente professionale o didattico. Si incollano facilmente e senza problemi senza dover utilizzare la colla e sono adatti per l&#8217;uso con i marcatori permanenti. Con superficie quadrettata, vengono forniti in un rotolo formato A4 da 25 fogli.<br \/>\n&#8211; Aderiscono a qualsiasi superficie liscia<br \/>\n&#8211; Aderenza totale, senza colla<br \/>\n&#8211; Adatti per l&#8217;utilizzo con marcatori permanenti<br \/>\n&#8211; Quadrettati<br \/>\n&#8211; Rotolo formato A4 da 25 fogli<br \/>\n&#8211; Dimensioni: 20 x 30 cm<br \/>\n&#8211; Colore: bianco<\/p>\n","protected":false},"excerpt":{"rendered":"<p>Pellicola elettrostatica da parete Legamaster Magic-Chart Flipchart 25 ff 20&#215;30 cm quadretti bianco 7-159000-A4<\/p>\n","protected":false},"featured_media":25986,"template":"","meta":[],"product_cat":[103],"product_tag":[],"yoast_head":"<!-- This site is optimized with the Yoast SEO plugin v20.7 - https:\/\/yoast.com\/wordpress\/plugins\/seo\/ -->\n<title>Pellicola elettrostatica da parete Legamaster Magic-Chart Flipchart 25 ff - Ecox Shop<\/title>\n<meta name=\"robots\" content=\"index, follow, max-snippet:-1, max-image-preview:large, max-video-preview:-1\" \/>\n<link rel=\"canonical\" href=\"https:\/\/ecoxshop.ch\/it\/prodotto\/pellicola-elettrostatica-da-parete-legamaster-magic-chart-flipchart-25-ff\/\" \/>\n<meta property=\"og:locale\" content=\"it_IT\" \/>\n<meta property=\"og:type\" content=\"article\" \/>\n<meta property=\"og:title\" content=\"Pellicola elettrostatica da parete Legamaster Magic-Chart Flipchart 25 ff - Ecox Shop\" \/>\n<meta property=\"og:description\" content=\"Pellicola elettrostatica da parete Legamaster Magic-Chart Flipchart 25 ff 20x30 cm quadretti bianco 7-159000-A4\" \/>\n<meta property=\"og:url\" content=\"https:\/\/ecoxshop.ch\/it\/prodotto\/pellicola-elettrostatica-da-parete-legamaster-magic-chart-flipchart-25-ff\/\" \/>\n<meta property=\"og:site_name\" content=\"Ecox Shop\" \/>\n<meta property=\"article:modified_time\" content=\"2025-03-07T14:23:39+00:00\" \/>\n<meta property=\"og:image\" content=\"https:\/\/ecoxshop.ch\/wp-content\/uploads\/2025\/03\/1667021.jpg\" \/>\n\t<meta property=\"og:image:width\" content=\"480\" \/>\n\t<meta property=\"og:image:height\" content=\"480\" \/>\n\t<meta property=\"og:image:type\" content=\"image\/jpeg\" \/>\n<meta name=\"twitter:card\" content=\"summary_large_image\" \/>\n<meta name=\"twitter:label1\" content=\"Tempo di lettura stimato\" \/>\n\t<meta name=\"twitter:data1\" content=\"1 minuto\" \/>\n<script type=\"application\/ld+json\" class=\"yoast-schema-graph\">{\"@context\":\"https:\/\/schema.org\",\"@graph\":[{\"@type\":\"WebPage\",\"@id\":\"https:\/\/ecoxshop.ch\/it\/prodotto\/pellicola-elettrostatica-da-parete-legamaster-magic-chart-flipchart-25-ff\/\",\"url\":\"https:\/\/ecoxshop.ch\/it\/prodotto\/pellicola-elettrostatica-da-parete-legamaster-magic-chart-flipchart-25-ff\/\",\"name\":\"Pellicola elettrostatica da parete Legamaster Magic-Chart Flipchart 25 ff - Ecox Shop\",\"isPartOf\":{\"@id\":\"https:\/\/ecoxshop.ch\/#website\"},\"datePublished\":\"2025-03-06T13:52:44+00:00\",\"dateModified\":\"2025-03-07T14:23:39+00:00\",\"breadcrumb\":{\"@id\":\"https:\/\/ecoxshop.ch\/it\/prodotto\/pellicola-elettrostatica-da-parete-legamaster-magic-chart-flipchart-25-ff\/#breadcrumb\"},\"inLanguage\":\"it-IT\",\"potentialAction\":[{\"@type\":\"ReadAction\",\"target\":[\"https:\/\/ecoxshop.ch\/it\/prodotto\/pellicola-elettrostatica-da-parete-legamaster-magic-chart-flipchart-25-ff\/\"]}]},{\"@type\":\"BreadcrumbList\",\"@id\":\"https:\/\/ecoxshop.ch\/it\/prodotto\/pellicola-elettrostatica-da-parete-legamaster-magic-chart-flipchart-25-ff\/#breadcrumb\",\"itemListElement\":[{\"@type\":\"ListItem\",\"position\":1,\"name\":\"Home\",\"item\":\"https:\/\/ecoxshop.ch\/it\/\"},{\"@type\":\"ListItem\",\"position\":2,\"name\":\"Shop\",\"item\":\"https:\/\/ecoxshop.ch\/it\/shop\/\"},{\"@type\":\"ListItem\",\"position\":3,\"name\":\"Pellicola elettrostatica da parete Legamaster Magic-Chart Flipchart 25 ff\"}]},{\"@type\":\"WebSite\",\"@id\":\"https:\/\/ecoxshop.ch\/#website\",\"url\":\"https:\/\/ecoxshop.ch\/\",\"name\":\"Ecox Shop\",\"description\":\"\",\"publisher\":{\"@id\":\"https:\/\/ecoxshop.ch\/#organization\"},\"potentialAction\":[{\"@type\":\"SearchAction\",\"target\":{\"@type\":\"EntryPoint\",\"urlTemplate\":\"https:\/\/ecoxshop.ch\/?s={search_term_string}\"},\"query-input\":\"required name=search_term_string\"}],\"inLanguage\":\"it-IT\"},{\"@type\":\"Organization\",\"@id\":\"https:\/\/ecoxshop.ch\/#organization\",\"name\":\"Ecox Shop\",\"url\":\"https:\/\/ecoxshop.ch\/\",\"logo\":{\"@type\":\"ImageObject\",\"inLanguage\":\"it-IT\",\"@id\":\"https:\/\/ecoxshop.ch\/#\/schema\/logo\/image\/\",\"url\":\"https:\/\/ecoxshop.ch\/wp-content\/uploads\/2023\/05\/logo-ecox.svg\",\"contentUrl\":\"https:\/\/ecoxshop.ch\/wp-content\/uploads\/2023\/05\/logo-ecox.svg\",\"width\":304.6,\"height\":91.5,\"caption\":\"Ecox Shop\"},\"image\":{\"@id\":\"https:\/\/ecoxshop.ch\/#\/schema\/logo\/image\/\"}}]}<\/script>\n<!-- \/ Yoast SEO plugin. -->","yoast_head_json":{"title":"Pellicola elettrostatica da parete Legamaster Magic-Chart Flipchart 25 ff - Ecox Shop","robots":{"index":"index","follow":"follow","max-snippet":"max-snippet:-1","max-image-preview":"max-image-preview:large","max-video-preview":"max-video-preview:-1"},"canonical":"https:\/\/ecoxshop.ch\/it\/prodotto\/pellicola-elettrostatica-da-parete-legamaster-magic-chart-flipchart-25-ff\/","og_locale":"it_IT","og_type":"article","og_title":"Pellicola elettrostatica da parete Legamaster Magic-Chart Flipchart 25 ff - Ecox Shop","og_description":"Pellicola elettrostatica da parete Legamaster Magic-Chart Flipchart 25 ff 20x30 cm quadretti bianco 7-159000-A4","og_url":"https:\/\/ecoxshop.ch\/it\/prodotto\/pellicola-elettrostatica-da-parete-legamaster-magic-chart-flipchart-25-ff\/","og_site_name":"Ecox Shop","article_modified_time":"2025-03-07T14:23:39+00:00","og_image":[{"width":480,"height":480,"url":"https:\/\/ecoxshop.ch\/wp-content\/uploads\/2025\/03\/1667021.jpg","type":"image\/jpeg"}],"twitter_card":"summary_large_image","twitter_misc":{"Tempo di lettura stimato":"1 minuto"},"schema":{"@context":"https:\/\/schema.org","@graph":[{"@type":"WebPage","@id":"https:\/\/ecoxshop.ch\/it\/prodotto\/pellicola-elettrostatica-da-parete-legamaster-magic-chart-flipchart-25-ff\/","url":"https:\/\/ecoxshop.ch\/it\/prodotto\/pellicola-elettrostatica-da-parete-legamaster-magic-chart-flipchart-25-ff\/","name":"Pellicola elettrostatica da parete Legamaster Magic-Chart Flipchart 25 ff - Ecox Shop","isPartOf":{"@id":"https:\/\/ecoxshop.ch\/#website"},"datePublished":"2025-03-06T13:52:44+00:00","dateModified":"2025-03-07T14:23:39+00:00","breadcrumb":{"@id":"https:\/\/ecoxshop.ch\/it\/prodotto\/pellicola-elettrostatica-da-parete-legamaster-magic-chart-flipchart-25-ff\/#breadcrumb"},"inLanguage":"it-IT","potentialAction":[{"@type":"ReadAction","target":["https:\/\/ecoxshop.ch\/it\/prodotto\/pellicola-elettrostatica-da-parete-legamaster-magic-chart-flipchart-25-ff\/"]}]},{"@type":"BreadcrumbList","@id":"https:\/\/ecoxshop.ch\/it\/prodotto\/pellicola-elettrostatica-da-parete-legamaster-magic-chart-flipchart-25-ff\/#breadcrumb","itemListElement":[{"@type":"ListItem","position":1,"name":"Home","item":"https:\/\/ecoxshop.ch\/it\/"},{"@type":"ListItem","position":2,"name":"Shop","item":"https:\/\/ecoxshop.ch\/it\/shop\/"},{"@type":"ListItem","position":3,"name":"Pellicola elettrostatica da parete Legamaster Magic-Chart Flipchart 25 ff"}]},{"@type":"WebSite","@id":"https:\/\/ecoxshop.ch\/#website","url":"https:\/\/ecoxshop.ch\/","name":"Ecox Shop","description":"","publisher":{"@id":"https:\/\/ecoxshop.ch\/#organization"},"potentialAction":[{"@type":"SearchAction","target":{"@type":"EntryPoint","urlTemplate":"https:\/\/ecoxshop.ch\/?s={search_term_string}"},"query-input":"required name=search_term_string"}],"inLanguage":"it-IT"},{"@type":"Organization","@id":"https:\/\/ecoxshop.ch\/#organization","name":"Ecox Shop","url":"https:\/\/ecoxshop.ch\/","logo":{"@type":"ImageObject","inLanguage":"it-IT","@id":"https:\/\/ecoxshop.ch\/#\/schema\/logo\/image\/","url":"https:\/\/ecoxshop.ch\/wp-content\/uploads\/2023\/05\/logo-ecox.svg","contentUrl":"https:\/\/ecoxshop.ch\/wp-content\/uploads\/2023\/05\/logo-ecox.svg","width":304.6,"height":91.5,"caption":"Ecox Shop"},"image":{"@id":"https:\/\/ecoxshop.ch\/#\/schema\/logo\/image\/"}}]}},"_links":{"self":[{"href":"https:\/\/ecoxshop.ch\/it\/wp-json\/wp\/v3\/product\/25985"}],"collection":[{"href":"https:\/\/ecoxshop.ch\/it\/wp-json\/wp\/v3\/product"}],"about":[{"href":"https:\/\/ecoxshop.ch\/it\/wp-json\/wp\/v2\/types\/product"}],"wp:featuredmedia":[{"embeddable":true,"href":"https:\/\/ecoxshop.ch\/it\/wp-json\/wp\/v2\/media\/25986"}],"wp:attachment":[{"href":"https:\/\/ecoxshop.ch\/it\/wp-json\/wp\/v2\/media?parent=25985"}],"wp:term":[{"taxonomy":"product_cat","embeddable":true,"href":"https:\/\/ecoxshop.ch\/it\/wp-json\/wp\/v2\/product_cat?post=25985"},{"taxonomy":"product_tag","embeddable":true,"href":"https:\/\/ecoxshop.ch\/it\/wp-json\/wp\/v2\/product_tag?post=25985"}],"curies":[{"name":"wp","href":"https:\/\/api.w.org\/{rel}","templated":true}]}}