{"id":25983,"date":"2025-03-06T14:52:41","date_gmt":"2025-03-06T13:52:41","guid":{"rendered":"https:\/\/ecoxshop.ch\/prodotto\/blocco-lavagna-elettrostatico-da-parete-legamaster-magic-chart-whiteboard-25-ff\/"},"modified":"2025-03-07T15:23:39","modified_gmt":"2025-03-07T14:23:39","slug":"blocco-lavagna-elettrostatico-da-parete-legamaster-magic-chart-whiteboard-25-ff","status":"publish","type":"product","link":"https:\/\/ecoxshop.ch\/it\/prodotto\/blocco-lavagna-elettrostatico-da-parete-legamaster-magic-chart-whiteboard-25-ff\/","title":{"rendered":"Blocco lavagna elettrostatico da parete Legamaster Magic-Chart Whiteboard 25 ff"},"content":{"rendered":"<p>Legamaster Magic-Chart Whiteboard \u00e8 un foglio elettrostatico bianco che ti consente di presentare le tue idee in qualsiasi situazione. Questo Magic-Chart si attacca alle superfici senza adesivo e non lascia tracce. Il materiale elettrostatico aderisce facilmente a quasi tutte le superfici (legno, cemento, vetro, tappezzeria) perci\u00f2 puoi presentare i tuoi piani e le tue idee quando serve. Magic-Chart Whiteboard consente la scrittura con qualsiasi marcatore, perci\u00f2 \u00e8 estremamente adattabile a qualsiasi situazione. Se utilizzato in combinazione con i marcatori da lavagna Legamaster, \u00e8 possibile cancellare l&#8217;inchiostro e riutilizzare il foglio. Inoltre, \u00e8 possibile applicare i fogli di presentazione e gli avvisi sulle superfici senza l&#8217;uso di adesivi. I fogli sono completamente riciclabili, perci\u00f2 il prodotto \u00e8 una scelta eco-responsabile. La confezione include un marcatore per lavagna TZ 100 per maggiore comodit\u00e0.<br \/>\nMagic-Chart Whiteboard:<br \/>\n&#8211; Consente di eseguire presentazioni in ogni situazione<br \/>\n&#8211; I fogli elettrostatici aderiscono facilmente alla maggior parte delle superfici<br \/>\n&#8211; Consentono la scrittura con qualsiasi marcatore<br \/>\n&#8211; I fogli sono riutilizzabili se usati con marcatori da lavagna Legamaster<br \/>\n&#8211; \u00c8 possibile aggiungere fogli di presentazione alla lavagna senza adesivo<br \/>\n&#8211; Fogli completamente riciclabili<br \/>\n&#8211; Contenuto: 25 fogli Magic-Chart + 1 marcatore per lavagna Legamaster TZ 100<br \/>\n&#8211; Dimensioni del foglio: 60 x 80 cm<\/p>\n","protected":false},"excerpt":{"rendered":"<p>Blocco lavagna elettrostatico da parete Legamaster Magic-Chart Whiteboard 25 ff 60&#215;80 cm bianco L-1591 00<\/p>\n","protected":false},"featured_media":25984,"template":"","meta":[],"product_cat":[103],"product_tag":[],"yoast_head":"<!-- This site is optimized with the Yoast SEO plugin v20.7 - https:\/\/yoast.com\/wordpress\/plugins\/seo\/ -->\n<title>Blocco lavagna elettrostatico da parete Legamaster Magic-Chart Whiteboard 25 ff - Ecox Shop<\/title>\n<meta name=\"robots\" content=\"index, follow, max-snippet:-1, max-image-preview:large, max-video-preview:-1\" \/>\n<link rel=\"canonical\" href=\"https:\/\/ecoxshop.ch\/it\/product\/blocco-lavagna-elettrostatico-da-parete-legamaster-magic-chart-whiteboard-25-ff\/\" \/>\n<meta property=\"og:locale\" content=\"it_IT\" \/>\n<meta property=\"og:type\" content=\"article\" \/>\n<meta property=\"og:title\" content=\"Blocco lavagna elettrostatico da parete Legamaster Magic-Chart Whiteboard 25 ff - Ecox Shop\" \/>\n<meta property=\"og:description\" content=\"Blocco lavagna elettrostatico da parete Legamaster Magic-Chart Whiteboard 25 ff 60x80 cm bianco L-1591 00\" \/>\n<meta property=\"og:url\" content=\"https:\/\/ecoxshop.ch\/it\/product\/blocco-lavagna-elettrostatico-da-parete-legamaster-magic-chart-whiteboard-25-ff\/\" \/>\n<meta property=\"og:site_name\" content=\"Ecox Shop\" \/>\n<meta property=\"article:modified_time\" content=\"2025-03-07T14:23:39+00:00\" \/>\n<meta property=\"og:image\" content=\"https:\/\/ecoxshop.ch\/wp-content\/uploads\/2025\/03\/1666126.jpg\" \/>\n\t<meta property=\"og:image:width\" content=\"480\" \/>\n\t<meta property=\"og:image:height\" content=\"480\" \/>\n\t<meta property=\"og:image:type\" content=\"image\/jpeg\" \/>\n<meta name=\"twitter:card\" content=\"summary_large_image\" \/>\n<meta name=\"twitter:label1\" content=\"Tempo di lettura stimato\" \/>\n\t<meta name=\"twitter:data1\" content=\"1 minuto\" \/>\n<script type=\"application\/ld+json\" class=\"yoast-schema-graph\">{\"@context\":\"https:\/\/schema.org\",\"@graph\":[{\"@type\":\"WebPage\",\"@id\":\"https:\/\/ecoxshop.ch\/en\/product\/blocco-lavagna-elettrostatico-da-parete-legamaster-magic-chart-whiteboard-25-ff\/\",\"url\":\"https:\/\/ecoxshop.ch\/en\/product\/blocco-lavagna-elettrostatico-da-parete-legamaster-magic-chart-whiteboard-25-ff\/\",\"name\":\"Blocco lavagna elettrostatico da parete Legamaster Magic-Chart Whiteboard 25 ff - Ecox Shop\",\"isPartOf\":{\"@id\":\"https:\/\/ecoxshop.ch\/#website\"},\"datePublished\":\"2025-03-06T13:52:41+00:00\",\"dateModified\":\"2025-03-07T14:23:39+00:00\",\"breadcrumb\":{\"@id\":\"https:\/\/ecoxshop.ch\/en\/product\/blocco-lavagna-elettrostatico-da-parete-legamaster-magic-chart-whiteboard-25-ff\/#breadcrumb\"},\"inLanguage\":\"it-IT\",\"potentialAction\":[{\"@type\":\"ReadAction\",\"target\":[\"https:\/\/ecoxshop.ch\/en\/product\/blocco-lavagna-elettrostatico-da-parete-legamaster-magic-chart-whiteboard-25-ff\/\"]}]},{\"@type\":\"BreadcrumbList\",\"@id\":\"https:\/\/ecoxshop.ch\/en\/product\/blocco-lavagna-elettrostatico-da-parete-legamaster-magic-chart-whiteboard-25-ff\/#breadcrumb\",\"itemListElement\":[{\"@type\":\"ListItem\",\"position\":1,\"name\":\"Home\",\"item\":\"https:\/\/ecoxshop.ch\/it\/\"},{\"@type\":\"ListItem\",\"position\":2,\"name\":\"Shop\",\"item\":\"https:\/\/ecoxshop.ch\/it\/shop\/\"},{\"@type\":\"ListItem\",\"position\":3,\"name\":\"Blocco lavagna elettrostatico da parete Legamaster Magic-Chart Whiteboard 25 ff\"}]},{\"@type\":\"WebSite\",\"@id\":\"https:\/\/ecoxshop.ch\/#website\",\"url\":\"https:\/\/ecoxshop.ch\/\",\"name\":\"Ecox Shop\",\"description\":\"\",\"publisher\":{\"@id\":\"https:\/\/ecoxshop.ch\/#organization\"},\"potentialAction\":[{\"@type\":\"SearchAction\",\"target\":{\"@type\":\"EntryPoint\",\"urlTemplate\":\"https:\/\/ecoxshop.ch\/?s={search_term_string}\"},\"query-input\":\"required name=search_term_string\"}],\"inLanguage\":\"it-IT\"},{\"@type\":\"Organization\",\"@id\":\"https:\/\/ecoxshop.ch\/#organization\",\"name\":\"Ecox Shop\",\"url\":\"https:\/\/ecoxshop.ch\/\",\"logo\":{\"@type\":\"ImageObject\",\"inLanguage\":\"it-IT\",\"@id\":\"https:\/\/ecoxshop.ch\/#\/schema\/logo\/image\/\",\"url\":\"https:\/\/ecoxshop.ch\/wp-content\/uploads\/2023\/05\/logo-ecox.svg\",\"contentUrl\":\"https:\/\/ecoxshop.ch\/wp-content\/uploads\/2023\/05\/logo-ecox.svg\",\"width\":304.6,\"height\":91.5,\"caption\":\"Ecox Shop\"},\"image\":{\"@id\":\"https:\/\/ecoxshop.ch\/#\/schema\/logo\/image\/\"}}]}<\/script>\n<!-- \/ Yoast SEO plugin. -->","yoast_head_json":{"title":"Blocco lavagna elettrostatico da parete Legamaster Magic-Chart Whiteboard 25 ff - Ecox Shop","robots":{"index":"index","follow":"follow","max-snippet":"max-snippet:-1","max-image-preview":"max-image-preview:large","max-video-preview":"max-video-preview:-1"},"canonical":"https:\/\/ecoxshop.ch\/it\/product\/blocco-lavagna-elettrostatico-da-parete-legamaster-magic-chart-whiteboard-25-ff\/","og_locale":"it_IT","og_type":"article","og_title":"Blocco lavagna elettrostatico da parete Legamaster Magic-Chart Whiteboard 25 ff - Ecox Shop","og_description":"Blocco lavagna elettrostatico da parete Legamaster Magic-Chart Whiteboard 25 ff 60x80 cm bianco L-1591 00","og_url":"https:\/\/ecoxshop.ch\/it\/product\/blocco-lavagna-elettrostatico-da-parete-legamaster-magic-chart-whiteboard-25-ff\/","og_site_name":"Ecox Shop","article_modified_time":"2025-03-07T14:23:39+00:00","og_image":[{"width":480,"height":480,"url":"https:\/\/ecoxshop.ch\/wp-content\/uploads\/2025\/03\/1666126.jpg","type":"image\/jpeg"}],"twitter_card":"summary_large_image","twitter_misc":{"Tempo di lettura stimato":"1 minuto"},"schema":{"@context":"https:\/\/schema.org","@graph":[{"@type":"WebPage","@id":"https:\/\/ecoxshop.ch\/en\/product\/blocco-lavagna-elettrostatico-da-parete-legamaster-magic-chart-whiteboard-25-ff\/","url":"https:\/\/ecoxshop.ch\/en\/product\/blocco-lavagna-elettrostatico-da-parete-legamaster-magic-chart-whiteboard-25-ff\/","name":"Blocco lavagna elettrostatico da parete Legamaster Magic-Chart Whiteboard 25 ff - Ecox Shop","isPartOf":{"@id":"https:\/\/ecoxshop.ch\/#website"},"datePublished":"2025-03-06T13:52:41+00:00","dateModified":"2025-03-07T14:23:39+00:00","breadcrumb":{"@id":"https:\/\/ecoxshop.ch\/en\/product\/blocco-lavagna-elettrostatico-da-parete-legamaster-magic-chart-whiteboard-25-ff\/#breadcrumb"},"inLanguage":"it-IT","potentialAction":[{"@type":"ReadAction","target":["https:\/\/ecoxshop.ch\/en\/product\/blocco-lavagna-elettrostatico-da-parete-legamaster-magic-chart-whiteboard-25-ff\/"]}]},{"@type":"BreadcrumbList","@id":"https:\/\/ecoxshop.ch\/en\/product\/blocco-lavagna-elettrostatico-da-parete-legamaster-magic-chart-whiteboard-25-ff\/#breadcrumb","itemListElement":[{"@type":"ListItem","position":1,"name":"Home","item":"https:\/\/ecoxshop.ch\/it\/"},{"@type":"ListItem","position":2,"name":"Shop","item":"https:\/\/ecoxshop.ch\/it\/shop\/"},{"@type":"ListItem","position":3,"name":"Blocco lavagna elettrostatico da parete Legamaster Magic-Chart Whiteboard 25 ff"}]},{"@type":"WebSite","@id":"https:\/\/ecoxshop.ch\/#website","url":"https:\/\/ecoxshop.ch\/","name":"Ecox Shop","description":"","publisher":{"@id":"https:\/\/ecoxshop.ch\/#organization"},"potentialAction":[{"@type":"SearchAction","target":{"@type":"EntryPoint","urlTemplate":"https:\/\/ecoxshop.ch\/?s={search_term_string}"},"query-input":"required name=search_term_string"}],"inLanguage":"it-IT"},{"@type":"Organization","@id":"https:\/\/ecoxshop.ch\/#organization","name":"Ecox Shop","url":"https:\/\/ecoxshop.ch\/","logo":{"@type":"ImageObject","inLanguage":"it-IT","@id":"https:\/\/ecoxshop.ch\/#\/schema\/logo\/image\/","url":"https:\/\/ecoxshop.ch\/wp-content\/uploads\/2023\/05\/logo-ecox.svg","contentUrl":"https:\/\/ecoxshop.ch\/wp-content\/uploads\/2023\/05\/logo-ecox.svg","width":304.6,"height":91.5,"caption":"Ecox Shop"},"image":{"@id":"https:\/\/ecoxshop.ch\/#\/schema\/logo\/image\/"}}]}},"_links":{"self":[{"href":"https:\/\/ecoxshop.ch\/it\/wp-json\/wp\/v3\/product\/25983"}],"collection":[{"href":"https:\/\/ecoxshop.ch\/it\/wp-json\/wp\/v3\/product"}],"about":[{"href":"https:\/\/ecoxshop.ch\/it\/wp-json\/wp\/v2\/types\/product"}],"wp:featuredmedia":[{"embeddable":true,"href":"https:\/\/ecoxshop.ch\/it\/wp-json\/wp\/v2\/media\/25984"}],"wp:attachment":[{"href":"https:\/\/ecoxshop.ch\/it\/wp-json\/wp\/v2\/media?parent=25983"}],"wp:term":[{"taxonomy":"product_cat","embeddable":true,"href":"https:\/\/ecoxshop.ch\/it\/wp-json\/wp\/v2\/product_cat?post=25983"},{"taxonomy":"product_tag","embeddable":true,"href":"https:\/\/ecoxshop.ch\/it\/wp-json\/wp\/v2\/product_tag?post=25983"}],"curies":[{"name":"wp","href":"https:\/\/api.w.org\/{rel}","templated":true}]}}