{"id":25683,"date":"2025-03-06T14:48:30","date_gmt":"2025-03-06T13:48:30","guid":{"rendered":"https:\/\/ecoxshop.ch\/prodotto\/distruggidocumenti-uso-personale-rexel-optimum-autofeed-50x-eu-p-4-20-l\/"},"modified":"2025-03-07T15:23:10","modified_gmt":"2025-03-07T14:23:10","slug":"distruggidocumenti-uso-personale-rexel-optimum-autofeed-50x-eu-p-4-20-l","status":"publish","type":"product","link":"https:\/\/ecoxshop.ch\/it\/prodotto\/distruggidocumenti-uso-personale-rexel-optimum-autofeed-50x-eu-p-4-20-l\/","title":{"rendered":"Distruggidocumenti uso personale Rexel Optimum AutoFeed+ 50X EU &#8211; P-4 &#8211; 20 L &#8211;"},"content":{"rendered":"<p>Il distruggidocumenti Optimum AutoFeed+ 50X con taglio a frammenti (4x28mm) distrugge automaticamente fino a 50 fogli A4 (80 gr\/mq) alla volta e un massimo di 6 fogli con alimentazione manuale, con un livello di sicurezza P-4.  Distruggidocumenti automatico adatto sia per uso domestico che in ufficio, grazie al suo cestino compatto estraibile da 20 litri. Tecnologia anti-inceppamento, distrugge carte di credito, punti e graffette.  Ciclo di lavoro continuo per 10 minuti con raffreddamento a ventola. La modalit\u00e0 di risparmio energetico si attiva dopo 3 minuti di inattivit\u00e0. Pannello di controllo touch, livello di rumorosit\u00e0 55 dBA ultra-silenzioso. Dotato di sensore a infrarossi che indica quando il cestino \u00e8 pieno. Garanzia di 2 anni per il distruggidocumenti e per le lame. Dimensioni LxPxH 36,3x43x40,5 cm.<\/p>\n","protected":false},"excerpt":{"rendered":"<p>Distruggidocumenti uso personale Rexel Optimum AutoFeed+ 50X EU &#8211; P-4 &#8211; 20 L &#8211; taglio frammenti 4&#215;28 mm nero 2020050XEU<\/p>\n","protected":false},"featured_media":25684,"template":"","meta":[],"product_cat":[428],"product_tag":[],"yoast_head":"<!-- This site is optimized with the Yoast SEO plugin v20.7 - https:\/\/yoast.com\/wordpress\/plugins\/seo\/ -->\n<title>Distruggidocumenti uso personale Rexel Optimum AutoFeed+ 50X EU - P-4 - 20 L - Ecox Shop<\/title>\n<meta name=\"robots\" content=\"index, follow, max-snippet:-1, max-image-preview:large, max-video-preview:-1\" \/>\n<link rel=\"canonical\" href=\"https:\/\/ecoxshop.ch\/it\/prodotto\/distruggidocumenti-uso-personale-rexel-optimum-autofeed-50x-eu-p-4-20-l\/\" \/>\n<meta property=\"og:locale\" content=\"it_IT\" \/>\n<meta property=\"og:type\" content=\"article\" \/>\n<meta property=\"og:title\" content=\"Distruggidocumenti uso personale Rexel Optimum AutoFeed+ 50X EU - P-4 - 20 L - Ecox Shop\" \/>\n<meta property=\"og:description\" content=\"Distruggidocumenti uso personale Rexel Optimum AutoFeed+ 50X EU - P-4 - 20 L - taglio frammenti 4x28 mm nero 2020050XEU\" \/>\n<meta property=\"og:url\" content=\"https:\/\/ecoxshop.ch\/it\/prodotto\/distruggidocumenti-uso-personale-rexel-optimum-autofeed-50x-eu-p-4-20-l\/\" \/>\n<meta property=\"og:site_name\" content=\"Ecox Shop\" \/>\n<meta property=\"article:modified_time\" content=\"2025-03-07T14:23:10+00:00\" \/>\n<meta property=\"og:image\" content=\"https:\/\/ecoxshop.ch\/wp-content\/uploads\/2025\/03\/2190475.jpg\" \/>\n\t<meta property=\"og:image:width\" content=\"480\" \/>\n\t<meta property=\"og:image:height\" content=\"480\" \/>\n\t<meta property=\"og:image:type\" content=\"image\/jpeg\" \/>\n<meta name=\"twitter:card\" content=\"summary_large_image\" \/>\n<meta name=\"twitter:label1\" content=\"Tempo di lettura stimato\" \/>\n\t<meta name=\"twitter:data1\" content=\"1 minuto\" \/>\n<script type=\"application\/ld+json\" class=\"yoast-schema-graph\">{\"@context\":\"https:\/\/schema.org\",\"@graph\":[{\"@type\":\"WebPage\",\"@id\":\"https:\/\/ecoxshop.ch\/it\/prodotto\/distruggidocumenti-uso-personale-rexel-optimum-autofeed-50x-eu-p-4-20-l\/\",\"url\":\"https:\/\/ecoxshop.ch\/it\/prodotto\/distruggidocumenti-uso-personale-rexel-optimum-autofeed-50x-eu-p-4-20-l\/\",\"name\":\"Distruggidocumenti uso personale Rexel Optimum AutoFeed+ 50X EU - P-4 - 20 L - Ecox Shop\",\"isPartOf\":{\"@id\":\"https:\/\/ecoxshop.ch\/#website\"},\"datePublished\":\"2025-03-06T13:48:30+00:00\",\"dateModified\":\"2025-03-07T14:23:10+00:00\",\"breadcrumb\":{\"@id\":\"https:\/\/ecoxshop.ch\/it\/prodotto\/distruggidocumenti-uso-personale-rexel-optimum-autofeed-50x-eu-p-4-20-l\/#breadcrumb\"},\"inLanguage\":\"it-IT\",\"potentialAction\":[{\"@type\":\"ReadAction\",\"target\":[\"https:\/\/ecoxshop.ch\/it\/prodotto\/distruggidocumenti-uso-personale-rexel-optimum-autofeed-50x-eu-p-4-20-l\/\"]}]},{\"@type\":\"BreadcrumbList\",\"@id\":\"https:\/\/ecoxshop.ch\/it\/prodotto\/distruggidocumenti-uso-personale-rexel-optimum-autofeed-50x-eu-p-4-20-l\/#breadcrumb\",\"itemListElement\":[{\"@type\":\"ListItem\",\"position\":1,\"name\":\"Home\",\"item\":\"https:\/\/ecoxshop.ch\/it\/\"},{\"@type\":\"ListItem\",\"position\":2,\"name\":\"Shop\",\"item\":\"https:\/\/ecoxshop.ch\/it\/shop\/\"},{\"@type\":\"ListItem\",\"position\":3,\"name\":\"Distruggidocumenti uso personale Rexel Optimum AutoFeed+ 50X EU &#8211; P-4 &#8211; 20 L &#8211;\"}]},{\"@type\":\"WebSite\",\"@id\":\"https:\/\/ecoxshop.ch\/#website\",\"url\":\"https:\/\/ecoxshop.ch\/\",\"name\":\"Ecox Shop\",\"description\":\"\",\"publisher\":{\"@id\":\"https:\/\/ecoxshop.ch\/#organization\"},\"potentialAction\":[{\"@type\":\"SearchAction\",\"target\":{\"@type\":\"EntryPoint\",\"urlTemplate\":\"https:\/\/ecoxshop.ch\/?s={search_term_string}\"},\"query-input\":\"required name=search_term_string\"}],\"inLanguage\":\"it-IT\"},{\"@type\":\"Organization\",\"@id\":\"https:\/\/ecoxshop.ch\/#organization\",\"name\":\"Ecox Shop\",\"url\":\"https:\/\/ecoxshop.ch\/\",\"logo\":{\"@type\":\"ImageObject\",\"inLanguage\":\"it-IT\",\"@id\":\"https:\/\/ecoxshop.ch\/#\/schema\/logo\/image\/\",\"url\":\"https:\/\/ecoxshop.ch\/wp-content\/uploads\/2023\/05\/logo-ecox.svg\",\"contentUrl\":\"https:\/\/ecoxshop.ch\/wp-content\/uploads\/2023\/05\/logo-ecox.svg\",\"width\":304.6,\"height\":91.5,\"caption\":\"Ecox Shop\"},\"image\":{\"@id\":\"https:\/\/ecoxshop.ch\/#\/schema\/logo\/image\/\"}}]}<\/script>\n<!-- \/ Yoast SEO plugin. -->","yoast_head_json":{"title":"Distruggidocumenti uso personale Rexel Optimum AutoFeed+ 50X EU - P-4 - 20 L - Ecox Shop","robots":{"index":"index","follow":"follow","max-snippet":"max-snippet:-1","max-image-preview":"max-image-preview:large","max-video-preview":"max-video-preview:-1"},"canonical":"https:\/\/ecoxshop.ch\/it\/prodotto\/distruggidocumenti-uso-personale-rexel-optimum-autofeed-50x-eu-p-4-20-l\/","og_locale":"it_IT","og_type":"article","og_title":"Distruggidocumenti uso personale Rexel Optimum AutoFeed+ 50X EU - P-4 - 20 L - Ecox Shop","og_description":"Distruggidocumenti uso personale Rexel Optimum AutoFeed+ 50X EU - P-4 - 20 L - taglio frammenti 4x28 mm nero 2020050XEU","og_url":"https:\/\/ecoxshop.ch\/it\/prodotto\/distruggidocumenti-uso-personale-rexel-optimum-autofeed-50x-eu-p-4-20-l\/","og_site_name":"Ecox Shop","article_modified_time":"2025-03-07T14:23:10+00:00","og_image":[{"width":480,"height":480,"url":"https:\/\/ecoxshop.ch\/wp-content\/uploads\/2025\/03\/2190475.jpg","type":"image\/jpeg"}],"twitter_card":"summary_large_image","twitter_misc":{"Tempo di lettura stimato":"1 minuto"},"schema":{"@context":"https:\/\/schema.org","@graph":[{"@type":"WebPage","@id":"https:\/\/ecoxshop.ch\/it\/prodotto\/distruggidocumenti-uso-personale-rexel-optimum-autofeed-50x-eu-p-4-20-l\/","url":"https:\/\/ecoxshop.ch\/it\/prodotto\/distruggidocumenti-uso-personale-rexel-optimum-autofeed-50x-eu-p-4-20-l\/","name":"Distruggidocumenti uso personale Rexel Optimum AutoFeed+ 50X EU - P-4 - 20 L - Ecox Shop","isPartOf":{"@id":"https:\/\/ecoxshop.ch\/#website"},"datePublished":"2025-03-06T13:48:30+00:00","dateModified":"2025-03-07T14:23:10+00:00","breadcrumb":{"@id":"https:\/\/ecoxshop.ch\/it\/prodotto\/distruggidocumenti-uso-personale-rexel-optimum-autofeed-50x-eu-p-4-20-l\/#breadcrumb"},"inLanguage":"it-IT","potentialAction":[{"@type":"ReadAction","target":["https:\/\/ecoxshop.ch\/it\/prodotto\/distruggidocumenti-uso-personale-rexel-optimum-autofeed-50x-eu-p-4-20-l\/"]}]},{"@type":"BreadcrumbList","@id":"https:\/\/ecoxshop.ch\/it\/prodotto\/distruggidocumenti-uso-personale-rexel-optimum-autofeed-50x-eu-p-4-20-l\/#breadcrumb","itemListElement":[{"@type":"ListItem","position":1,"name":"Home","item":"https:\/\/ecoxshop.ch\/it\/"},{"@type":"ListItem","position":2,"name":"Shop","item":"https:\/\/ecoxshop.ch\/it\/shop\/"},{"@type":"ListItem","position":3,"name":"Distruggidocumenti uso personale Rexel Optimum AutoFeed+ 50X EU &#8211; P-4 &#8211; 20 L &#8211;"}]},{"@type":"WebSite","@id":"https:\/\/ecoxshop.ch\/#website","url":"https:\/\/ecoxshop.ch\/","name":"Ecox Shop","description":"","publisher":{"@id":"https:\/\/ecoxshop.ch\/#organization"},"potentialAction":[{"@type":"SearchAction","target":{"@type":"EntryPoint","urlTemplate":"https:\/\/ecoxshop.ch\/?s={search_term_string}"},"query-input":"required name=search_term_string"}],"inLanguage":"it-IT"},{"@type":"Organization","@id":"https:\/\/ecoxshop.ch\/#organization","name":"Ecox Shop","url":"https:\/\/ecoxshop.ch\/","logo":{"@type":"ImageObject","inLanguage":"it-IT","@id":"https:\/\/ecoxshop.ch\/#\/schema\/logo\/image\/","url":"https:\/\/ecoxshop.ch\/wp-content\/uploads\/2023\/05\/logo-ecox.svg","contentUrl":"https:\/\/ecoxshop.ch\/wp-content\/uploads\/2023\/05\/logo-ecox.svg","width":304.6,"height":91.5,"caption":"Ecox Shop"},"image":{"@id":"https:\/\/ecoxshop.ch\/#\/schema\/logo\/image\/"}}]}},"_links":{"self":[{"href":"https:\/\/ecoxshop.ch\/it\/wp-json\/wp\/v3\/product\/25683"}],"collection":[{"href":"https:\/\/ecoxshop.ch\/it\/wp-json\/wp\/v3\/product"}],"about":[{"href":"https:\/\/ecoxshop.ch\/it\/wp-json\/wp\/v2\/types\/product"}],"wp:featuredmedia":[{"embeddable":true,"href":"https:\/\/ecoxshop.ch\/it\/wp-json\/wp\/v2\/media\/25684"}],"wp:attachment":[{"href":"https:\/\/ecoxshop.ch\/it\/wp-json\/wp\/v2\/media?parent=25683"}],"wp:term":[{"taxonomy":"product_cat","embeddable":true,"href":"https:\/\/ecoxshop.ch\/it\/wp-json\/wp\/v2\/product_cat?post=25683"},{"taxonomy":"product_tag","embeddable":true,"href":"https:\/\/ecoxshop.ch\/it\/wp-json\/wp\/v2\/product_tag?post=25683"}],"curies":[{"name":"wp","href":"https:\/\/api.w.org\/{rel}","templated":true}]}}