{"id":24906,"date":"2025-03-06T14:37:29","date_gmt":"2025-03-06T13:37:29","guid":{"rendered":"https:\/\/ecoxshop.ch\/prodotto\/registratore-vocale-digitale-philips-voicetracer-7110-antracite\/"},"modified":"2025-03-07T15:21:21","modified_gmt":"2025-03-07T14:21:21","slug":"registratore-vocale-digitale-philips-voicetracer-7110-antracite","status":"publish","type":"product","link":"https:\/\/ecoxshop.ch\/it\/prodotto\/registratore-vocale-digitale-philips-voicetracer-7110-antracite\/","title":{"rendered":"Registratore vocale digitale PHILIPS VoiceTracer 7110 antracite"},"content":{"rendered":"<p>Registrazioni audio di qualit\u00e0 superiore consentono di creare video eccezionali. Registrazione audio cristallina in alta qualit\u00e0 (24 bit\/96 KHz) con i 3 Microfoni ad alta fedelt\u00e0 e funzione Zoom. Attacco per fotocamera DSLR. Protezione antivento per registrazioni audio eccellenti anche in ambienti esterni. App per smartphone per  condividere immediatamente i file registrati e per controllore il registratore da remoto, Ampio display a colori, 8 GB, slot Micro SD, batteria LiPo per oltre 36 ore di registrazione continua. Attacco per treppiede. impostazioni audio degli ambienti automatiche per avere sempre una qualit\u00e0 audio perfetta. Funzioni intelligenti come la pre-registrazione ed il  timer consetono di non perdere nemmeno una parola. Le funzioni di riproduzione segnalibri e filtri, consentono di trovare le registrazioni  in modo pi\u00f9 semplice e rapido. Include anche cavo collegamento audio e supporto. Dimensioni 4.7 \u00d7 12.9 \u00d7 1.9 cm.<\/p>\n","protected":false},"excerpt":{"rendered":"<p>Registratore vocale digitale PHILIPS VoiceTracer 7110 antracite DVT7110<\/p>\n","protected":false},"featured_media":24907,"template":"","meta":[],"product_cat":[553],"product_tag":[],"yoast_head":"<!-- This site is optimized with the Yoast SEO plugin v20.7 - https:\/\/yoast.com\/wordpress\/plugins\/seo\/ -->\n<title>Registratore vocale digitale PHILIPS VoiceTracer 7110 antracite - Ecox Shop<\/title>\n<meta name=\"robots\" content=\"index, follow, max-snippet:-1, max-image-preview:large, max-video-preview:-1\" \/>\n<link rel=\"canonical\" href=\"https:\/\/ecoxshop.ch\/it\/prodotto\/registratore-vocale-digitale-philips-voicetracer-7110-antracite\/\" \/>\n<meta property=\"og:locale\" content=\"it_IT\" \/>\n<meta property=\"og:type\" content=\"article\" \/>\n<meta property=\"og:title\" content=\"Registratore vocale digitale PHILIPS VoiceTracer 7110 antracite - Ecox Shop\" \/>\n<meta property=\"og:description\" content=\"Registratore vocale digitale PHILIPS VoiceTracer 7110 antracite DVT7110\" \/>\n<meta property=\"og:url\" content=\"https:\/\/ecoxshop.ch\/it\/prodotto\/registratore-vocale-digitale-philips-voicetracer-7110-antracite\/\" \/>\n<meta property=\"og:site_name\" content=\"Ecox Shop\" \/>\n<meta property=\"article:modified_time\" content=\"2025-03-07T14:21:21+00:00\" \/>\n<meta property=\"og:image\" content=\"https:\/\/ecoxshop.ch\/wp-content\/uploads\/2025\/03\/2092112.jpg\" \/>\n\t<meta property=\"og:image:width\" content=\"480\" \/>\n\t<meta property=\"og:image:height\" content=\"480\" \/>\n\t<meta property=\"og:image:type\" content=\"image\/jpeg\" \/>\n<meta name=\"twitter:card\" content=\"summary_large_image\" \/>\n<meta name=\"twitter:label1\" content=\"Tempo di lettura stimato\" \/>\n\t<meta name=\"twitter:data1\" content=\"1 minuto\" \/>\n<script type=\"application\/ld+json\" class=\"yoast-schema-graph\">{\"@context\":\"https:\/\/schema.org\",\"@graph\":[{\"@type\":\"WebPage\",\"@id\":\"https:\/\/ecoxshop.ch\/it\/prodotto\/registratore-vocale-digitale-philips-voicetracer-7110-antracite\/\",\"url\":\"https:\/\/ecoxshop.ch\/it\/prodotto\/registratore-vocale-digitale-philips-voicetracer-7110-antracite\/\",\"name\":\"Registratore vocale digitale PHILIPS VoiceTracer 7110 antracite - Ecox Shop\",\"isPartOf\":{\"@id\":\"https:\/\/ecoxshop.ch\/#website\"},\"datePublished\":\"2025-03-06T13:37:29+00:00\",\"dateModified\":\"2025-03-07T14:21:21+00:00\",\"breadcrumb\":{\"@id\":\"https:\/\/ecoxshop.ch\/it\/prodotto\/registratore-vocale-digitale-philips-voicetracer-7110-antracite\/#breadcrumb\"},\"inLanguage\":\"it-IT\",\"potentialAction\":[{\"@type\":\"ReadAction\",\"target\":[\"https:\/\/ecoxshop.ch\/it\/prodotto\/registratore-vocale-digitale-philips-voicetracer-7110-antracite\/\"]}]},{\"@type\":\"BreadcrumbList\",\"@id\":\"https:\/\/ecoxshop.ch\/it\/prodotto\/registratore-vocale-digitale-philips-voicetracer-7110-antracite\/#breadcrumb\",\"itemListElement\":[{\"@type\":\"ListItem\",\"position\":1,\"name\":\"Home\",\"item\":\"https:\/\/ecoxshop.ch\/it\/\"},{\"@type\":\"ListItem\",\"position\":2,\"name\":\"Shop\",\"item\":\"https:\/\/ecoxshop.ch\/it\/shop\/\"},{\"@type\":\"ListItem\",\"position\":3,\"name\":\"Registratore vocale digitale PHILIPS VoiceTracer 7110 antracite\"}]},{\"@type\":\"WebSite\",\"@id\":\"https:\/\/ecoxshop.ch\/#website\",\"url\":\"https:\/\/ecoxshop.ch\/\",\"name\":\"Ecox Shop\",\"description\":\"\",\"publisher\":{\"@id\":\"https:\/\/ecoxshop.ch\/#organization\"},\"potentialAction\":[{\"@type\":\"SearchAction\",\"target\":{\"@type\":\"EntryPoint\",\"urlTemplate\":\"https:\/\/ecoxshop.ch\/?s={search_term_string}\"},\"query-input\":\"required name=search_term_string\"}],\"inLanguage\":\"it-IT\"},{\"@type\":\"Organization\",\"@id\":\"https:\/\/ecoxshop.ch\/#organization\",\"name\":\"Ecox Shop\",\"url\":\"https:\/\/ecoxshop.ch\/\",\"logo\":{\"@type\":\"ImageObject\",\"inLanguage\":\"it-IT\",\"@id\":\"https:\/\/ecoxshop.ch\/#\/schema\/logo\/image\/\",\"url\":\"https:\/\/ecoxshop.ch\/wp-content\/uploads\/2023\/05\/logo-ecox.svg\",\"contentUrl\":\"https:\/\/ecoxshop.ch\/wp-content\/uploads\/2023\/05\/logo-ecox.svg\",\"width\":304.6,\"height\":91.5,\"caption\":\"Ecox Shop\"},\"image\":{\"@id\":\"https:\/\/ecoxshop.ch\/#\/schema\/logo\/image\/\"}}]}<\/script>\n<!-- \/ Yoast SEO plugin. -->","yoast_head_json":{"title":"Registratore vocale digitale PHILIPS VoiceTracer 7110 antracite - Ecox Shop","robots":{"index":"index","follow":"follow","max-snippet":"max-snippet:-1","max-image-preview":"max-image-preview:large","max-video-preview":"max-video-preview:-1"},"canonical":"https:\/\/ecoxshop.ch\/it\/prodotto\/registratore-vocale-digitale-philips-voicetracer-7110-antracite\/","og_locale":"it_IT","og_type":"article","og_title":"Registratore vocale digitale PHILIPS VoiceTracer 7110 antracite - Ecox Shop","og_description":"Registratore vocale digitale PHILIPS VoiceTracer 7110 antracite DVT7110","og_url":"https:\/\/ecoxshop.ch\/it\/prodotto\/registratore-vocale-digitale-philips-voicetracer-7110-antracite\/","og_site_name":"Ecox Shop","article_modified_time":"2025-03-07T14:21:21+00:00","og_image":[{"width":480,"height":480,"url":"https:\/\/ecoxshop.ch\/wp-content\/uploads\/2025\/03\/2092112.jpg","type":"image\/jpeg"}],"twitter_card":"summary_large_image","twitter_misc":{"Tempo di lettura stimato":"1 minuto"},"schema":{"@context":"https:\/\/schema.org","@graph":[{"@type":"WebPage","@id":"https:\/\/ecoxshop.ch\/it\/prodotto\/registratore-vocale-digitale-philips-voicetracer-7110-antracite\/","url":"https:\/\/ecoxshop.ch\/it\/prodotto\/registratore-vocale-digitale-philips-voicetracer-7110-antracite\/","name":"Registratore vocale digitale PHILIPS VoiceTracer 7110 antracite - Ecox Shop","isPartOf":{"@id":"https:\/\/ecoxshop.ch\/#website"},"datePublished":"2025-03-06T13:37:29+00:00","dateModified":"2025-03-07T14:21:21+00:00","breadcrumb":{"@id":"https:\/\/ecoxshop.ch\/it\/prodotto\/registratore-vocale-digitale-philips-voicetracer-7110-antracite\/#breadcrumb"},"inLanguage":"it-IT","potentialAction":[{"@type":"ReadAction","target":["https:\/\/ecoxshop.ch\/it\/prodotto\/registratore-vocale-digitale-philips-voicetracer-7110-antracite\/"]}]},{"@type":"BreadcrumbList","@id":"https:\/\/ecoxshop.ch\/it\/prodotto\/registratore-vocale-digitale-philips-voicetracer-7110-antracite\/#breadcrumb","itemListElement":[{"@type":"ListItem","position":1,"name":"Home","item":"https:\/\/ecoxshop.ch\/it\/"},{"@type":"ListItem","position":2,"name":"Shop","item":"https:\/\/ecoxshop.ch\/it\/shop\/"},{"@type":"ListItem","position":3,"name":"Registratore vocale digitale PHILIPS VoiceTracer 7110 antracite"}]},{"@type":"WebSite","@id":"https:\/\/ecoxshop.ch\/#website","url":"https:\/\/ecoxshop.ch\/","name":"Ecox Shop","description":"","publisher":{"@id":"https:\/\/ecoxshop.ch\/#organization"},"potentialAction":[{"@type":"SearchAction","target":{"@type":"EntryPoint","urlTemplate":"https:\/\/ecoxshop.ch\/?s={search_term_string}"},"query-input":"required name=search_term_string"}],"inLanguage":"it-IT"},{"@type":"Organization","@id":"https:\/\/ecoxshop.ch\/#organization","name":"Ecox Shop","url":"https:\/\/ecoxshop.ch\/","logo":{"@type":"ImageObject","inLanguage":"it-IT","@id":"https:\/\/ecoxshop.ch\/#\/schema\/logo\/image\/","url":"https:\/\/ecoxshop.ch\/wp-content\/uploads\/2023\/05\/logo-ecox.svg","contentUrl":"https:\/\/ecoxshop.ch\/wp-content\/uploads\/2023\/05\/logo-ecox.svg","width":304.6,"height":91.5,"caption":"Ecox Shop"},"image":{"@id":"https:\/\/ecoxshop.ch\/#\/schema\/logo\/image\/"}}]}},"_links":{"self":[{"href":"https:\/\/ecoxshop.ch\/it\/wp-json\/wp\/v3\/product\/24906"}],"collection":[{"href":"https:\/\/ecoxshop.ch\/it\/wp-json\/wp\/v3\/product"}],"about":[{"href":"https:\/\/ecoxshop.ch\/it\/wp-json\/wp\/v2\/types\/product"}],"wp:featuredmedia":[{"embeddable":true,"href":"https:\/\/ecoxshop.ch\/it\/wp-json\/wp\/v2\/media\/24907"}],"wp:attachment":[{"href":"https:\/\/ecoxshop.ch\/it\/wp-json\/wp\/v2\/media?parent=24906"}],"wp:term":[{"taxonomy":"product_cat","embeddable":true,"href":"https:\/\/ecoxshop.ch\/it\/wp-json\/wp\/v2\/product_cat?post=24906"},{"taxonomy":"product_tag","embeddable":true,"href":"https:\/\/ecoxshop.ch\/it\/wp-json\/wp\/v2\/product_tag?post=24906"}],"curies":[{"name":"wp","href":"https:\/\/api.w.org\/{rel}","templated":true}]}}