{"id":24790,"date":"2025-03-06T14:35:57","date_gmt":"2025-03-06T13:35:57","guid":{"rendered":"https:\/\/ecoxshop.ch\/prodotto\/plastificatrice-a-caldo-gbc-fusion-plus-6000l-a3-4-rulli-nero\/"},"modified":"2025-03-07T15:21:05","modified_gmt":"2025-03-07T14:21:05","slug":"plastificatrice-a-caldo-gbc-fusion-plus-6000l-a3-4-rulli-nero","status":"publish","type":"product","link":"https:\/\/ecoxshop.ch\/it\/prodotto\/plastificatrice-a-caldo-gbc-fusion-plus-6000l-a3-4-rulli-nero\/","title":{"rendered":"Plastificatrice a caldo GBC Fusion Plus 6000L A3 &#8211; 4 rulli nero"},"content":{"rendered":"<p>Qualit\u00e0 professionale, produttivit\u00e0 accelerata. Veloce e facile da usare la plastificatrice Fusion Plus 6000L \u00e8 l&#8217;ideale per un uso frequente in ufficio o in un ambiente scolastico.  Sensori di ingresso intelligenti rilevano lo spessore della pouch e del contenuto e regolano automaticamente la velocit\u00e0 di uscita del documento. Velocit\u00e0 di riscaldamento 1 minuto. Plastifica un foglio A4 in meno di 15 secondi. Plastifica con pouch da 2&#215;75 fino a 2&#215;250 micron. Il risultato \u00e8 una finitura piatta perfetta. Dimensioni 58,7&#215;23,5&#215;12 cm<\/p>\n","protected":false},"excerpt":{"rendered":"<p>Plastificatrice a caldo GBC Fusion Plus 6000L A3 &#8211; 4 rulli nero 4402134EU<\/p>\n","protected":false},"featured_media":24791,"template":"","meta":[],"product_cat":[340],"product_tag":[],"yoast_head":"<!-- This site is optimized with the Yoast SEO plugin v20.7 - https:\/\/yoast.com\/wordpress\/plugins\/seo\/ -->\n<title>Plastificatrice a caldo GBC Fusion Plus 6000L A3 - 4 rulli nero - Ecox Shop<\/title>\n<meta name=\"robots\" content=\"index, follow, max-snippet:-1, max-image-preview:large, max-video-preview:-1\" \/>\n<link rel=\"canonical\" href=\"https:\/\/ecoxshop.ch\/it\/product\/plastificatrice-a-caldo-gbc-fusion-plus-6000l-a3-4-rulli-nero\/\" \/>\n<meta property=\"og:locale\" content=\"it_IT\" \/>\n<meta property=\"og:type\" content=\"article\" \/>\n<meta property=\"og:title\" content=\"Plastificatrice a caldo GBC Fusion Plus 6000L A3 - 4 rulli nero - Ecox Shop\" \/>\n<meta property=\"og:description\" content=\"Plastificatrice a caldo GBC Fusion Plus 6000L A3 - 4 rulli nero 4402134EU\" \/>\n<meta property=\"og:url\" content=\"https:\/\/ecoxshop.ch\/it\/product\/plastificatrice-a-caldo-gbc-fusion-plus-6000l-a3-4-rulli-nero\/\" \/>\n<meta property=\"og:site_name\" content=\"Ecox Shop\" \/>\n<meta property=\"article:modified_time\" content=\"2025-03-07T14:21:05+00:00\" \/>\n<meta property=\"og:image\" content=\"https:\/\/ecoxshop.ch\/wp-content\/uploads\/2025\/03\/1908830.jpg\" \/>\n\t<meta property=\"og:image:width\" content=\"480\" \/>\n\t<meta property=\"og:image:height\" content=\"480\" \/>\n\t<meta property=\"og:image:type\" content=\"image\/jpeg\" \/>\n<meta name=\"twitter:card\" content=\"summary_large_image\" \/>\n<script type=\"application\/ld+json\" class=\"yoast-schema-graph\">{\"@context\":\"https:\/\/schema.org\",\"@graph\":[{\"@type\":\"WebPage\",\"@id\":\"https:\/\/ecoxshop.ch\/en\/product\/plastificatrice-a-caldo-gbc-fusion-plus-6000l-a3-4-rulli-nero\/\",\"url\":\"https:\/\/ecoxshop.ch\/en\/product\/plastificatrice-a-caldo-gbc-fusion-plus-6000l-a3-4-rulli-nero\/\",\"name\":\"Plastificatrice a caldo GBC Fusion Plus 6000L A3 - 4 rulli nero - Ecox Shop\",\"isPartOf\":{\"@id\":\"https:\/\/ecoxshop.ch\/#website\"},\"datePublished\":\"2025-03-06T13:35:57+00:00\",\"dateModified\":\"2025-03-07T14:21:05+00:00\",\"breadcrumb\":{\"@id\":\"https:\/\/ecoxshop.ch\/en\/product\/plastificatrice-a-caldo-gbc-fusion-plus-6000l-a3-4-rulli-nero\/#breadcrumb\"},\"inLanguage\":\"it-IT\",\"potentialAction\":[{\"@type\":\"ReadAction\",\"target\":[\"https:\/\/ecoxshop.ch\/en\/product\/plastificatrice-a-caldo-gbc-fusion-plus-6000l-a3-4-rulli-nero\/\"]}]},{\"@type\":\"BreadcrumbList\",\"@id\":\"https:\/\/ecoxshop.ch\/en\/product\/plastificatrice-a-caldo-gbc-fusion-plus-6000l-a3-4-rulli-nero\/#breadcrumb\",\"itemListElement\":[{\"@type\":\"ListItem\",\"position\":1,\"name\":\"Home\",\"item\":\"https:\/\/ecoxshop.ch\/it\/\"},{\"@type\":\"ListItem\",\"position\":2,\"name\":\"Shop\",\"item\":\"https:\/\/ecoxshop.ch\/it\/shop\/\"},{\"@type\":\"ListItem\",\"position\":3,\"name\":\"Plastificatrice a caldo GBC Fusion Plus 6000L A3 &#8211; 4 rulli nero\"}]},{\"@type\":\"WebSite\",\"@id\":\"https:\/\/ecoxshop.ch\/#website\",\"url\":\"https:\/\/ecoxshop.ch\/\",\"name\":\"Ecox Shop\",\"description\":\"\",\"publisher\":{\"@id\":\"https:\/\/ecoxshop.ch\/#organization\"},\"potentialAction\":[{\"@type\":\"SearchAction\",\"target\":{\"@type\":\"EntryPoint\",\"urlTemplate\":\"https:\/\/ecoxshop.ch\/?s={search_term_string}\"},\"query-input\":\"required name=search_term_string\"}],\"inLanguage\":\"it-IT\"},{\"@type\":\"Organization\",\"@id\":\"https:\/\/ecoxshop.ch\/#organization\",\"name\":\"Ecox Shop\",\"url\":\"https:\/\/ecoxshop.ch\/\",\"logo\":{\"@type\":\"ImageObject\",\"inLanguage\":\"it-IT\",\"@id\":\"https:\/\/ecoxshop.ch\/#\/schema\/logo\/image\/\",\"url\":\"https:\/\/ecoxshop.ch\/wp-content\/uploads\/2023\/05\/logo-ecox.svg\",\"contentUrl\":\"https:\/\/ecoxshop.ch\/wp-content\/uploads\/2023\/05\/logo-ecox.svg\",\"width\":304.6,\"height\":91.5,\"caption\":\"Ecox Shop\"},\"image\":{\"@id\":\"https:\/\/ecoxshop.ch\/#\/schema\/logo\/image\/\"}}]}<\/script>\n<!-- \/ Yoast SEO plugin. -->","yoast_head_json":{"title":"Plastificatrice a caldo GBC Fusion Plus 6000L A3 - 4 rulli nero - Ecox Shop","robots":{"index":"index","follow":"follow","max-snippet":"max-snippet:-1","max-image-preview":"max-image-preview:large","max-video-preview":"max-video-preview:-1"},"canonical":"https:\/\/ecoxshop.ch\/it\/product\/plastificatrice-a-caldo-gbc-fusion-plus-6000l-a3-4-rulli-nero\/","og_locale":"it_IT","og_type":"article","og_title":"Plastificatrice a caldo GBC Fusion Plus 6000L A3 - 4 rulli nero - Ecox Shop","og_description":"Plastificatrice a caldo GBC Fusion Plus 6000L A3 - 4 rulli nero 4402134EU","og_url":"https:\/\/ecoxshop.ch\/it\/product\/plastificatrice-a-caldo-gbc-fusion-plus-6000l-a3-4-rulli-nero\/","og_site_name":"Ecox Shop","article_modified_time":"2025-03-07T14:21:05+00:00","og_image":[{"width":480,"height":480,"url":"https:\/\/ecoxshop.ch\/wp-content\/uploads\/2025\/03\/1908830.jpg","type":"image\/jpeg"}],"twitter_card":"summary_large_image","schema":{"@context":"https:\/\/schema.org","@graph":[{"@type":"WebPage","@id":"https:\/\/ecoxshop.ch\/en\/product\/plastificatrice-a-caldo-gbc-fusion-plus-6000l-a3-4-rulli-nero\/","url":"https:\/\/ecoxshop.ch\/en\/product\/plastificatrice-a-caldo-gbc-fusion-plus-6000l-a3-4-rulli-nero\/","name":"Plastificatrice a caldo GBC Fusion Plus 6000L A3 - 4 rulli nero - Ecox Shop","isPartOf":{"@id":"https:\/\/ecoxshop.ch\/#website"},"datePublished":"2025-03-06T13:35:57+00:00","dateModified":"2025-03-07T14:21:05+00:00","breadcrumb":{"@id":"https:\/\/ecoxshop.ch\/en\/product\/plastificatrice-a-caldo-gbc-fusion-plus-6000l-a3-4-rulli-nero\/#breadcrumb"},"inLanguage":"it-IT","potentialAction":[{"@type":"ReadAction","target":["https:\/\/ecoxshop.ch\/en\/product\/plastificatrice-a-caldo-gbc-fusion-plus-6000l-a3-4-rulli-nero\/"]}]},{"@type":"BreadcrumbList","@id":"https:\/\/ecoxshop.ch\/en\/product\/plastificatrice-a-caldo-gbc-fusion-plus-6000l-a3-4-rulli-nero\/#breadcrumb","itemListElement":[{"@type":"ListItem","position":1,"name":"Home","item":"https:\/\/ecoxshop.ch\/it\/"},{"@type":"ListItem","position":2,"name":"Shop","item":"https:\/\/ecoxshop.ch\/it\/shop\/"},{"@type":"ListItem","position":3,"name":"Plastificatrice a caldo GBC Fusion Plus 6000L A3 &#8211; 4 rulli nero"}]},{"@type":"WebSite","@id":"https:\/\/ecoxshop.ch\/#website","url":"https:\/\/ecoxshop.ch\/","name":"Ecox Shop","description":"","publisher":{"@id":"https:\/\/ecoxshop.ch\/#organization"},"potentialAction":[{"@type":"SearchAction","target":{"@type":"EntryPoint","urlTemplate":"https:\/\/ecoxshop.ch\/?s={search_term_string}"},"query-input":"required name=search_term_string"}],"inLanguage":"it-IT"},{"@type":"Organization","@id":"https:\/\/ecoxshop.ch\/#organization","name":"Ecox Shop","url":"https:\/\/ecoxshop.ch\/","logo":{"@type":"ImageObject","inLanguage":"it-IT","@id":"https:\/\/ecoxshop.ch\/#\/schema\/logo\/image\/","url":"https:\/\/ecoxshop.ch\/wp-content\/uploads\/2023\/05\/logo-ecox.svg","contentUrl":"https:\/\/ecoxshop.ch\/wp-content\/uploads\/2023\/05\/logo-ecox.svg","width":304.6,"height":91.5,"caption":"Ecox Shop"},"image":{"@id":"https:\/\/ecoxshop.ch\/#\/schema\/logo\/image\/"}}]}},"_links":{"self":[{"href":"https:\/\/ecoxshop.ch\/it\/wp-json\/wp\/v3\/product\/24790"}],"collection":[{"href":"https:\/\/ecoxshop.ch\/it\/wp-json\/wp\/v3\/product"}],"about":[{"href":"https:\/\/ecoxshop.ch\/it\/wp-json\/wp\/v2\/types\/product"}],"wp:featuredmedia":[{"embeddable":true,"href":"https:\/\/ecoxshop.ch\/it\/wp-json\/wp\/v2\/media\/24791"}],"wp:attachment":[{"href":"https:\/\/ecoxshop.ch\/it\/wp-json\/wp\/v2\/media?parent=24790"}],"wp:term":[{"taxonomy":"product_cat","embeddable":true,"href":"https:\/\/ecoxshop.ch\/it\/wp-json\/wp\/v2\/product_cat?post=24790"},{"taxonomy":"product_tag","embeddable":true,"href":"https:\/\/ecoxshop.ch\/it\/wp-json\/wp\/v2\/product_tag?post=24790"}],"curies":[{"name":"wp","href":"https:\/\/api.w.org\/{rel}","templated":true}]}}