{"id":23934,"date":"2025-03-06T14:24:15","date_gmt":"2025-03-06T13:24:15","guid":{"rendered":"https:\/\/ecoxshop.ch\/prodotto\/distruggidocumenti-uso-moderato-hsm-shredstar-x13-p-4-23-l-taglio-a\/"},"modified":"2025-03-07T15:19:19","modified_gmt":"2025-03-07T14:19:19","slug":"distruggidocumenti-uso-moderato-hsm-shredstar-x13-p-4-23-l-taglio-a","status":"publish","type":"product","link":"https:\/\/ecoxshop.ch\/it\/prodotto\/distruggidocumenti-uso-moderato-hsm-shredstar-x13-p-4-23-l-taglio-a\/","title":{"rendered":"Distruggidocumenti uso moderato HSM SHREDSTAR X13 &#8211; P-4 &#8211; 23 L &#8211; taglio a"},"content":{"rendered":"<p>Funzionale e facile da usare. Questo distruggidocumenti dal design moderno \u00e8 provvisto di ruote ed offre anche una funzione anti-inceppamento. Adatto per un massimo di 5 utenti, taglia in frammenti da 4&#215;37 mm fino a 13 fogli da 80 gr. Il ritorno automatico previene l&#8217;inceppamento della carta e assicura un funzionamento ottimale. L&#8217;unit\u00e0 di taglio separata per i CD consente di distruggere facilmente CD e DVD, carte di credito e carte d&#8217;acquisto. Il materiale triturato viene separato nel contenitore dei CD per consentirne lo smaltimento differenziato. Il funzionamento silenzioso riduce al minimo il rumore nei luoghi di lavoro. Indicatori LED mostrano lo stato operativo dell&#8217;apparecchio: Acceso, Sovralimentato, Surriscaldato, Contenitore pieno, Porta aperta. Il display indica quando il contenitore \u00e8 pieno e la macchina si spegne automaticamente. Una fotocellula integrata avvia automaticamente l&#8217;apparecchio e lo arresta dopo la frantumazione. Attraverso la finestra d&#8217;ispezione, il livello di riempimento del contenitore di raccolta \u00e8 visibile in qualsiasi momento. Il contenitore di raccolta da 23 litri pu\u00f2 essere rimosso e svuotato agevolmente. Il distruggidocumenti \u00e8 trasportabile in maniera comoda e semplice su ruote. Dimensioni LxPxH: 39x30x59,5 cm.<\/p>\n","protected":false},"excerpt":{"rendered":"<p>Distruggidocumenti uso moderato HSM SHREDSTAR X13 &#8211; P-4 &#8211; 23 L &#8211; taglio a frammenti 4&#215;37 mm bianco\/argento 1057121<\/p>\n","protected":false},"featured_media":23935,"template":"","meta":[],"product_cat":[174],"product_tag":[],"yoast_head":"<!-- This site is optimized with the Yoast SEO plugin v20.7 - https:\/\/yoast.com\/wordpress\/plugins\/seo\/ -->\n<title>Distruggidocumenti uso moderato HSM SHREDSTAR X13 - P-4 - 23 L - taglio a - Ecox Shop<\/title>\n<meta name=\"robots\" content=\"index, follow, max-snippet:-1, max-image-preview:large, max-video-preview:-1\" \/>\n<link rel=\"canonical\" href=\"https:\/\/ecoxshop.ch\/it\/product\/distruggidocumenti-uso-moderato-hsm-shredstar-x13-p-4-23-l-taglio-a\/\" \/>\n<meta property=\"og:locale\" content=\"it_IT\" \/>\n<meta property=\"og:type\" content=\"article\" \/>\n<meta property=\"og:title\" content=\"Distruggidocumenti uso moderato HSM SHREDSTAR X13 - P-4 - 23 L - taglio a - Ecox Shop\" \/>\n<meta property=\"og:description\" content=\"Distruggidocumenti uso moderato HSM SHREDSTAR X13 - P-4 - 23 L - taglio a frammenti 4x37 mm bianco\/argento 1057121\" \/>\n<meta property=\"og:url\" content=\"https:\/\/ecoxshop.ch\/it\/product\/distruggidocumenti-uso-moderato-hsm-shredstar-x13-p-4-23-l-taglio-a\/\" \/>\n<meta property=\"og:site_name\" content=\"Ecox Shop\" \/>\n<meta property=\"article:modified_time\" content=\"2025-03-07T14:19:19+00:00\" \/>\n<meta property=\"og:image\" content=\"https:\/\/ecoxshop.ch\/wp-content\/uploads\/2025\/03\/2224806.jpg\" \/>\n\t<meta property=\"og:image:width\" content=\"480\" \/>\n\t<meta property=\"og:image:height\" content=\"480\" \/>\n\t<meta property=\"og:image:type\" content=\"image\/jpeg\" \/>\n<meta name=\"twitter:card\" content=\"summary_large_image\" \/>\n<meta name=\"twitter:label1\" content=\"Tempo di lettura stimato\" \/>\n\t<meta name=\"twitter:data1\" content=\"1 minuto\" \/>\n<script type=\"application\/ld+json\" class=\"yoast-schema-graph\">{\"@context\":\"https:\/\/schema.org\",\"@graph\":[{\"@type\":\"WebPage\",\"@id\":\"https:\/\/ecoxshop.ch\/en\/product\/distruggidocumenti-uso-moderato-hsm-shredstar-x13-p-4-23-l-taglio-a\/\",\"url\":\"https:\/\/ecoxshop.ch\/en\/product\/distruggidocumenti-uso-moderato-hsm-shredstar-x13-p-4-23-l-taglio-a\/\",\"name\":\"Distruggidocumenti uso moderato HSM SHREDSTAR X13 - P-4 - 23 L - taglio a - Ecox Shop\",\"isPartOf\":{\"@id\":\"https:\/\/ecoxshop.ch\/#website\"},\"datePublished\":\"2025-03-06T13:24:15+00:00\",\"dateModified\":\"2025-03-07T14:19:19+00:00\",\"breadcrumb\":{\"@id\":\"https:\/\/ecoxshop.ch\/en\/product\/distruggidocumenti-uso-moderato-hsm-shredstar-x13-p-4-23-l-taglio-a\/#breadcrumb\"},\"inLanguage\":\"it-IT\",\"potentialAction\":[{\"@type\":\"ReadAction\",\"target\":[\"https:\/\/ecoxshop.ch\/en\/product\/distruggidocumenti-uso-moderato-hsm-shredstar-x13-p-4-23-l-taglio-a\/\"]}]},{\"@type\":\"BreadcrumbList\",\"@id\":\"https:\/\/ecoxshop.ch\/en\/product\/distruggidocumenti-uso-moderato-hsm-shredstar-x13-p-4-23-l-taglio-a\/#breadcrumb\",\"itemListElement\":[{\"@type\":\"ListItem\",\"position\":1,\"name\":\"Home\",\"item\":\"https:\/\/ecoxshop.ch\/it\/\"},{\"@type\":\"ListItem\",\"position\":2,\"name\":\"Shop\",\"item\":\"https:\/\/ecoxshop.ch\/it\/shop\/\"},{\"@type\":\"ListItem\",\"position\":3,\"name\":\"Distruggidocumenti uso moderato HSM SHREDSTAR X13 &#8211; P-4 &#8211; 23 L &#8211; taglio a\"}]},{\"@type\":\"WebSite\",\"@id\":\"https:\/\/ecoxshop.ch\/#website\",\"url\":\"https:\/\/ecoxshop.ch\/\",\"name\":\"Ecox Shop\",\"description\":\"\",\"publisher\":{\"@id\":\"https:\/\/ecoxshop.ch\/#organization\"},\"potentialAction\":[{\"@type\":\"SearchAction\",\"target\":{\"@type\":\"EntryPoint\",\"urlTemplate\":\"https:\/\/ecoxshop.ch\/?s={search_term_string}\"},\"query-input\":\"required name=search_term_string\"}],\"inLanguage\":\"it-IT\"},{\"@type\":\"Organization\",\"@id\":\"https:\/\/ecoxshop.ch\/#organization\",\"name\":\"Ecox Shop\",\"url\":\"https:\/\/ecoxshop.ch\/\",\"logo\":{\"@type\":\"ImageObject\",\"inLanguage\":\"it-IT\",\"@id\":\"https:\/\/ecoxshop.ch\/#\/schema\/logo\/image\/\",\"url\":\"https:\/\/ecoxshop.ch\/wp-content\/uploads\/2023\/05\/logo-ecox.svg\",\"contentUrl\":\"https:\/\/ecoxshop.ch\/wp-content\/uploads\/2023\/05\/logo-ecox.svg\",\"width\":304.6,\"height\":91.5,\"caption\":\"Ecox Shop\"},\"image\":{\"@id\":\"https:\/\/ecoxshop.ch\/#\/schema\/logo\/image\/\"}}]}<\/script>\n<!-- \/ Yoast SEO plugin. -->","yoast_head_json":{"title":"Distruggidocumenti uso moderato HSM SHREDSTAR X13 - P-4 - 23 L - taglio a - Ecox Shop","robots":{"index":"index","follow":"follow","max-snippet":"max-snippet:-1","max-image-preview":"max-image-preview:large","max-video-preview":"max-video-preview:-1"},"canonical":"https:\/\/ecoxshop.ch\/it\/product\/distruggidocumenti-uso-moderato-hsm-shredstar-x13-p-4-23-l-taglio-a\/","og_locale":"it_IT","og_type":"article","og_title":"Distruggidocumenti uso moderato HSM SHREDSTAR X13 - P-4 - 23 L - taglio a - Ecox Shop","og_description":"Distruggidocumenti uso moderato HSM SHREDSTAR X13 - P-4 - 23 L - taglio a frammenti 4x37 mm bianco\/argento 1057121","og_url":"https:\/\/ecoxshop.ch\/it\/product\/distruggidocumenti-uso-moderato-hsm-shredstar-x13-p-4-23-l-taglio-a\/","og_site_name":"Ecox Shop","article_modified_time":"2025-03-07T14:19:19+00:00","og_image":[{"width":480,"height":480,"url":"https:\/\/ecoxshop.ch\/wp-content\/uploads\/2025\/03\/2224806.jpg","type":"image\/jpeg"}],"twitter_card":"summary_large_image","twitter_misc":{"Tempo di lettura stimato":"1 minuto"},"schema":{"@context":"https:\/\/schema.org","@graph":[{"@type":"WebPage","@id":"https:\/\/ecoxshop.ch\/en\/product\/distruggidocumenti-uso-moderato-hsm-shredstar-x13-p-4-23-l-taglio-a\/","url":"https:\/\/ecoxshop.ch\/en\/product\/distruggidocumenti-uso-moderato-hsm-shredstar-x13-p-4-23-l-taglio-a\/","name":"Distruggidocumenti uso moderato HSM SHREDSTAR X13 - P-4 - 23 L - taglio a - Ecox Shop","isPartOf":{"@id":"https:\/\/ecoxshop.ch\/#website"},"datePublished":"2025-03-06T13:24:15+00:00","dateModified":"2025-03-07T14:19:19+00:00","breadcrumb":{"@id":"https:\/\/ecoxshop.ch\/en\/product\/distruggidocumenti-uso-moderato-hsm-shredstar-x13-p-4-23-l-taglio-a\/#breadcrumb"},"inLanguage":"it-IT","potentialAction":[{"@type":"ReadAction","target":["https:\/\/ecoxshop.ch\/en\/product\/distruggidocumenti-uso-moderato-hsm-shredstar-x13-p-4-23-l-taglio-a\/"]}]},{"@type":"BreadcrumbList","@id":"https:\/\/ecoxshop.ch\/en\/product\/distruggidocumenti-uso-moderato-hsm-shredstar-x13-p-4-23-l-taglio-a\/#breadcrumb","itemListElement":[{"@type":"ListItem","position":1,"name":"Home","item":"https:\/\/ecoxshop.ch\/it\/"},{"@type":"ListItem","position":2,"name":"Shop","item":"https:\/\/ecoxshop.ch\/it\/shop\/"},{"@type":"ListItem","position":3,"name":"Distruggidocumenti uso moderato HSM SHREDSTAR X13 &#8211; P-4 &#8211; 23 L &#8211; taglio a"}]},{"@type":"WebSite","@id":"https:\/\/ecoxshop.ch\/#website","url":"https:\/\/ecoxshop.ch\/","name":"Ecox Shop","description":"","publisher":{"@id":"https:\/\/ecoxshop.ch\/#organization"},"potentialAction":[{"@type":"SearchAction","target":{"@type":"EntryPoint","urlTemplate":"https:\/\/ecoxshop.ch\/?s={search_term_string}"},"query-input":"required name=search_term_string"}],"inLanguage":"it-IT"},{"@type":"Organization","@id":"https:\/\/ecoxshop.ch\/#organization","name":"Ecox Shop","url":"https:\/\/ecoxshop.ch\/","logo":{"@type":"ImageObject","inLanguage":"it-IT","@id":"https:\/\/ecoxshop.ch\/#\/schema\/logo\/image\/","url":"https:\/\/ecoxshop.ch\/wp-content\/uploads\/2023\/05\/logo-ecox.svg","contentUrl":"https:\/\/ecoxshop.ch\/wp-content\/uploads\/2023\/05\/logo-ecox.svg","width":304.6,"height":91.5,"caption":"Ecox Shop"},"image":{"@id":"https:\/\/ecoxshop.ch\/#\/schema\/logo\/image\/"}}]}},"_links":{"self":[{"href":"https:\/\/ecoxshop.ch\/it\/wp-json\/wp\/v3\/product\/23934"}],"collection":[{"href":"https:\/\/ecoxshop.ch\/it\/wp-json\/wp\/v3\/product"}],"about":[{"href":"https:\/\/ecoxshop.ch\/it\/wp-json\/wp\/v2\/types\/product"}],"wp:featuredmedia":[{"embeddable":true,"href":"https:\/\/ecoxshop.ch\/it\/wp-json\/wp\/v2\/media\/23935"}],"wp:attachment":[{"href":"https:\/\/ecoxshop.ch\/it\/wp-json\/wp\/v2\/media?parent=23934"}],"wp:term":[{"taxonomy":"product_cat","embeddable":true,"href":"https:\/\/ecoxshop.ch\/it\/wp-json\/wp\/v2\/product_cat?post=23934"},{"taxonomy":"product_tag","embeddable":true,"href":"https:\/\/ecoxshop.ch\/it\/wp-json\/wp\/v2\/product_tag?post=23934"}],"curies":[{"name":"wp","href":"https:\/\/api.w.org\/{rel}","templated":true}]}}