{"id":22473,"date":"2025-03-06T14:05:09","date_gmt":"2025-03-06T13:05:09","guid":{"rendered":"https:\/\/ecoxshop.ch\/prodotto\/cassettiera-3-cassetti-frensy-florence-44x52x63-cm-top-olmo-struttura\/"},"modified":"2025-03-07T15:16:12","modified_gmt":"2025-03-07T14:16:12","slug":"cassettiera-3-cassetti-frensy-florence-44x52x63-cm-top-olmo-struttura","status":"publish","type":"product","link":"https:\/\/ecoxshop.ch\/it\/prodotto\/cassettiera-3-cassetti-frensy-florence-44x52x63-cm-top-olmo-struttura\/","title":{"rendered":"Cassettiera 3 cassetti Frensy Florence 44x52x63 cm top olmo &#8211; struttura"},"content":{"rendered":"<p> Cassettiera a 3 cassetti Florence. Linee e finiture di prestigio, forme e dimensioni modulabili, facilitano la collaborazione e il contatto visivo. connessioni elettriche, wire management capiente e facilmente accessibile, rende FLORENCE l\u0092ambiente perfetto per i tuoi incontri, funzionali ed altamente rappresentativi. FLORENCE che risponde in modo esauriente alle diverse esigenze di arredamento di una sala dove incontrare il proprio team di lavoro, clienti o semplici visitatori. Riunirsi per conoscere e comprendere. Con FLORENCE \u00e8 pi\u00f9 facile perch\u00e9 progettato per facilitare la condivisione delle informazioni senza alterare l\u0092organizzazione degli spazi. <\/p>\n<p> Top in nobilitato melaminico di spessore 22 mm con bordo in ABS, su ruote pivotanti, primo cassetto dotato di serratura, maniglie in PVC grigio alluminio. <\/p>\n<p> Dimensioni complessive 44x52xH.63 cm, colore top olmo scuro, colore fianchi, dietro e cassetti frassino chiaro, peso complessivo 28 kg. <\/p>\n<p> Nobilitato melaminico certificato FSC. <\/p>\n<p> Prodotto venduto in kit facilmente assemblabile dal cliente finale grazie alle intuitive istruzioni presenti in ogni imballo. <\/p>\n","protected":false},"excerpt":{"rendered":"<p>Cassettiera 3 cassetti Frensy Florence 44x52x63 cm top olmo &#8211; struttura frassino chiaro &#8211; UFLC3C<\/p>\n","protected":false},"featured_media":22474,"template":"","meta":[],"product_cat":[85],"product_tag":[],"yoast_head":"<!-- This site is optimized with the Yoast SEO plugin v20.7 - https:\/\/yoast.com\/wordpress\/plugins\/seo\/ -->\n<title>Cassettiera 3 cassetti Frensy Florence 44x52x63 cm top olmo - struttura - Ecox Shop<\/title>\n<meta name=\"robots\" content=\"index, follow, max-snippet:-1, max-image-preview:large, max-video-preview:-1\" \/>\n<link rel=\"canonical\" href=\"https:\/\/ecoxshop.ch\/it\/product\/cassettiera-3-cassetti-frensy-florence-44x52x63-cm-top-olmo-struttura\/\" \/>\n<meta property=\"og:locale\" content=\"it_IT\" \/>\n<meta property=\"og:type\" content=\"article\" \/>\n<meta property=\"og:title\" content=\"Cassettiera 3 cassetti Frensy Florence 44x52x63 cm top olmo - struttura - Ecox Shop\" \/>\n<meta property=\"og:description\" content=\"Cassettiera 3 cassetti Frensy Florence 44x52x63 cm top olmo - struttura frassino chiaro - UFLC3C\" \/>\n<meta property=\"og:url\" content=\"https:\/\/ecoxshop.ch\/it\/product\/cassettiera-3-cassetti-frensy-florence-44x52x63-cm-top-olmo-struttura\/\" \/>\n<meta property=\"og:site_name\" content=\"Ecox Shop\" \/>\n<meta property=\"article:modified_time\" content=\"2025-03-07T14:16:12+00:00\" \/>\n<meta property=\"og:image\" content=\"https:\/\/ecoxshop.ch\/wp-content\/uploads\/2025\/03\/2138746.jpg\" \/>\n\t<meta property=\"og:image:width\" content=\"480\" \/>\n\t<meta property=\"og:image:height\" content=\"480\" \/>\n\t<meta property=\"og:image:type\" content=\"image\/jpeg\" \/>\n<meta name=\"twitter:card\" content=\"summary_large_image\" \/>\n<meta name=\"twitter:label1\" content=\"Tempo di lettura stimato\" \/>\n\t<meta name=\"twitter:data1\" content=\"1 minuto\" \/>\n<script type=\"application\/ld+json\" class=\"yoast-schema-graph\">{\"@context\":\"https:\/\/schema.org\",\"@graph\":[{\"@type\":\"WebPage\",\"@id\":\"https:\/\/ecoxshop.ch\/en\/product\/cassettiera-3-cassetti-frensy-florence-44x52x63-cm-top-olmo-struttura\/\",\"url\":\"https:\/\/ecoxshop.ch\/en\/product\/cassettiera-3-cassetti-frensy-florence-44x52x63-cm-top-olmo-struttura\/\",\"name\":\"Cassettiera 3 cassetti Frensy Florence 44x52x63 cm top olmo - struttura - Ecox Shop\",\"isPartOf\":{\"@id\":\"https:\/\/ecoxshop.ch\/#website\"},\"datePublished\":\"2025-03-06T13:05:09+00:00\",\"dateModified\":\"2025-03-07T14:16:12+00:00\",\"breadcrumb\":{\"@id\":\"https:\/\/ecoxshop.ch\/en\/product\/cassettiera-3-cassetti-frensy-florence-44x52x63-cm-top-olmo-struttura\/#breadcrumb\"},\"inLanguage\":\"it-IT\",\"potentialAction\":[{\"@type\":\"ReadAction\",\"target\":[\"https:\/\/ecoxshop.ch\/en\/product\/cassettiera-3-cassetti-frensy-florence-44x52x63-cm-top-olmo-struttura\/\"]}]},{\"@type\":\"BreadcrumbList\",\"@id\":\"https:\/\/ecoxshop.ch\/en\/product\/cassettiera-3-cassetti-frensy-florence-44x52x63-cm-top-olmo-struttura\/#breadcrumb\",\"itemListElement\":[{\"@type\":\"ListItem\",\"position\":1,\"name\":\"Home\",\"item\":\"https:\/\/ecoxshop.ch\/it\/\"},{\"@type\":\"ListItem\",\"position\":2,\"name\":\"Shop\",\"item\":\"https:\/\/ecoxshop.ch\/it\/shop\/\"},{\"@type\":\"ListItem\",\"position\":3,\"name\":\"Cassettiera 3 cassetti Frensy Florence 44x52x63 cm top olmo &#8211; struttura\"}]},{\"@type\":\"WebSite\",\"@id\":\"https:\/\/ecoxshop.ch\/#website\",\"url\":\"https:\/\/ecoxshop.ch\/\",\"name\":\"Ecox Shop\",\"description\":\"\",\"publisher\":{\"@id\":\"https:\/\/ecoxshop.ch\/#organization\"},\"potentialAction\":[{\"@type\":\"SearchAction\",\"target\":{\"@type\":\"EntryPoint\",\"urlTemplate\":\"https:\/\/ecoxshop.ch\/?s={search_term_string}\"},\"query-input\":\"required name=search_term_string\"}],\"inLanguage\":\"it-IT\"},{\"@type\":\"Organization\",\"@id\":\"https:\/\/ecoxshop.ch\/#organization\",\"name\":\"Ecox Shop\",\"url\":\"https:\/\/ecoxshop.ch\/\",\"logo\":{\"@type\":\"ImageObject\",\"inLanguage\":\"it-IT\",\"@id\":\"https:\/\/ecoxshop.ch\/#\/schema\/logo\/image\/\",\"url\":\"https:\/\/ecoxshop.ch\/wp-content\/uploads\/2023\/05\/logo-ecox.svg\",\"contentUrl\":\"https:\/\/ecoxshop.ch\/wp-content\/uploads\/2023\/05\/logo-ecox.svg\",\"width\":304.6,\"height\":91.5,\"caption\":\"Ecox Shop\"},\"image\":{\"@id\":\"https:\/\/ecoxshop.ch\/#\/schema\/logo\/image\/\"}}]}<\/script>\n<!-- \/ Yoast SEO plugin. -->","yoast_head_json":{"title":"Cassettiera 3 cassetti Frensy Florence 44x52x63 cm top olmo - struttura - Ecox Shop","robots":{"index":"index","follow":"follow","max-snippet":"max-snippet:-1","max-image-preview":"max-image-preview:large","max-video-preview":"max-video-preview:-1"},"canonical":"https:\/\/ecoxshop.ch\/it\/product\/cassettiera-3-cassetti-frensy-florence-44x52x63-cm-top-olmo-struttura\/","og_locale":"it_IT","og_type":"article","og_title":"Cassettiera 3 cassetti Frensy Florence 44x52x63 cm top olmo - struttura - Ecox Shop","og_description":"Cassettiera 3 cassetti Frensy Florence 44x52x63 cm top olmo - struttura frassino chiaro - UFLC3C","og_url":"https:\/\/ecoxshop.ch\/it\/product\/cassettiera-3-cassetti-frensy-florence-44x52x63-cm-top-olmo-struttura\/","og_site_name":"Ecox Shop","article_modified_time":"2025-03-07T14:16:12+00:00","og_image":[{"width":480,"height":480,"url":"https:\/\/ecoxshop.ch\/wp-content\/uploads\/2025\/03\/2138746.jpg","type":"image\/jpeg"}],"twitter_card":"summary_large_image","twitter_misc":{"Tempo di lettura stimato":"1 minuto"},"schema":{"@context":"https:\/\/schema.org","@graph":[{"@type":"WebPage","@id":"https:\/\/ecoxshop.ch\/en\/product\/cassettiera-3-cassetti-frensy-florence-44x52x63-cm-top-olmo-struttura\/","url":"https:\/\/ecoxshop.ch\/en\/product\/cassettiera-3-cassetti-frensy-florence-44x52x63-cm-top-olmo-struttura\/","name":"Cassettiera 3 cassetti Frensy Florence 44x52x63 cm top olmo - struttura - Ecox Shop","isPartOf":{"@id":"https:\/\/ecoxshop.ch\/#website"},"datePublished":"2025-03-06T13:05:09+00:00","dateModified":"2025-03-07T14:16:12+00:00","breadcrumb":{"@id":"https:\/\/ecoxshop.ch\/en\/product\/cassettiera-3-cassetti-frensy-florence-44x52x63-cm-top-olmo-struttura\/#breadcrumb"},"inLanguage":"it-IT","potentialAction":[{"@type":"ReadAction","target":["https:\/\/ecoxshop.ch\/en\/product\/cassettiera-3-cassetti-frensy-florence-44x52x63-cm-top-olmo-struttura\/"]}]},{"@type":"BreadcrumbList","@id":"https:\/\/ecoxshop.ch\/en\/product\/cassettiera-3-cassetti-frensy-florence-44x52x63-cm-top-olmo-struttura\/#breadcrumb","itemListElement":[{"@type":"ListItem","position":1,"name":"Home","item":"https:\/\/ecoxshop.ch\/it\/"},{"@type":"ListItem","position":2,"name":"Shop","item":"https:\/\/ecoxshop.ch\/it\/shop\/"},{"@type":"ListItem","position":3,"name":"Cassettiera 3 cassetti Frensy Florence 44x52x63 cm top olmo &#8211; struttura"}]},{"@type":"WebSite","@id":"https:\/\/ecoxshop.ch\/#website","url":"https:\/\/ecoxshop.ch\/","name":"Ecox Shop","description":"","publisher":{"@id":"https:\/\/ecoxshop.ch\/#organization"},"potentialAction":[{"@type":"SearchAction","target":{"@type":"EntryPoint","urlTemplate":"https:\/\/ecoxshop.ch\/?s={search_term_string}"},"query-input":"required name=search_term_string"}],"inLanguage":"it-IT"},{"@type":"Organization","@id":"https:\/\/ecoxshop.ch\/#organization","name":"Ecox Shop","url":"https:\/\/ecoxshop.ch\/","logo":{"@type":"ImageObject","inLanguage":"it-IT","@id":"https:\/\/ecoxshop.ch\/#\/schema\/logo\/image\/","url":"https:\/\/ecoxshop.ch\/wp-content\/uploads\/2023\/05\/logo-ecox.svg","contentUrl":"https:\/\/ecoxshop.ch\/wp-content\/uploads\/2023\/05\/logo-ecox.svg","width":304.6,"height":91.5,"caption":"Ecox Shop"},"image":{"@id":"https:\/\/ecoxshop.ch\/#\/schema\/logo\/image\/"}}]}},"_links":{"self":[{"href":"https:\/\/ecoxshop.ch\/it\/wp-json\/wp\/v3\/product\/22473"}],"collection":[{"href":"https:\/\/ecoxshop.ch\/it\/wp-json\/wp\/v3\/product"}],"about":[{"href":"https:\/\/ecoxshop.ch\/it\/wp-json\/wp\/v2\/types\/product"}],"wp:featuredmedia":[{"embeddable":true,"href":"https:\/\/ecoxshop.ch\/it\/wp-json\/wp\/v2\/media\/22474"}],"wp:attachment":[{"href":"https:\/\/ecoxshop.ch\/it\/wp-json\/wp\/v2\/media?parent=22473"}],"wp:term":[{"taxonomy":"product_cat","embeddable":true,"href":"https:\/\/ecoxshop.ch\/it\/wp-json\/wp\/v2\/product_cat?post=22473"},{"taxonomy":"product_tag","embeddable":true,"href":"https:\/\/ecoxshop.ch\/it\/wp-json\/wp\/v2\/product_tag?post=22473"}],"curies":[{"name":"wp","href":"https:\/\/api.w.org\/{rel}","templated":true}]}}