{"id":21709,"date":"2025-03-06T13:55:19","date_gmt":"2025-03-06T12:55:19","guid":{"rendered":"https:\/\/ecoxshop.ch\/prodotto\/mobile-a-giorno-basso-singolo-top-nero-venato-frassino-83x43x814-cm-struttura\/"},"modified":"2025-03-07T15:14:40","modified_gmt":"2025-03-07T14:14:40","slug":"mobile-a-giorno-basso-singolo-top-nero-venato-frassino-83x43x814-cm-struttura","status":"publish","type":"product","link":"https:\/\/ecoxshop.ch\/it\/prodotto\/mobile-a-giorno-basso-singolo-top-nero-venato-frassino-83x43x814-cm-struttura\/","title":{"rendered":"Mobile a giorno basso singolo top nero venato frassino 83x43x81,4 cm struttura"},"content":{"rendered":"<p> Mobile a giorno basso singolo con un ripiano Flora. Stile e funzionalit\u00e0. Profili rigorosi. Forme decise e razionali. La linea direzionale Flora non passa inosservata e colpisce per l\u0092imponenza, la robustezza e l\u0092eleganza dei piani e dei fianchi scrivania. Il design della linea direzionale Flora unisce la tradizione all\u0092innovazione, rendendone possibile l\u0092allestimento sia in ambienti classici che moderni. <\/p>\n<p> Il prodotto \u00e8 allestito a giorno oppure \u00e8 completabile con ante dotate di serratura (opzionali, di 18 mm di spessore), ed \u00e8 realizzato in materiale bilaminato nobilitato melaminico. Top e fianchi di spessore 14 mm, antigraffio ed antiriflesso. Ripiani di spessore 25 mm regolabili in altezza con sistema di bloccaggio nella posizione desiderata. Rifiniti posteriormente in melaminico spessore 10 mm di colore grigio alluminio. Piedini livellabili dall\u0092interno. <\/p>\n<p> Dimensioni 83x43xH.81,4 cm, colore di top e fianchi nero venato frassino. Struttura interna di color grigio alluminio. Peso totale imballi 40 kg. Ante compatibili codice 115810 e 115816. <\/p>\n<p> Tutti i materiali utilizzati durante l&#8217;intero ciclo di produzione rispondono ai criteri imposti dalle normative vigenti. Artexport impiega nella lavorazione pannelli nobilitati in melaminico conformi alle norme UNI e EN classe E1 (Certificato CATAS, emissione di gas nocivi in caso di incendio). I pannelli sono certificati FSC e PEFC: sono ottenuti recuperando materiali legnosi di riciclo, con l&#8217;intento di contenere sia la produzione di rifiuti da discarica sia il fenomeno del disboscamento intensivo a fini industriali. Imballo a tutela dell&#8217;ambiente totalmente in cartone per un completo riciclo. Produzione interna certificata Iso 9001. <\/p>\n<p> Prodotto venduto in kit facilmente assemblabile dal cliente finale grazie alle intuitive istruzioni presenti in ogni imballo. Il processo di montaggio\/smontaggio \u00e8 reversibile e replicabile anche dal cliente, in maniera completamente autonoma. In caso di rottura di un singolo pezzo la modularit\u00e0 degli elementi ne consente la sostituzione senza dover ricorrere allo smaltimento dell\u0092intero prodotto. <\/p>\n","protected":false},"excerpt":{"rendered":"<p>Mobile a giorno basso singolo top nero venato frassino 83x43x81,4 cm struttura grigio alluminio Flora Artexport 930\/8<\/p>\n","protected":false},"featured_media":21710,"template":"","meta":[],"product_cat":[536],"product_tag":[],"yoast_head":"<!-- This site is optimized with the Yoast SEO plugin v20.7 - https:\/\/yoast.com\/wordpress\/plugins\/seo\/ -->\n<title>Mobile a giorno basso singolo top nero venato frassino 83x43x81,4 cm struttura - Ecox Shop<\/title>\n<meta name=\"robots\" content=\"index, follow, max-snippet:-1, max-image-preview:large, max-video-preview:-1\" \/>\n<link rel=\"canonical\" href=\"https:\/\/ecoxshop.ch\/it\/product\/mobile-a-giorno-basso-singolo-top-nero-venato-frassino-83x43x814-cm-struttura\/\" \/>\n<meta property=\"og:locale\" content=\"it_IT\" \/>\n<meta property=\"og:type\" content=\"article\" \/>\n<meta property=\"og:title\" content=\"Mobile a giorno basso singolo top nero venato frassino 83x43x81,4 cm struttura - Ecox Shop\" \/>\n<meta property=\"og:description\" content=\"Mobile a giorno basso singolo top nero venato frassino 83x43x81,4 cm struttura grigio alluminio Flora Artexport 930\/8\" \/>\n<meta property=\"og:url\" content=\"https:\/\/ecoxshop.ch\/it\/product\/mobile-a-giorno-basso-singolo-top-nero-venato-frassino-83x43x814-cm-struttura\/\" \/>\n<meta property=\"og:site_name\" content=\"Ecox Shop\" \/>\n<meta property=\"article:modified_time\" content=\"2025-03-07T14:14:40+00:00\" \/>\n<meta property=\"og:image\" content=\"https:\/\/ecoxshop.ch\/wp-content\/uploads\/2025\/03\/2090687.jpg\" \/>\n\t<meta property=\"og:image:width\" content=\"480\" \/>\n\t<meta property=\"og:image:height\" content=\"480\" \/>\n\t<meta property=\"og:image:type\" content=\"image\/jpeg\" \/>\n<meta name=\"twitter:card\" content=\"summary_large_image\" \/>\n<meta name=\"twitter:label1\" content=\"Tempo di lettura stimato\" \/>\n\t<meta name=\"twitter:data1\" content=\"1 minuto\" \/>\n<script type=\"application\/ld+json\" class=\"yoast-schema-graph\">{\"@context\":\"https:\/\/schema.org\",\"@graph\":[{\"@type\":\"WebPage\",\"@id\":\"https:\/\/ecoxshop.ch\/en\/product\/mobile-a-giorno-basso-singolo-top-nero-venato-frassino-83x43x814-cm-struttura\/\",\"url\":\"https:\/\/ecoxshop.ch\/en\/product\/mobile-a-giorno-basso-singolo-top-nero-venato-frassino-83x43x814-cm-struttura\/\",\"name\":\"Mobile a giorno basso singolo top nero venato frassino 83x43x81,4 cm struttura - Ecox Shop\",\"isPartOf\":{\"@id\":\"https:\/\/ecoxshop.ch\/#website\"},\"datePublished\":\"2025-03-06T12:55:19+00:00\",\"dateModified\":\"2025-03-07T14:14:40+00:00\",\"breadcrumb\":{\"@id\":\"https:\/\/ecoxshop.ch\/en\/product\/mobile-a-giorno-basso-singolo-top-nero-venato-frassino-83x43x814-cm-struttura\/#breadcrumb\"},\"inLanguage\":\"it-IT\",\"potentialAction\":[{\"@type\":\"ReadAction\",\"target\":[\"https:\/\/ecoxshop.ch\/en\/product\/mobile-a-giorno-basso-singolo-top-nero-venato-frassino-83x43x814-cm-struttura\/\"]}]},{\"@type\":\"BreadcrumbList\",\"@id\":\"https:\/\/ecoxshop.ch\/en\/product\/mobile-a-giorno-basso-singolo-top-nero-venato-frassino-83x43x814-cm-struttura\/#breadcrumb\",\"itemListElement\":[{\"@type\":\"ListItem\",\"position\":1,\"name\":\"Home\",\"item\":\"https:\/\/ecoxshop.ch\/it\/\"},{\"@type\":\"ListItem\",\"position\":2,\"name\":\"Shop\",\"item\":\"https:\/\/ecoxshop.ch\/it\/shop\/\"},{\"@type\":\"ListItem\",\"position\":3,\"name\":\"Mobile a giorno basso singolo top nero venato frassino 83x43x81,4 cm struttura\"}]},{\"@type\":\"WebSite\",\"@id\":\"https:\/\/ecoxshop.ch\/#website\",\"url\":\"https:\/\/ecoxshop.ch\/\",\"name\":\"Ecox Shop\",\"description\":\"\",\"publisher\":{\"@id\":\"https:\/\/ecoxshop.ch\/#organization\"},\"potentialAction\":[{\"@type\":\"SearchAction\",\"target\":{\"@type\":\"EntryPoint\",\"urlTemplate\":\"https:\/\/ecoxshop.ch\/?s={search_term_string}\"},\"query-input\":\"required name=search_term_string\"}],\"inLanguage\":\"it-IT\"},{\"@type\":\"Organization\",\"@id\":\"https:\/\/ecoxshop.ch\/#organization\",\"name\":\"Ecox Shop\",\"url\":\"https:\/\/ecoxshop.ch\/\",\"logo\":{\"@type\":\"ImageObject\",\"inLanguage\":\"it-IT\",\"@id\":\"https:\/\/ecoxshop.ch\/#\/schema\/logo\/image\/\",\"url\":\"https:\/\/ecoxshop.ch\/wp-content\/uploads\/2023\/05\/logo-ecox.svg\",\"contentUrl\":\"https:\/\/ecoxshop.ch\/wp-content\/uploads\/2023\/05\/logo-ecox.svg\",\"width\":304.6,\"height\":91.5,\"caption\":\"Ecox Shop\"},\"image\":{\"@id\":\"https:\/\/ecoxshop.ch\/#\/schema\/logo\/image\/\"}}]}<\/script>\n<!-- \/ Yoast SEO plugin. -->","yoast_head_json":{"title":"Mobile a giorno basso singolo top nero venato frassino 83x43x81,4 cm struttura - Ecox Shop","robots":{"index":"index","follow":"follow","max-snippet":"max-snippet:-1","max-image-preview":"max-image-preview:large","max-video-preview":"max-video-preview:-1"},"canonical":"https:\/\/ecoxshop.ch\/it\/product\/mobile-a-giorno-basso-singolo-top-nero-venato-frassino-83x43x814-cm-struttura\/","og_locale":"it_IT","og_type":"article","og_title":"Mobile a giorno basso singolo top nero venato frassino 83x43x81,4 cm struttura - Ecox Shop","og_description":"Mobile a giorno basso singolo top nero venato frassino 83x43x81,4 cm struttura grigio alluminio Flora Artexport 930\/8","og_url":"https:\/\/ecoxshop.ch\/it\/product\/mobile-a-giorno-basso-singolo-top-nero-venato-frassino-83x43x814-cm-struttura\/","og_site_name":"Ecox Shop","article_modified_time":"2025-03-07T14:14:40+00:00","og_image":[{"width":480,"height":480,"url":"https:\/\/ecoxshop.ch\/wp-content\/uploads\/2025\/03\/2090687.jpg","type":"image\/jpeg"}],"twitter_card":"summary_large_image","twitter_misc":{"Tempo di lettura stimato":"1 minuto"},"schema":{"@context":"https:\/\/schema.org","@graph":[{"@type":"WebPage","@id":"https:\/\/ecoxshop.ch\/en\/product\/mobile-a-giorno-basso-singolo-top-nero-venato-frassino-83x43x814-cm-struttura\/","url":"https:\/\/ecoxshop.ch\/en\/product\/mobile-a-giorno-basso-singolo-top-nero-venato-frassino-83x43x814-cm-struttura\/","name":"Mobile a giorno basso singolo top nero venato frassino 83x43x81,4 cm struttura - Ecox Shop","isPartOf":{"@id":"https:\/\/ecoxshop.ch\/#website"},"datePublished":"2025-03-06T12:55:19+00:00","dateModified":"2025-03-07T14:14:40+00:00","breadcrumb":{"@id":"https:\/\/ecoxshop.ch\/en\/product\/mobile-a-giorno-basso-singolo-top-nero-venato-frassino-83x43x814-cm-struttura\/#breadcrumb"},"inLanguage":"it-IT","potentialAction":[{"@type":"ReadAction","target":["https:\/\/ecoxshop.ch\/en\/product\/mobile-a-giorno-basso-singolo-top-nero-venato-frassino-83x43x814-cm-struttura\/"]}]},{"@type":"BreadcrumbList","@id":"https:\/\/ecoxshop.ch\/en\/product\/mobile-a-giorno-basso-singolo-top-nero-venato-frassino-83x43x814-cm-struttura\/#breadcrumb","itemListElement":[{"@type":"ListItem","position":1,"name":"Home","item":"https:\/\/ecoxshop.ch\/it\/"},{"@type":"ListItem","position":2,"name":"Shop","item":"https:\/\/ecoxshop.ch\/it\/shop\/"},{"@type":"ListItem","position":3,"name":"Mobile a giorno basso singolo top nero venato frassino 83x43x81,4 cm struttura"}]},{"@type":"WebSite","@id":"https:\/\/ecoxshop.ch\/#website","url":"https:\/\/ecoxshop.ch\/","name":"Ecox Shop","description":"","publisher":{"@id":"https:\/\/ecoxshop.ch\/#organization"},"potentialAction":[{"@type":"SearchAction","target":{"@type":"EntryPoint","urlTemplate":"https:\/\/ecoxshop.ch\/?s={search_term_string}"},"query-input":"required name=search_term_string"}],"inLanguage":"it-IT"},{"@type":"Organization","@id":"https:\/\/ecoxshop.ch\/#organization","name":"Ecox Shop","url":"https:\/\/ecoxshop.ch\/","logo":{"@type":"ImageObject","inLanguage":"it-IT","@id":"https:\/\/ecoxshop.ch\/#\/schema\/logo\/image\/","url":"https:\/\/ecoxshop.ch\/wp-content\/uploads\/2023\/05\/logo-ecox.svg","contentUrl":"https:\/\/ecoxshop.ch\/wp-content\/uploads\/2023\/05\/logo-ecox.svg","width":304.6,"height":91.5,"caption":"Ecox Shop"},"image":{"@id":"https:\/\/ecoxshop.ch\/#\/schema\/logo\/image\/"}}]}},"_links":{"self":[{"href":"https:\/\/ecoxshop.ch\/it\/wp-json\/wp\/v3\/product\/21709"}],"collection":[{"href":"https:\/\/ecoxshop.ch\/it\/wp-json\/wp\/v3\/product"}],"about":[{"href":"https:\/\/ecoxshop.ch\/it\/wp-json\/wp\/v2\/types\/product"}],"wp:featuredmedia":[{"embeddable":true,"href":"https:\/\/ecoxshop.ch\/it\/wp-json\/wp\/v2\/media\/21710"}],"wp:attachment":[{"href":"https:\/\/ecoxshop.ch\/it\/wp-json\/wp\/v2\/media?parent=21709"}],"wp:term":[{"taxonomy":"product_cat","embeddable":true,"href":"https:\/\/ecoxshop.ch\/it\/wp-json\/wp\/v2\/product_cat?post=21709"},{"taxonomy":"product_tag","embeddable":true,"href":"https:\/\/ecoxshop.ch\/it\/wp-json\/wp\/v2\/product_tag?post=21709"}],"curies":[{"name":"wp","href":"https:\/\/api.w.org\/{rel}","templated":true}]}}