{"id":21559,"date":"2025-03-06T13:53:19","date_gmt":"2025-03-06T12:53:19","guid":{"rendered":"https:\/\/ecoxshop.ch\/prodotto\/mobile-a-giorno-alto-bianco-80x35xh-180-cm-con-3-ripiani-regolabili\/"},"modified":"2025-03-07T15:14:23","modified_gmt":"2025-03-07T14:14:23","slug":"mobile-a-giorno-alto-bianco-80x35xh-180-cm-con-3-ripiani-regolabili","status":"publish","type":"product","link":"https:\/\/ecoxshop.ch\/it\/prodotto\/mobile-a-giorno-alto-bianco-80x35xh-180-cm-con-3-ripiani-regolabili\/","title":{"rendered":"Mobile a giorno alto bianco 80x35xH.180 cm con 3 ripiani regolabili"},"content":{"rendered":"<p> Mobile a giorno alto con tre ripiani Venere Plus, una linea economica ma caratterizzata da soluzioni tecniche di livello superiore. Una serie di componenti con dimensioni conformi alle normative sulla sicurezza dei posti di lavoro in ufficio. <\/p>\n<p> Il prodotto \u00e8 allestito a giorno oppure \u00e8 completabile con ante dotate di serratura (opzionali, di 18 mm di spessore), ed \u00e8 realizzato in materiale bilaminato nobilitato melaminico. Top di spessore 22 mm, antigraffio ed antiriflesso. Base e fianchi di spessore 18 mm, ripiani di spessore 18 mm regolabili in altezza con sistema di bloccaggio nella posizione desiderata. Una serie di mobili componibili per affiancamento e\/o sovrapposizione. Rifiniti posteriormente nello stesso colore della struttura (posteriore di spessore 10 mm) possono essere utilizzati come pareti divisorie all\u0092interno dell\u0092ambiente di lavoro. Piedini regolabili in altezza per un perfetto livellamento sul pavimento. <\/p>\n<p> Dimensioni 80x35xH.180 cm, colore bianco. Peso totale imballi 44 kg. Ante compatibili codice 115747. <\/p>\n<p> Tutti i materiali utilizzati durante l&#8217;intero ciclo di produzione rispondono ai criteri imposti dalle normative vigenti. Artexport impiega nella lavorazione pannelli nobilitati in melaminico conformi alle norme UNI e EN classe E1 (Certificato CATAS, emissione di gas nocivi in caso di incendio). I pannelli sono certificati FSC e PEFC: sono ottenuti recuperando materiali legnosi di riciclo, con l&#8217;intento di contenere sia la produzione di rifiuti da discarica sia il fenomeno del disboscamento intensivo a fini industriali. Imballo a tutela dell&#8217;ambiente totalmente in cartone per un completo riciclo. Produzione interna certificata Iso 9001. <\/p>\n<p> Prodotto venduto in kit facilmente assemblabile dal cliente finale grazie alle intuitive istruzioni presenti in ogni imballo. Il processo di montaggio\/smontaggio \u00e8 reversibile e replicabile anche dal cliente, in maniera completamente autonoma. In caso di rottura di un singolo pezzo la modularit\u00e0 degli elementi ne consente la sostituzione senza dover ricorrere allo smaltimento dell\u0092intero prodotto. <\/p>\n","protected":false},"excerpt":{"rendered":"<p>Mobile a giorno alto bianco 80x35xH.180 cm con 3 ripiani regolabili linea Presto Artexport &#8211; 038-39\/3<\/p>\n","protected":false},"featured_media":21560,"template":"","meta":[],"product_cat":[536],"product_tag":[],"yoast_head":"<!-- This site is optimized with the Yoast SEO plugin v20.7 - https:\/\/yoast.com\/wordpress\/plugins\/seo\/ -->\n<title>Mobile a giorno alto bianco 80x35xH.180 cm con 3 ripiani regolabili - Ecox Shop<\/title>\n<meta name=\"robots\" content=\"index, follow, max-snippet:-1, max-image-preview:large, max-video-preview:-1\" \/>\n<link rel=\"canonical\" href=\"https:\/\/ecoxshop.ch\/it\/prodotto\/mobile-a-giorno-alto-bianco-80x35xh-180-cm-con-3-ripiani-regolabili\/\" \/>\n<meta property=\"og:locale\" content=\"it_IT\" \/>\n<meta property=\"og:type\" content=\"article\" \/>\n<meta property=\"og:title\" content=\"Mobile a giorno alto bianco 80x35xH.180 cm con 3 ripiani regolabili - Ecox Shop\" \/>\n<meta property=\"og:description\" content=\"Mobile a giorno alto bianco 80x35xH.180 cm con 3 ripiani regolabili linea Presto Artexport - 038-39\/3\" \/>\n<meta property=\"og:url\" content=\"https:\/\/ecoxshop.ch\/it\/prodotto\/mobile-a-giorno-alto-bianco-80x35xh-180-cm-con-3-ripiani-regolabili\/\" \/>\n<meta property=\"og:site_name\" content=\"Ecox Shop\" \/>\n<meta property=\"article:modified_time\" content=\"2025-03-07T14:14:23+00:00\" \/>\n<meta property=\"og:image\" content=\"https:\/\/ecoxshop.ch\/wp-content\/uploads\/2025\/03\/2090862.jpg\" \/>\n\t<meta property=\"og:image:width\" content=\"480\" \/>\n\t<meta property=\"og:image:height\" content=\"480\" \/>\n\t<meta property=\"og:image:type\" content=\"image\/jpeg\" \/>\n<meta name=\"twitter:card\" content=\"summary_large_image\" \/>\n<meta name=\"twitter:label1\" content=\"Tempo di lettura stimato\" \/>\n\t<meta name=\"twitter:data1\" content=\"1 minuto\" \/>\n<script type=\"application\/ld+json\" class=\"yoast-schema-graph\">{\"@context\":\"https:\/\/schema.org\",\"@graph\":[{\"@type\":\"WebPage\",\"@id\":\"https:\/\/ecoxshop.ch\/it\/prodotto\/mobile-a-giorno-alto-bianco-80x35xh-180-cm-con-3-ripiani-regolabili\/\",\"url\":\"https:\/\/ecoxshop.ch\/it\/prodotto\/mobile-a-giorno-alto-bianco-80x35xh-180-cm-con-3-ripiani-regolabili\/\",\"name\":\"Mobile a giorno alto bianco 80x35xH.180 cm con 3 ripiani regolabili - Ecox Shop\",\"isPartOf\":{\"@id\":\"https:\/\/ecoxshop.ch\/#website\"},\"datePublished\":\"2025-03-06T12:53:19+00:00\",\"dateModified\":\"2025-03-07T14:14:23+00:00\",\"breadcrumb\":{\"@id\":\"https:\/\/ecoxshop.ch\/it\/prodotto\/mobile-a-giorno-alto-bianco-80x35xh-180-cm-con-3-ripiani-regolabili\/#breadcrumb\"},\"inLanguage\":\"it-IT\",\"potentialAction\":[{\"@type\":\"ReadAction\",\"target\":[\"https:\/\/ecoxshop.ch\/it\/prodotto\/mobile-a-giorno-alto-bianco-80x35xh-180-cm-con-3-ripiani-regolabili\/\"]}]},{\"@type\":\"BreadcrumbList\",\"@id\":\"https:\/\/ecoxshop.ch\/it\/prodotto\/mobile-a-giorno-alto-bianco-80x35xh-180-cm-con-3-ripiani-regolabili\/#breadcrumb\",\"itemListElement\":[{\"@type\":\"ListItem\",\"position\":1,\"name\":\"Home\",\"item\":\"https:\/\/ecoxshop.ch\/it\/\"},{\"@type\":\"ListItem\",\"position\":2,\"name\":\"Shop\",\"item\":\"https:\/\/ecoxshop.ch\/it\/shop\/\"},{\"@type\":\"ListItem\",\"position\":3,\"name\":\"Mobile a giorno alto bianco 80x35xH.180 cm con 3 ripiani regolabili\"}]},{\"@type\":\"WebSite\",\"@id\":\"https:\/\/ecoxshop.ch\/#website\",\"url\":\"https:\/\/ecoxshop.ch\/\",\"name\":\"Ecox Shop\",\"description\":\"\",\"publisher\":{\"@id\":\"https:\/\/ecoxshop.ch\/#organization\"},\"potentialAction\":[{\"@type\":\"SearchAction\",\"target\":{\"@type\":\"EntryPoint\",\"urlTemplate\":\"https:\/\/ecoxshop.ch\/?s={search_term_string}\"},\"query-input\":\"required name=search_term_string\"}],\"inLanguage\":\"it-IT\"},{\"@type\":\"Organization\",\"@id\":\"https:\/\/ecoxshop.ch\/#organization\",\"name\":\"Ecox Shop\",\"url\":\"https:\/\/ecoxshop.ch\/\",\"logo\":{\"@type\":\"ImageObject\",\"inLanguage\":\"it-IT\",\"@id\":\"https:\/\/ecoxshop.ch\/#\/schema\/logo\/image\/\",\"url\":\"https:\/\/ecoxshop.ch\/wp-content\/uploads\/2023\/05\/logo-ecox.svg\",\"contentUrl\":\"https:\/\/ecoxshop.ch\/wp-content\/uploads\/2023\/05\/logo-ecox.svg\",\"width\":304.6,\"height\":91.5,\"caption\":\"Ecox Shop\"},\"image\":{\"@id\":\"https:\/\/ecoxshop.ch\/#\/schema\/logo\/image\/\"}}]}<\/script>\n<!-- \/ Yoast SEO plugin. -->","yoast_head_json":{"title":"Mobile a giorno alto bianco 80x35xH.180 cm con 3 ripiani regolabili - Ecox Shop","robots":{"index":"index","follow":"follow","max-snippet":"max-snippet:-1","max-image-preview":"max-image-preview:large","max-video-preview":"max-video-preview:-1"},"canonical":"https:\/\/ecoxshop.ch\/it\/prodotto\/mobile-a-giorno-alto-bianco-80x35xh-180-cm-con-3-ripiani-regolabili\/","og_locale":"it_IT","og_type":"article","og_title":"Mobile a giorno alto bianco 80x35xH.180 cm con 3 ripiani regolabili - Ecox Shop","og_description":"Mobile a giorno alto bianco 80x35xH.180 cm con 3 ripiani regolabili linea Presto Artexport - 038-39\/3","og_url":"https:\/\/ecoxshop.ch\/it\/prodotto\/mobile-a-giorno-alto-bianco-80x35xh-180-cm-con-3-ripiani-regolabili\/","og_site_name":"Ecox Shop","article_modified_time":"2025-03-07T14:14:23+00:00","og_image":[{"width":480,"height":480,"url":"https:\/\/ecoxshop.ch\/wp-content\/uploads\/2025\/03\/2090862.jpg","type":"image\/jpeg"}],"twitter_card":"summary_large_image","twitter_misc":{"Tempo di lettura stimato":"1 minuto"},"schema":{"@context":"https:\/\/schema.org","@graph":[{"@type":"WebPage","@id":"https:\/\/ecoxshop.ch\/it\/prodotto\/mobile-a-giorno-alto-bianco-80x35xh-180-cm-con-3-ripiani-regolabili\/","url":"https:\/\/ecoxshop.ch\/it\/prodotto\/mobile-a-giorno-alto-bianco-80x35xh-180-cm-con-3-ripiani-regolabili\/","name":"Mobile a giorno alto bianco 80x35xH.180 cm con 3 ripiani regolabili - Ecox Shop","isPartOf":{"@id":"https:\/\/ecoxshop.ch\/#website"},"datePublished":"2025-03-06T12:53:19+00:00","dateModified":"2025-03-07T14:14:23+00:00","breadcrumb":{"@id":"https:\/\/ecoxshop.ch\/it\/prodotto\/mobile-a-giorno-alto-bianco-80x35xh-180-cm-con-3-ripiani-regolabili\/#breadcrumb"},"inLanguage":"it-IT","potentialAction":[{"@type":"ReadAction","target":["https:\/\/ecoxshop.ch\/it\/prodotto\/mobile-a-giorno-alto-bianco-80x35xh-180-cm-con-3-ripiani-regolabili\/"]}]},{"@type":"BreadcrumbList","@id":"https:\/\/ecoxshop.ch\/it\/prodotto\/mobile-a-giorno-alto-bianco-80x35xh-180-cm-con-3-ripiani-regolabili\/#breadcrumb","itemListElement":[{"@type":"ListItem","position":1,"name":"Home","item":"https:\/\/ecoxshop.ch\/it\/"},{"@type":"ListItem","position":2,"name":"Shop","item":"https:\/\/ecoxshop.ch\/it\/shop\/"},{"@type":"ListItem","position":3,"name":"Mobile a giorno alto bianco 80x35xH.180 cm con 3 ripiani regolabili"}]},{"@type":"WebSite","@id":"https:\/\/ecoxshop.ch\/#website","url":"https:\/\/ecoxshop.ch\/","name":"Ecox Shop","description":"","publisher":{"@id":"https:\/\/ecoxshop.ch\/#organization"},"potentialAction":[{"@type":"SearchAction","target":{"@type":"EntryPoint","urlTemplate":"https:\/\/ecoxshop.ch\/?s={search_term_string}"},"query-input":"required name=search_term_string"}],"inLanguage":"it-IT"},{"@type":"Organization","@id":"https:\/\/ecoxshop.ch\/#organization","name":"Ecox Shop","url":"https:\/\/ecoxshop.ch\/","logo":{"@type":"ImageObject","inLanguage":"it-IT","@id":"https:\/\/ecoxshop.ch\/#\/schema\/logo\/image\/","url":"https:\/\/ecoxshop.ch\/wp-content\/uploads\/2023\/05\/logo-ecox.svg","contentUrl":"https:\/\/ecoxshop.ch\/wp-content\/uploads\/2023\/05\/logo-ecox.svg","width":304.6,"height":91.5,"caption":"Ecox Shop"},"image":{"@id":"https:\/\/ecoxshop.ch\/#\/schema\/logo\/image\/"}}]}},"_links":{"self":[{"href":"https:\/\/ecoxshop.ch\/it\/wp-json\/wp\/v3\/product\/21559"}],"collection":[{"href":"https:\/\/ecoxshop.ch\/it\/wp-json\/wp\/v3\/product"}],"about":[{"href":"https:\/\/ecoxshop.ch\/it\/wp-json\/wp\/v2\/types\/product"}],"wp:featuredmedia":[{"embeddable":true,"href":"https:\/\/ecoxshop.ch\/it\/wp-json\/wp\/v2\/media\/21560"}],"wp:attachment":[{"href":"https:\/\/ecoxshop.ch\/it\/wp-json\/wp\/v2\/media?parent=21559"}],"wp:term":[{"taxonomy":"product_cat","embeddable":true,"href":"https:\/\/ecoxshop.ch\/it\/wp-json\/wp\/v2\/product_cat?post=21559"},{"taxonomy":"product_tag","embeddable":true,"href":"https:\/\/ecoxshop.ch\/it\/wp-json\/wp\/v2\/product_tag?post=21559"}],"curies":[{"name":"wp","href":"https:\/\/api.w.org\/{rel}","templated":true}]}}