{"id":16793,"date":"2025-03-06T12:51:50","date_gmt":"2025-03-06T11:51:50","guid":{"rendered":"https:\/\/ecoxshop.ch\/prodotto\/poltrona-direzionale-girevole-unisit-eridanus-erd-eco-smart-schienale-basso\/"},"modified":"2025-03-07T15:03:50","modified_gmt":"2025-03-07T14:03:50","slug":"poltrona-direzionale-girevole-unisit-eridanus-erd-eco-smart-schienale-basso","status":"publish","type":"product","link":"https:\/\/ecoxshop.ch\/it\/prodotto\/poltrona-direzionale-girevole-unisit-eridanus-erd-eco-smart-schienale-basso\/","title":{"rendered":"Poltrona direzionale girevole Unisit Eridanus ERD Eco Smart schienale basso &#8211;"},"content":{"rendered":"<p>Poltrona direzionale girevole Eridanus ERD Eco Smart, schienale basso, regolazione altezza a gas, meccanismo oscillante con blocchi. Braccioli inclusi nella confezione per una maggiore comodit\u00e0 nella seduta, Ruote incluse per un maggior confort nei piccoli spostamenti. Eridanus \u00e8 una linea di poltrone dal design sobrio ma dinamico, che si integra perfettamente in ogni moderno arredamento. <\/p>\n<p>Rivestimento in vera pelle smerigliata di colore nero. Struttura di colore nero<\/p>\n<p>Misure Altezza Totale 98-108 cm, Altezza Seduta 49-59 cm, Altezza Schienale 52 cm, Profondit\u00e0 seduta 47 cm, Larghezza Seduta 51 cm, Larghezza Schienale 48 cm. Braccioli inclusi. <\/p>\n<p>Montare questa sedia \u00e8 semplice e immediato grazie alle istruzioni allegate al prodotto. Per una corretta pulizia della seduta \u00e8 sufficiente utilizzare un panno umido e un detersivo poco concentrato. Le macchie leggere si possono eliminare con un detergente per tessuti, con una spugna inumidita in acqua o in una soluzione di acqua e sapone. <\/p>\n<p>Le linee direzionali Eco Smart sono destinate a chi presta attenzione alla qualit\u00e0 non trascurando per\u00f2 la componente economica del prodotto. Anche la famiglia Direzionali Eco Smart \u00e8 realizzata artigianalmente negli stabilimenti Unisit in Italia. <\/p>\n","protected":false},"excerpt":{"rendered":"<p>Poltrona direzionale girevole Unisit Eridanus ERD Eco Smart schienale basso &#8211; rivestimento pelle nero &#8211; ERD\/PN<\/p>\n","protected":false},"featured_media":16794,"template":"","meta":[],"product_cat":[495],"product_tag":[],"yoast_head":"<!-- This site is optimized with the Yoast SEO plugin v20.7 - https:\/\/yoast.com\/wordpress\/plugins\/seo\/ -->\n<title>Poltrona direzionale girevole Unisit Eridanus ERD Eco Smart schienale basso - Ecox Shop<\/title>\n<meta name=\"robots\" content=\"index, follow, max-snippet:-1, max-image-preview:large, max-video-preview:-1\" \/>\n<link rel=\"canonical\" href=\"https:\/\/ecoxshop.ch\/it\/prodotto\/poltrona-direzionale-girevole-unisit-eridanus-erd-eco-smart-schienale-basso\/\" \/>\n<meta property=\"og:locale\" content=\"it_IT\" \/>\n<meta property=\"og:type\" content=\"article\" \/>\n<meta property=\"og:title\" content=\"Poltrona direzionale girevole Unisit Eridanus ERD Eco Smart schienale basso - Ecox Shop\" \/>\n<meta property=\"og:description\" content=\"Poltrona direzionale girevole Unisit Eridanus ERD Eco Smart schienale basso - rivestimento pelle nero - ERD\/PN\" \/>\n<meta property=\"og:url\" content=\"https:\/\/ecoxshop.ch\/it\/prodotto\/poltrona-direzionale-girevole-unisit-eridanus-erd-eco-smart-schienale-basso\/\" \/>\n<meta property=\"og:site_name\" content=\"Ecox Shop\" \/>\n<meta property=\"article:modified_time\" content=\"2025-03-07T14:03:50+00:00\" \/>\n<meta property=\"og:image\" content=\"https:\/\/ecoxshop.ch\/wp-content\/uploads\/2025\/03\/1918995.jpg\" \/>\n\t<meta property=\"og:image:width\" content=\"480\" \/>\n\t<meta property=\"og:image:height\" content=\"480\" \/>\n\t<meta property=\"og:image:type\" content=\"image\/jpeg\" \/>\n<meta name=\"twitter:card\" content=\"summary_large_image\" \/>\n<meta name=\"twitter:label1\" content=\"Tempo di lettura stimato\" \/>\n\t<meta name=\"twitter:data1\" content=\"1 minuto\" \/>\n<script type=\"application\/ld+json\" class=\"yoast-schema-graph\">{\"@context\":\"https:\/\/schema.org\",\"@graph\":[{\"@type\":\"WebPage\",\"@id\":\"https:\/\/ecoxshop.ch\/it\/prodotto\/poltrona-direzionale-girevole-unisit-eridanus-erd-eco-smart-schienale-basso\/\",\"url\":\"https:\/\/ecoxshop.ch\/it\/prodotto\/poltrona-direzionale-girevole-unisit-eridanus-erd-eco-smart-schienale-basso\/\",\"name\":\"Poltrona direzionale girevole Unisit Eridanus ERD Eco Smart schienale basso - Ecox Shop\",\"isPartOf\":{\"@id\":\"https:\/\/ecoxshop.ch\/#website\"},\"datePublished\":\"2025-03-06T11:51:50+00:00\",\"dateModified\":\"2025-03-07T14:03:50+00:00\",\"breadcrumb\":{\"@id\":\"https:\/\/ecoxshop.ch\/it\/prodotto\/poltrona-direzionale-girevole-unisit-eridanus-erd-eco-smart-schienale-basso\/#breadcrumb\"},\"inLanguage\":\"it-IT\",\"potentialAction\":[{\"@type\":\"ReadAction\",\"target\":[\"https:\/\/ecoxshop.ch\/it\/prodotto\/poltrona-direzionale-girevole-unisit-eridanus-erd-eco-smart-schienale-basso\/\"]}]},{\"@type\":\"BreadcrumbList\",\"@id\":\"https:\/\/ecoxshop.ch\/it\/prodotto\/poltrona-direzionale-girevole-unisit-eridanus-erd-eco-smart-schienale-basso\/#breadcrumb\",\"itemListElement\":[{\"@type\":\"ListItem\",\"position\":1,\"name\":\"Home\",\"item\":\"https:\/\/ecoxshop.ch\/it\/\"},{\"@type\":\"ListItem\",\"position\":2,\"name\":\"Shop\",\"item\":\"https:\/\/ecoxshop.ch\/it\/shop\/\"},{\"@type\":\"ListItem\",\"position\":3,\"name\":\"Poltrona direzionale girevole Unisit Eridanus ERD Eco Smart schienale basso &#8211;\"}]},{\"@type\":\"WebSite\",\"@id\":\"https:\/\/ecoxshop.ch\/#website\",\"url\":\"https:\/\/ecoxshop.ch\/\",\"name\":\"Ecox Shop\",\"description\":\"\",\"publisher\":{\"@id\":\"https:\/\/ecoxshop.ch\/#organization\"},\"potentialAction\":[{\"@type\":\"SearchAction\",\"target\":{\"@type\":\"EntryPoint\",\"urlTemplate\":\"https:\/\/ecoxshop.ch\/?s={search_term_string}\"},\"query-input\":\"required name=search_term_string\"}],\"inLanguage\":\"it-IT\"},{\"@type\":\"Organization\",\"@id\":\"https:\/\/ecoxshop.ch\/#organization\",\"name\":\"Ecox Shop\",\"url\":\"https:\/\/ecoxshop.ch\/\",\"logo\":{\"@type\":\"ImageObject\",\"inLanguage\":\"it-IT\",\"@id\":\"https:\/\/ecoxshop.ch\/#\/schema\/logo\/image\/\",\"url\":\"https:\/\/ecoxshop.ch\/wp-content\/uploads\/2023\/05\/logo-ecox.svg\",\"contentUrl\":\"https:\/\/ecoxshop.ch\/wp-content\/uploads\/2023\/05\/logo-ecox.svg\",\"width\":304.6,\"height\":91.5,\"caption\":\"Ecox Shop\"},\"image\":{\"@id\":\"https:\/\/ecoxshop.ch\/#\/schema\/logo\/image\/\"}}]}<\/script>\n<!-- \/ Yoast SEO plugin. -->","yoast_head_json":{"title":"Poltrona direzionale girevole Unisit Eridanus ERD Eco Smart schienale basso - Ecox Shop","robots":{"index":"index","follow":"follow","max-snippet":"max-snippet:-1","max-image-preview":"max-image-preview:large","max-video-preview":"max-video-preview:-1"},"canonical":"https:\/\/ecoxshop.ch\/it\/prodotto\/poltrona-direzionale-girevole-unisit-eridanus-erd-eco-smart-schienale-basso\/","og_locale":"it_IT","og_type":"article","og_title":"Poltrona direzionale girevole Unisit Eridanus ERD Eco Smart schienale basso - Ecox Shop","og_description":"Poltrona direzionale girevole Unisit Eridanus ERD Eco Smart schienale basso - rivestimento pelle nero - ERD\/PN","og_url":"https:\/\/ecoxshop.ch\/it\/prodotto\/poltrona-direzionale-girevole-unisit-eridanus-erd-eco-smart-schienale-basso\/","og_site_name":"Ecox Shop","article_modified_time":"2025-03-07T14:03:50+00:00","og_image":[{"width":480,"height":480,"url":"https:\/\/ecoxshop.ch\/wp-content\/uploads\/2025\/03\/1918995.jpg","type":"image\/jpeg"}],"twitter_card":"summary_large_image","twitter_misc":{"Tempo di lettura stimato":"1 minuto"},"schema":{"@context":"https:\/\/schema.org","@graph":[{"@type":"WebPage","@id":"https:\/\/ecoxshop.ch\/it\/prodotto\/poltrona-direzionale-girevole-unisit-eridanus-erd-eco-smart-schienale-basso\/","url":"https:\/\/ecoxshop.ch\/it\/prodotto\/poltrona-direzionale-girevole-unisit-eridanus-erd-eco-smart-schienale-basso\/","name":"Poltrona direzionale girevole Unisit Eridanus ERD Eco Smart schienale basso - Ecox Shop","isPartOf":{"@id":"https:\/\/ecoxshop.ch\/#website"},"datePublished":"2025-03-06T11:51:50+00:00","dateModified":"2025-03-07T14:03:50+00:00","breadcrumb":{"@id":"https:\/\/ecoxshop.ch\/it\/prodotto\/poltrona-direzionale-girevole-unisit-eridanus-erd-eco-smart-schienale-basso\/#breadcrumb"},"inLanguage":"it-IT","potentialAction":[{"@type":"ReadAction","target":["https:\/\/ecoxshop.ch\/it\/prodotto\/poltrona-direzionale-girevole-unisit-eridanus-erd-eco-smart-schienale-basso\/"]}]},{"@type":"BreadcrumbList","@id":"https:\/\/ecoxshop.ch\/it\/prodotto\/poltrona-direzionale-girevole-unisit-eridanus-erd-eco-smart-schienale-basso\/#breadcrumb","itemListElement":[{"@type":"ListItem","position":1,"name":"Home","item":"https:\/\/ecoxshop.ch\/it\/"},{"@type":"ListItem","position":2,"name":"Shop","item":"https:\/\/ecoxshop.ch\/it\/shop\/"},{"@type":"ListItem","position":3,"name":"Poltrona direzionale girevole Unisit Eridanus ERD Eco Smart schienale basso &#8211;"}]},{"@type":"WebSite","@id":"https:\/\/ecoxshop.ch\/#website","url":"https:\/\/ecoxshop.ch\/","name":"Ecox Shop","description":"","publisher":{"@id":"https:\/\/ecoxshop.ch\/#organization"},"potentialAction":[{"@type":"SearchAction","target":{"@type":"EntryPoint","urlTemplate":"https:\/\/ecoxshop.ch\/?s={search_term_string}"},"query-input":"required name=search_term_string"}],"inLanguage":"it-IT"},{"@type":"Organization","@id":"https:\/\/ecoxshop.ch\/#organization","name":"Ecox Shop","url":"https:\/\/ecoxshop.ch\/","logo":{"@type":"ImageObject","inLanguage":"it-IT","@id":"https:\/\/ecoxshop.ch\/#\/schema\/logo\/image\/","url":"https:\/\/ecoxshop.ch\/wp-content\/uploads\/2023\/05\/logo-ecox.svg","contentUrl":"https:\/\/ecoxshop.ch\/wp-content\/uploads\/2023\/05\/logo-ecox.svg","width":304.6,"height":91.5,"caption":"Ecox Shop"},"image":{"@id":"https:\/\/ecoxshop.ch\/#\/schema\/logo\/image\/"}}]}},"_links":{"self":[{"href":"https:\/\/ecoxshop.ch\/it\/wp-json\/wp\/v3\/product\/16793"}],"collection":[{"href":"https:\/\/ecoxshop.ch\/it\/wp-json\/wp\/v3\/product"}],"about":[{"href":"https:\/\/ecoxshop.ch\/it\/wp-json\/wp\/v2\/types\/product"}],"wp:featuredmedia":[{"embeddable":true,"href":"https:\/\/ecoxshop.ch\/it\/wp-json\/wp\/v2\/media\/16794"}],"wp:attachment":[{"href":"https:\/\/ecoxshop.ch\/it\/wp-json\/wp\/v2\/media?parent=16793"}],"wp:term":[{"taxonomy":"product_cat","embeddable":true,"href":"https:\/\/ecoxshop.ch\/it\/wp-json\/wp\/v2\/product_cat?post=16793"},{"taxonomy":"product_tag","embeddable":true,"href":"https:\/\/ecoxshop.ch\/it\/wp-json\/wp\/v2\/product_tag?post=16793"}],"curies":[{"name":"wp","href":"https:\/\/api.w.org\/{rel}","templated":true}]}}