{"id":15850,"date":"2025-03-06T12:38:38","date_gmt":"2025-03-06T11:38:38","guid":{"rendered":"https:\/\/ecoxshop.ch\/prodotto\/mouse-wireless-kensington-pro-fit-medie-dimensioni-rosso\/"},"modified":"2025-03-07T15:01:32","modified_gmt":"2025-03-07T14:01:32","slug":"mouse-wireless-kensington-pro-fit-medie-dimensioni-rosso","status":"publish","type":"product","link":"https:\/\/ecoxshop.ch\/it\/prodotto\/mouse-wireless-kensington-pro-fit-medie-dimensioni-rosso\/","title":{"rendered":"Mouse wireless Kensington Pro Fit medie dimensioni rosso"},"content":{"rendered":"<p>Abbiamo progettato un mouse non soltanto perfettamente ergonomico, ma che soddisfi anche le esigenze di stile. La linea ergonomica per destrorsi offre il massimo comfort anche in caso di utilizzo prolungato e, per il piacere degli occhi, offriamo una scelta tra quattro diversi colori. Il mouse wireless Pro Fit\u00ae di medie dimensioni \u00e8 progettato per offrire un servizio affidabile per anni supportato da una garanzia limitata a vita. Perfetto sia per utenti che lavorano in ufficio sia per quelli mobili, il mouse wireless Pro Fit\u00ae di medie dimensioni dispone di un nanoricevitore che opera a 2,4 GHz per ridurre le interferenze in uffici affollati. Il ricevitore \u00e8 cos\u00ec piccolo che pu\u00f2 essere lasciato nel computer o inserito nel comparto integrato Pro Fit. Il mouse wireless Pro Fit\u00ae di medie dimensioni \u00e8 sufficientemente grande per la tua mano, ma abbastanza piccolo per essere facilmente trasportato nella borsa da viaggio. Indipendentemente da dove lavori, il sensore ottico ad alta definizione offre un controllo affidabile con elevata capacit\u00e0 di risposta su un&#8217;ampia gamma di superfici. Funziona fino a 12 mesi con 2 batterie AAA incluse. Le pi\u00f9 importanti caratteristiche richieste in un ufficio sono il comfort e l&#8217;affidabilit\u00e0. E il mouse wireless Pro Fit\u00ae di medie dimensioni di Kensington le offre entrambe. Il design di medie dimensioni per i destrorsi offre un&#8217;eccezionale manovrabilit\u00e0, mentre la tecnologia wireless \u00e8 ideale per uffici affollati. Compatibile con PC e Mac. Colore: rosso.<\/p>\n","protected":false},"excerpt":{"rendered":"<p>Mouse wireless Kensington Pro Fit medie dimensioni rosso K72422WW<\/p>\n","protected":false},"featured_media":15851,"template":"","meta":[],"product_cat":[271],"product_tag":[],"yoast_head":"<!-- This site is optimized with the Yoast SEO plugin v20.7 - https:\/\/yoast.com\/wordpress\/plugins\/seo\/ -->\n<title>Mouse wireless Kensington Pro Fit medie dimensioni rosso - Ecox Shop<\/title>\n<meta name=\"robots\" content=\"index, follow, max-snippet:-1, max-image-preview:large, max-video-preview:-1\" \/>\n<link rel=\"canonical\" href=\"https:\/\/ecoxshop.ch\/it\/prodotto\/mouse-wireless-kensington-pro-fit-medie-dimensioni-rosso\/\" \/>\n<meta property=\"og:locale\" content=\"it_IT\" \/>\n<meta property=\"og:type\" content=\"article\" \/>\n<meta property=\"og:title\" content=\"Mouse wireless Kensington Pro Fit medie dimensioni rosso - Ecox Shop\" \/>\n<meta property=\"og:description\" content=\"Mouse wireless Kensington Pro Fit medie dimensioni rosso K72422WW\" \/>\n<meta property=\"og:url\" content=\"https:\/\/ecoxshop.ch\/it\/prodotto\/mouse-wireless-kensington-pro-fit-medie-dimensioni-rosso\/\" \/>\n<meta property=\"og:site_name\" content=\"Ecox Shop\" \/>\n<meta property=\"article:modified_time\" content=\"2025-03-07T14:01:32+00:00\" \/>\n<meta property=\"og:image\" content=\"https:\/\/ecoxshop.ch\/wp-content\/uploads\/2025\/03\/1914256.jpg\" \/>\n\t<meta property=\"og:image:width\" content=\"480\" \/>\n\t<meta property=\"og:image:height\" content=\"480\" \/>\n\t<meta property=\"og:image:type\" content=\"image\/jpeg\" \/>\n<meta name=\"twitter:card\" content=\"summary_large_image\" \/>\n<meta name=\"twitter:label1\" content=\"Tempo di lettura stimato\" \/>\n\t<meta name=\"twitter:data1\" content=\"1 minuto\" \/>\n<script type=\"application\/ld+json\" class=\"yoast-schema-graph\">{\"@context\":\"https:\/\/schema.org\",\"@graph\":[{\"@type\":\"WebPage\",\"@id\":\"https:\/\/ecoxshop.ch\/it\/prodotto\/mouse-wireless-kensington-pro-fit-medie-dimensioni-rosso\/\",\"url\":\"https:\/\/ecoxshop.ch\/it\/prodotto\/mouse-wireless-kensington-pro-fit-medie-dimensioni-rosso\/\",\"name\":\"Mouse wireless Kensington Pro Fit medie dimensioni rosso - Ecox Shop\",\"isPartOf\":{\"@id\":\"https:\/\/ecoxshop.ch\/#website\"},\"datePublished\":\"2025-03-06T11:38:38+00:00\",\"dateModified\":\"2025-03-07T14:01:32+00:00\",\"breadcrumb\":{\"@id\":\"https:\/\/ecoxshop.ch\/it\/prodotto\/mouse-wireless-kensington-pro-fit-medie-dimensioni-rosso\/#breadcrumb\"},\"inLanguage\":\"it-IT\",\"potentialAction\":[{\"@type\":\"ReadAction\",\"target\":[\"https:\/\/ecoxshop.ch\/it\/prodotto\/mouse-wireless-kensington-pro-fit-medie-dimensioni-rosso\/\"]}]},{\"@type\":\"BreadcrumbList\",\"@id\":\"https:\/\/ecoxshop.ch\/it\/prodotto\/mouse-wireless-kensington-pro-fit-medie-dimensioni-rosso\/#breadcrumb\",\"itemListElement\":[{\"@type\":\"ListItem\",\"position\":1,\"name\":\"Home\",\"item\":\"https:\/\/ecoxshop.ch\/it\/\"},{\"@type\":\"ListItem\",\"position\":2,\"name\":\"Shop\",\"item\":\"https:\/\/ecoxshop.ch\/it\/shop\/\"},{\"@type\":\"ListItem\",\"position\":3,\"name\":\"Mouse wireless Kensington Pro Fit medie dimensioni rosso\"}]},{\"@type\":\"WebSite\",\"@id\":\"https:\/\/ecoxshop.ch\/#website\",\"url\":\"https:\/\/ecoxshop.ch\/\",\"name\":\"Ecox Shop\",\"description\":\"\",\"publisher\":{\"@id\":\"https:\/\/ecoxshop.ch\/#organization\"},\"potentialAction\":[{\"@type\":\"SearchAction\",\"target\":{\"@type\":\"EntryPoint\",\"urlTemplate\":\"https:\/\/ecoxshop.ch\/?s={search_term_string}\"},\"query-input\":\"required name=search_term_string\"}],\"inLanguage\":\"it-IT\"},{\"@type\":\"Organization\",\"@id\":\"https:\/\/ecoxshop.ch\/#organization\",\"name\":\"Ecox Shop\",\"url\":\"https:\/\/ecoxshop.ch\/\",\"logo\":{\"@type\":\"ImageObject\",\"inLanguage\":\"it-IT\",\"@id\":\"https:\/\/ecoxshop.ch\/#\/schema\/logo\/image\/\",\"url\":\"https:\/\/ecoxshop.ch\/wp-content\/uploads\/2023\/05\/logo-ecox.svg\",\"contentUrl\":\"https:\/\/ecoxshop.ch\/wp-content\/uploads\/2023\/05\/logo-ecox.svg\",\"width\":304.6,\"height\":91.5,\"caption\":\"Ecox Shop\"},\"image\":{\"@id\":\"https:\/\/ecoxshop.ch\/#\/schema\/logo\/image\/\"}}]}<\/script>\n<!-- \/ Yoast SEO plugin. -->","yoast_head_json":{"title":"Mouse wireless Kensington Pro Fit medie dimensioni rosso - Ecox Shop","robots":{"index":"index","follow":"follow","max-snippet":"max-snippet:-1","max-image-preview":"max-image-preview:large","max-video-preview":"max-video-preview:-1"},"canonical":"https:\/\/ecoxshop.ch\/it\/prodotto\/mouse-wireless-kensington-pro-fit-medie-dimensioni-rosso\/","og_locale":"it_IT","og_type":"article","og_title":"Mouse wireless Kensington Pro Fit medie dimensioni rosso - Ecox Shop","og_description":"Mouse wireless Kensington Pro Fit medie dimensioni rosso K72422WW","og_url":"https:\/\/ecoxshop.ch\/it\/prodotto\/mouse-wireless-kensington-pro-fit-medie-dimensioni-rosso\/","og_site_name":"Ecox Shop","article_modified_time":"2025-03-07T14:01:32+00:00","og_image":[{"width":480,"height":480,"url":"https:\/\/ecoxshop.ch\/wp-content\/uploads\/2025\/03\/1914256.jpg","type":"image\/jpeg"}],"twitter_card":"summary_large_image","twitter_misc":{"Tempo di lettura stimato":"1 minuto"},"schema":{"@context":"https:\/\/schema.org","@graph":[{"@type":"WebPage","@id":"https:\/\/ecoxshop.ch\/it\/prodotto\/mouse-wireless-kensington-pro-fit-medie-dimensioni-rosso\/","url":"https:\/\/ecoxshop.ch\/it\/prodotto\/mouse-wireless-kensington-pro-fit-medie-dimensioni-rosso\/","name":"Mouse wireless Kensington Pro Fit medie dimensioni rosso - Ecox Shop","isPartOf":{"@id":"https:\/\/ecoxshop.ch\/#website"},"datePublished":"2025-03-06T11:38:38+00:00","dateModified":"2025-03-07T14:01:32+00:00","breadcrumb":{"@id":"https:\/\/ecoxshop.ch\/it\/prodotto\/mouse-wireless-kensington-pro-fit-medie-dimensioni-rosso\/#breadcrumb"},"inLanguage":"it-IT","potentialAction":[{"@type":"ReadAction","target":["https:\/\/ecoxshop.ch\/it\/prodotto\/mouse-wireless-kensington-pro-fit-medie-dimensioni-rosso\/"]}]},{"@type":"BreadcrumbList","@id":"https:\/\/ecoxshop.ch\/it\/prodotto\/mouse-wireless-kensington-pro-fit-medie-dimensioni-rosso\/#breadcrumb","itemListElement":[{"@type":"ListItem","position":1,"name":"Home","item":"https:\/\/ecoxshop.ch\/it\/"},{"@type":"ListItem","position":2,"name":"Shop","item":"https:\/\/ecoxshop.ch\/it\/shop\/"},{"@type":"ListItem","position":3,"name":"Mouse wireless Kensington Pro Fit medie dimensioni rosso"}]},{"@type":"WebSite","@id":"https:\/\/ecoxshop.ch\/#website","url":"https:\/\/ecoxshop.ch\/","name":"Ecox Shop","description":"","publisher":{"@id":"https:\/\/ecoxshop.ch\/#organization"},"potentialAction":[{"@type":"SearchAction","target":{"@type":"EntryPoint","urlTemplate":"https:\/\/ecoxshop.ch\/?s={search_term_string}"},"query-input":"required name=search_term_string"}],"inLanguage":"it-IT"},{"@type":"Organization","@id":"https:\/\/ecoxshop.ch\/#organization","name":"Ecox Shop","url":"https:\/\/ecoxshop.ch\/","logo":{"@type":"ImageObject","inLanguage":"it-IT","@id":"https:\/\/ecoxshop.ch\/#\/schema\/logo\/image\/","url":"https:\/\/ecoxshop.ch\/wp-content\/uploads\/2023\/05\/logo-ecox.svg","contentUrl":"https:\/\/ecoxshop.ch\/wp-content\/uploads\/2023\/05\/logo-ecox.svg","width":304.6,"height":91.5,"caption":"Ecox Shop"},"image":{"@id":"https:\/\/ecoxshop.ch\/#\/schema\/logo\/image\/"}}]}},"_links":{"self":[{"href":"https:\/\/ecoxshop.ch\/it\/wp-json\/wp\/v3\/product\/15850"}],"collection":[{"href":"https:\/\/ecoxshop.ch\/it\/wp-json\/wp\/v3\/product"}],"about":[{"href":"https:\/\/ecoxshop.ch\/it\/wp-json\/wp\/v2\/types\/product"}],"wp:featuredmedia":[{"embeddable":true,"href":"https:\/\/ecoxshop.ch\/it\/wp-json\/wp\/v2\/media\/15851"}],"wp:attachment":[{"href":"https:\/\/ecoxshop.ch\/it\/wp-json\/wp\/v2\/media?parent=15850"}],"wp:term":[{"taxonomy":"product_cat","embeddable":true,"href":"https:\/\/ecoxshop.ch\/it\/wp-json\/wp\/v2\/product_cat?post=15850"},{"taxonomy":"product_tag","embeddable":true,"href":"https:\/\/ecoxshop.ch\/it\/wp-json\/wp\/v2\/product_tag?post=15850"}],"curies":[{"name":"wp","href":"https:\/\/api.w.org\/{rel}","templated":true}]}}