{"id":15602,"date":"2025-03-06T12:35:15","date_gmt":"2025-03-06T11:35:15","guid":{"rendered":"https:\/\/ecoxshop.ch\/prodotto\/cucitrice-fino-a-15-fogli-leitz-5547-wow-viola-metallizzato\/"},"modified":"2025-03-07T15:01:07","modified_gmt":"2025-03-07T14:01:07","slug":"cucitrice-fino-a-15-fogli-leitz-5547-wow-viola-metallizzato","status":"publish","type":"product","link":"https:\/\/ecoxshop.ch\/it\/prodotto\/cucitrice-fino-a-15-fogli-leitz-5547-wow-viola-metallizzato\/","title":{"rendered":"Cucitrice fino a 15 fogli Leitz 5547 WOW viola metallizzato"},"content":{"rendered":"<p>Cucitrice a pinza a caricamento posteriore costruita interamente in metallo, affidabile e durevole. Il suo design ergonomico permette una comoda presa e consente di pinzare senza fatica anche un numero elevato di fogli. L\u0092estrema affidabilit\u00e0, l\u0092ergonomicit\u00e0, oltre alla brillantezza dei suoi colori metallizzati rendono questa cucitrice unica nel suo genere. Capacit\u00e0 15 fogli. Alta qualit\u00e0 e design moderno. Include 1000 punti nella confezione in box. Cuce a punto chiuso, indicatore ultimi 10 punti rimasti. Capacit\u00e0 di carica 150 punti. Tipo punto 6\/4. Garanzia 10 anni.  Colore: bianco metallizzato. In colori WOW che riflettono alla perfezione la tua personalit\u00e0. Adatte per uso in ufficio e a casa. Colore: viola metallizzato.<\/p>\n","protected":false},"excerpt":{"rendered":"<p>Cucitrice fino a 15 fogli Leitz 5547 WOW viola metallizzato 55472062<\/p>\n","protected":false},"featured_media":15603,"template":"","meta":[],"product_cat":[363],"product_tag":[],"yoast_head":"<!-- This site is optimized with the Yoast SEO plugin v20.7 - https:\/\/yoast.com\/wordpress\/plugins\/seo\/ -->\n<title>Cucitrice fino a 15 fogli Leitz 5547 WOW viola metallizzato - Ecox Shop<\/title>\n<meta name=\"robots\" content=\"index, follow, max-snippet:-1, max-image-preview:large, max-video-preview:-1\" \/>\n<link rel=\"canonical\" href=\"https:\/\/ecoxshop.ch\/it\/product\/cucitrice-fino-a-15-fogli-leitz-5547-wow-viola-metallizzato\/\" \/>\n<meta property=\"og:locale\" content=\"it_IT\" \/>\n<meta property=\"og:type\" content=\"article\" \/>\n<meta property=\"og:title\" content=\"Cucitrice fino a 15 fogli Leitz 5547 WOW viola metallizzato - Ecox Shop\" \/>\n<meta property=\"og:description\" content=\"Cucitrice fino a 15 fogli Leitz 5547 WOW viola metallizzato 55472062\" \/>\n<meta property=\"og:url\" content=\"https:\/\/ecoxshop.ch\/it\/product\/cucitrice-fino-a-15-fogli-leitz-5547-wow-viola-metallizzato\/\" \/>\n<meta property=\"og:site_name\" content=\"Ecox Shop\" \/>\n<meta property=\"article:modified_time\" content=\"2025-03-07T14:01:07+00:00\" \/>\n<meta property=\"og:image\" content=\"https:\/\/ecoxshop.ch\/wp-content\/uploads\/2025\/03\/1916087.jpg\" \/>\n\t<meta property=\"og:image:width\" content=\"480\" \/>\n\t<meta property=\"og:image:height\" content=\"480\" \/>\n\t<meta property=\"og:image:type\" content=\"image\/jpeg\" \/>\n<meta name=\"twitter:card\" content=\"summary_large_image\" \/>\n<meta name=\"twitter:label1\" content=\"Tempo di lettura stimato\" \/>\n\t<meta name=\"twitter:data1\" content=\"1 minuto\" \/>\n<script type=\"application\/ld+json\" class=\"yoast-schema-graph\">{\"@context\":\"https:\/\/schema.org\",\"@graph\":[{\"@type\":\"WebPage\",\"@id\":\"https:\/\/ecoxshop.ch\/en\/product\/cucitrice-fino-a-15-fogli-leitz-5547-wow-viola-metallizzato\/\",\"url\":\"https:\/\/ecoxshop.ch\/en\/product\/cucitrice-fino-a-15-fogli-leitz-5547-wow-viola-metallizzato\/\",\"name\":\"Cucitrice fino a 15 fogli Leitz 5547 WOW viola metallizzato - Ecox Shop\",\"isPartOf\":{\"@id\":\"https:\/\/ecoxshop.ch\/#website\"},\"datePublished\":\"2025-03-06T11:35:15+00:00\",\"dateModified\":\"2025-03-07T14:01:07+00:00\",\"breadcrumb\":{\"@id\":\"https:\/\/ecoxshop.ch\/en\/product\/cucitrice-fino-a-15-fogli-leitz-5547-wow-viola-metallizzato\/#breadcrumb\"},\"inLanguage\":\"it-IT\",\"potentialAction\":[{\"@type\":\"ReadAction\",\"target\":[\"https:\/\/ecoxshop.ch\/en\/product\/cucitrice-fino-a-15-fogli-leitz-5547-wow-viola-metallizzato\/\"]}]},{\"@type\":\"BreadcrumbList\",\"@id\":\"https:\/\/ecoxshop.ch\/en\/product\/cucitrice-fino-a-15-fogli-leitz-5547-wow-viola-metallizzato\/#breadcrumb\",\"itemListElement\":[{\"@type\":\"ListItem\",\"position\":1,\"name\":\"Home\",\"item\":\"https:\/\/ecoxshop.ch\/it\/\"},{\"@type\":\"ListItem\",\"position\":2,\"name\":\"Shop\",\"item\":\"https:\/\/ecoxshop.ch\/it\/shop\/\"},{\"@type\":\"ListItem\",\"position\":3,\"name\":\"Cucitrice fino a 15 fogli Leitz 5547 WOW viola metallizzato\"}]},{\"@type\":\"WebSite\",\"@id\":\"https:\/\/ecoxshop.ch\/#website\",\"url\":\"https:\/\/ecoxshop.ch\/\",\"name\":\"Ecox Shop\",\"description\":\"\",\"publisher\":{\"@id\":\"https:\/\/ecoxshop.ch\/#organization\"},\"potentialAction\":[{\"@type\":\"SearchAction\",\"target\":{\"@type\":\"EntryPoint\",\"urlTemplate\":\"https:\/\/ecoxshop.ch\/?s={search_term_string}\"},\"query-input\":\"required name=search_term_string\"}],\"inLanguage\":\"it-IT\"},{\"@type\":\"Organization\",\"@id\":\"https:\/\/ecoxshop.ch\/#organization\",\"name\":\"Ecox Shop\",\"url\":\"https:\/\/ecoxshop.ch\/\",\"logo\":{\"@type\":\"ImageObject\",\"inLanguage\":\"it-IT\",\"@id\":\"https:\/\/ecoxshop.ch\/#\/schema\/logo\/image\/\",\"url\":\"https:\/\/ecoxshop.ch\/wp-content\/uploads\/2023\/05\/logo-ecox.svg\",\"contentUrl\":\"https:\/\/ecoxshop.ch\/wp-content\/uploads\/2023\/05\/logo-ecox.svg\",\"width\":304.6,\"height\":91.5,\"caption\":\"Ecox Shop\"},\"image\":{\"@id\":\"https:\/\/ecoxshop.ch\/#\/schema\/logo\/image\/\"}}]}<\/script>\n<!-- \/ Yoast SEO plugin. -->","yoast_head_json":{"title":"Cucitrice fino a 15 fogli Leitz 5547 WOW viola metallizzato - Ecox Shop","robots":{"index":"index","follow":"follow","max-snippet":"max-snippet:-1","max-image-preview":"max-image-preview:large","max-video-preview":"max-video-preview:-1"},"canonical":"https:\/\/ecoxshop.ch\/it\/product\/cucitrice-fino-a-15-fogli-leitz-5547-wow-viola-metallizzato\/","og_locale":"it_IT","og_type":"article","og_title":"Cucitrice fino a 15 fogli Leitz 5547 WOW viola metallizzato - Ecox Shop","og_description":"Cucitrice fino a 15 fogli Leitz 5547 WOW viola metallizzato 55472062","og_url":"https:\/\/ecoxshop.ch\/it\/product\/cucitrice-fino-a-15-fogli-leitz-5547-wow-viola-metallizzato\/","og_site_name":"Ecox Shop","article_modified_time":"2025-03-07T14:01:07+00:00","og_image":[{"width":480,"height":480,"url":"https:\/\/ecoxshop.ch\/wp-content\/uploads\/2025\/03\/1916087.jpg","type":"image\/jpeg"}],"twitter_card":"summary_large_image","twitter_misc":{"Tempo di lettura stimato":"1 minuto"},"schema":{"@context":"https:\/\/schema.org","@graph":[{"@type":"WebPage","@id":"https:\/\/ecoxshop.ch\/en\/product\/cucitrice-fino-a-15-fogli-leitz-5547-wow-viola-metallizzato\/","url":"https:\/\/ecoxshop.ch\/en\/product\/cucitrice-fino-a-15-fogli-leitz-5547-wow-viola-metallizzato\/","name":"Cucitrice fino a 15 fogli Leitz 5547 WOW viola metallizzato - Ecox Shop","isPartOf":{"@id":"https:\/\/ecoxshop.ch\/#website"},"datePublished":"2025-03-06T11:35:15+00:00","dateModified":"2025-03-07T14:01:07+00:00","breadcrumb":{"@id":"https:\/\/ecoxshop.ch\/en\/product\/cucitrice-fino-a-15-fogli-leitz-5547-wow-viola-metallizzato\/#breadcrumb"},"inLanguage":"it-IT","potentialAction":[{"@type":"ReadAction","target":["https:\/\/ecoxshop.ch\/en\/product\/cucitrice-fino-a-15-fogli-leitz-5547-wow-viola-metallizzato\/"]}]},{"@type":"BreadcrumbList","@id":"https:\/\/ecoxshop.ch\/en\/product\/cucitrice-fino-a-15-fogli-leitz-5547-wow-viola-metallizzato\/#breadcrumb","itemListElement":[{"@type":"ListItem","position":1,"name":"Home","item":"https:\/\/ecoxshop.ch\/it\/"},{"@type":"ListItem","position":2,"name":"Shop","item":"https:\/\/ecoxshop.ch\/it\/shop\/"},{"@type":"ListItem","position":3,"name":"Cucitrice fino a 15 fogli Leitz 5547 WOW viola metallizzato"}]},{"@type":"WebSite","@id":"https:\/\/ecoxshop.ch\/#website","url":"https:\/\/ecoxshop.ch\/","name":"Ecox Shop","description":"","publisher":{"@id":"https:\/\/ecoxshop.ch\/#organization"},"potentialAction":[{"@type":"SearchAction","target":{"@type":"EntryPoint","urlTemplate":"https:\/\/ecoxshop.ch\/?s={search_term_string}"},"query-input":"required name=search_term_string"}],"inLanguage":"it-IT"},{"@type":"Organization","@id":"https:\/\/ecoxshop.ch\/#organization","name":"Ecox Shop","url":"https:\/\/ecoxshop.ch\/","logo":{"@type":"ImageObject","inLanguage":"it-IT","@id":"https:\/\/ecoxshop.ch\/#\/schema\/logo\/image\/","url":"https:\/\/ecoxshop.ch\/wp-content\/uploads\/2023\/05\/logo-ecox.svg","contentUrl":"https:\/\/ecoxshop.ch\/wp-content\/uploads\/2023\/05\/logo-ecox.svg","width":304.6,"height":91.5,"caption":"Ecox Shop"},"image":{"@id":"https:\/\/ecoxshop.ch\/#\/schema\/logo\/image\/"}}]}},"_links":{"self":[{"href":"https:\/\/ecoxshop.ch\/it\/wp-json\/wp\/v3\/product\/15602"}],"collection":[{"href":"https:\/\/ecoxshop.ch\/it\/wp-json\/wp\/v3\/product"}],"about":[{"href":"https:\/\/ecoxshop.ch\/it\/wp-json\/wp\/v2\/types\/product"}],"wp:featuredmedia":[{"embeddable":true,"href":"https:\/\/ecoxshop.ch\/it\/wp-json\/wp\/v2\/media\/15603"}],"wp:attachment":[{"href":"https:\/\/ecoxshop.ch\/it\/wp-json\/wp\/v2\/media?parent=15602"}],"wp:term":[{"taxonomy":"product_cat","embeddable":true,"href":"https:\/\/ecoxshop.ch\/it\/wp-json\/wp\/v2\/product_cat?post=15602"},{"taxonomy":"product_tag","embeddable":true,"href":"https:\/\/ecoxshop.ch\/it\/wp-json\/wp\/v2\/product_tag?post=15602"}],"curies":[{"name":"wp","href":"https:\/\/api.w.org\/{rel}","templated":true}]}}