{"id":14470,"date":"2025-03-06T12:19:12","date_gmt":"2025-03-06T11:19:12","guid":{"rendered":"https:\/\/ecoxshop.ch\/prodotto\/penna-a-sfera-a-scatto-bic-atlantis-soft-m-1-mm-blu\/"},"modified":"2025-03-07T14:59:18","modified_gmt":"2025-03-07T13:59:18","slug":"penna-a-sfera-a-scatto-bic-atlantis-soft-m-1-mm-blu","status":"publish","type":"product","link":"https:\/\/ecoxshop.ch\/it\/prodotto\/penna-a-sfera-a-scatto-bic-atlantis-soft-m-1-mm-blu\/","title":{"rendered":"Penna a sfera a scatto BIC Atlantis Soft M 1 mm blu"},"content":{"rendered":"<p>Grazie al suo costante desiderio di innovazione, BIC ha sviluppato un sistema di inchiostro X-Smooth anche per la penna a sfera BIC Atlantis Soft per una scrittura pi\u00f9 scorrevole. La punta della penna BIC Atlantis Soft scorre facilmente sulla pagina. La penna BIC Atlantis Soft \u00e8 dotata di una graziosa clip di metallo argentata che \u00e8 al contempo molto pratica da attaccare ai bloc-notes. A conferma della qualit\u00e0, questa penna a sfera \u00e8 fabbricata in uno degli stabilimenti BIC in Europa.<\/p>\n","protected":false},"excerpt":{"rendered":"<p>Penna a sfera a scatto BIC Atlantis Soft M 1 mm blu 9021322<\/p>\n","protected":false},"featured_media":14471,"template":"","meta":[],"product_cat":[341],"product_tag":[],"yoast_head":"<!-- This site is optimized with the Yoast SEO plugin v20.7 - https:\/\/yoast.com\/wordpress\/plugins\/seo\/ -->\n<title>Penna a sfera a scatto BIC Atlantis Soft M 1 mm blu - Ecox Shop<\/title>\n<meta name=\"robots\" content=\"index, follow, max-snippet:-1, max-image-preview:large, max-video-preview:-1\" \/>\n<link rel=\"canonical\" href=\"https:\/\/ecoxshop.ch\/it\/prodotto\/penna-a-sfera-a-scatto-bic-atlantis-soft-m-1-mm-blu\/\" \/>\n<meta property=\"og:locale\" content=\"it_IT\" \/>\n<meta property=\"og:type\" content=\"article\" \/>\n<meta property=\"og:title\" content=\"Penna a sfera a scatto BIC Atlantis Soft M 1 mm blu - Ecox Shop\" \/>\n<meta property=\"og:description\" content=\"Penna a sfera a scatto BIC Atlantis Soft M 1 mm blu 9021322\" \/>\n<meta property=\"og:url\" content=\"https:\/\/ecoxshop.ch\/it\/prodotto\/penna-a-sfera-a-scatto-bic-atlantis-soft-m-1-mm-blu\/\" \/>\n<meta property=\"og:site_name\" content=\"Ecox Shop\" \/>\n<meta property=\"article:modified_time\" content=\"2025-03-07T13:59:18+00:00\" \/>\n<meta property=\"og:image\" content=\"https:\/\/ecoxshop.ch\/wp-content\/uploads\/2025\/03\/1539302.jpg\" \/>\n\t<meta property=\"og:image:width\" content=\"480\" \/>\n\t<meta property=\"og:image:height\" content=\"480\" \/>\n\t<meta property=\"og:image:type\" content=\"image\/jpeg\" \/>\n<meta name=\"twitter:card\" content=\"summary_large_image\" \/>\n<script type=\"application\/ld+json\" class=\"yoast-schema-graph\">{\"@context\":\"https:\/\/schema.org\",\"@graph\":[{\"@type\":\"WebPage\",\"@id\":\"https:\/\/ecoxshop.ch\/it\/prodotto\/penna-a-sfera-a-scatto-bic-atlantis-soft-m-1-mm-blu\/\",\"url\":\"https:\/\/ecoxshop.ch\/it\/prodotto\/penna-a-sfera-a-scatto-bic-atlantis-soft-m-1-mm-blu\/\",\"name\":\"Penna a sfera a scatto BIC Atlantis Soft M 1 mm blu - Ecox Shop\",\"isPartOf\":{\"@id\":\"https:\/\/ecoxshop.ch\/#website\"},\"datePublished\":\"2025-03-06T11:19:12+00:00\",\"dateModified\":\"2025-03-07T13:59:18+00:00\",\"breadcrumb\":{\"@id\":\"https:\/\/ecoxshop.ch\/it\/prodotto\/penna-a-sfera-a-scatto-bic-atlantis-soft-m-1-mm-blu\/#breadcrumb\"},\"inLanguage\":\"it-IT\",\"potentialAction\":[{\"@type\":\"ReadAction\",\"target\":[\"https:\/\/ecoxshop.ch\/it\/prodotto\/penna-a-sfera-a-scatto-bic-atlantis-soft-m-1-mm-blu\/\"]}]},{\"@type\":\"BreadcrumbList\",\"@id\":\"https:\/\/ecoxshop.ch\/it\/prodotto\/penna-a-sfera-a-scatto-bic-atlantis-soft-m-1-mm-blu\/#breadcrumb\",\"itemListElement\":[{\"@type\":\"ListItem\",\"position\":1,\"name\":\"Home\",\"item\":\"https:\/\/ecoxshop.ch\/it\/\"},{\"@type\":\"ListItem\",\"position\":2,\"name\":\"Shop\",\"item\":\"https:\/\/ecoxshop.ch\/it\/shop\/\"},{\"@type\":\"ListItem\",\"position\":3,\"name\":\"Penna a sfera a scatto BIC Atlantis Soft M 1 mm blu\"}]},{\"@type\":\"WebSite\",\"@id\":\"https:\/\/ecoxshop.ch\/#website\",\"url\":\"https:\/\/ecoxshop.ch\/\",\"name\":\"Ecox Shop\",\"description\":\"\",\"publisher\":{\"@id\":\"https:\/\/ecoxshop.ch\/#organization\"},\"potentialAction\":[{\"@type\":\"SearchAction\",\"target\":{\"@type\":\"EntryPoint\",\"urlTemplate\":\"https:\/\/ecoxshop.ch\/?s={search_term_string}\"},\"query-input\":\"required name=search_term_string\"}],\"inLanguage\":\"it-IT\"},{\"@type\":\"Organization\",\"@id\":\"https:\/\/ecoxshop.ch\/#organization\",\"name\":\"Ecox Shop\",\"url\":\"https:\/\/ecoxshop.ch\/\",\"logo\":{\"@type\":\"ImageObject\",\"inLanguage\":\"it-IT\",\"@id\":\"https:\/\/ecoxshop.ch\/#\/schema\/logo\/image\/\",\"url\":\"https:\/\/ecoxshop.ch\/wp-content\/uploads\/2023\/05\/logo-ecox.svg\",\"contentUrl\":\"https:\/\/ecoxshop.ch\/wp-content\/uploads\/2023\/05\/logo-ecox.svg\",\"width\":304.6,\"height\":91.5,\"caption\":\"Ecox Shop\"},\"image\":{\"@id\":\"https:\/\/ecoxshop.ch\/#\/schema\/logo\/image\/\"}}]}<\/script>\n<!-- \/ Yoast SEO plugin. -->","yoast_head_json":{"title":"Penna a sfera a scatto BIC Atlantis Soft M 1 mm blu - Ecox Shop","robots":{"index":"index","follow":"follow","max-snippet":"max-snippet:-1","max-image-preview":"max-image-preview:large","max-video-preview":"max-video-preview:-1"},"canonical":"https:\/\/ecoxshop.ch\/it\/prodotto\/penna-a-sfera-a-scatto-bic-atlantis-soft-m-1-mm-blu\/","og_locale":"it_IT","og_type":"article","og_title":"Penna a sfera a scatto BIC Atlantis Soft M 1 mm blu - Ecox Shop","og_description":"Penna a sfera a scatto BIC Atlantis Soft M 1 mm blu 9021322","og_url":"https:\/\/ecoxshop.ch\/it\/prodotto\/penna-a-sfera-a-scatto-bic-atlantis-soft-m-1-mm-blu\/","og_site_name":"Ecox Shop","article_modified_time":"2025-03-07T13:59:18+00:00","og_image":[{"width":480,"height":480,"url":"https:\/\/ecoxshop.ch\/wp-content\/uploads\/2025\/03\/1539302.jpg","type":"image\/jpeg"}],"twitter_card":"summary_large_image","schema":{"@context":"https:\/\/schema.org","@graph":[{"@type":"WebPage","@id":"https:\/\/ecoxshop.ch\/it\/prodotto\/penna-a-sfera-a-scatto-bic-atlantis-soft-m-1-mm-blu\/","url":"https:\/\/ecoxshop.ch\/it\/prodotto\/penna-a-sfera-a-scatto-bic-atlantis-soft-m-1-mm-blu\/","name":"Penna a sfera a scatto BIC Atlantis Soft M 1 mm blu - Ecox Shop","isPartOf":{"@id":"https:\/\/ecoxshop.ch\/#website"},"datePublished":"2025-03-06T11:19:12+00:00","dateModified":"2025-03-07T13:59:18+00:00","breadcrumb":{"@id":"https:\/\/ecoxshop.ch\/it\/prodotto\/penna-a-sfera-a-scatto-bic-atlantis-soft-m-1-mm-blu\/#breadcrumb"},"inLanguage":"it-IT","potentialAction":[{"@type":"ReadAction","target":["https:\/\/ecoxshop.ch\/it\/prodotto\/penna-a-sfera-a-scatto-bic-atlantis-soft-m-1-mm-blu\/"]}]},{"@type":"BreadcrumbList","@id":"https:\/\/ecoxshop.ch\/it\/prodotto\/penna-a-sfera-a-scatto-bic-atlantis-soft-m-1-mm-blu\/#breadcrumb","itemListElement":[{"@type":"ListItem","position":1,"name":"Home","item":"https:\/\/ecoxshop.ch\/it\/"},{"@type":"ListItem","position":2,"name":"Shop","item":"https:\/\/ecoxshop.ch\/it\/shop\/"},{"@type":"ListItem","position":3,"name":"Penna a sfera a scatto BIC Atlantis Soft M 1 mm blu"}]},{"@type":"WebSite","@id":"https:\/\/ecoxshop.ch\/#website","url":"https:\/\/ecoxshop.ch\/","name":"Ecox Shop","description":"","publisher":{"@id":"https:\/\/ecoxshop.ch\/#organization"},"potentialAction":[{"@type":"SearchAction","target":{"@type":"EntryPoint","urlTemplate":"https:\/\/ecoxshop.ch\/?s={search_term_string}"},"query-input":"required name=search_term_string"}],"inLanguage":"it-IT"},{"@type":"Organization","@id":"https:\/\/ecoxshop.ch\/#organization","name":"Ecox Shop","url":"https:\/\/ecoxshop.ch\/","logo":{"@type":"ImageObject","inLanguage":"it-IT","@id":"https:\/\/ecoxshop.ch\/#\/schema\/logo\/image\/","url":"https:\/\/ecoxshop.ch\/wp-content\/uploads\/2023\/05\/logo-ecox.svg","contentUrl":"https:\/\/ecoxshop.ch\/wp-content\/uploads\/2023\/05\/logo-ecox.svg","width":304.6,"height":91.5,"caption":"Ecox Shop"},"image":{"@id":"https:\/\/ecoxshop.ch\/#\/schema\/logo\/image\/"}}]}},"_links":{"self":[{"href":"https:\/\/ecoxshop.ch\/it\/wp-json\/wp\/v3\/product\/14470"}],"collection":[{"href":"https:\/\/ecoxshop.ch\/it\/wp-json\/wp\/v3\/product"}],"about":[{"href":"https:\/\/ecoxshop.ch\/it\/wp-json\/wp\/v2\/types\/product"}],"wp:featuredmedia":[{"embeddable":true,"href":"https:\/\/ecoxshop.ch\/it\/wp-json\/wp\/v2\/media\/14471"}],"wp:attachment":[{"href":"https:\/\/ecoxshop.ch\/it\/wp-json\/wp\/v2\/media?parent=14470"}],"wp:term":[{"taxonomy":"product_cat","embeddable":true,"href":"https:\/\/ecoxshop.ch\/it\/wp-json\/wp\/v2\/product_cat?post=14470"},{"taxonomy":"product_tag","embeddable":true,"href":"https:\/\/ecoxshop.ch\/it\/wp-json\/wp\/v2\/product_tag?post=14470"}],"curies":[{"name":"wp","href":"https:\/\/api.w.org\/{rel}","templated":true}]}}