{"id":14464,"date":"2025-03-06T12:19:07","date_gmt":"2025-03-06T11:19:07","guid":{"rendered":"https:\/\/ecoxshop.ch\/prodotto\/penna-a-sfera-a-scatto-bic-atlantis-classic-nf-m-1-m-nero\/"},"modified":"2025-03-07T14:59:18","modified_gmt":"2025-03-07T13:59:18","slug":"penna-a-sfera-a-scatto-bic-atlantis-classic-nf-m-1-m-nero","status":"publish","type":"product","link":"https:\/\/ecoxshop.ch\/it\/prodotto\/penna-a-sfera-a-scatto-bic-atlantis-classic-nf-m-1-m-nero\/","title":{"rendered":"Penna a sfera a scatto BIC Atlantis Classic NF M 1 m nero"},"content":{"rendered":"<p>La punta della penna a sfera BIC Atlantis fa scorrere l\u0092inchiostro sulla pagina in modo uniforme. E poich\u00e9 BIC \u00e8 costantemente alla ricerca dell\u0092equilibrio perfetto tra forma e funzionalit\u00e0, questa penna a sfera funziona a scatto ed \u00e8 dotata di un\u0092impugnatura confortevole. \u00c8 disponibile blu, nero, rosso con il corpo che richiama l\u0092inchiostro. I prodotti BIC sono fatti per durare: le cartucce d\u0092inchiostro blu e nero possono scrivere in media 1,8 km. \u00c8 certificata dal marchio di qualit\u00e0 ecologica NF. A conferma della qualit\u00e0, questo modello \u00e8 fabbricato negli stabilimenti del marchio in Europa.<\/p>\n","protected":false},"excerpt":{"rendered":"<p>Penna a sfera a scatto BIC Atlantis Classic NF M 1 m nero 8871321<\/p>\n","protected":false},"featured_media":14465,"template":"","meta":[],"product_cat":[341],"product_tag":[],"yoast_head":"<!-- This site is optimized with the Yoast SEO plugin v20.7 - https:\/\/yoast.com\/wordpress\/plugins\/seo\/ -->\n<title>Penna a sfera a scatto BIC Atlantis Classic NF M 1 m nero - Ecox Shop<\/title>\n<meta name=\"robots\" content=\"index, follow, max-snippet:-1, max-image-preview:large, max-video-preview:-1\" \/>\n<link rel=\"canonical\" href=\"https:\/\/ecoxshop.ch\/it\/product\/penna-a-sfera-a-scatto-bic-atlantis-classic-nf-m-1-m-nero\/\" \/>\n<meta property=\"og:locale\" content=\"it_IT\" \/>\n<meta property=\"og:type\" content=\"article\" \/>\n<meta property=\"og:title\" content=\"Penna a sfera a scatto BIC Atlantis Classic NF M 1 m nero - Ecox Shop\" \/>\n<meta property=\"og:description\" content=\"Penna a sfera a scatto BIC Atlantis Classic NF M 1 m nero 8871321\" \/>\n<meta property=\"og:url\" content=\"https:\/\/ecoxshop.ch\/it\/product\/penna-a-sfera-a-scatto-bic-atlantis-classic-nf-m-1-m-nero\/\" \/>\n<meta property=\"og:site_name\" content=\"Ecox Shop\" \/>\n<meta property=\"article:modified_time\" content=\"2025-03-07T13:59:18+00:00\" \/>\n<meta property=\"og:image\" content=\"https:\/\/ecoxshop.ch\/wp-content\/uploads\/2025\/03\/1444478.jpg\" \/>\n\t<meta property=\"og:image:width\" content=\"480\" \/>\n\t<meta property=\"og:image:height\" content=\"480\" \/>\n\t<meta property=\"og:image:type\" content=\"image\/jpeg\" \/>\n<meta name=\"twitter:card\" content=\"summary_large_image\" \/>\n<script type=\"application\/ld+json\" class=\"yoast-schema-graph\">{\"@context\":\"https:\/\/schema.org\",\"@graph\":[{\"@type\":\"WebPage\",\"@id\":\"https:\/\/ecoxshop.ch\/en\/product\/penna-a-sfera-a-scatto-bic-atlantis-classic-nf-m-1-m-nero\/\",\"url\":\"https:\/\/ecoxshop.ch\/en\/product\/penna-a-sfera-a-scatto-bic-atlantis-classic-nf-m-1-m-nero\/\",\"name\":\"Penna a sfera a scatto BIC Atlantis Classic NF M 1 m nero - Ecox Shop\",\"isPartOf\":{\"@id\":\"https:\/\/ecoxshop.ch\/#website\"},\"datePublished\":\"2025-03-06T11:19:07+00:00\",\"dateModified\":\"2025-03-07T13:59:18+00:00\",\"breadcrumb\":{\"@id\":\"https:\/\/ecoxshop.ch\/en\/product\/penna-a-sfera-a-scatto-bic-atlantis-classic-nf-m-1-m-nero\/#breadcrumb\"},\"inLanguage\":\"it-IT\",\"potentialAction\":[{\"@type\":\"ReadAction\",\"target\":[\"https:\/\/ecoxshop.ch\/en\/product\/penna-a-sfera-a-scatto-bic-atlantis-classic-nf-m-1-m-nero\/\"]}]},{\"@type\":\"BreadcrumbList\",\"@id\":\"https:\/\/ecoxshop.ch\/en\/product\/penna-a-sfera-a-scatto-bic-atlantis-classic-nf-m-1-m-nero\/#breadcrumb\",\"itemListElement\":[{\"@type\":\"ListItem\",\"position\":1,\"name\":\"Home\",\"item\":\"https:\/\/ecoxshop.ch\/it\/\"},{\"@type\":\"ListItem\",\"position\":2,\"name\":\"Shop\",\"item\":\"https:\/\/ecoxshop.ch\/it\/shop\/\"},{\"@type\":\"ListItem\",\"position\":3,\"name\":\"Penna a sfera a scatto BIC Atlantis Classic NF M 1 m nero\"}]},{\"@type\":\"WebSite\",\"@id\":\"https:\/\/ecoxshop.ch\/#website\",\"url\":\"https:\/\/ecoxshop.ch\/\",\"name\":\"Ecox Shop\",\"description\":\"\",\"publisher\":{\"@id\":\"https:\/\/ecoxshop.ch\/#organization\"},\"potentialAction\":[{\"@type\":\"SearchAction\",\"target\":{\"@type\":\"EntryPoint\",\"urlTemplate\":\"https:\/\/ecoxshop.ch\/?s={search_term_string}\"},\"query-input\":\"required name=search_term_string\"}],\"inLanguage\":\"it-IT\"},{\"@type\":\"Organization\",\"@id\":\"https:\/\/ecoxshop.ch\/#organization\",\"name\":\"Ecox Shop\",\"url\":\"https:\/\/ecoxshop.ch\/\",\"logo\":{\"@type\":\"ImageObject\",\"inLanguage\":\"it-IT\",\"@id\":\"https:\/\/ecoxshop.ch\/#\/schema\/logo\/image\/\",\"url\":\"https:\/\/ecoxshop.ch\/wp-content\/uploads\/2023\/05\/logo-ecox.svg\",\"contentUrl\":\"https:\/\/ecoxshop.ch\/wp-content\/uploads\/2023\/05\/logo-ecox.svg\",\"width\":304.6,\"height\":91.5,\"caption\":\"Ecox Shop\"},\"image\":{\"@id\":\"https:\/\/ecoxshop.ch\/#\/schema\/logo\/image\/\"}}]}<\/script>\n<!-- \/ Yoast SEO plugin. -->","yoast_head_json":{"title":"Penna a sfera a scatto BIC Atlantis Classic NF M 1 m nero - Ecox Shop","robots":{"index":"index","follow":"follow","max-snippet":"max-snippet:-1","max-image-preview":"max-image-preview:large","max-video-preview":"max-video-preview:-1"},"canonical":"https:\/\/ecoxshop.ch\/it\/product\/penna-a-sfera-a-scatto-bic-atlantis-classic-nf-m-1-m-nero\/","og_locale":"it_IT","og_type":"article","og_title":"Penna a sfera a scatto BIC Atlantis Classic NF M 1 m nero - Ecox Shop","og_description":"Penna a sfera a scatto BIC Atlantis Classic NF M 1 m nero 8871321","og_url":"https:\/\/ecoxshop.ch\/it\/product\/penna-a-sfera-a-scatto-bic-atlantis-classic-nf-m-1-m-nero\/","og_site_name":"Ecox Shop","article_modified_time":"2025-03-07T13:59:18+00:00","og_image":[{"width":480,"height":480,"url":"https:\/\/ecoxshop.ch\/wp-content\/uploads\/2025\/03\/1444478.jpg","type":"image\/jpeg"}],"twitter_card":"summary_large_image","schema":{"@context":"https:\/\/schema.org","@graph":[{"@type":"WebPage","@id":"https:\/\/ecoxshop.ch\/en\/product\/penna-a-sfera-a-scatto-bic-atlantis-classic-nf-m-1-m-nero\/","url":"https:\/\/ecoxshop.ch\/en\/product\/penna-a-sfera-a-scatto-bic-atlantis-classic-nf-m-1-m-nero\/","name":"Penna a sfera a scatto BIC Atlantis Classic NF M 1 m nero - Ecox Shop","isPartOf":{"@id":"https:\/\/ecoxshop.ch\/#website"},"datePublished":"2025-03-06T11:19:07+00:00","dateModified":"2025-03-07T13:59:18+00:00","breadcrumb":{"@id":"https:\/\/ecoxshop.ch\/en\/product\/penna-a-sfera-a-scatto-bic-atlantis-classic-nf-m-1-m-nero\/#breadcrumb"},"inLanguage":"it-IT","potentialAction":[{"@type":"ReadAction","target":["https:\/\/ecoxshop.ch\/en\/product\/penna-a-sfera-a-scatto-bic-atlantis-classic-nf-m-1-m-nero\/"]}]},{"@type":"BreadcrumbList","@id":"https:\/\/ecoxshop.ch\/en\/product\/penna-a-sfera-a-scatto-bic-atlantis-classic-nf-m-1-m-nero\/#breadcrumb","itemListElement":[{"@type":"ListItem","position":1,"name":"Home","item":"https:\/\/ecoxshop.ch\/it\/"},{"@type":"ListItem","position":2,"name":"Shop","item":"https:\/\/ecoxshop.ch\/it\/shop\/"},{"@type":"ListItem","position":3,"name":"Penna a sfera a scatto BIC Atlantis Classic NF M 1 m nero"}]},{"@type":"WebSite","@id":"https:\/\/ecoxshop.ch\/#website","url":"https:\/\/ecoxshop.ch\/","name":"Ecox Shop","description":"","publisher":{"@id":"https:\/\/ecoxshop.ch\/#organization"},"potentialAction":[{"@type":"SearchAction","target":{"@type":"EntryPoint","urlTemplate":"https:\/\/ecoxshop.ch\/?s={search_term_string}"},"query-input":"required name=search_term_string"}],"inLanguage":"it-IT"},{"@type":"Organization","@id":"https:\/\/ecoxshop.ch\/#organization","name":"Ecox Shop","url":"https:\/\/ecoxshop.ch\/","logo":{"@type":"ImageObject","inLanguage":"it-IT","@id":"https:\/\/ecoxshop.ch\/#\/schema\/logo\/image\/","url":"https:\/\/ecoxshop.ch\/wp-content\/uploads\/2023\/05\/logo-ecox.svg","contentUrl":"https:\/\/ecoxshop.ch\/wp-content\/uploads\/2023\/05\/logo-ecox.svg","width":304.6,"height":91.5,"caption":"Ecox Shop"},"image":{"@id":"https:\/\/ecoxshop.ch\/#\/schema\/logo\/image\/"}}]}},"_links":{"self":[{"href":"https:\/\/ecoxshop.ch\/it\/wp-json\/wp\/v3\/product\/14464"}],"collection":[{"href":"https:\/\/ecoxshop.ch\/it\/wp-json\/wp\/v3\/product"}],"about":[{"href":"https:\/\/ecoxshop.ch\/it\/wp-json\/wp\/v2\/types\/product"}],"wp:featuredmedia":[{"embeddable":true,"href":"https:\/\/ecoxshop.ch\/it\/wp-json\/wp\/v2\/media\/14465"}],"wp:attachment":[{"href":"https:\/\/ecoxshop.ch\/it\/wp-json\/wp\/v2\/media?parent=14464"}],"wp:term":[{"taxonomy":"product_cat","embeddable":true,"href":"https:\/\/ecoxshop.ch\/it\/wp-json\/wp\/v2\/product_cat?post=14464"},{"taxonomy":"product_tag","embeddable":true,"href":"https:\/\/ecoxshop.ch\/it\/wp-json\/wp\/v2\/product_tag?post=14464"}],"curies":[{"name":"wp","href":"https:\/\/api.w.org\/{rel}","templated":true}]}}