{"id":13111,"date":"2025-03-06T12:02:02","date_gmt":"2025-03-06T11:02:02","guid":{"rendered":"https:\/\/ecoxshop.ch\/prodotto\/tuta-da-lavoro-di-protezione-3m-bianco-verde-xl\/"},"modified":"2025-03-07T14:55:41","modified_gmt":"2025-03-07T13:55:41","slug":"tuta-da-lavoro-di-protezione-3m-bianco-verde-xl","status":"publish","type":"product","link":"https:\/\/ecoxshop.ch\/it\/prodotto\/tuta-da-lavoro-di-protezione-3m-bianco-verde-xl\/","title":{"rendered":"Tuta da lavoro di protezione 3M bianco-verde XL"},"content":{"rendered":"<p>Usa la tuta protettiva 4520 di 3M\u0099 per proteggerti da sporco, schizzi di liquidi e polveri tossiche, comprese le particelle radioattive. Conforme a diversi standard per gli indumenti di protezione chimica, tra cui EN 1149 protezione antistatica, EN 1073 2 protezione da particelle radioattive, EN ISO 13688 resistenza a schizzi di liquidi tipo 6 EN 13034 e protezione da polveri tipo 5 EN ISO 13982 1. Puoi identificarla facilmente grazie al triangolo verde che \u00e8 fatto dello stesso materiale in tessuto non tessuto SMMMS di 43 g\/m\u00b2 del resto dell&#8217;indumento. Questa tuta \u00e8 stata progettata per ridurre il peso e mantenere le prestazioni, grazie all&#8217;aggiunta di strati multipli. \u00c8 realizzata in tessuto non tessuto SMMMS che \u00e8 costituito da uno strato di spunbond sui due lati, con 3 strati di materiale a polimero fuso nel mezzo. Lo spunbond funge da protezione liscia contro gli schizzi di liquidi mentre gli strati di materiale polimerico fuso forniscono un&#8217;intricata trama multistrato di microfibre che serve a filtrare le particelle secche. Morbido, traspirante e molto leggero, il materiale in tessuto non tessuto (TNT) permette un pi\u00f9 facile rilascio del calore corporeo e dell&#8217;umidit\u00e0, garantendo un maggior comfort, per una maggiore produttivit\u00e0 sul posto di lavoro. Il design pregiato con cappuccio a 3 lembi la rende compatibile con altri DPI, i polsini morbidi in maglia permettono un sicuro e comodo inserimento del braccio, la cerniera a doppia percorrenza, gli elastici in girovita e sulle caviglie garantiscono una rimozione facile, una migliore vestibilit\u00e0 e una maggiore tranquillit\u00e0. Offre prestazioni antistatiche conformi a EN 1149, per ridurre al minimo le scariche e i rischi di scintille e d&#8217;infiammabilit\u00e0. La tuta protettiva 4520 di 3M \u00e8 particolarmente adatta per applicazioni nelle quali si sviluppa particolato, come l&#8217;elaborazione di prodotti farmaceutici e per la manipolazione di polveri tossiche.<\/p>\n","protected":false},"excerpt":{"rendered":"<p>Tuta da lavoro di protezione 3M bianco-verde XL 4520 XL<\/p>\n","protected":false},"featured_media":7999,"template":"","meta":[],"product_cat":[386],"product_tag":[],"yoast_head":"<!-- This site is optimized with the Yoast SEO plugin v20.7 - https:\/\/yoast.com\/wordpress\/plugins\/seo\/ -->\n<title>Tuta da lavoro di protezione 3M bianco-verde XL - Ecox Shop<\/title>\n<meta name=\"robots\" content=\"index, follow, max-snippet:-1, max-image-preview:large, max-video-preview:-1\" \/>\n<link rel=\"canonical\" href=\"https:\/\/ecoxshop.ch\/it\/prodotto\/tuta-da-lavoro-di-protezione-3m-bianco-verde-xl\/\" \/>\n<meta property=\"og:locale\" content=\"it_IT\" \/>\n<meta property=\"og:type\" content=\"article\" \/>\n<meta property=\"og:title\" content=\"Tuta da lavoro di protezione 3M bianco-verde XL - Ecox Shop\" \/>\n<meta property=\"og:description\" content=\"Tuta da lavoro di protezione 3M bianco-verde XL 4520 XL\" \/>\n<meta property=\"og:url\" content=\"https:\/\/ecoxshop.ch\/it\/prodotto\/tuta-da-lavoro-di-protezione-3m-bianco-verde-xl\/\" \/>\n<meta property=\"og:site_name\" content=\"Ecox Shop\" \/>\n<meta property=\"article:modified_time\" content=\"2025-03-07T13:55:41+00:00\" \/>\n<meta property=\"og:image\" content=\"https:\/\/ecoxshop.ch\/wp-content\/uploads\/2025\/03\/1915529.jpg\" \/>\n\t<meta property=\"og:image:width\" content=\"480\" \/>\n\t<meta property=\"og:image:height\" content=\"480\" \/>\n\t<meta property=\"og:image:type\" content=\"image\/jpeg\" \/>\n<meta name=\"twitter:card\" content=\"summary_large_image\" \/>\n<meta name=\"twitter:label1\" content=\"Tempo di lettura stimato\" \/>\n\t<meta name=\"twitter:data1\" content=\"1 minuto\" \/>\n<script type=\"application\/ld+json\" class=\"yoast-schema-graph\">{\"@context\":\"https:\/\/schema.org\",\"@graph\":[{\"@type\":\"WebPage\",\"@id\":\"https:\/\/ecoxshop.ch\/it\/prodotto\/tuta-da-lavoro-di-protezione-3m-bianco-verde-xl\/\",\"url\":\"https:\/\/ecoxshop.ch\/it\/prodotto\/tuta-da-lavoro-di-protezione-3m-bianco-verde-xl\/\",\"name\":\"Tuta da lavoro di protezione 3M bianco-verde XL - Ecox Shop\",\"isPartOf\":{\"@id\":\"https:\/\/ecoxshop.ch\/#website\"},\"datePublished\":\"2025-03-06T11:02:02+00:00\",\"dateModified\":\"2025-03-07T13:55:41+00:00\",\"breadcrumb\":{\"@id\":\"https:\/\/ecoxshop.ch\/it\/prodotto\/tuta-da-lavoro-di-protezione-3m-bianco-verde-xl\/#breadcrumb\"},\"inLanguage\":\"it-IT\",\"potentialAction\":[{\"@type\":\"ReadAction\",\"target\":[\"https:\/\/ecoxshop.ch\/it\/prodotto\/tuta-da-lavoro-di-protezione-3m-bianco-verde-xl\/\"]}]},{\"@type\":\"BreadcrumbList\",\"@id\":\"https:\/\/ecoxshop.ch\/it\/prodotto\/tuta-da-lavoro-di-protezione-3m-bianco-verde-xl\/#breadcrumb\",\"itemListElement\":[{\"@type\":\"ListItem\",\"position\":1,\"name\":\"Home\",\"item\":\"https:\/\/ecoxshop.ch\/it\/\"},{\"@type\":\"ListItem\",\"position\":2,\"name\":\"Shop\",\"item\":\"https:\/\/ecoxshop.ch\/it\/shop\/\"},{\"@type\":\"ListItem\",\"position\":3,\"name\":\"Tuta da lavoro di protezione 3M bianco-verde XL\"}]},{\"@type\":\"WebSite\",\"@id\":\"https:\/\/ecoxshop.ch\/#website\",\"url\":\"https:\/\/ecoxshop.ch\/\",\"name\":\"Ecox Shop\",\"description\":\"\",\"publisher\":{\"@id\":\"https:\/\/ecoxshop.ch\/#organization\"},\"potentialAction\":[{\"@type\":\"SearchAction\",\"target\":{\"@type\":\"EntryPoint\",\"urlTemplate\":\"https:\/\/ecoxshop.ch\/?s={search_term_string}\"},\"query-input\":\"required name=search_term_string\"}],\"inLanguage\":\"it-IT\"},{\"@type\":\"Organization\",\"@id\":\"https:\/\/ecoxshop.ch\/#organization\",\"name\":\"Ecox Shop\",\"url\":\"https:\/\/ecoxshop.ch\/\",\"logo\":{\"@type\":\"ImageObject\",\"inLanguage\":\"it-IT\",\"@id\":\"https:\/\/ecoxshop.ch\/#\/schema\/logo\/image\/\",\"url\":\"https:\/\/ecoxshop.ch\/wp-content\/uploads\/2023\/05\/logo-ecox.svg\",\"contentUrl\":\"https:\/\/ecoxshop.ch\/wp-content\/uploads\/2023\/05\/logo-ecox.svg\",\"width\":304.6,\"height\":91.5,\"caption\":\"Ecox Shop\"},\"image\":{\"@id\":\"https:\/\/ecoxshop.ch\/#\/schema\/logo\/image\/\"}}]}<\/script>\n<!-- \/ Yoast SEO plugin. -->","yoast_head_json":{"title":"Tuta da lavoro di protezione 3M bianco-verde XL - Ecox Shop","robots":{"index":"index","follow":"follow","max-snippet":"max-snippet:-1","max-image-preview":"max-image-preview:large","max-video-preview":"max-video-preview:-1"},"canonical":"https:\/\/ecoxshop.ch\/it\/prodotto\/tuta-da-lavoro-di-protezione-3m-bianco-verde-xl\/","og_locale":"it_IT","og_type":"article","og_title":"Tuta da lavoro di protezione 3M bianco-verde XL - Ecox Shop","og_description":"Tuta da lavoro di protezione 3M bianco-verde XL 4520 XL","og_url":"https:\/\/ecoxshop.ch\/it\/prodotto\/tuta-da-lavoro-di-protezione-3m-bianco-verde-xl\/","og_site_name":"Ecox Shop","article_modified_time":"2025-03-07T13:55:41+00:00","og_image":[{"width":480,"height":480,"url":"https:\/\/ecoxshop.ch\/wp-content\/uploads\/2025\/03\/1915529.jpg","type":"image\/jpeg"}],"twitter_card":"summary_large_image","twitter_misc":{"Tempo di lettura stimato":"1 minuto"},"schema":{"@context":"https:\/\/schema.org","@graph":[{"@type":"WebPage","@id":"https:\/\/ecoxshop.ch\/it\/prodotto\/tuta-da-lavoro-di-protezione-3m-bianco-verde-xl\/","url":"https:\/\/ecoxshop.ch\/it\/prodotto\/tuta-da-lavoro-di-protezione-3m-bianco-verde-xl\/","name":"Tuta da lavoro di protezione 3M bianco-verde XL - Ecox Shop","isPartOf":{"@id":"https:\/\/ecoxshop.ch\/#website"},"datePublished":"2025-03-06T11:02:02+00:00","dateModified":"2025-03-07T13:55:41+00:00","breadcrumb":{"@id":"https:\/\/ecoxshop.ch\/it\/prodotto\/tuta-da-lavoro-di-protezione-3m-bianco-verde-xl\/#breadcrumb"},"inLanguage":"it-IT","potentialAction":[{"@type":"ReadAction","target":["https:\/\/ecoxshop.ch\/it\/prodotto\/tuta-da-lavoro-di-protezione-3m-bianco-verde-xl\/"]}]},{"@type":"BreadcrumbList","@id":"https:\/\/ecoxshop.ch\/it\/prodotto\/tuta-da-lavoro-di-protezione-3m-bianco-verde-xl\/#breadcrumb","itemListElement":[{"@type":"ListItem","position":1,"name":"Home","item":"https:\/\/ecoxshop.ch\/it\/"},{"@type":"ListItem","position":2,"name":"Shop","item":"https:\/\/ecoxshop.ch\/it\/shop\/"},{"@type":"ListItem","position":3,"name":"Tuta da lavoro di protezione 3M bianco-verde XL"}]},{"@type":"WebSite","@id":"https:\/\/ecoxshop.ch\/#website","url":"https:\/\/ecoxshop.ch\/","name":"Ecox Shop","description":"","publisher":{"@id":"https:\/\/ecoxshop.ch\/#organization"},"potentialAction":[{"@type":"SearchAction","target":{"@type":"EntryPoint","urlTemplate":"https:\/\/ecoxshop.ch\/?s={search_term_string}"},"query-input":"required name=search_term_string"}],"inLanguage":"it-IT"},{"@type":"Organization","@id":"https:\/\/ecoxshop.ch\/#organization","name":"Ecox Shop","url":"https:\/\/ecoxshop.ch\/","logo":{"@type":"ImageObject","inLanguage":"it-IT","@id":"https:\/\/ecoxshop.ch\/#\/schema\/logo\/image\/","url":"https:\/\/ecoxshop.ch\/wp-content\/uploads\/2023\/05\/logo-ecox.svg","contentUrl":"https:\/\/ecoxshop.ch\/wp-content\/uploads\/2023\/05\/logo-ecox.svg","width":304.6,"height":91.5,"caption":"Ecox Shop"},"image":{"@id":"https:\/\/ecoxshop.ch\/#\/schema\/logo\/image\/"}}]}},"_links":{"self":[{"href":"https:\/\/ecoxshop.ch\/it\/wp-json\/wp\/v3\/product\/13111"}],"collection":[{"href":"https:\/\/ecoxshop.ch\/it\/wp-json\/wp\/v3\/product"}],"about":[{"href":"https:\/\/ecoxshop.ch\/it\/wp-json\/wp\/v2\/types\/product"}],"wp:featuredmedia":[{"embeddable":true,"href":"https:\/\/ecoxshop.ch\/it\/wp-json\/wp\/v2\/media\/7999"}],"wp:attachment":[{"href":"https:\/\/ecoxshop.ch\/it\/wp-json\/wp\/v2\/media?parent=13111"}],"wp:term":[{"taxonomy":"product_cat","embeddable":true,"href":"https:\/\/ecoxshop.ch\/it\/wp-json\/wp\/v2\/product_cat?post=13111"},{"taxonomy":"product_tag","embeddable":true,"href":"https:\/\/ecoxshop.ch\/it\/wp-json\/wp\/v2\/product_tag?post=13111"}],"curies":[{"name":"wp","href":"https:\/\/api.w.org\/{rel}","templated":true}]}}