{"id":13015,"date":"2025-03-06T12:00:42","date_gmt":"2025-03-06T11:00:42","guid":{"rendered":"https:\/\/ecoxshop.ch\/prodotto\/foglietti-post-it-super-sticky-notes-76x76-mm-assortiti-arcobaleno-conf-8\/"},"modified":"2025-03-07T14:55:07","modified_gmt":"2025-03-07T13:55:07","slug":"foglietti-post-it-super-sticky-notes-76x76-mm-assortiti-arcobaleno-conf-8","status":"publish","type":"product","link":"https:\/\/ecoxshop.ch\/it\/prodotto\/foglietti-post-it-super-sticky-notes-76x76-mm-assortiti-arcobaleno-conf-8\/","title":{"rendered":"Foglietti Post-it\u00ae Super-Sticky Notes 76&#215;76 mm assortiti arcobaleno &#8211; conf. 8"},"content":{"rendered":"<p>I foglietti Post-it\u00ae Super-Sticky aderiscono pi\u00f9 saldamente e pi\u00f9 a lungo della maggior parte delle note adesive. Perfetti per superfici verticali e dove l&#8217;adesione \u00e8 difficoltosa. Rendono pi\u00f9 efficiente il vostro lavoro e semplificano la vita di ogni giorno. Sono eccezionalmente forti, straordinariamente versatili e si notano in modo eccellente. In colori arcobaleno (2 Verde acido, 2 Acqua Marina, 2 rosa tropicale, 1 rosa guava, 1 Arancio acceso), formato 76 mm x 76 mm, confezione da 8 blocchetti di 45 fogli ciascuno.<\/p>\n","protected":false},"excerpt":{"rendered":"<p>Foglietti Post-it\u00ae Super-Sticky Notes 76&#215;76 mm assortiti arcobaleno &#8211; conf. 8 blocchetti da 45 ff &#8211; 654-8SS-RBW-EU<\/p>\n","protected":false},"featured_media":7813,"template":"","meta":[],"product_cat":[441],"product_tag":[],"yoast_head":"<!-- This site is optimized with the Yoast SEO plugin v20.7 - https:\/\/yoast.com\/wordpress\/plugins\/seo\/ -->\n<title>Foglietti Post-it\u00ae Super-Sticky Notes 76x76 mm assortiti arcobaleno - conf. 8 - Ecox Shop<\/title>\n<meta name=\"robots\" content=\"index, follow, max-snippet:-1, max-image-preview:large, max-video-preview:-1\" \/>\n<link rel=\"canonical\" href=\"https:\/\/ecoxshop.ch\/it\/prodotto\/foglietti-post-it-super-sticky-notes-76x76-mm-assortiti-arcobaleno-conf-8\/\" \/>\n<meta property=\"og:locale\" content=\"it_IT\" \/>\n<meta property=\"og:type\" content=\"article\" \/>\n<meta property=\"og:title\" content=\"Foglietti Post-it\u00ae Super-Sticky Notes 76x76 mm assortiti arcobaleno - conf. 8 - Ecox Shop\" \/>\n<meta property=\"og:description\" content=\"Foglietti Post-it\u00ae Super-Sticky Notes 76x76 mm assortiti arcobaleno - conf. 8 blocchetti da 45 ff - 654-8SS-RBW-EU\" \/>\n<meta property=\"og:url\" content=\"https:\/\/ecoxshop.ch\/it\/prodotto\/foglietti-post-it-super-sticky-notes-76x76-mm-assortiti-arcobaleno-conf-8\/\" \/>\n<meta property=\"og:site_name\" content=\"Ecox Shop\" \/>\n<meta property=\"article:modified_time\" content=\"2025-03-07T13:55:07+00:00\" \/>\n<meta property=\"og:image\" content=\"https:\/\/ecoxshop.ch\/wp-content\/uploads\/2025\/03\/1711971.jpg\" \/>\n\t<meta property=\"og:image:width\" content=\"480\" \/>\n\t<meta property=\"og:image:height\" content=\"480\" \/>\n\t<meta property=\"og:image:type\" content=\"image\/jpeg\" \/>\n<meta name=\"twitter:card\" content=\"summary_large_image\" \/>\n<script type=\"application\/ld+json\" class=\"yoast-schema-graph\">{\"@context\":\"https:\/\/schema.org\",\"@graph\":[{\"@type\":\"WebPage\",\"@id\":\"https:\/\/ecoxshop.ch\/it\/prodotto\/foglietti-post-it-super-sticky-notes-76x76-mm-assortiti-arcobaleno-conf-8\/\",\"url\":\"https:\/\/ecoxshop.ch\/it\/prodotto\/foglietti-post-it-super-sticky-notes-76x76-mm-assortiti-arcobaleno-conf-8\/\",\"name\":\"Foglietti Post-it\u00ae Super-Sticky Notes 76x76 mm assortiti arcobaleno - conf. 8 - Ecox Shop\",\"isPartOf\":{\"@id\":\"https:\/\/ecoxshop.ch\/#website\"},\"datePublished\":\"2025-03-06T11:00:42+00:00\",\"dateModified\":\"2025-03-07T13:55:07+00:00\",\"breadcrumb\":{\"@id\":\"https:\/\/ecoxshop.ch\/it\/prodotto\/foglietti-post-it-super-sticky-notes-76x76-mm-assortiti-arcobaleno-conf-8\/#breadcrumb\"},\"inLanguage\":\"it-IT\",\"potentialAction\":[{\"@type\":\"ReadAction\",\"target\":[\"https:\/\/ecoxshop.ch\/it\/prodotto\/foglietti-post-it-super-sticky-notes-76x76-mm-assortiti-arcobaleno-conf-8\/\"]}]},{\"@type\":\"BreadcrumbList\",\"@id\":\"https:\/\/ecoxshop.ch\/it\/prodotto\/foglietti-post-it-super-sticky-notes-76x76-mm-assortiti-arcobaleno-conf-8\/#breadcrumb\",\"itemListElement\":[{\"@type\":\"ListItem\",\"position\":1,\"name\":\"Home\",\"item\":\"https:\/\/ecoxshop.ch\/it\/\"},{\"@type\":\"ListItem\",\"position\":2,\"name\":\"Shop\",\"item\":\"https:\/\/ecoxshop.ch\/it\/shop\/\"},{\"@type\":\"ListItem\",\"position\":3,\"name\":\"Foglietti Post-it\u00ae Super-Sticky Notes 76&#215;76 mm assortiti arcobaleno &#8211; conf. 8\"}]},{\"@type\":\"WebSite\",\"@id\":\"https:\/\/ecoxshop.ch\/#website\",\"url\":\"https:\/\/ecoxshop.ch\/\",\"name\":\"Ecox Shop\",\"description\":\"\",\"publisher\":{\"@id\":\"https:\/\/ecoxshop.ch\/#organization\"},\"potentialAction\":[{\"@type\":\"SearchAction\",\"target\":{\"@type\":\"EntryPoint\",\"urlTemplate\":\"https:\/\/ecoxshop.ch\/?s={search_term_string}\"},\"query-input\":\"required name=search_term_string\"}],\"inLanguage\":\"it-IT\"},{\"@type\":\"Organization\",\"@id\":\"https:\/\/ecoxshop.ch\/#organization\",\"name\":\"Ecox Shop\",\"url\":\"https:\/\/ecoxshop.ch\/\",\"logo\":{\"@type\":\"ImageObject\",\"inLanguage\":\"it-IT\",\"@id\":\"https:\/\/ecoxshop.ch\/#\/schema\/logo\/image\/\",\"url\":\"https:\/\/ecoxshop.ch\/wp-content\/uploads\/2023\/05\/logo-ecox.svg\",\"contentUrl\":\"https:\/\/ecoxshop.ch\/wp-content\/uploads\/2023\/05\/logo-ecox.svg\",\"width\":304.6,\"height\":91.5,\"caption\":\"Ecox Shop\"},\"image\":{\"@id\":\"https:\/\/ecoxshop.ch\/#\/schema\/logo\/image\/\"}}]}<\/script>\n<!-- \/ Yoast SEO plugin. -->","yoast_head_json":{"title":"Foglietti Post-it\u00ae Super-Sticky Notes 76x76 mm assortiti arcobaleno - conf. 8 - Ecox Shop","robots":{"index":"index","follow":"follow","max-snippet":"max-snippet:-1","max-image-preview":"max-image-preview:large","max-video-preview":"max-video-preview:-1"},"canonical":"https:\/\/ecoxshop.ch\/it\/prodotto\/foglietti-post-it-super-sticky-notes-76x76-mm-assortiti-arcobaleno-conf-8\/","og_locale":"it_IT","og_type":"article","og_title":"Foglietti Post-it\u00ae Super-Sticky Notes 76x76 mm assortiti arcobaleno - conf. 8 - Ecox Shop","og_description":"Foglietti Post-it\u00ae Super-Sticky Notes 76x76 mm assortiti arcobaleno - conf. 8 blocchetti da 45 ff - 654-8SS-RBW-EU","og_url":"https:\/\/ecoxshop.ch\/it\/prodotto\/foglietti-post-it-super-sticky-notes-76x76-mm-assortiti-arcobaleno-conf-8\/","og_site_name":"Ecox Shop","article_modified_time":"2025-03-07T13:55:07+00:00","og_image":[{"width":480,"height":480,"url":"https:\/\/ecoxshop.ch\/wp-content\/uploads\/2025\/03\/1711971.jpg","type":"image\/jpeg"}],"twitter_card":"summary_large_image","schema":{"@context":"https:\/\/schema.org","@graph":[{"@type":"WebPage","@id":"https:\/\/ecoxshop.ch\/it\/prodotto\/foglietti-post-it-super-sticky-notes-76x76-mm-assortiti-arcobaleno-conf-8\/","url":"https:\/\/ecoxshop.ch\/it\/prodotto\/foglietti-post-it-super-sticky-notes-76x76-mm-assortiti-arcobaleno-conf-8\/","name":"Foglietti Post-it\u00ae Super-Sticky Notes 76x76 mm assortiti arcobaleno - conf. 8 - Ecox Shop","isPartOf":{"@id":"https:\/\/ecoxshop.ch\/#website"},"datePublished":"2025-03-06T11:00:42+00:00","dateModified":"2025-03-07T13:55:07+00:00","breadcrumb":{"@id":"https:\/\/ecoxshop.ch\/it\/prodotto\/foglietti-post-it-super-sticky-notes-76x76-mm-assortiti-arcobaleno-conf-8\/#breadcrumb"},"inLanguage":"it-IT","potentialAction":[{"@type":"ReadAction","target":["https:\/\/ecoxshop.ch\/it\/prodotto\/foglietti-post-it-super-sticky-notes-76x76-mm-assortiti-arcobaleno-conf-8\/"]}]},{"@type":"BreadcrumbList","@id":"https:\/\/ecoxshop.ch\/it\/prodotto\/foglietti-post-it-super-sticky-notes-76x76-mm-assortiti-arcobaleno-conf-8\/#breadcrumb","itemListElement":[{"@type":"ListItem","position":1,"name":"Home","item":"https:\/\/ecoxshop.ch\/it\/"},{"@type":"ListItem","position":2,"name":"Shop","item":"https:\/\/ecoxshop.ch\/it\/shop\/"},{"@type":"ListItem","position":3,"name":"Foglietti Post-it\u00ae Super-Sticky Notes 76&#215;76 mm assortiti arcobaleno &#8211; conf. 8"}]},{"@type":"WebSite","@id":"https:\/\/ecoxshop.ch\/#website","url":"https:\/\/ecoxshop.ch\/","name":"Ecox Shop","description":"","publisher":{"@id":"https:\/\/ecoxshop.ch\/#organization"},"potentialAction":[{"@type":"SearchAction","target":{"@type":"EntryPoint","urlTemplate":"https:\/\/ecoxshop.ch\/?s={search_term_string}"},"query-input":"required name=search_term_string"}],"inLanguage":"it-IT"},{"@type":"Organization","@id":"https:\/\/ecoxshop.ch\/#organization","name":"Ecox Shop","url":"https:\/\/ecoxshop.ch\/","logo":{"@type":"ImageObject","inLanguage":"it-IT","@id":"https:\/\/ecoxshop.ch\/#\/schema\/logo\/image\/","url":"https:\/\/ecoxshop.ch\/wp-content\/uploads\/2023\/05\/logo-ecox.svg","contentUrl":"https:\/\/ecoxshop.ch\/wp-content\/uploads\/2023\/05\/logo-ecox.svg","width":304.6,"height":91.5,"caption":"Ecox Shop"},"image":{"@id":"https:\/\/ecoxshop.ch\/#\/schema\/logo\/image\/"}}]}},"_links":{"self":[{"href":"https:\/\/ecoxshop.ch\/it\/wp-json\/wp\/v3\/product\/13015"}],"collection":[{"href":"https:\/\/ecoxshop.ch\/it\/wp-json\/wp\/v3\/product"}],"about":[{"href":"https:\/\/ecoxshop.ch\/it\/wp-json\/wp\/v2\/types\/product"}],"wp:featuredmedia":[{"embeddable":true,"href":"https:\/\/ecoxshop.ch\/it\/wp-json\/wp\/v2\/media\/7813"}],"wp:attachment":[{"href":"https:\/\/ecoxshop.ch\/it\/wp-json\/wp\/v2\/media?parent=13015"}],"wp:term":[{"taxonomy":"product_cat","embeddable":true,"href":"https:\/\/ecoxshop.ch\/it\/wp-json\/wp\/v2\/product_cat?post=13015"},{"taxonomy":"product_tag","embeddable":true,"href":"https:\/\/ecoxshop.ch\/it\/wp-json\/wp\/v2\/product_tag?post=13015"}],"curies":[{"name":"wp","href":"https:\/\/api.w.org\/{rel}","templated":true}]}}