{"id":12353,"date":"2025-03-06T10:16:49","date_gmt":"2025-03-06T09:16:49","guid":{"rendered":"https:\/\/ecoxshop.ch\/prodotto\/distruggidocumenti-uso-moderato-fellowes-automax%c2%99-200c-p-4-32-l-taglio-a\/"},"modified":"2025-03-07T14:52:57","modified_gmt":"2025-03-07T13:52:57","slug":"distruggidocumenti-uso-moderato-fellowes-automax%c2%99-200c-p-4-32-l-taglio-a","status":"publish","type":"product","link":"https:\/\/ecoxshop.ch\/it\/prodotto\/distruggidocumenti-uso-moderato-fellowes-automax%c2%99-200c-p-4-32-l-taglio-a\/","title":{"rendered":"Distruggidocumenti uso moderato FELLOWES AutoMax\u0099 200C &#8211; P-4 &#8211; 32 L &#8211; taglio a"},"content":{"rendered":"<p>Distruzione automatica per la massima produttivit\u00e0. Distrugge 200 fogli con alimentazione automatica e 10 fogli attraverso la fessura di inserimento manuale. Auto Reverse ferma la distruzione e manda in retromarcia la carta in caso di inceppamento. SilentShred\u0099 permette una distruzione ultra silenziosa. La Modalit\u00e0 Riposo spegne la macchina dopo 2 minuti di inattivit\u00e0. Distrugge in frammenti da 4 x 38mm (Livello di Sicurezza P-4). Distrugge l&#8217;intera capacit\u00e0 di 200 fogli in 12 minuti, con un ciclo di lavoro di 10 minuti dopo il quale \u00e8 necessario un raffreddamento prima di riprendere la distruzione. Cestino estraibile da 32 litri. Distrugge anche CD, graffette, punti metallici, carte di credito e posta indesiderata. Per 1-3 utenti. Garanzia: 2 anni sulla macchina, 7 anni sulle lame.<\/p>\n","protected":false},"excerpt":{"rendered":"<p>Distruggidocumenti uso moderato FELLOWES AutoMax\u0099 200C &#8211; P-4 &#8211; 32 L &#8211; taglio a frammenti 4&#215;38 mm &#8211; nero &#8211; 4653602<\/p>\n","protected":false},"featured_media":6508,"template":"","meta":[],"product_cat":[174],"product_tag":[],"yoast_head":"<!-- This site is optimized with the Yoast SEO plugin v20.7 - https:\/\/yoast.com\/wordpress\/plugins\/seo\/ -->\n<title>Distruggidocumenti uso moderato FELLOWES AutoMax\u0099 200C - P-4 - 32 L - taglio a - Ecox Shop<\/title>\n<meta name=\"robots\" content=\"index, follow, max-snippet:-1, max-image-preview:large, max-video-preview:-1\" \/>\n<link rel=\"canonical\" href=\"https:\/\/ecoxshop.ch\/it\/product\/distruggidocumenti-uso-moderato-fellowes-automax\u0099-200c-p-4-32-l-taglio-a\/\" \/>\n<meta property=\"og:locale\" content=\"it_IT\" \/>\n<meta property=\"og:type\" content=\"article\" \/>\n<meta property=\"og:title\" content=\"Distruggidocumenti uso moderato FELLOWES AutoMax\u0099 200C - P-4 - 32 L - taglio a - Ecox Shop\" \/>\n<meta property=\"og:description\" content=\"Distruggidocumenti uso moderato FELLOWES AutoMax\u0099 200C - P-4 - 32 L - taglio a frammenti 4x38 mm - nero - 4653602\" \/>\n<meta property=\"og:url\" content=\"https:\/\/ecoxshop.ch\/it\/product\/distruggidocumenti-uso-moderato-fellowes-automax\u0099-200c-p-4-32-l-taglio-a\/\" \/>\n<meta property=\"og:site_name\" content=\"Ecox Shop\" \/>\n<meta property=\"article:modified_time\" content=\"2025-03-07T13:52:57+00:00\" \/>\n<meta property=\"og:image\" content=\"https:\/\/ecoxshop.ch\/wp-content\/uploads\/2025\/03\/1895606.jpg\" \/>\n\t<meta property=\"og:image:width\" content=\"480\" \/>\n\t<meta property=\"og:image:height\" content=\"480\" \/>\n\t<meta property=\"og:image:type\" content=\"image\/jpeg\" \/>\n<meta name=\"twitter:card\" content=\"summary_large_image\" \/>\n<meta name=\"twitter:label1\" content=\"Tempo di lettura stimato\" \/>\n\t<meta name=\"twitter:data1\" content=\"1 minuto\" \/>\n<script type=\"application\/ld+json\" class=\"yoast-schema-graph\">{\"@context\":\"https:\/\/schema.org\",\"@graph\":[{\"@type\":\"WebPage\",\"@id\":\"https:\/\/ecoxshop.ch\/en\/product\/distruggidocumenti-uso-moderato-fellowes-automax%c2%99-200c-p-4-32-l-taglio-a\/\",\"url\":\"https:\/\/ecoxshop.ch\/en\/product\/distruggidocumenti-uso-moderato-fellowes-automax%c2%99-200c-p-4-32-l-taglio-a\/\",\"name\":\"Distruggidocumenti uso moderato FELLOWES AutoMax\u0099 200C - P-4 - 32 L - taglio a - Ecox Shop\",\"isPartOf\":{\"@id\":\"https:\/\/ecoxshop.ch\/#website\"},\"datePublished\":\"2025-03-06T09:16:49+00:00\",\"dateModified\":\"2025-03-07T13:52:57+00:00\",\"breadcrumb\":{\"@id\":\"https:\/\/ecoxshop.ch\/en\/product\/distruggidocumenti-uso-moderato-fellowes-automax%c2%99-200c-p-4-32-l-taglio-a\/#breadcrumb\"},\"inLanguage\":\"it-IT\",\"potentialAction\":[{\"@type\":\"ReadAction\",\"target\":[\"https:\/\/ecoxshop.ch\/en\/product\/distruggidocumenti-uso-moderato-fellowes-automax%c2%99-200c-p-4-32-l-taglio-a\/\"]}]},{\"@type\":\"BreadcrumbList\",\"@id\":\"https:\/\/ecoxshop.ch\/en\/product\/distruggidocumenti-uso-moderato-fellowes-automax%c2%99-200c-p-4-32-l-taglio-a\/#breadcrumb\",\"itemListElement\":[{\"@type\":\"ListItem\",\"position\":1,\"name\":\"Home\",\"item\":\"https:\/\/ecoxshop.ch\/it\/\"},{\"@type\":\"ListItem\",\"position\":2,\"name\":\"Shop\",\"item\":\"https:\/\/ecoxshop.ch\/it\/shop\/\"},{\"@type\":\"ListItem\",\"position\":3,\"name\":\"Distruggidocumenti uso moderato FELLOWES AutoMax\u0099 200C &#8211; P-4 &#8211; 32 L &#8211; taglio a\"}]},{\"@type\":\"WebSite\",\"@id\":\"https:\/\/ecoxshop.ch\/#website\",\"url\":\"https:\/\/ecoxshop.ch\/\",\"name\":\"Ecox Shop\",\"description\":\"\",\"publisher\":{\"@id\":\"https:\/\/ecoxshop.ch\/#organization\"},\"potentialAction\":[{\"@type\":\"SearchAction\",\"target\":{\"@type\":\"EntryPoint\",\"urlTemplate\":\"https:\/\/ecoxshop.ch\/?s={search_term_string}\"},\"query-input\":\"required name=search_term_string\"}],\"inLanguage\":\"it-IT\"},{\"@type\":\"Organization\",\"@id\":\"https:\/\/ecoxshop.ch\/#organization\",\"name\":\"Ecox Shop\",\"url\":\"https:\/\/ecoxshop.ch\/\",\"logo\":{\"@type\":\"ImageObject\",\"inLanguage\":\"it-IT\",\"@id\":\"https:\/\/ecoxshop.ch\/#\/schema\/logo\/image\/\",\"url\":\"https:\/\/ecoxshop.ch\/wp-content\/uploads\/2023\/05\/logo-ecox.svg\",\"contentUrl\":\"https:\/\/ecoxshop.ch\/wp-content\/uploads\/2023\/05\/logo-ecox.svg\",\"width\":304.6,\"height\":91.5,\"caption\":\"Ecox Shop\"},\"image\":{\"@id\":\"https:\/\/ecoxshop.ch\/#\/schema\/logo\/image\/\"}}]}<\/script>\n<!-- \/ Yoast SEO plugin. -->","yoast_head_json":{"title":"Distruggidocumenti uso moderato FELLOWES AutoMax\u0099 200C - P-4 - 32 L - taglio a - Ecox Shop","robots":{"index":"index","follow":"follow","max-snippet":"max-snippet:-1","max-image-preview":"max-image-preview:large","max-video-preview":"max-video-preview:-1"},"canonical":"https:\/\/ecoxshop.ch\/it\/product\/distruggidocumenti-uso-moderato-fellowes-automax\u0099-200c-p-4-32-l-taglio-a\/","og_locale":"it_IT","og_type":"article","og_title":"Distruggidocumenti uso moderato FELLOWES AutoMax\u0099 200C - P-4 - 32 L - taglio a - Ecox Shop","og_description":"Distruggidocumenti uso moderato FELLOWES AutoMax\u0099 200C - P-4 - 32 L - taglio a frammenti 4x38 mm - nero - 4653602","og_url":"https:\/\/ecoxshop.ch\/it\/product\/distruggidocumenti-uso-moderato-fellowes-automax\u0099-200c-p-4-32-l-taglio-a\/","og_site_name":"Ecox Shop","article_modified_time":"2025-03-07T13:52:57+00:00","og_image":[{"width":480,"height":480,"url":"https:\/\/ecoxshop.ch\/wp-content\/uploads\/2025\/03\/1895606.jpg","type":"image\/jpeg"}],"twitter_card":"summary_large_image","twitter_misc":{"Tempo di lettura stimato":"1 minuto"},"schema":{"@context":"https:\/\/schema.org","@graph":[{"@type":"WebPage","@id":"https:\/\/ecoxshop.ch\/en\/product\/distruggidocumenti-uso-moderato-fellowes-automax%c2%99-200c-p-4-32-l-taglio-a\/","url":"https:\/\/ecoxshop.ch\/en\/product\/distruggidocumenti-uso-moderato-fellowes-automax%c2%99-200c-p-4-32-l-taglio-a\/","name":"Distruggidocumenti uso moderato FELLOWES AutoMax\u0099 200C - P-4 - 32 L - taglio a - Ecox Shop","isPartOf":{"@id":"https:\/\/ecoxshop.ch\/#website"},"datePublished":"2025-03-06T09:16:49+00:00","dateModified":"2025-03-07T13:52:57+00:00","breadcrumb":{"@id":"https:\/\/ecoxshop.ch\/en\/product\/distruggidocumenti-uso-moderato-fellowes-automax%c2%99-200c-p-4-32-l-taglio-a\/#breadcrumb"},"inLanguage":"it-IT","potentialAction":[{"@type":"ReadAction","target":["https:\/\/ecoxshop.ch\/en\/product\/distruggidocumenti-uso-moderato-fellowes-automax%c2%99-200c-p-4-32-l-taglio-a\/"]}]},{"@type":"BreadcrumbList","@id":"https:\/\/ecoxshop.ch\/en\/product\/distruggidocumenti-uso-moderato-fellowes-automax%c2%99-200c-p-4-32-l-taglio-a\/#breadcrumb","itemListElement":[{"@type":"ListItem","position":1,"name":"Home","item":"https:\/\/ecoxshop.ch\/it\/"},{"@type":"ListItem","position":2,"name":"Shop","item":"https:\/\/ecoxshop.ch\/it\/shop\/"},{"@type":"ListItem","position":3,"name":"Distruggidocumenti uso moderato FELLOWES AutoMax\u0099 200C &#8211; P-4 &#8211; 32 L &#8211; taglio a"}]},{"@type":"WebSite","@id":"https:\/\/ecoxshop.ch\/#website","url":"https:\/\/ecoxshop.ch\/","name":"Ecox Shop","description":"","publisher":{"@id":"https:\/\/ecoxshop.ch\/#organization"},"potentialAction":[{"@type":"SearchAction","target":{"@type":"EntryPoint","urlTemplate":"https:\/\/ecoxshop.ch\/?s={search_term_string}"},"query-input":"required name=search_term_string"}],"inLanguage":"it-IT"},{"@type":"Organization","@id":"https:\/\/ecoxshop.ch\/#organization","name":"Ecox Shop","url":"https:\/\/ecoxshop.ch\/","logo":{"@type":"ImageObject","inLanguage":"it-IT","@id":"https:\/\/ecoxshop.ch\/#\/schema\/logo\/image\/","url":"https:\/\/ecoxshop.ch\/wp-content\/uploads\/2023\/05\/logo-ecox.svg","contentUrl":"https:\/\/ecoxshop.ch\/wp-content\/uploads\/2023\/05\/logo-ecox.svg","width":304.6,"height":91.5,"caption":"Ecox Shop"},"image":{"@id":"https:\/\/ecoxshop.ch\/#\/schema\/logo\/image\/"}}]}},"_links":{"self":[{"href":"https:\/\/ecoxshop.ch\/it\/wp-json\/wp\/v3\/product\/12353"}],"collection":[{"href":"https:\/\/ecoxshop.ch\/it\/wp-json\/wp\/v3\/product"}],"about":[{"href":"https:\/\/ecoxshop.ch\/it\/wp-json\/wp\/v2\/types\/product"}],"wp:featuredmedia":[{"embeddable":true,"href":"https:\/\/ecoxshop.ch\/it\/wp-json\/wp\/v2\/media\/6508"}],"wp:attachment":[{"href":"https:\/\/ecoxshop.ch\/it\/wp-json\/wp\/v2\/media?parent=12353"}],"wp:term":[{"taxonomy":"product_cat","embeddable":true,"href":"https:\/\/ecoxshop.ch\/it\/wp-json\/wp\/v2\/product_cat?post=12353"},{"taxonomy":"product_tag","embeddable":true,"href":"https:\/\/ecoxshop.ch\/it\/wp-json\/wp\/v2\/product_tag?post=12353"}],"curies":[{"name":"wp","href":"https:\/\/api.w.org\/{rel}","templated":true}]}}