{"id":11939,"date":"2025-03-06T10:14:12","date_gmt":"2025-03-06T09:14:12","guid":{"rendered":"https:\/\/ecoxshop.ch\/prodotto\/colle-roller-tesa-non-permanente-monouso-ecologo-84-mm-x-85-m\/"},"modified":"2025-03-07T14:51:25","modified_gmt":"2025-03-07T13:51:25","slug":"colle-roller-tesa-non-permanente-monouso-ecologo-84-mm-x-85-m","status":"publish","type":"product","link":"https:\/\/ecoxshop.ch\/it\/prodotto\/colle-roller-tesa-non-permanente-monouso-ecologo-84-mm-x-85-m\/","title":{"rendered":"Colle roller tesa non permanente monouso ecoLogo\u00ae 8,4 mm x 8,5 m"},"content":{"rendered":"<p>Il Roller adesivo Tesa\u00ae non permanente monouso ecoLogo\u00ae si sposa perfettamente con i processi di lavoro dinamici ed efficienti di oggi. Usalo per applicare rapidamente una striscia di colla definita con precisione su cartone, foto e anche su plastica o vetro. E non fornir\u00e0 solo un&#8217;adesione affidabile. Esso fornir\u00e0 anche con la possibilit\u00e0 di rimuovere, rimontare e riposizionare le cose in qualsiasi momento. Il rullo usa e getta \u00e8 realizzato al 100% in plastica riciclata. \u00c8 riempito con un nastro antistrappo rivestito con un adesivo privo di solvente.<\/p>\n","protected":false},"excerpt":{"rendered":"<p>Colle roller tesa non permanente monouso ecoLogo\u00ae 8,4 mm x 8,5 m trasparente &#8211; 59190-00005-04<\/p>\n","protected":false},"featured_media":5709,"template":"","meta":[],"product_cat":[396],"product_tag":[],"yoast_head":"<!-- This site is optimized with the Yoast SEO plugin v20.7 - https:\/\/yoast.com\/wordpress\/plugins\/seo\/ -->\n<title>Colle roller tesa non permanente monouso ecoLogo\u00ae 8,4 mm x 8,5 m - Ecox Shop<\/title>\n<meta name=\"robots\" content=\"index, follow, max-snippet:-1, max-image-preview:large, max-video-preview:-1\" \/>\n<link rel=\"canonical\" href=\"https:\/\/ecoxshop.ch\/it\/prodotto\/colle-roller-tesa-non-permanente-monouso-ecologo-84-mm-x-85-m\/\" \/>\n<meta property=\"og:locale\" content=\"it_IT\" \/>\n<meta property=\"og:type\" content=\"article\" \/>\n<meta property=\"og:title\" content=\"Colle roller tesa non permanente monouso ecoLogo\u00ae 8,4 mm x 8,5 m - Ecox Shop\" \/>\n<meta property=\"og:description\" content=\"Colle roller tesa non permanente monouso ecoLogo\u00ae 8,4 mm x 8,5 m trasparente - 59190-00005-04\" \/>\n<meta property=\"og:url\" content=\"https:\/\/ecoxshop.ch\/it\/prodotto\/colle-roller-tesa-non-permanente-monouso-ecologo-84-mm-x-85-m\/\" \/>\n<meta property=\"og:site_name\" content=\"Ecox Shop\" \/>\n<meta property=\"article:modified_time\" content=\"2025-03-07T13:51:25+00:00\" \/>\n<meta property=\"og:image\" content=\"https:\/\/ecoxshop.ch\/wp-content\/uploads\/2025\/03\/1436560.jpg\" \/>\n\t<meta property=\"og:image:width\" content=\"480\" \/>\n\t<meta property=\"og:image:height\" content=\"480\" \/>\n\t<meta property=\"og:image:type\" content=\"image\/jpeg\" \/>\n<meta name=\"twitter:card\" content=\"summary_large_image\" \/>\n<script type=\"application\/ld+json\" class=\"yoast-schema-graph\">{\"@context\":\"https:\/\/schema.org\",\"@graph\":[{\"@type\":\"WebPage\",\"@id\":\"https:\/\/ecoxshop.ch\/prodotto\/colle-roller-tesa-non-permanente-monouso-ecologo-84-mm-x-85-m\/\",\"url\":\"https:\/\/ecoxshop.ch\/prodotto\/colle-roller-tesa-non-permanente-monouso-ecologo-84-mm-x-85-m\/\",\"name\":\"Colle roller tesa non permanente monouso ecoLogo\u00ae 8,4 mm x 8,5 m - Ecox Shop\",\"isPartOf\":{\"@id\":\"https:\/\/ecoxshop.ch\/#website\"},\"datePublished\":\"2025-03-06T09:14:12+00:00\",\"dateModified\":\"2025-03-07T13:51:25+00:00\",\"breadcrumb\":{\"@id\":\"https:\/\/ecoxshop.ch\/prodotto\/colle-roller-tesa-non-permanente-monouso-ecologo-84-mm-x-85-m\/#breadcrumb\"},\"inLanguage\":\"it-IT\",\"potentialAction\":[{\"@type\":\"ReadAction\",\"target\":[\"https:\/\/ecoxshop.ch\/prodotto\/colle-roller-tesa-non-permanente-monouso-ecologo-84-mm-x-85-m\/\"]}]},{\"@type\":\"BreadcrumbList\",\"@id\":\"https:\/\/ecoxshop.ch\/prodotto\/colle-roller-tesa-non-permanente-monouso-ecologo-84-mm-x-85-m\/#breadcrumb\",\"itemListElement\":[{\"@type\":\"ListItem\",\"position\":1,\"name\":\"Home\",\"item\":\"https:\/\/ecoxshop.ch\/it\/\"},{\"@type\":\"ListItem\",\"position\":2,\"name\":\"Shop\",\"item\":\"https:\/\/ecoxshop.ch\/it\/shop\/\"},{\"@type\":\"ListItem\",\"position\":3,\"name\":\"Colle roller tesa non permanente monouso ecoLogo\u00ae 8,4 mm x 8,5 m\"}]},{\"@type\":\"WebSite\",\"@id\":\"https:\/\/ecoxshop.ch\/#website\",\"url\":\"https:\/\/ecoxshop.ch\/\",\"name\":\"Ecox Shop\",\"description\":\"\",\"publisher\":{\"@id\":\"https:\/\/ecoxshop.ch\/#organization\"},\"potentialAction\":[{\"@type\":\"SearchAction\",\"target\":{\"@type\":\"EntryPoint\",\"urlTemplate\":\"https:\/\/ecoxshop.ch\/?s={search_term_string}\"},\"query-input\":\"required name=search_term_string\"}],\"inLanguage\":\"it-IT\"},{\"@type\":\"Organization\",\"@id\":\"https:\/\/ecoxshop.ch\/#organization\",\"name\":\"Ecox Shop\",\"url\":\"https:\/\/ecoxshop.ch\/\",\"logo\":{\"@type\":\"ImageObject\",\"inLanguage\":\"it-IT\",\"@id\":\"https:\/\/ecoxshop.ch\/#\/schema\/logo\/image\/\",\"url\":\"https:\/\/ecoxshop.ch\/wp-content\/uploads\/2023\/05\/logo-ecox.svg\",\"contentUrl\":\"https:\/\/ecoxshop.ch\/wp-content\/uploads\/2023\/05\/logo-ecox.svg\",\"width\":304.6,\"height\":91.5,\"caption\":\"Ecox Shop\"},\"image\":{\"@id\":\"https:\/\/ecoxshop.ch\/#\/schema\/logo\/image\/\"}}]}<\/script>\n<!-- \/ Yoast SEO plugin. -->","yoast_head_json":{"title":"Colle roller tesa non permanente monouso ecoLogo\u00ae 8,4 mm x 8,5 m - Ecox Shop","robots":{"index":"index","follow":"follow","max-snippet":"max-snippet:-1","max-image-preview":"max-image-preview:large","max-video-preview":"max-video-preview:-1"},"canonical":"https:\/\/ecoxshop.ch\/it\/prodotto\/colle-roller-tesa-non-permanente-monouso-ecologo-84-mm-x-85-m\/","og_locale":"it_IT","og_type":"article","og_title":"Colle roller tesa non permanente monouso ecoLogo\u00ae 8,4 mm x 8,5 m - Ecox Shop","og_description":"Colle roller tesa non permanente monouso ecoLogo\u00ae 8,4 mm x 8,5 m trasparente - 59190-00005-04","og_url":"https:\/\/ecoxshop.ch\/it\/prodotto\/colle-roller-tesa-non-permanente-monouso-ecologo-84-mm-x-85-m\/","og_site_name":"Ecox Shop","article_modified_time":"2025-03-07T13:51:25+00:00","og_image":[{"width":480,"height":480,"url":"https:\/\/ecoxshop.ch\/wp-content\/uploads\/2025\/03\/1436560.jpg","type":"image\/jpeg"}],"twitter_card":"summary_large_image","schema":{"@context":"https:\/\/schema.org","@graph":[{"@type":"WebPage","@id":"https:\/\/ecoxshop.ch\/prodotto\/colle-roller-tesa-non-permanente-monouso-ecologo-84-mm-x-85-m\/","url":"https:\/\/ecoxshop.ch\/prodotto\/colle-roller-tesa-non-permanente-monouso-ecologo-84-mm-x-85-m\/","name":"Colle roller tesa non permanente monouso ecoLogo\u00ae 8,4 mm x 8,5 m - Ecox Shop","isPartOf":{"@id":"https:\/\/ecoxshop.ch\/#website"},"datePublished":"2025-03-06T09:14:12+00:00","dateModified":"2025-03-07T13:51:25+00:00","breadcrumb":{"@id":"https:\/\/ecoxshop.ch\/prodotto\/colle-roller-tesa-non-permanente-monouso-ecologo-84-mm-x-85-m\/#breadcrumb"},"inLanguage":"it-IT","potentialAction":[{"@type":"ReadAction","target":["https:\/\/ecoxshop.ch\/prodotto\/colle-roller-tesa-non-permanente-monouso-ecologo-84-mm-x-85-m\/"]}]},{"@type":"BreadcrumbList","@id":"https:\/\/ecoxshop.ch\/prodotto\/colle-roller-tesa-non-permanente-monouso-ecologo-84-mm-x-85-m\/#breadcrumb","itemListElement":[{"@type":"ListItem","position":1,"name":"Home","item":"https:\/\/ecoxshop.ch\/it\/"},{"@type":"ListItem","position":2,"name":"Shop","item":"https:\/\/ecoxshop.ch\/it\/shop\/"},{"@type":"ListItem","position":3,"name":"Colle roller tesa non permanente monouso ecoLogo\u00ae 8,4 mm x 8,5 m"}]},{"@type":"WebSite","@id":"https:\/\/ecoxshop.ch\/#website","url":"https:\/\/ecoxshop.ch\/","name":"Ecox Shop","description":"","publisher":{"@id":"https:\/\/ecoxshop.ch\/#organization"},"potentialAction":[{"@type":"SearchAction","target":{"@type":"EntryPoint","urlTemplate":"https:\/\/ecoxshop.ch\/?s={search_term_string}"},"query-input":"required name=search_term_string"}],"inLanguage":"it-IT"},{"@type":"Organization","@id":"https:\/\/ecoxshop.ch\/#organization","name":"Ecox Shop","url":"https:\/\/ecoxshop.ch\/","logo":{"@type":"ImageObject","inLanguage":"it-IT","@id":"https:\/\/ecoxshop.ch\/#\/schema\/logo\/image\/","url":"https:\/\/ecoxshop.ch\/wp-content\/uploads\/2023\/05\/logo-ecox.svg","contentUrl":"https:\/\/ecoxshop.ch\/wp-content\/uploads\/2023\/05\/logo-ecox.svg","width":304.6,"height":91.5,"caption":"Ecox Shop"},"image":{"@id":"https:\/\/ecoxshop.ch\/#\/schema\/logo\/image\/"}}]}},"_links":{"self":[{"href":"https:\/\/ecoxshop.ch\/it\/wp-json\/wp\/v3\/product\/11939"}],"collection":[{"href":"https:\/\/ecoxshop.ch\/it\/wp-json\/wp\/v3\/product"}],"about":[{"href":"https:\/\/ecoxshop.ch\/it\/wp-json\/wp\/v2\/types\/product"}],"wp:featuredmedia":[{"embeddable":true,"href":"https:\/\/ecoxshop.ch\/it\/wp-json\/wp\/v2\/media\/5709"}],"wp:attachment":[{"href":"https:\/\/ecoxshop.ch\/it\/wp-json\/wp\/v2\/media?parent=11939"}],"wp:term":[{"taxonomy":"product_cat","embeddable":true,"href":"https:\/\/ecoxshop.ch\/it\/wp-json\/wp\/v2\/product_cat?post=11939"},{"taxonomy":"product_tag","embeddable":true,"href":"https:\/\/ecoxshop.ch\/it\/wp-json\/wp\/v2\/product_tag?post=11939"}],"curies":[{"name":"wp","href":"https:\/\/api.w.org\/{rel}","templated":true}]}}