{"id":11914,"date":"2025-03-06T10:14:02","date_gmt":"2025-03-06T09:14:02","guid":{"rendered":"https:\/\/ecoxshop.ch\/prodotto\/nastro-biadesivo-tesa-universale-strappabile-a-mano-50-mm-x-5-m-bianco\/"},"modified":"2025-03-07T14:51:21","modified_gmt":"2025-03-07T13:51:21","slug":"nastro-biadesivo-tesa-universale-strappabile-a-mano-50-mm-x-5-m-bianco","status":"publish","type":"product","link":"https:\/\/ecoxshop.ch\/it\/prodotto\/nastro-biadesivo-tesa-universale-strappabile-a-mano-50-mm-x-5-m-bianco\/","title":{"rendered":"Nastro biadesivo tesa Universale strappabile a mano 50 mm x 5 m bianco"},"content":{"rendered":"<p>tesa\u00ae Nastro biadesivo Universale garantisce una buona adesivit\u00e0 su tutte le superfici piatte e lisce. Il nastro pu\u00f2 essere facilmente strappato con le mani in modo da garantire una facile e veloce applicazione senza il bisogno di ulteriori attrezzi. Ha una forte adesivit\u00e0 per garantire un fissaggio permanente.<br \/>\ntesa\u00ae Nastro biadesivo Universale ha una altezza di 50 mm ed \u00e8 disponibile in rotoli da 5, 10 o 25 metri. Il rotolo pi\u00f9 piccolo pu\u00f2 essere usato per piccoli lavori manuali o di decorazione. Il rotolo pi\u00f9 grande \u00e8 ideale per lavori di posa della moquette.<\/p>\n","protected":false},"excerpt":{"rendered":"<p>Nastro biadesivo tesa Universale strappabile a mano 50 mm x 5 m bianco 56170-00007-11<\/p>\n","protected":false},"featured_media":5659,"template":"","meta":[],"product_cat":[239],"product_tag":[],"yoast_head":"<!-- This site is optimized with the Yoast SEO plugin v20.7 - https:\/\/yoast.com\/wordpress\/plugins\/seo\/ -->\n<title>Nastro biadesivo tesa Universale strappabile a mano 50 mm x 5 m bianco - Ecox Shop<\/title>\n<meta name=\"robots\" content=\"index, follow, max-snippet:-1, max-image-preview:large, max-video-preview:-1\" \/>\n<link rel=\"canonical\" href=\"https:\/\/ecoxshop.ch\/it\/prodotto\/nastro-biadesivo-tesa-universale-strappabile-a-mano-50-mm-x-5-m-bianco\/\" \/>\n<meta property=\"og:locale\" content=\"it_IT\" \/>\n<meta property=\"og:type\" content=\"article\" \/>\n<meta property=\"og:title\" content=\"Nastro biadesivo tesa Universale strappabile a mano 50 mm x 5 m bianco - Ecox Shop\" \/>\n<meta property=\"og:description\" content=\"Nastro biadesivo tesa Universale strappabile a mano 50 mm x 5 m bianco 56170-00007-11\" \/>\n<meta property=\"og:url\" content=\"https:\/\/ecoxshop.ch\/it\/prodotto\/nastro-biadesivo-tesa-universale-strappabile-a-mano-50-mm-x-5-m-bianco\/\" \/>\n<meta property=\"og:site_name\" content=\"Ecox Shop\" \/>\n<meta property=\"article:modified_time\" content=\"2025-03-07T13:51:21+00:00\" \/>\n<meta property=\"og:image\" content=\"https:\/\/ecoxshop.ch\/wp-content\/uploads\/2025\/03\/1848650.jpg\" \/>\n\t<meta property=\"og:image:width\" content=\"480\" \/>\n\t<meta property=\"og:image:height\" content=\"480\" \/>\n\t<meta property=\"og:image:type\" content=\"image\/jpeg\" \/>\n<meta name=\"twitter:card\" content=\"summary_large_image\" \/>\n<script type=\"application\/ld+json\" class=\"yoast-schema-graph\">{\"@context\":\"https:\/\/schema.org\",\"@graph\":[{\"@type\":\"WebPage\",\"@id\":\"https:\/\/ecoxshop.ch\/it\/prodotto\/nastro-biadesivo-tesa-universale-strappabile-a-mano-50-mm-x-5-m-bianco\/\",\"url\":\"https:\/\/ecoxshop.ch\/it\/prodotto\/nastro-biadesivo-tesa-universale-strappabile-a-mano-50-mm-x-5-m-bianco\/\",\"name\":\"Nastro biadesivo tesa Universale strappabile a mano 50 mm x 5 m bianco - Ecox Shop\",\"isPartOf\":{\"@id\":\"https:\/\/ecoxshop.ch\/#website\"},\"datePublished\":\"2025-03-06T09:14:02+00:00\",\"dateModified\":\"2025-03-07T13:51:21+00:00\",\"breadcrumb\":{\"@id\":\"https:\/\/ecoxshop.ch\/it\/prodotto\/nastro-biadesivo-tesa-universale-strappabile-a-mano-50-mm-x-5-m-bianco\/#breadcrumb\"},\"inLanguage\":\"it-IT\",\"potentialAction\":[{\"@type\":\"ReadAction\",\"target\":[\"https:\/\/ecoxshop.ch\/it\/prodotto\/nastro-biadesivo-tesa-universale-strappabile-a-mano-50-mm-x-5-m-bianco\/\"]}]},{\"@type\":\"BreadcrumbList\",\"@id\":\"https:\/\/ecoxshop.ch\/it\/prodotto\/nastro-biadesivo-tesa-universale-strappabile-a-mano-50-mm-x-5-m-bianco\/#breadcrumb\",\"itemListElement\":[{\"@type\":\"ListItem\",\"position\":1,\"name\":\"Home\",\"item\":\"https:\/\/ecoxshop.ch\/it\/\"},{\"@type\":\"ListItem\",\"position\":2,\"name\":\"Shop\",\"item\":\"https:\/\/ecoxshop.ch\/it\/shop\/\"},{\"@type\":\"ListItem\",\"position\":3,\"name\":\"Nastro biadesivo tesa Universale strappabile a mano 50 mm x 5 m bianco\"}]},{\"@type\":\"WebSite\",\"@id\":\"https:\/\/ecoxshop.ch\/#website\",\"url\":\"https:\/\/ecoxshop.ch\/\",\"name\":\"Ecox Shop\",\"description\":\"\",\"publisher\":{\"@id\":\"https:\/\/ecoxshop.ch\/#organization\"},\"potentialAction\":[{\"@type\":\"SearchAction\",\"target\":{\"@type\":\"EntryPoint\",\"urlTemplate\":\"https:\/\/ecoxshop.ch\/?s={search_term_string}\"},\"query-input\":\"required name=search_term_string\"}],\"inLanguage\":\"it-IT\"},{\"@type\":\"Organization\",\"@id\":\"https:\/\/ecoxshop.ch\/#organization\",\"name\":\"Ecox Shop\",\"url\":\"https:\/\/ecoxshop.ch\/\",\"logo\":{\"@type\":\"ImageObject\",\"inLanguage\":\"it-IT\",\"@id\":\"https:\/\/ecoxshop.ch\/#\/schema\/logo\/image\/\",\"url\":\"https:\/\/ecoxshop.ch\/wp-content\/uploads\/2023\/05\/logo-ecox.svg\",\"contentUrl\":\"https:\/\/ecoxshop.ch\/wp-content\/uploads\/2023\/05\/logo-ecox.svg\",\"width\":304.6,\"height\":91.5,\"caption\":\"Ecox Shop\"},\"image\":{\"@id\":\"https:\/\/ecoxshop.ch\/#\/schema\/logo\/image\/\"}}]}<\/script>\n<!-- \/ Yoast SEO plugin. -->","yoast_head_json":{"title":"Nastro biadesivo tesa Universale strappabile a mano 50 mm x 5 m bianco - Ecox Shop","robots":{"index":"index","follow":"follow","max-snippet":"max-snippet:-1","max-image-preview":"max-image-preview:large","max-video-preview":"max-video-preview:-1"},"canonical":"https:\/\/ecoxshop.ch\/it\/prodotto\/nastro-biadesivo-tesa-universale-strappabile-a-mano-50-mm-x-5-m-bianco\/","og_locale":"it_IT","og_type":"article","og_title":"Nastro biadesivo tesa Universale strappabile a mano 50 mm x 5 m bianco - Ecox Shop","og_description":"Nastro biadesivo tesa Universale strappabile a mano 50 mm x 5 m bianco 56170-00007-11","og_url":"https:\/\/ecoxshop.ch\/it\/prodotto\/nastro-biadesivo-tesa-universale-strappabile-a-mano-50-mm-x-5-m-bianco\/","og_site_name":"Ecox Shop","article_modified_time":"2025-03-07T13:51:21+00:00","og_image":[{"width":480,"height":480,"url":"https:\/\/ecoxshop.ch\/wp-content\/uploads\/2025\/03\/1848650.jpg","type":"image\/jpeg"}],"twitter_card":"summary_large_image","schema":{"@context":"https:\/\/schema.org","@graph":[{"@type":"WebPage","@id":"https:\/\/ecoxshop.ch\/it\/prodotto\/nastro-biadesivo-tesa-universale-strappabile-a-mano-50-mm-x-5-m-bianco\/","url":"https:\/\/ecoxshop.ch\/it\/prodotto\/nastro-biadesivo-tesa-universale-strappabile-a-mano-50-mm-x-5-m-bianco\/","name":"Nastro biadesivo tesa Universale strappabile a mano 50 mm x 5 m bianco - Ecox Shop","isPartOf":{"@id":"https:\/\/ecoxshop.ch\/#website"},"datePublished":"2025-03-06T09:14:02+00:00","dateModified":"2025-03-07T13:51:21+00:00","breadcrumb":{"@id":"https:\/\/ecoxshop.ch\/it\/prodotto\/nastro-biadesivo-tesa-universale-strappabile-a-mano-50-mm-x-5-m-bianco\/#breadcrumb"},"inLanguage":"it-IT","potentialAction":[{"@type":"ReadAction","target":["https:\/\/ecoxshop.ch\/it\/prodotto\/nastro-biadesivo-tesa-universale-strappabile-a-mano-50-mm-x-5-m-bianco\/"]}]},{"@type":"BreadcrumbList","@id":"https:\/\/ecoxshop.ch\/it\/prodotto\/nastro-biadesivo-tesa-universale-strappabile-a-mano-50-mm-x-5-m-bianco\/#breadcrumb","itemListElement":[{"@type":"ListItem","position":1,"name":"Home","item":"https:\/\/ecoxshop.ch\/it\/"},{"@type":"ListItem","position":2,"name":"Shop","item":"https:\/\/ecoxshop.ch\/it\/shop\/"},{"@type":"ListItem","position":3,"name":"Nastro biadesivo tesa Universale strappabile a mano 50 mm x 5 m bianco"}]},{"@type":"WebSite","@id":"https:\/\/ecoxshop.ch\/#website","url":"https:\/\/ecoxshop.ch\/","name":"Ecox Shop","description":"","publisher":{"@id":"https:\/\/ecoxshop.ch\/#organization"},"potentialAction":[{"@type":"SearchAction","target":{"@type":"EntryPoint","urlTemplate":"https:\/\/ecoxshop.ch\/?s={search_term_string}"},"query-input":"required name=search_term_string"}],"inLanguage":"it-IT"},{"@type":"Organization","@id":"https:\/\/ecoxshop.ch\/#organization","name":"Ecox Shop","url":"https:\/\/ecoxshop.ch\/","logo":{"@type":"ImageObject","inLanguage":"it-IT","@id":"https:\/\/ecoxshop.ch\/#\/schema\/logo\/image\/","url":"https:\/\/ecoxshop.ch\/wp-content\/uploads\/2023\/05\/logo-ecox.svg","contentUrl":"https:\/\/ecoxshop.ch\/wp-content\/uploads\/2023\/05\/logo-ecox.svg","width":304.6,"height":91.5,"caption":"Ecox Shop"},"image":{"@id":"https:\/\/ecoxshop.ch\/#\/schema\/logo\/image\/"}}]}},"_links":{"self":[{"href":"https:\/\/ecoxshop.ch\/it\/wp-json\/wp\/v3\/product\/11914"}],"collection":[{"href":"https:\/\/ecoxshop.ch\/it\/wp-json\/wp\/v3\/product"}],"about":[{"href":"https:\/\/ecoxshop.ch\/it\/wp-json\/wp\/v2\/types\/product"}],"wp:featuredmedia":[{"embeddable":true,"href":"https:\/\/ecoxshop.ch\/it\/wp-json\/wp\/v2\/media\/5659"}],"wp:attachment":[{"href":"https:\/\/ecoxshop.ch\/it\/wp-json\/wp\/v2\/media?parent=11914"}],"wp:term":[{"taxonomy":"product_cat","embeddable":true,"href":"https:\/\/ecoxshop.ch\/it\/wp-json\/wp\/v2\/product_cat?post=11914"},{"taxonomy":"product_tag","embeddable":true,"href":"https:\/\/ecoxshop.ch\/it\/wp-json\/wp\/v2\/product_tag?post=11914"}],"curies":[{"name":"wp","href":"https:\/\/api.w.org\/{rel}","templated":true}]}}