{"id":11910,"date":"2025-03-06T10:14:02","date_gmt":"2025-03-06T09:14:02","guid":{"rendered":"https:\/\/ecoxshop.ch\/prodotto\/nastro-antiscivolo-tesa-extra-forte-a-strappo-manuale-25-mm-x-5-m-nero\/"},"modified":"2025-03-07T14:51:18","modified_gmt":"2025-03-07T13:51:18","slug":"nastro-antiscivolo-tesa-extra-forte-a-strappo-manuale-25-mm-x-5-m-nero","status":"publish","type":"product","link":"https:\/\/ecoxshop.ch\/it\/prodotto\/nastro-antiscivolo-tesa-extra-forte-a-strappo-manuale-25-mm-x-5-m-nero\/","title":{"rendered":"Nastro antiscivolo tesa extra forte a strappo manuale 25 mm x 5 m nero"},"content":{"rendered":"<p>Pavimenti scivolosi, gradini, rampe, e scafi di barche hanno bisogno di precauzioni extra per prevenire incidenti che possono causare infortuni gravi. tesa\u00ae Nastro Antiscivolo \u00e8 la giusta soluzione a questi pericoli. Toglie il pericolo da aree scivolose e aiuta a prevenire cause legali che possono sorgere quando sono coinvolti estranei. Prevenzione dalle cadute semplice ed efficace. Con tesa\u00ae Nastro Antiscivolo si possono ottenere gradini o pavimenti non scivolosi in maniera semplice ed efficace. Questo nastro adesivo specifico fornisce una superficie ruvida che riduce sensibilmente il pericolo delle superfici scivolose. \u00c8 studiato apposta per prevenire scivolate in tutte le aree dentro e fuori casa. Pavimento non scivoloso ottenuto in maniera semplice. tesa\u00ae Nastro Antiscivolo \u00e8 disponibile in rotoli alti 25 mm o 50 mm, lunghi 5 mt o 15 mt, bianco, beige o nero. Il nastro si pu\u00f2 tagliare o strappare con le mani e si applica facilmente su qualsiasi superficie scivolosa. Bisogna solo preparare la superficie, tagliare o strappare il nastro della lunghezza necessaria, rimuovere la copertura protettiva e attaccarlo. Nastro antiscivolo duraturo. Questo nastro antiscivolo si adatta a qualsiasi superficie sufficientemente liscia e stabile. \u00c8 dotato di uno speciale rivestimento adesivo che garantisce una perfetta aderenza per una sicurezza duratura. Per risultati ottimali, si pulisce la superficie e si prepara pulendola con alcool o con un detergente senza silicone. Elevata resistenza al sole e alle condizioni \u00ae Nastro Antiscivolo non solo garantisce una elevata adesivit\u00e0 su qualsiasi superficie scivolosa. \u00c8 anche resistente ai raggi UV e pu\u00f2 essere usato alla luce diretta del sole, mantenendo le sue funzioni anche con temperature molto fredde. \u00c8 resistente a tutte le condizioni atmosferiche, all&#8217;acqua e ai detersivi.<\/p>\n","protected":false},"excerpt":{"rendered":"<p>Nastro antiscivolo tesa extra forte a strappo manuale 25 mm x 5 m nero 55587-00003-11<\/p>\n","protected":false},"featured_media":5651,"template":"","meta":[],"product_cat":[224],"product_tag":[],"yoast_head":"<!-- This site is optimized with the Yoast SEO plugin v20.7 - https:\/\/yoast.com\/wordpress\/plugins\/seo\/ -->\n<title>Nastro antiscivolo tesa extra forte a strappo manuale 25 mm x 5 m nero - Ecox Shop<\/title>\n<meta name=\"robots\" content=\"index, follow, max-snippet:-1, max-image-preview:large, max-video-preview:-1\" \/>\n<link rel=\"canonical\" href=\"https:\/\/ecoxshop.ch\/it\/product\/nastro-antiscivolo-tesa-extra-forte-a-strappo-manuale-25-mm-x-5-m-nero\/\" \/>\n<meta property=\"og:locale\" content=\"it_IT\" \/>\n<meta property=\"og:type\" content=\"article\" \/>\n<meta property=\"og:title\" content=\"Nastro antiscivolo tesa extra forte a strappo manuale 25 mm x 5 m nero - Ecox Shop\" \/>\n<meta property=\"og:description\" content=\"Nastro antiscivolo tesa extra forte a strappo manuale 25 mm x 5 m nero 55587-00003-11\" \/>\n<meta property=\"og:url\" content=\"https:\/\/ecoxshop.ch\/it\/product\/nastro-antiscivolo-tesa-extra-forte-a-strappo-manuale-25-mm-x-5-m-nero\/\" \/>\n<meta property=\"og:site_name\" content=\"Ecox Shop\" \/>\n<meta property=\"article:modified_time\" content=\"2025-03-07T13:51:18+00:00\" \/>\n<meta property=\"og:image\" content=\"https:\/\/ecoxshop.ch\/wp-content\/uploads\/2025\/03\/1848919.jpg\" \/>\n\t<meta property=\"og:image:width\" content=\"480\" \/>\n\t<meta property=\"og:image:height\" content=\"480\" \/>\n\t<meta property=\"og:image:type\" content=\"image\/jpeg\" \/>\n<meta name=\"twitter:card\" content=\"summary_large_image\" \/>\n<meta name=\"twitter:label1\" content=\"Tempo di lettura stimato\" \/>\n\t<meta name=\"twitter:data1\" content=\"1 minuto\" \/>\n<script type=\"application\/ld+json\" class=\"yoast-schema-graph\">{\"@context\":\"https:\/\/schema.org\",\"@graph\":[{\"@type\":\"WebPage\",\"@id\":\"https:\/\/ecoxshop.ch\/en\/product\/nastro-antiscivolo-tesa-extra-forte-a-strappo-manuale-25-mm-x-5-m-nero\/\",\"url\":\"https:\/\/ecoxshop.ch\/en\/product\/nastro-antiscivolo-tesa-extra-forte-a-strappo-manuale-25-mm-x-5-m-nero\/\",\"name\":\"Nastro antiscivolo tesa extra forte a strappo manuale 25 mm x 5 m nero - Ecox Shop\",\"isPartOf\":{\"@id\":\"https:\/\/ecoxshop.ch\/#website\"},\"datePublished\":\"2025-03-06T09:14:02+00:00\",\"dateModified\":\"2025-03-07T13:51:18+00:00\",\"breadcrumb\":{\"@id\":\"https:\/\/ecoxshop.ch\/en\/product\/nastro-antiscivolo-tesa-extra-forte-a-strappo-manuale-25-mm-x-5-m-nero\/#breadcrumb\"},\"inLanguage\":\"it-IT\",\"potentialAction\":[{\"@type\":\"ReadAction\",\"target\":[\"https:\/\/ecoxshop.ch\/en\/product\/nastro-antiscivolo-tesa-extra-forte-a-strappo-manuale-25-mm-x-5-m-nero\/\"]}]},{\"@type\":\"BreadcrumbList\",\"@id\":\"https:\/\/ecoxshop.ch\/en\/product\/nastro-antiscivolo-tesa-extra-forte-a-strappo-manuale-25-mm-x-5-m-nero\/#breadcrumb\",\"itemListElement\":[{\"@type\":\"ListItem\",\"position\":1,\"name\":\"Home\",\"item\":\"https:\/\/ecoxshop.ch\/it\/\"},{\"@type\":\"ListItem\",\"position\":2,\"name\":\"Shop\",\"item\":\"https:\/\/ecoxshop.ch\/it\/shop\/\"},{\"@type\":\"ListItem\",\"position\":3,\"name\":\"Nastro antiscivolo tesa extra forte a strappo manuale 25 mm x 5 m nero\"}]},{\"@type\":\"WebSite\",\"@id\":\"https:\/\/ecoxshop.ch\/#website\",\"url\":\"https:\/\/ecoxshop.ch\/\",\"name\":\"Ecox Shop\",\"description\":\"\",\"publisher\":{\"@id\":\"https:\/\/ecoxshop.ch\/#organization\"},\"potentialAction\":[{\"@type\":\"SearchAction\",\"target\":{\"@type\":\"EntryPoint\",\"urlTemplate\":\"https:\/\/ecoxshop.ch\/?s={search_term_string}\"},\"query-input\":\"required name=search_term_string\"}],\"inLanguage\":\"it-IT\"},{\"@type\":\"Organization\",\"@id\":\"https:\/\/ecoxshop.ch\/#organization\",\"name\":\"Ecox Shop\",\"url\":\"https:\/\/ecoxshop.ch\/\",\"logo\":{\"@type\":\"ImageObject\",\"inLanguage\":\"it-IT\",\"@id\":\"https:\/\/ecoxshop.ch\/#\/schema\/logo\/image\/\",\"url\":\"https:\/\/ecoxshop.ch\/wp-content\/uploads\/2023\/05\/logo-ecox.svg\",\"contentUrl\":\"https:\/\/ecoxshop.ch\/wp-content\/uploads\/2023\/05\/logo-ecox.svg\",\"width\":304.6,\"height\":91.5,\"caption\":\"Ecox Shop\"},\"image\":{\"@id\":\"https:\/\/ecoxshop.ch\/#\/schema\/logo\/image\/\"}}]}<\/script>\n<!-- \/ Yoast SEO plugin. -->","yoast_head_json":{"title":"Nastro antiscivolo tesa extra forte a strappo manuale 25 mm x 5 m nero - Ecox Shop","robots":{"index":"index","follow":"follow","max-snippet":"max-snippet:-1","max-image-preview":"max-image-preview:large","max-video-preview":"max-video-preview:-1"},"canonical":"https:\/\/ecoxshop.ch\/it\/product\/nastro-antiscivolo-tesa-extra-forte-a-strappo-manuale-25-mm-x-5-m-nero\/","og_locale":"it_IT","og_type":"article","og_title":"Nastro antiscivolo tesa extra forte a strappo manuale 25 mm x 5 m nero - Ecox Shop","og_description":"Nastro antiscivolo tesa extra forte a strappo manuale 25 mm x 5 m nero 55587-00003-11","og_url":"https:\/\/ecoxshop.ch\/it\/product\/nastro-antiscivolo-tesa-extra-forte-a-strappo-manuale-25-mm-x-5-m-nero\/","og_site_name":"Ecox Shop","article_modified_time":"2025-03-07T13:51:18+00:00","og_image":[{"width":480,"height":480,"url":"https:\/\/ecoxshop.ch\/wp-content\/uploads\/2025\/03\/1848919.jpg","type":"image\/jpeg"}],"twitter_card":"summary_large_image","twitter_misc":{"Tempo di lettura stimato":"1 minuto"},"schema":{"@context":"https:\/\/schema.org","@graph":[{"@type":"WebPage","@id":"https:\/\/ecoxshop.ch\/en\/product\/nastro-antiscivolo-tesa-extra-forte-a-strappo-manuale-25-mm-x-5-m-nero\/","url":"https:\/\/ecoxshop.ch\/en\/product\/nastro-antiscivolo-tesa-extra-forte-a-strappo-manuale-25-mm-x-5-m-nero\/","name":"Nastro antiscivolo tesa extra forte a strappo manuale 25 mm x 5 m nero - Ecox Shop","isPartOf":{"@id":"https:\/\/ecoxshop.ch\/#website"},"datePublished":"2025-03-06T09:14:02+00:00","dateModified":"2025-03-07T13:51:18+00:00","breadcrumb":{"@id":"https:\/\/ecoxshop.ch\/en\/product\/nastro-antiscivolo-tesa-extra-forte-a-strappo-manuale-25-mm-x-5-m-nero\/#breadcrumb"},"inLanguage":"it-IT","potentialAction":[{"@type":"ReadAction","target":["https:\/\/ecoxshop.ch\/en\/product\/nastro-antiscivolo-tesa-extra-forte-a-strappo-manuale-25-mm-x-5-m-nero\/"]}]},{"@type":"BreadcrumbList","@id":"https:\/\/ecoxshop.ch\/en\/product\/nastro-antiscivolo-tesa-extra-forte-a-strappo-manuale-25-mm-x-5-m-nero\/#breadcrumb","itemListElement":[{"@type":"ListItem","position":1,"name":"Home","item":"https:\/\/ecoxshop.ch\/it\/"},{"@type":"ListItem","position":2,"name":"Shop","item":"https:\/\/ecoxshop.ch\/it\/shop\/"},{"@type":"ListItem","position":3,"name":"Nastro antiscivolo tesa extra forte a strappo manuale 25 mm x 5 m nero"}]},{"@type":"WebSite","@id":"https:\/\/ecoxshop.ch\/#website","url":"https:\/\/ecoxshop.ch\/","name":"Ecox Shop","description":"","publisher":{"@id":"https:\/\/ecoxshop.ch\/#organization"},"potentialAction":[{"@type":"SearchAction","target":{"@type":"EntryPoint","urlTemplate":"https:\/\/ecoxshop.ch\/?s={search_term_string}"},"query-input":"required name=search_term_string"}],"inLanguage":"it-IT"},{"@type":"Organization","@id":"https:\/\/ecoxshop.ch\/#organization","name":"Ecox Shop","url":"https:\/\/ecoxshop.ch\/","logo":{"@type":"ImageObject","inLanguage":"it-IT","@id":"https:\/\/ecoxshop.ch\/#\/schema\/logo\/image\/","url":"https:\/\/ecoxshop.ch\/wp-content\/uploads\/2023\/05\/logo-ecox.svg","contentUrl":"https:\/\/ecoxshop.ch\/wp-content\/uploads\/2023\/05\/logo-ecox.svg","width":304.6,"height":91.5,"caption":"Ecox Shop"},"image":{"@id":"https:\/\/ecoxshop.ch\/#\/schema\/logo\/image\/"}}]}},"_links":{"self":[{"href":"https:\/\/ecoxshop.ch\/it\/wp-json\/wp\/v3\/product\/11910"}],"collection":[{"href":"https:\/\/ecoxshop.ch\/it\/wp-json\/wp\/v3\/product"}],"about":[{"href":"https:\/\/ecoxshop.ch\/it\/wp-json\/wp\/v2\/types\/product"}],"wp:featuredmedia":[{"embeddable":true,"href":"https:\/\/ecoxshop.ch\/it\/wp-json\/wp\/v2\/media\/5651"}],"wp:attachment":[{"href":"https:\/\/ecoxshop.ch\/it\/wp-json\/wp\/v2\/media?parent=11910"}],"wp:term":[{"taxonomy":"product_cat","embeddable":true,"href":"https:\/\/ecoxshop.ch\/it\/wp-json\/wp\/v2\/product_cat?post=11910"},{"taxonomy":"product_tag","embeddable":true,"href":"https:\/\/ecoxshop.ch\/it\/wp-json\/wp\/v2\/product_tag?post=11910"}],"curies":[{"name":"wp","href":"https:\/\/api.w.org\/{rel}","templated":true}]}}