{"id":43993,"date":"2025-03-07T10:17:10","date_gmt":"2025-03-07T09:17:10","guid":{"rendered":"https:\/\/ecoxshop.ch\/prodotto\/mobiletto-multifunzione-74-59-aperto-durable\/"},"modified":"2025-03-07T16:53:13","modified_gmt":"2025-03-07T15:53:13","slug":"mobiletto-multifunzione-74-59-aperto-durable","status":"publish","type":"product","link":"https:\/\/ecoxshop.ch\/en\/product\/mobiletto-multifunzione-74-59-aperto-durable\/","title":{"rendered":"Multifunctional cabinet 74\/59 open Durable"},"content":{"rendered":"<p>Mobile multifunzione versatile ideale per riporre dispositivi elettronici e attrezzatura da ufficio. Facile da spostare e sicuro nel movimento (dotato di 4 ruote pivotanti, di cui 2 provviste di dispositivo di bloccaggio). N\u00b06 ripiani robusti (16 mm) per raccoglitori, carta o attrezzatura da ufficio, ecc. Aperto su 3 lati per un facile accesso. Facile da assemblare grazie alle istruzioni di montaggio incluse. Ogni ripiano pu\u00f2 supportare max. 25 kg. Capacit\u00e0 di carico totale 60 kg. Profondit\u00e0 esterna: 528mm. Altezza esterna: 748 mm. Larghezza esterna: 592 mm.<\/p>","protected":false},"excerpt":{"rendered":"<p>Mobiletto multifunzione 74\/59 aperto Durable 3113-02<\/p>","protected":false},"featured_media":0,"template":"","meta":[],"product_cat":[593],"product_tag":[],"yoast_head":"<!-- This site is optimized with the Yoast SEO plugin v20.7 - https:\/\/yoast.com\/wordpress\/plugins\/seo\/ -->\n<title>Mobiletto multifunzione 74\/59 aperto Durable - Ecox Shop<\/title>\n<meta name=\"robots\" content=\"index, follow, max-snippet:-1, max-image-preview:large, max-video-preview:-1\" \/>\n<link rel=\"canonical\" href=\"https:\/\/ecoxshop.ch\/en\/product\/mobiletto-multifunzione-74-59-aperto-durable\/\" \/>\n<meta property=\"og:locale\" content=\"en_GB\" \/>\n<meta property=\"og:type\" content=\"article\" \/>\n<meta property=\"og:title\" content=\"Mobiletto multifunzione 74\/59 aperto Durable - Ecox Shop\" \/>\n<meta property=\"og:description\" content=\"Mobiletto multifunzione 74\/59 aperto Durable 3113-02\" \/>\n<meta property=\"og:url\" content=\"https:\/\/ecoxshop.ch\/en\/product\/mobiletto-multifunzione-74-59-aperto-durable\/\" \/>\n<meta property=\"og:site_name\" content=\"Ecox Shop\" \/>\n<meta property=\"article:modified_time\" content=\"2025-03-07T15:53:13+00:00\" \/>\n<meta name=\"twitter:card\" content=\"summary_large_image\" \/>\n<script type=\"application\/ld+json\" class=\"yoast-schema-graph\">{\"@context\":\"https:\/\/schema.org\",\"@graph\":[{\"@type\":\"WebPage\",\"@id\":\"https:\/\/ecoxshop.ch\/it\/prodotto\/mobiletto-multifunzione-74-59-aperto-durable\/\",\"url\":\"https:\/\/ecoxshop.ch\/it\/prodotto\/mobiletto-multifunzione-74-59-aperto-durable\/\",\"name\":\"Mobiletto multifunzione 74\/59 aperto Durable - Ecox Shop\",\"isPartOf\":{\"@id\":\"https:\/\/ecoxshop.ch\/#website\"},\"datePublished\":\"2025-03-07T09:17:10+00:00\",\"dateModified\":\"2025-03-07T15:53:13+00:00\",\"breadcrumb\":{\"@id\":\"https:\/\/ecoxshop.ch\/it\/prodotto\/mobiletto-multifunzione-74-59-aperto-durable\/#breadcrumb\"},\"inLanguage\":\"en-GB\",\"potentialAction\":[{\"@type\":\"ReadAction\",\"target\":[\"https:\/\/ecoxshop.ch\/it\/prodotto\/mobiletto-multifunzione-74-59-aperto-durable\/\"]}]},{\"@type\":\"BreadcrumbList\",\"@id\":\"https:\/\/ecoxshop.ch\/it\/prodotto\/mobiletto-multifunzione-74-59-aperto-durable\/#breadcrumb\",\"itemListElement\":[{\"@type\":\"ListItem\",\"position\":1,\"name\":\"Home\",\"item\":\"https:\/\/ecoxshop.ch\/it\/\"},{\"@type\":\"ListItem\",\"position\":2,\"name\":\"Shop\",\"item\":\"https:\/\/ecoxshop.ch\/it\/shop\/\"},{\"@type\":\"ListItem\",\"position\":3,\"name\":\"Mobiletto multifunzione 74\/59 aperto Durable\"}]},{\"@type\":\"WebSite\",\"@id\":\"https:\/\/ecoxshop.ch\/#website\",\"url\":\"https:\/\/ecoxshop.ch\/\",\"name\":\"Ecox Shop\",\"description\":\"\",\"publisher\":{\"@id\":\"https:\/\/ecoxshop.ch\/#organization\"},\"potentialAction\":[{\"@type\":\"SearchAction\",\"target\":{\"@type\":\"EntryPoint\",\"urlTemplate\":\"https:\/\/ecoxshop.ch\/?s={search_term_string}\"},\"query-input\":\"required name=search_term_string\"}],\"inLanguage\":\"en-GB\"},{\"@type\":\"Organization\",\"@id\":\"https:\/\/ecoxshop.ch\/#organization\",\"name\":\"Ecox Shop\",\"url\":\"https:\/\/ecoxshop.ch\/\",\"logo\":{\"@type\":\"ImageObject\",\"inLanguage\":\"en-GB\",\"@id\":\"https:\/\/ecoxshop.ch\/#\/schema\/logo\/image\/\",\"url\":\"https:\/\/ecoxshop.ch\/wp-content\/uploads\/2023\/05\/logo-ecox.svg\",\"contentUrl\":\"https:\/\/ecoxshop.ch\/wp-content\/uploads\/2023\/05\/logo-ecox.svg\",\"width\":304.6,\"height\":91.5,\"caption\":\"Ecox Shop\"},\"image\":{\"@id\":\"https:\/\/ecoxshop.ch\/#\/schema\/logo\/image\/\"}}]}<\/script>\n<!-- \/ Yoast SEO plugin. -->","yoast_head_json":{"title":"Mobiletto multifunzione 74\/59 aperto Durable - Ecox Shop","robots":{"index":"index","follow":"follow","max-snippet":"max-snippet:-1","max-image-preview":"max-image-preview:large","max-video-preview":"max-video-preview:-1"},"canonical":"https:\/\/ecoxshop.ch\/en\/product\/mobiletto-multifunzione-74-59-aperto-durable\/","og_locale":"en_GB","og_type":"article","og_title":"Mobiletto multifunzione 74\/59 aperto Durable - Ecox Shop","og_description":"Mobiletto multifunzione 74\/59 aperto Durable 3113-02","og_url":"https:\/\/ecoxshop.ch\/en\/product\/mobiletto-multifunzione-74-59-aperto-durable\/","og_site_name":"Ecox Shop","article_modified_time":"2025-03-07T15:53:13+00:00","twitter_card":"summary_large_image","schema":{"@context":"https:\/\/schema.org","@graph":[{"@type":"WebPage","@id":"https:\/\/ecoxshop.ch\/it\/prodotto\/mobiletto-multifunzione-74-59-aperto-durable\/","url":"https:\/\/ecoxshop.ch\/it\/prodotto\/mobiletto-multifunzione-74-59-aperto-durable\/","name":"Mobiletto multifunzione 74\/59 aperto Durable - Ecox Shop","isPartOf":{"@id":"https:\/\/ecoxshop.ch\/#website"},"datePublished":"2025-03-07T09:17:10+00:00","dateModified":"2025-03-07T15:53:13+00:00","breadcrumb":{"@id":"https:\/\/ecoxshop.ch\/it\/prodotto\/mobiletto-multifunzione-74-59-aperto-durable\/#breadcrumb"},"inLanguage":"en-GB","potentialAction":[{"@type":"ReadAction","target":["https:\/\/ecoxshop.ch\/it\/prodotto\/mobiletto-multifunzione-74-59-aperto-durable\/"]}]},{"@type":"BreadcrumbList","@id":"https:\/\/ecoxshop.ch\/it\/prodotto\/mobiletto-multifunzione-74-59-aperto-durable\/#breadcrumb","itemListElement":[{"@type":"ListItem","position":1,"name":"Home","item":"https:\/\/ecoxshop.ch\/it\/"},{"@type":"ListItem","position":2,"name":"Shop","item":"https:\/\/ecoxshop.ch\/it\/shop\/"},{"@type":"ListItem","position":3,"name":"Mobiletto multifunzione 74\/59 aperto Durable"}]},{"@type":"WebSite","@id":"https:\/\/ecoxshop.ch\/#website","url":"https:\/\/ecoxshop.ch\/","name":"Ecox Shop","description":"","publisher":{"@id":"https:\/\/ecoxshop.ch\/#organization"},"potentialAction":[{"@type":"SearchAction","target":{"@type":"EntryPoint","urlTemplate":"https:\/\/ecoxshop.ch\/?s={search_term_string}"},"query-input":"required name=search_term_string"}],"inLanguage":"en-GB"},{"@type":"Organization","@id":"https:\/\/ecoxshop.ch\/#organization","name":"Ecox Shop","url":"https:\/\/ecoxshop.ch\/","logo":{"@type":"ImageObject","inLanguage":"en-GB","@id":"https:\/\/ecoxshop.ch\/#\/schema\/logo\/image\/","url":"https:\/\/ecoxshop.ch\/wp-content\/uploads\/2023\/05\/logo-ecox.svg","contentUrl":"https:\/\/ecoxshop.ch\/wp-content\/uploads\/2023\/05\/logo-ecox.svg","width":304.6,"height":91.5,"caption":"Ecox Shop"},"image":{"@id":"https:\/\/ecoxshop.ch\/#\/schema\/logo\/image\/"}}]}},"_links":{"self":[{"href":"https:\/\/ecoxshop.ch\/en\/wp-json\/wp\/v3\/product\/43993"}],"collection":[{"href":"https:\/\/ecoxshop.ch\/en\/wp-json\/wp\/v3\/product"}],"about":[{"href":"https:\/\/ecoxshop.ch\/en\/wp-json\/wp\/v2\/types\/product"}],"wp:attachment":[{"href":"https:\/\/ecoxshop.ch\/en\/wp-json\/wp\/v2\/media?parent=43993"}],"wp:term":[{"taxonomy":"product_cat","embeddable":true,"href":"https:\/\/ecoxshop.ch\/en\/wp-json\/wp\/v2\/product_cat?post=43993"},{"taxonomy":"product_tag","embeddable":true,"href":"https:\/\/ecoxshop.ch\/en\/wp-json\/wp\/v2\/product_tag?post=43993"}],"curies":[{"name":"wp","href":"https:\/\/api.w.org\/{rel}","templated":true}]}}