{"id":43812,"date":"2025-03-07T10:15:18","date_gmt":"2025-03-07T09:15:18","guid":{"rendered":"https:\/\/ecoxshop.ch\/prodotto\/set-tastiera-e-mouse-wireless-con-ricevitore-trust-lyra-nero\/"},"modified":"2025-03-07T16:50:53","modified_gmt":"2025-03-07T15:50:53","slug":"set-tastiera-e-mouse-wireless-con-ricevitore-trust-lyra-nero","status":"publish","type":"product","link":"https:\/\/ecoxshop.ch\/en\/product\/set-tastiera-e-mouse-wireless-con-ricevitore-trust-lyra-nero\/","title":{"rendered":"Trust Lyra wireless keyboard and mouse set with receiver black"},"content":{"rendered":"<p>Set tastiera e mouse wireless con ricevitore Lyra. Colore: nero. Peso: 365 g. Dimensioni: 126 x 287 x 17 mm. DPI range: 800\/1.200 dpi. Indicatori di: carica batteria, caricamento, stato connessione, wireless, caps-lock. Ricaricabile e compatto, con collegamento multi-dispositivo. Con la sua capacit\u00e0 di collegare fino a tre dispositivi tramite ricevitore USB e 2x Bluetooth, puoi spostarti facilmente fra telefono, tablet e computer con tre pulsanti dedicati. Lavora in modo pi\u00f9 sostenibile grazie a Lyra. Prodotto all\u009284% in plastica riciclata e confezionato in un imballo al 100% senza plastica, il set tastiera e mouse Lyra pu\u00f2 essere nero fuori&#8230; ma verde dentro. D\u00ec addio alla scomodit\u00e0 di dover sempre cambiare batterie: grazie alla sua batteria ricaricabile integrata, il mouse e la tastiera hanno un\u0092autonomia fino a 6 mesi con una sola carica e possono essere facilmente ricaricati in sole due ore, anche mentre li usi. Progettata all\u0092insegna della praticit\u00e0, Lyra \u00e8 compatibile con Windows, iOS, iPadOS, MacOS, Android e Chrome OS, per usarla con tutti i dispositivi che vuoi. Ideale per viaggiatori e pendolari (o chiunque voglia semplicemente una tastiera pi\u00f9 piccola!), Lyra \u00e8 dotata di tasti compatti e bassi, stile laptop, e un piede regolabile a 3 altezze. Il mouse \u00e8 anche piccolo e robusto: un set ideale per lavorare in ufficio, a casa e in viaggio. Tasti, media e scorciatoie facili da raggiungere ti aiuteranno a ottimizzare ancora di pi\u00f9 il tuo flusso di lavoro per lavorare, giocare e fare presentazioni con il solo tocco di un pulsante. Mouse ambidestro e con una velocit\u00e0 del cursore regolabile fra 800 e 1600 DPI, il mouse Lyra \u00e8 perfetto per tutti, in qualsiasi momento.<\/p>","protected":false},"excerpt":{"rendered":"<p>Set tastiera e mouse wireless con ricevitore Trust Lyra nero 24844<\/p>","protected":false},"featured_media":43813,"template":"","meta":[],"product_cat":[478],"product_tag":[],"yoast_head":"<!-- This site is optimized with the Yoast SEO plugin v20.7 - https:\/\/yoast.com\/wordpress\/plugins\/seo\/ -->\n<title>Set tastiera e mouse wireless con ricevitore Trust Lyra nero - Ecox Shop<\/title>\n<meta name=\"robots\" content=\"index, follow, max-snippet:-1, max-image-preview:large, max-video-preview:-1\" \/>\n<link rel=\"canonical\" href=\"https:\/\/ecoxshop.ch\/en\/product\/set-tastiera-e-mouse-wireless-con-ricevitore-trust-lyra-nero\/\" \/>\n<meta property=\"og:locale\" content=\"en_GB\" \/>\n<meta property=\"og:type\" content=\"article\" \/>\n<meta property=\"og:title\" content=\"Set tastiera e mouse wireless con ricevitore Trust Lyra nero - Ecox Shop\" \/>\n<meta property=\"og:description\" content=\"Set tastiera e mouse wireless con ricevitore Trust Lyra nero 24844\" \/>\n<meta property=\"og:url\" content=\"https:\/\/ecoxshop.ch\/en\/product\/set-tastiera-e-mouse-wireless-con-ricevitore-trust-lyra-nero\/\" \/>\n<meta property=\"og:site_name\" content=\"Ecox Shop\" \/>\n<meta property=\"article:modified_time\" content=\"2025-03-07T15:50:53+00:00\" \/>\n<meta property=\"og:image\" content=\"https:\/\/ecoxshop.ch\/wp-content\/uploads\/2025\/03\/2634586.jpg\" \/>\n\t<meta property=\"og:image:width\" content=\"480\" \/>\n\t<meta property=\"og:image:height\" content=\"480\" \/>\n\t<meta property=\"og:image:type\" content=\"image\/jpeg\" \/>\n<meta name=\"twitter:card\" content=\"summary_large_image\" \/>\n<meta name=\"twitter:label1\" content=\"Estimated reading time\" \/>\n\t<meta name=\"twitter:data1\" content=\"1 minute\" \/>\n<script type=\"application\/ld+json\" class=\"yoast-schema-graph\">{\"@context\":\"https:\/\/schema.org\",\"@graph\":[{\"@type\":\"WebPage\",\"@id\":\"https:\/\/ecoxshop.ch\/en\/product\/set-tastiera-e-mouse-wireless-con-ricevitore-trust-lyra-nero\/\",\"url\":\"https:\/\/ecoxshop.ch\/en\/product\/set-tastiera-e-mouse-wireless-con-ricevitore-trust-lyra-nero\/\",\"name\":\"Set tastiera e mouse wireless con ricevitore Trust Lyra nero - Ecox Shop\",\"isPartOf\":{\"@id\":\"https:\/\/ecoxshop.ch\/#website\"},\"datePublished\":\"2025-03-07T09:15:18+00:00\",\"dateModified\":\"2025-03-07T15:50:53+00:00\",\"breadcrumb\":{\"@id\":\"https:\/\/ecoxshop.ch\/en\/product\/set-tastiera-e-mouse-wireless-con-ricevitore-trust-lyra-nero\/#breadcrumb\"},\"inLanguage\":\"en-GB\",\"potentialAction\":[{\"@type\":\"ReadAction\",\"target\":[\"https:\/\/ecoxshop.ch\/en\/product\/set-tastiera-e-mouse-wireless-con-ricevitore-trust-lyra-nero\/\"]}]},{\"@type\":\"BreadcrumbList\",\"@id\":\"https:\/\/ecoxshop.ch\/en\/product\/set-tastiera-e-mouse-wireless-con-ricevitore-trust-lyra-nero\/#breadcrumb\",\"itemListElement\":[{\"@type\":\"ListItem\",\"position\":1,\"name\":\"Home\",\"item\":\"https:\/\/ecoxshop.ch\/it\/\"},{\"@type\":\"ListItem\",\"position\":2,\"name\":\"Shop\",\"item\":\"https:\/\/ecoxshop.ch\/it\/shop\/\"},{\"@type\":\"ListItem\",\"position\":3,\"name\":\"Set tastiera e mouse wireless con ricevitore Trust Lyra nero\"}]},{\"@type\":\"WebSite\",\"@id\":\"https:\/\/ecoxshop.ch\/#website\",\"url\":\"https:\/\/ecoxshop.ch\/\",\"name\":\"Ecox Shop\",\"description\":\"\",\"publisher\":{\"@id\":\"https:\/\/ecoxshop.ch\/#organization\"},\"potentialAction\":[{\"@type\":\"SearchAction\",\"target\":{\"@type\":\"EntryPoint\",\"urlTemplate\":\"https:\/\/ecoxshop.ch\/?s={search_term_string}\"},\"query-input\":\"required name=search_term_string\"}],\"inLanguage\":\"en-GB\"},{\"@type\":\"Organization\",\"@id\":\"https:\/\/ecoxshop.ch\/#organization\",\"name\":\"Ecox Shop\",\"url\":\"https:\/\/ecoxshop.ch\/\",\"logo\":{\"@type\":\"ImageObject\",\"inLanguage\":\"en-GB\",\"@id\":\"https:\/\/ecoxshop.ch\/#\/schema\/logo\/image\/\",\"url\":\"https:\/\/ecoxshop.ch\/wp-content\/uploads\/2023\/05\/logo-ecox.svg\",\"contentUrl\":\"https:\/\/ecoxshop.ch\/wp-content\/uploads\/2023\/05\/logo-ecox.svg\",\"width\":304.6,\"height\":91.5,\"caption\":\"Ecox Shop\"},\"image\":{\"@id\":\"https:\/\/ecoxshop.ch\/#\/schema\/logo\/image\/\"}}]}<\/script>\n<!-- \/ Yoast SEO plugin. -->","yoast_head_json":{"title":"Set tastiera e mouse wireless con ricevitore Trust Lyra nero - Ecox Shop","robots":{"index":"index","follow":"follow","max-snippet":"max-snippet:-1","max-image-preview":"max-image-preview:large","max-video-preview":"max-video-preview:-1"},"canonical":"https:\/\/ecoxshop.ch\/en\/product\/set-tastiera-e-mouse-wireless-con-ricevitore-trust-lyra-nero\/","og_locale":"en_GB","og_type":"article","og_title":"Set tastiera e mouse wireless con ricevitore Trust Lyra nero - Ecox Shop","og_description":"Set tastiera e mouse wireless con ricevitore Trust Lyra nero 24844","og_url":"https:\/\/ecoxshop.ch\/en\/product\/set-tastiera-e-mouse-wireless-con-ricevitore-trust-lyra-nero\/","og_site_name":"Ecox Shop","article_modified_time":"2025-03-07T15:50:53+00:00","og_image":[{"width":480,"height":480,"url":"https:\/\/ecoxshop.ch\/wp-content\/uploads\/2025\/03\/2634586.jpg","type":"image\/jpeg"}],"twitter_card":"summary_large_image","twitter_misc":{"Estimated reading time":"1 minute"},"schema":{"@context":"https:\/\/schema.org","@graph":[{"@type":"WebPage","@id":"https:\/\/ecoxshop.ch\/en\/product\/set-tastiera-e-mouse-wireless-con-ricevitore-trust-lyra-nero\/","url":"https:\/\/ecoxshop.ch\/en\/product\/set-tastiera-e-mouse-wireless-con-ricevitore-trust-lyra-nero\/","name":"Set tastiera e mouse wireless con ricevitore Trust Lyra nero - Ecox Shop","isPartOf":{"@id":"https:\/\/ecoxshop.ch\/#website"},"datePublished":"2025-03-07T09:15:18+00:00","dateModified":"2025-03-07T15:50:53+00:00","breadcrumb":{"@id":"https:\/\/ecoxshop.ch\/en\/product\/set-tastiera-e-mouse-wireless-con-ricevitore-trust-lyra-nero\/#breadcrumb"},"inLanguage":"en-GB","potentialAction":[{"@type":"ReadAction","target":["https:\/\/ecoxshop.ch\/en\/product\/set-tastiera-e-mouse-wireless-con-ricevitore-trust-lyra-nero\/"]}]},{"@type":"BreadcrumbList","@id":"https:\/\/ecoxshop.ch\/en\/product\/set-tastiera-e-mouse-wireless-con-ricevitore-trust-lyra-nero\/#breadcrumb","itemListElement":[{"@type":"ListItem","position":1,"name":"Home","item":"https:\/\/ecoxshop.ch\/it\/"},{"@type":"ListItem","position":2,"name":"Shop","item":"https:\/\/ecoxshop.ch\/it\/shop\/"},{"@type":"ListItem","position":3,"name":"Set tastiera e mouse wireless con ricevitore Trust Lyra nero"}]},{"@type":"WebSite","@id":"https:\/\/ecoxshop.ch\/#website","url":"https:\/\/ecoxshop.ch\/","name":"Ecox Shop","description":"","publisher":{"@id":"https:\/\/ecoxshop.ch\/#organization"},"potentialAction":[{"@type":"SearchAction","target":{"@type":"EntryPoint","urlTemplate":"https:\/\/ecoxshop.ch\/?s={search_term_string}"},"query-input":"required name=search_term_string"}],"inLanguage":"en-GB"},{"@type":"Organization","@id":"https:\/\/ecoxshop.ch\/#organization","name":"Ecox Shop","url":"https:\/\/ecoxshop.ch\/","logo":{"@type":"ImageObject","inLanguage":"en-GB","@id":"https:\/\/ecoxshop.ch\/#\/schema\/logo\/image\/","url":"https:\/\/ecoxshop.ch\/wp-content\/uploads\/2023\/05\/logo-ecox.svg","contentUrl":"https:\/\/ecoxshop.ch\/wp-content\/uploads\/2023\/05\/logo-ecox.svg","width":304.6,"height":91.5,"caption":"Ecox Shop"},"image":{"@id":"https:\/\/ecoxshop.ch\/#\/schema\/logo\/image\/"}}]}},"_links":{"self":[{"href":"https:\/\/ecoxshop.ch\/en\/wp-json\/wp\/v3\/product\/43812"}],"collection":[{"href":"https:\/\/ecoxshop.ch\/en\/wp-json\/wp\/v3\/product"}],"about":[{"href":"https:\/\/ecoxshop.ch\/en\/wp-json\/wp\/v2\/types\/product"}],"wp:featuredmedia":[{"embeddable":true,"href":"https:\/\/ecoxshop.ch\/en\/wp-json\/wp\/v2\/media\/43813"}],"wp:attachment":[{"href":"https:\/\/ecoxshop.ch\/en\/wp-json\/wp\/v2\/media?parent=43812"}],"wp:term":[{"taxonomy":"product_cat","embeddable":true,"href":"https:\/\/ecoxshop.ch\/en\/wp-json\/wp\/v2\/product_cat?post=43812"},{"taxonomy":"product_tag","embeddable":true,"href":"https:\/\/ecoxshop.ch\/en\/wp-json\/wp\/v2\/product_tag?post=43812"}],"curies":[{"name":"wp","href":"https:\/\/api.w.org\/{rel}","templated":true}]}}