{"id":42874,"date":"2025-03-07T10:08:27","date_gmt":"2025-03-07T09:08:27","guid":{"rendered":"https:\/\/ecoxshop.ch\/prodotto\/foglietti-post-it-super-sticky-204-blocchetti-90-fogli-blocchetto-canary\/"},"modified":"2025-03-07T16:35:52","modified_gmt":"2025-03-07T15:35:52","slug":"foglietti-post-it-super-sticky-204-blocchetti-90-fogli-blocchetto-canary","status":"publish","type":"product","link":"https:\/\/ecoxshop.ch\/en\/product\/foglietti-post-it-super-sticky-204-blocchetti-90-fogli-blocchetto-canary\/","title":{"rendered":"Post-It\u00ae Super Sticky 20+4 pads 90 sheets\/block Canary"},"content":{"rendered":"<p>Foglietti Post-It\u00ae Super Sticky colore: canary yellow. Dimensioni: 76&#215;127 mm. Pacchetto promozionale 20 + 4 blocchetti gratis. 90 fogli\/blocchetto. I foglietti Post-it\u00ae Super Sticky hanno il doppio della forza adesiva (rispetto ai foglietti Post-it\u00ae tradizionali). Sono super resistenti e super versatili e realizzati per mettere in risalto i tuoi messaggi. Il colore Canary Yellow \u00e8 ideale per prendere appunti o lasciare messaggi e promemoria. I foglietti Post-it\u00ae Super Sticky sono realizzati in fibra di carta certificata PEFC proveniente da foreste gestite in modo sostenibile e fonti controllate (PEFC 15-31-0134). Perfetti per superfici verticali o con scarsa aderenza quali monitor di computer, porte e pareti. Adesivo realizzato al 60% con risorse rinnovabili da piante con ricrescita annuale. Scarica l&#8217;app gratuita Post-it\u00ae per catturare e salvare all&#8217;istante il tuo lavoro in modo da poter condividere gli appunti con il tuo team senza ripetizioni e senza ritardi. La confezione in cartone riciclato pu\u00f2 essere utilizzata per riporre con facilit\u00e0 i foglietti adesivi e pu\u00f2 essere riciclata quando non serve pi\u00f9.<\/p>","protected":false},"excerpt":{"rendered":"<p>Foglietti Post-It\u00ae Super Sticky 20+4 blocchetti 90 fogli\/blocchetto Canary Yellow 76&#215;127 mm &#8211; 7100236612<\/p>","protected":false},"featured_media":42875,"template":"","meta":[],"product_cat":[441],"product_tag":[],"yoast_head":"<!-- This site is optimized with the Yoast SEO plugin v20.7 - https:\/\/yoast.com\/wordpress\/plugins\/seo\/ -->\n<title>Foglietti Post-It\u00ae Super Sticky 20+4 blocchetti 90 fogli\/blocchetto Canary - Ecox Shop<\/title>\n<meta name=\"robots\" content=\"index, follow, max-snippet:-1, max-image-preview:large, max-video-preview:-1\" \/>\n<link rel=\"canonical\" href=\"https:\/\/ecoxshop.ch\/en\/product\/foglietti-post-it-super-sticky-204-blocchetti-90-fogli-blocchetto-canary\/\" \/>\n<meta property=\"og:locale\" content=\"en_GB\" \/>\n<meta property=\"og:type\" content=\"article\" \/>\n<meta property=\"og:title\" content=\"Foglietti Post-It\u00ae Super Sticky 20+4 blocchetti 90 fogli\/blocchetto Canary - Ecox Shop\" \/>\n<meta property=\"og:description\" content=\"Foglietti Post-It\u00ae Super Sticky 20+4 blocchetti 90 fogli\/blocchetto Canary Yellow 76x127 mm - 7100236612\" \/>\n<meta property=\"og:url\" content=\"https:\/\/ecoxshop.ch\/en\/product\/foglietti-post-it-super-sticky-204-blocchetti-90-fogli-blocchetto-canary\/\" \/>\n<meta property=\"og:site_name\" content=\"Ecox Shop\" \/>\n<meta property=\"article:modified_time\" content=\"2025-03-07T15:35:52+00:00\" \/>\n<meta property=\"og:image\" content=\"https:\/\/ecoxshop.ch\/wp-content\/uploads\/2025\/03\/2642985.jpg\" \/>\n\t<meta property=\"og:image:width\" content=\"480\" \/>\n\t<meta property=\"og:image:height\" content=\"480\" \/>\n\t<meta property=\"og:image:type\" content=\"image\/jpeg\" \/>\n<meta name=\"twitter:card\" content=\"summary_large_image\" \/>\n<meta name=\"twitter:label1\" content=\"Estimated reading time\" \/>\n\t<meta name=\"twitter:data1\" content=\"1 minute\" \/>\n<script type=\"application\/ld+json\" class=\"yoast-schema-graph\">{\"@context\":\"https:\/\/schema.org\",\"@graph\":[{\"@type\":\"WebPage\",\"@id\":\"https:\/\/ecoxshop.ch\/en\/product\/foglietti-post-it-super-sticky-204-blocchetti-90-fogli-blocchetto-canary\/\",\"url\":\"https:\/\/ecoxshop.ch\/en\/product\/foglietti-post-it-super-sticky-204-blocchetti-90-fogli-blocchetto-canary\/\",\"name\":\"Foglietti Post-It\u00ae Super Sticky 20+4 blocchetti 90 fogli\/blocchetto Canary - Ecox Shop\",\"isPartOf\":{\"@id\":\"https:\/\/ecoxshop.ch\/#website\"},\"datePublished\":\"2025-03-07T09:08:27+00:00\",\"dateModified\":\"2025-03-07T15:35:52+00:00\",\"breadcrumb\":{\"@id\":\"https:\/\/ecoxshop.ch\/en\/product\/foglietti-post-it-super-sticky-204-blocchetti-90-fogli-blocchetto-canary\/#breadcrumb\"},\"inLanguage\":\"en-GB\",\"potentialAction\":[{\"@type\":\"ReadAction\",\"target\":[\"https:\/\/ecoxshop.ch\/en\/product\/foglietti-post-it-super-sticky-204-blocchetti-90-fogli-blocchetto-canary\/\"]}]},{\"@type\":\"BreadcrumbList\",\"@id\":\"https:\/\/ecoxshop.ch\/en\/product\/foglietti-post-it-super-sticky-204-blocchetti-90-fogli-blocchetto-canary\/#breadcrumb\",\"itemListElement\":[{\"@type\":\"ListItem\",\"position\":1,\"name\":\"Home\",\"item\":\"https:\/\/ecoxshop.ch\/it\/\"},{\"@type\":\"ListItem\",\"position\":2,\"name\":\"Shop\",\"item\":\"https:\/\/ecoxshop.ch\/it\/shop\/\"},{\"@type\":\"ListItem\",\"position\":3,\"name\":\"Foglietti Post-It\u00ae Super Sticky 20+4 blocchetti 90 fogli\/blocchetto Canary\"}]},{\"@type\":\"WebSite\",\"@id\":\"https:\/\/ecoxshop.ch\/#website\",\"url\":\"https:\/\/ecoxshop.ch\/\",\"name\":\"Ecox Shop\",\"description\":\"\",\"publisher\":{\"@id\":\"https:\/\/ecoxshop.ch\/#organization\"},\"potentialAction\":[{\"@type\":\"SearchAction\",\"target\":{\"@type\":\"EntryPoint\",\"urlTemplate\":\"https:\/\/ecoxshop.ch\/?s={search_term_string}\"},\"query-input\":\"required name=search_term_string\"}],\"inLanguage\":\"en-GB\"},{\"@type\":\"Organization\",\"@id\":\"https:\/\/ecoxshop.ch\/#organization\",\"name\":\"Ecox Shop\",\"url\":\"https:\/\/ecoxshop.ch\/\",\"logo\":{\"@type\":\"ImageObject\",\"inLanguage\":\"en-GB\",\"@id\":\"https:\/\/ecoxshop.ch\/#\/schema\/logo\/image\/\",\"url\":\"https:\/\/ecoxshop.ch\/wp-content\/uploads\/2023\/05\/logo-ecox.svg\",\"contentUrl\":\"https:\/\/ecoxshop.ch\/wp-content\/uploads\/2023\/05\/logo-ecox.svg\",\"width\":304.6,\"height\":91.5,\"caption\":\"Ecox Shop\"},\"image\":{\"@id\":\"https:\/\/ecoxshop.ch\/#\/schema\/logo\/image\/\"}}]}<\/script>\n<!-- \/ Yoast SEO plugin. -->","yoast_head_json":{"title":"Foglietti Post-It\u00ae Super Sticky 20+4 blocchetti 90 fogli\/blocchetto Canary - Ecox Shop","robots":{"index":"index","follow":"follow","max-snippet":"max-snippet:-1","max-image-preview":"max-image-preview:large","max-video-preview":"max-video-preview:-1"},"canonical":"https:\/\/ecoxshop.ch\/en\/product\/foglietti-post-it-super-sticky-204-blocchetti-90-fogli-blocchetto-canary\/","og_locale":"en_GB","og_type":"article","og_title":"Foglietti Post-It\u00ae Super Sticky 20+4 blocchetti 90 fogli\/blocchetto Canary - Ecox Shop","og_description":"Foglietti Post-It\u00ae Super Sticky 20+4 blocchetti 90 fogli\/blocchetto Canary Yellow 76x127 mm - 7100236612","og_url":"https:\/\/ecoxshop.ch\/en\/product\/foglietti-post-it-super-sticky-204-blocchetti-90-fogli-blocchetto-canary\/","og_site_name":"Ecox Shop","article_modified_time":"2025-03-07T15:35:52+00:00","og_image":[{"width":480,"height":480,"url":"https:\/\/ecoxshop.ch\/wp-content\/uploads\/2025\/03\/2642985.jpg","type":"image\/jpeg"}],"twitter_card":"summary_large_image","twitter_misc":{"Estimated reading time":"1 minute"},"schema":{"@context":"https:\/\/schema.org","@graph":[{"@type":"WebPage","@id":"https:\/\/ecoxshop.ch\/en\/product\/foglietti-post-it-super-sticky-204-blocchetti-90-fogli-blocchetto-canary\/","url":"https:\/\/ecoxshop.ch\/en\/product\/foglietti-post-it-super-sticky-204-blocchetti-90-fogli-blocchetto-canary\/","name":"Foglietti Post-It\u00ae Super Sticky 20+4 blocchetti 90 fogli\/blocchetto Canary - Ecox Shop","isPartOf":{"@id":"https:\/\/ecoxshop.ch\/#website"},"datePublished":"2025-03-07T09:08:27+00:00","dateModified":"2025-03-07T15:35:52+00:00","breadcrumb":{"@id":"https:\/\/ecoxshop.ch\/en\/product\/foglietti-post-it-super-sticky-204-blocchetti-90-fogli-blocchetto-canary\/#breadcrumb"},"inLanguage":"en-GB","potentialAction":[{"@type":"ReadAction","target":["https:\/\/ecoxshop.ch\/en\/product\/foglietti-post-it-super-sticky-204-blocchetti-90-fogli-blocchetto-canary\/"]}]},{"@type":"BreadcrumbList","@id":"https:\/\/ecoxshop.ch\/en\/product\/foglietti-post-it-super-sticky-204-blocchetti-90-fogli-blocchetto-canary\/#breadcrumb","itemListElement":[{"@type":"ListItem","position":1,"name":"Home","item":"https:\/\/ecoxshop.ch\/it\/"},{"@type":"ListItem","position":2,"name":"Shop","item":"https:\/\/ecoxshop.ch\/it\/shop\/"},{"@type":"ListItem","position":3,"name":"Foglietti Post-It\u00ae Super Sticky 20+4 blocchetti 90 fogli\/blocchetto Canary"}]},{"@type":"WebSite","@id":"https:\/\/ecoxshop.ch\/#website","url":"https:\/\/ecoxshop.ch\/","name":"Ecox Shop","description":"","publisher":{"@id":"https:\/\/ecoxshop.ch\/#organization"},"potentialAction":[{"@type":"SearchAction","target":{"@type":"EntryPoint","urlTemplate":"https:\/\/ecoxshop.ch\/?s={search_term_string}"},"query-input":"required name=search_term_string"}],"inLanguage":"en-GB"},{"@type":"Organization","@id":"https:\/\/ecoxshop.ch\/#organization","name":"Ecox Shop","url":"https:\/\/ecoxshop.ch\/","logo":{"@type":"ImageObject","inLanguage":"en-GB","@id":"https:\/\/ecoxshop.ch\/#\/schema\/logo\/image\/","url":"https:\/\/ecoxshop.ch\/wp-content\/uploads\/2023\/05\/logo-ecox.svg","contentUrl":"https:\/\/ecoxshop.ch\/wp-content\/uploads\/2023\/05\/logo-ecox.svg","width":304.6,"height":91.5,"caption":"Ecox Shop"},"image":{"@id":"https:\/\/ecoxshop.ch\/#\/schema\/logo\/image\/"}}]}},"_links":{"self":[{"href":"https:\/\/ecoxshop.ch\/en\/wp-json\/wp\/v3\/product\/42874"}],"collection":[{"href":"https:\/\/ecoxshop.ch\/en\/wp-json\/wp\/v3\/product"}],"about":[{"href":"https:\/\/ecoxshop.ch\/en\/wp-json\/wp\/v2\/types\/product"}],"wp:featuredmedia":[{"embeddable":true,"href":"https:\/\/ecoxshop.ch\/en\/wp-json\/wp\/v2\/media\/42875"}],"wp:attachment":[{"href":"https:\/\/ecoxshop.ch\/en\/wp-json\/wp\/v2\/media?parent=42874"}],"wp:term":[{"taxonomy":"product_cat","embeddable":true,"href":"https:\/\/ecoxshop.ch\/en\/wp-json\/wp\/v2\/product_cat?post=42874"},{"taxonomy":"product_tag","embeddable":true,"href":"https:\/\/ecoxshop.ch\/en\/wp-json\/wp\/v2\/product_tag?post=42874"}],"curies":[{"name":"wp","href":"https:\/\/api.w.org\/{rel}","templated":true}]}}