{"id":41291,"date":"2025-03-07T09:56:26","date_gmt":"2025-03-07T08:56:26","guid":{"rendered":"https:\/\/ecoxshop.ch\/prodotto\/rubrica-cartonata-blasetti-a-fogli-fissi-1r-70-g-m2-a4-192-fogli\/"},"modified":"2025-03-07T16:09:45","modified_gmt":"2025-03-07T15:09:45","slug":"rubrica-cartonata-blasetti-a-fogli-fissi-1r-70-g-m2-a4-192-fogli","status":"publish","type":"product","link":"https:\/\/ecoxshop.ch\/en\/product\/rubrica-cartonata-blasetti-a-fogli-fissi-1r-70-g-m2-a4-192-fogli\/","title":{"rendered":"Rubrica cartonata Blasetti a fogli fissi &#8211; 1R &#8211; 70 g\/m2 A4 &#8211; 192 fogli"},"content":{"rendered":"<p>Rubrica telefonica a fogli fissi, composta da 192 facciate scrivibili. Ha una robustissima copertina cartonata realizzata con un rivestimento in PVC spalmato su cartone ed impreziosita da un elegante logo in serigrafia argentata. \u00c8 prodotta in carta da 70 grammi. Questo articolo \u00e8 prodotto con energia solare ed \u00e8 certificato Federottica.<\/p>","protected":false},"excerpt":{"rendered":"<p>Rubrica cartonata Blasetti a fogli fissi &#8211; 1R &#8211; 70 g\/m2 A4 &#8211; 192 fogli 1373<\/p>","protected":false},"featured_media":0,"template":"","meta":[],"product_cat":[415],"product_tag":[],"yoast_head":"<!-- This site is optimized with the Yoast SEO plugin v20.7 - https:\/\/yoast.com\/wordpress\/plugins\/seo\/ -->\n<title>Rubrica cartonata Blasetti a fogli fissi - 1R - 70 g\/m2 A4 - 192 fogli - Ecox Shop<\/title>\n<meta name=\"robots\" content=\"index, follow, max-snippet:-1, max-image-preview:large, max-video-preview:-1\" \/>\n<link rel=\"canonical\" href=\"https:\/\/ecoxshop.ch\/en\/product\/rubrica-cartonata-blasetti-a-fogli-fissi-1r-70-g-m2-a4-192-fogli\/\" \/>\n<meta property=\"og:locale\" content=\"en_GB\" \/>\n<meta property=\"og:type\" content=\"article\" \/>\n<meta property=\"og:title\" content=\"Rubrica cartonata Blasetti a fogli fissi - 1R - 70 g\/m2 A4 - 192 fogli - Ecox Shop\" \/>\n<meta property=\"og:description\" content=\"Rubrica cartonata Blasetti a fogli fissi - 1R - 70 g\/m2 A4 - 192 fogli 1373\" \/>\n<meta property=\"og:url\" content=\"https:\/\/ecoxshop.ch\/en\/product\/rubrica-cartonata-blasetti-a-fogli-fissi-1r-70-g-m2-a4-192-fogli\/\" \/>\n<meta property=\"og:site_name\" content=\"Ecox Shop\" \/>\n<meta property=\"article:modified_time\" content=\"2025-03-07T15:09:45+00:00\" \/>\n<meta name=\"twitter:card\" content=\"summary_large_image\" \/>\n<script type=\"application\/ld+json\" class=\"yoast-schema-graph\">{\"@context\":\"https:\/\/schema.org\",\"@graph\":[{\"@type\":\"WebPage\",\"@id\":\"https:\/\/ecoxshop.ch\/en\/product\/rubrica-cartonata-blasetti-a-fogli-fissi-1r-70-g-m2-a4-192-fogli\/\",\"url\":\"https:\/\/ecoxshop.ch\/en\/product\/rubrica-cartonata-blasetti-a-fogli-fissi-1r-70-g-m2-a4-192-fogli\/\",\"name\":\"Rubrica cartonata Blasetti a fogli fissi - 1R - 70 g\/m2 A4 - 192 fogli - Ecox Shop\",\"isPartOf\":{\"@id\":\"https:\/\/ecoxshop.ch\/#website\"},\"datePublished\":\"2025-03-07T08:56:26+00:00\",\"dateModified\":\"2025-03-07T15:09:45+00:00\",\"breadcrumb\":{\"@id\":\"https:\/\/ecoxshop.ch\/en\/product\/rubrica-cartonata-blasetti-a-fogli-fissi-1r-70-g-m2-a4-192-fogli\/#breadcrumb\"},\"inLanguage\":\"en-GB\",\"potentialAction\":[{\"@type\":\"ReadAction\",\"target\":[\"https:\/\/ecoxshop.ch\/en\/product\/rubrica-cartonata-blasetti-a-fogli-fissi-1r-70-g-m2-a4-192-fogli\/\"]}]},{\"@type\":\"BreadcrumbList\",\"@id\":\"https:\/\/ecoxshop.ch\/en\/product\/rubrica-cartonata-blasetti-a-fogli-fissi-1r-70-g-m2-a4-192-fogli\/#breadcrumb\",\"itemListElement\":[{\"@type\":\"ListItem\",\"position\":1,\"name\":\"Home\",\"item\":\"https:\/\/ecoxshop.ch\/it\/\"},{\"@type\":\"ListItem\",\"position\":2,\"name\":\"Shop\",\"item\":\"https:\/\/ecoxshop.ch\/it\/shop\/\"},{\"@type\":\"ListItem\",\"position\":3,\"name\":\"Rubrica cartonata Blasetti a fogli fissi &#8211; 1R &#8211; 70 g\/m2 A4 &#8211; 192 fogli\"}]},{\"@type\":\"WebSite\",\"@id\":\"https:\/\/ecoxshop.ch\/#website\",\"url\":\"https:\/\/ecoxshop.ch\/\",\"name\":\"Ecox Shop\",\"description\":\"\",\"publisher\":{\"@id\":\"https:\/\/ecoxshop.ch\/#organization\"},\"potentialAction\":[{\"@type\":\"SearchAction\",\"target\":{\"@type\":\"EntryPoint\",\"urlTemplate\":\"https:\/\/ecoxshop.ch\/?s={search_term_string}\"},\"query-input\":\"required name=search_term_string\"}],\"inLanguage\":\"en-GB\"},{\"@type\":\"Organization\",\"@id\":\"https:\/\/ecoxshop.ch\/#organization\",\"name\":\"Ecox Shop\",\"url\":\"https:\/\/ecoxshop.ch\/\",\"logo\":{\"@type\":\"ImageObject\",\"inLanguage\":\"en-GB\",\"@id\":\"https:\/\/ecoxshop.ch\/#\/schema\/logo\/image\/\",\"url\":\"https:\/\/ecoxshop.ch\/wp-content\/uploads\/2023\/05\/logo-ecox.svg\",\"contentUrl\":\"https:\/\/ecoxshop.ch\/wp-content\/uploads\/2023\/05\/logo-ecox.svg\",\"width\":304.6,\"height\":91.5,\"caption\":\"Ecox Shop\"},\"image\":{\"@id\":\"https:\/\/ecoxshop.ch\/#\/schema\/logo\/image\/\"}}]}<\/script>\n<!-- \/ Yoast SEO plugin. -->","yoast_head_json":{"title":"Rubrica cartonata Blasetti a fogli fissi - 1R - 70 g\/m2 A4 - 192 fogli - Ecox Shop","robots":{"index":"index","follow":"follow","max-snippet":"max-snippet:-1","max-image-preview":"max-image-preview:large","max-video-preview":"max-video-preview:-1"},"canonical":"https:\/\/ecoxshop.ch\/en\/product\/rubrica-cartonata-blasetti-a-fogli-fissi-1r-70-g-m2-a4-192-fogli\/","og_locale":"en_GB","og_type":"article","og_title":"Rubrica cartonata Blasetti a fogli fissi - 1R - 70 g\/m2 A4 - 192 fogli - Ecox Shop","og_description":"Rubrica cartonata Blasetti a fogli fissi - 1R - 70 g\/m2 A4 - 192 fogli 1373","og_url":"https:\/\/ecoxshop.ch\/en\/product\/rubrica-cartonata-blasetti-a-fogli-fissi-1r-70-g-m2-a4-192-fogli\/","og_site_name":"Ecox Shop","article_modified_time":"2025-03-07T15:09:45+00:00","twitter_card":"summary_large_image","schema":{"@context":"https:\/\/schema.org","@graph":[{"@type":"WebPage","@id":"https:\/\/ecoxshop.ch\/en\/product\/rubrica-cartonata-blasetti-a-fogli-fissi-1r-70-g-m2-a4-192-fogli\/","url":"https:\/\/ecoxshop.ch\/en\/product\/rubrica-cartonata-blasetti-a-fogli-fissi-1r-70-g-m2-a4-192-fogli\/","name":"Rubrica cartonata Blasetti a fogli fissi - 1R - 70 g\/m2 A4 - 192 fogli - Ecox Shop","isPartOf":{"@id":"https:\/\/ecoxshop.ch\/#website"},"datePublished":"2025-03-07T08:56:26+00:00","dateModified":"2025-03-07T15:09:45+00:00","breadcrumb":{"@id":"https:\/\/ecoxshop.ch\/en\/product\/rubrica-cartonata-blasetti-a-fogli-fissi-1r-70-g-m2-a4-192-fogli\/#breadcrumb"},"inLanguage":"en-GB","potentialAction":[{"@type":"ReadAction","target":["https:\/\/ecoxshop.ch\/en\/product\/rubrica-cartonata-blasetti-a-fogli-fissi-1r-70-g-m2-a4-192-fogli\/"]}]},{"@type":"BreadcrumbList","@id":"https:\/\/ecoxshop.ch\/en\/product\/rubrica-cartonata-blasetti-a-fogli-fissi-1r-70-g-m2-a4-192-fogli\/#breadcrumb","itemListElement":[{"@type":"ListItem","position":1,"name":"Home","item":"https:\/\/ecoxshop.ch\/it\/"},{"@type":"ListItem","position":2,"name":"Shop","item":"https:\/\/ecoxshop.ch\/it\/shop\/"},{"@type":"ListItem","position":3,"name":"Rubrica cartonata Blasetti a fogli fissi &#8211; 1R &#8211; 70 g\/m2 A4 &#8211; 192 fogli"}]},{"@type":"WebSite","@id":"https:\/\/ecoxshop.ch\/#website","url":"https:\/\/ecoxshop.ch\/","name":"Ecox Shop","description":"","publisher":{"@id":"https:\/\/ecoxshop.ch\/#organization"},"potentialAction":[{"@type":"SearchAction","target":{"@type":"EntryPoint","urlTemplate":"https:\/\/ecoxshop.ch\/?s={search_term_string}"},"query-input":"required name=search_term_string"}],"inLanguage":"en-GB"},{"@type":"Organization","@id":"https:\/\/ecoxshop.ch\/#organization","name":"Ecox Shop","url":"https:\/\/ecoxshop.ch\/","logo":{"@type":"ImageObject","inLanguage":"en-GB","@id":"https:\/\/ecoxshop.ch\/#\/schema\/logo\/image\/","url":"https:\/\/ecoxshop.ch\/wp-content\/uploads\/2023\/05\/logo-ecox.svg","contentUrl":"https:\/\/ecoxshop.ch\/wp-content\/uploads\/2023\/05\/logo-ecox.svg","width":304.6,"height":91.5,"caption":"Ecox Shop"},"image":{"@id":"https:\/\/ecoxshop.ch\/#\/schema\/logo\/image\/"}}]}},"_links":{"self":[{"href":"https:\/\/ecoxshop.ch\/en\/wp-json\/wp\/v3\/product\/41291"}],"collection":[{"href":"https:\/\/ecoxshop.ch\/en\/wp-json\/wp\/v3\/product"}],"about":[{"href":"https:\/\/ecoxshop.ch\/en\/wp-json\/wp\/v2\/types\/product"}],"wp:attachment":[{"href":"https:\/\/ecoxshop.ch\/en\/wp-json\/wp\/v2\/media?parent=41291"}],"wp:term":[{"taxonomy":"product_cat","embeddable":true,"href":"https:\/\/ecoxshop.ch\/en\/wp-json\/wp\/v2\/product_cat?post=41291"},{"taxonomy":"product_tag","embeddable":true,"href":"https:\/\/ecoxshop.ch\/en\/wp-json\/wp\/v2\/product_tag?post=41291"}],"curies":[{"name":"wp","href":"https:\/\/api.w.org\/{rel}","templated":true}]}}