{"id":39702,"date":"2025-03-07T09:45:36","date_gmt":"2025-03-07T08:45:36","guid":{"rendered":"https:\/\/ecoxshop.ch\/prodotto\/penna-stilografica-parker-sonnet-parker-punta-f-inchiostro-nero-red-gt\/"},"modified":"2025-03-07T16:02:49","modified_gmt":"2025-03-07T15:02:49","slug":"penna-stilografica-parker-sonnet-parker-punta-f-inchiostro-nero-red-gt","status":"publish","type":"product","link":"https:\/\/ecoxshop.ch\/en\/product\/penna-stilografica-parker-sonnet-parker-punta-f-inchiostro-nero-red-gt\/","title":{"rendered":"Parker Sonnet fountain pen Parker F-tip black ink Red GT"},"content":{"rendered":"<p>Questa penna stilografica \u00e8 un&#8217;espressione classica di stile raffinato. Sonnet \u00e8 il simbolo dell&#8217;eleganza Parker per tutti. Con una vasta gamma di design, ogni dettaglio \u00e8 abilmente realizzato per conferire raffinatezza ad ogni occasione di scrittura. Puoi ricaricare questa penna stilografica con cartucce d&#8217;inchiostro Parker o inchiostro Parker in bottiglia. Una moderna vernice rosso intenso, che gioca con i riflessi della luce. Completato con finiture rifinite in oro e un pennino in acciaio inossidabile con finitura dorata. Fornita in una confezione regalo premium Parker. Questa penna stilografica \u00e8 dotata di pennino di dimensione fine. Una cartuccia di inchiostro inclusa in colore nero e un convertitore di inchiostro.<\/p>","protected":false},"excerpt":{"rendered":"<p>Penna stilografica Parker Sonnet Parker punta F inchiostro nero Red GT 1931473<\/p>","protected":false},"featured_media":39703,"template":"","meta":[],"product_cat":[144],"product_tag":[],"yoast_head":"<!-- This site is optimized with the Yoast SEO plugin v20.7 - https:\/\/yoast.com\/wordpress\/plugins\/seo\/ -->\n<title>Penna stilografica Parker Sonnet Parker punta F inchiostro nero Red GT - Ecox Shop<\/title>\n<meta name=\"robots\" content=\"index, follow, max-snippet:-1, max-image-preview:large, max-video-preview:-1\" \/>\n<link rel=\"canonical\" href=\"https:\/\/ecoxshop.ch\/en\/product\/penna-stilografica-parker-sonnet-parker-punta-f-inchiostro-nero-red-gt\/\" \/>\n<meta property=\"og:locale\" content=\"en_GB\" \/>\n<meta property=\"og:type\" content=\"article\" \/>\n<meta property=\"og:title\" content=\"Penna stilografica Parker Sonnet Parker punta F inchiostro nero Red GT - Ecox Shop\" \/>\n<meta property=\"og:description\" content=\"Penna stilografica Parker Sonnet Parker punta F inchiostro nero Red GT 1931473\" \/>\n<meta property=\"og:url\" content=\"https:\/\/ecoxshop.ch\/en\/product\/penna-stilografica-parker-sonnet-parker-punta-f-inchiostro-nero-red-gt\/\" \/>\n<meta property=\"og:site_name\" content=\"Ecox Shop\" \/>\n<meta property=\"article:modified_time\" content=\"2025-03-07T15:02:49+00:00\" \/>\n<meta property=\"og:image\" content=\"https:\/\/ecoxshop.ch\/wp-content\/uploads\/2025\/03\/2689746.jpg\" \/>\n\t<meta property=\"og:image:width\" content=\"480\" \/>\n\t<meta property=\"og:image:height\" content=\"480\" \/>\n\t<meta property=\"og:image:type\" content=\"image\/jpeg\" \/>\n<meta name=\"twitter:card\" content=\"summary_large_image\" \/>\n<meta name=\"twitter:label1\" content=\"Estimated reading time\" \/>\n\t<meta name=\"twitter:data1\" content=\"1 minute\" \/>\n<script type=\"application\/ld+json\" class=\"yoast-schema-graph\">{\"@context\":\"https:\/\/schema.org\",\"@graph\":[{\"@type\":\"WebPage\",\"@id\":\"https:\/\/ecoxshop.ch\/en\/product\/penna-stilografica-parker-sonnet-parker-punta-f-inchiostro-nero-red-gt\/\",\"url\":\"https:\/\/ecoxshop.ch\/en\/product\/penna-stilografica-parker-sonnet-parker-punta-f-inchiostro-nero-red-gt\/\",\"name\":\"Penna stilografica Parker Sonnet Parker punta F inchiostro nero Red GT - Ecox Shop\",\"isPartOf\":{\"@id\":\"https:\/\/ecoxshop.ch\/#website\"},\"datePublished\":\"2025-03-07T08:45:36+00:00\",\"dateModified\":\"2025-03-07T15:02:49+00:00\",\"breadcrumb\":{\"@id\":\"https:\/\/ecoxshop.ch\/en\/product\/penna-stilografica-parker-sonnet-parker-punta-f-inchiostro-nero-red-gt\/#breadcrumb\"},\"inLanguage\":\"en-GB\",\"potentialAction\":[{\"@type\":\"ReadAction\",\"target\":[\"https:\/\/ecoxshop.ch\/en\/product\/penna-stilografica-parker-sonnet-parker-punta-f-inchiostro-nero-red-gt\/\"]}]},{\"@type\":\"BreadcrumbList\",\"@id\":\"https:\/\/ecoxshop.ch\/en\/product\/penna-stilografica-parker-sonnet-parker-punta-f-inchiostro-nero-red-gt\/#breadcrumb\",\"itemListElement\":[{\"@type\":\"ListItem\",\"position\":1,\"name\":\"Home\",\"item\":\"https:\/\/ecoxshop.ch\/it\/\"},{\"@type\":\"ListItem\",\"position\":2,\"name\":\"Shop\",\"item\":\"https:\/\/ecoxshop.ch\/it\/shop\/\"},{\"@type\":\"ListItem\",\"position\":3,\"name\":\"Penna stilografica Parker Sonnet Parker punta F inchiostro nero Red GT\"}]},{\"@type\":\"WebSite\",\"@id\":\"https:\/\/ecoxshop.ch\/#website\",\"url\":\"https:\/\/ecoxshop.ch\/\",\"name\":\"Ecox Shop\",\"description\":\"\",\"publisher\":{\"@id\":\"https:\/\/ecoxshop.ch\/#organization\"},\"potentialAction\":[{\"@type\":\"SearchAction\",\"target\":{\"@type\":\"EntryPoint\",\"urlTemplate\":\"https:\/\/ecoxshop.ch\/?s={search_term_string}\"},\"query-input\":\"required name=search_term_string\"}],\"inLanguage\":\"en-GB\"},{\"@type\":\"Organization\",\"@id\":\"https:\/\/ecoxshop.ch\/#organization\",\"name\":\"Ecox Shop\",\"url\":\"https:\/\/ecoxshop.ch\/\",\"logo\":{\"@type\":\"ImageObject\",\"inLanguage\":\"en-GB\",\"@id\":\"https:\/\/ecoxshop.ch\/#\/schema\/logo\/image\/\",\"url\":\"https:\/\/ecoxshop.ch\/wp-content\/uploads\/2023\/05\/logo-ecox.svg\",\"contentUrl\":\"https:\/\/ecoxshop.ch\/wp-content\/uploads\/2023\/05\/logo-ecox.svg\",\"width\":304.6,\"height\":91.5,\"caption\":\"Ecox Shop\"},\"image\":{\"@id\":\"https:\/\/ecoxshop.ch\/#\/schema\/logo\/image\/\"}}]}<\/script>\n<!-- \/ Yoast SEO plugin. -->","yoast_head_json":{"title":"Penna stilografica Parker Sonnet Parker punta F inchiostro nero Red GT - Ecox Shop","robots":{"index":"index","follow":"follow","max-snippet":"max-snippet:-1","max-image-preview":"max-image-preview:large","max-video-preview":"max-video-preview:-1"},"canonical":"https:\/\/ecoxshop.ch\/en\/product\/penna-stilografica-parker-sonnet-parker-punta-f-inchiostro-nero-red-gt\/","og_locale":"en_GB","og_type":"article","og_title":"Penna stilografica Parker Sonnet Parker punta F inchiostro nero Red GT - Ecox Shop","og_description":"Penna stilografica Parker Sonnet Parker punta F inchiostro nero Red GT 1931473","og_url":"https:\/\/ecoxshop.ch\/en\/product\/penna-stilografica-parker-sonnet-parker-punta-f-inchiostro-nero-red-gt\/","og_site_name":"Ecox Shop","article_modified_time":"2025-03-07T15:02:49+00:00","og_image":[{"width":480,"height":480,"url":"https:\/\/ecoxshop.ch\/wp-content\/uploads\/2025\/03\/2689746.jpg","type":"image\/jpeg"}],"twitter_card":"summary_large_image","twitter_misc":{"Estimated reading time":"1 minute"},"schema":{"@context":"https:\/\/schema.org","@graph":[{"@type":"WebPage","@id":"https:\/\/ecoxshop.ch\/en\/product\/penna-stilografica-parker-sonnet-parker-punta-f-inchiostro-nero-red-gt\/","url":"https:\/\/ecoxshop.ch\/en\/product\/penna-stilografica-parker-sonnet-parker-punta-f-inchiostro-nero-red-gt\/","name":"Penna stilografica Parker Sonnet Parker punta F inchiostro nero Red GT - Ecox Shop","isPartOf":{"@id":"https:\/\/ecoxshop.ch\/#website"},"datePublished":"2025-03-07T08:45:36+00:00","dateModified":"2025-03-07T15:02:49+00:00","breadcrumb":{"@id":"https:\/\/ecoxshop.ch\/en\/product\/penna-stilografica-parker-sonnet-parker-punta-f-inchiostro-nero-red-gt\/#breadcrumb"},"inLanguage":"en-GB","potentialAction":[{"@type":"ReadAction","target":["https:\/\/ecoxshop.ch\/en\/product\/penna-stilografica-parker-sonnet-parker-punta-f-inchiostro-nero-red-gt\/"]}]},{"@type":"BreadcrumbList","@id":"https:\/\/ecoxshop.ch\/en\/product\/penna-stilografica-parker-sonnet-parker-punta-f-inchiostro-nero-red-gt\/#breadcrumb","itemListElement":[{"@type":"ListItem","position":1,"name":"Home","item":"https:\/\/ecoxshop.ch\/it\/"},{"@type":"ListItem","position":2,"name":"Shop","item":"https:\/\/ecoxshop.ch\/it\/shop\/"},{"@type":"ListItem","position":3,"name":"Penna stilografica Parker Sonnet Parker punta F inchiostro nero Red GT"}]},{"@type":"WebSite","@id":"https:\/\/ecoxshop.ch\/#website","url":"https:\/\/ecoxshop.ch\/","name":"Ecox Shop","description":"","publisher":{"@id":"https:\/\/ecoxshop.ch\/#organization"},"potentialAction":[{"@type":"SearchAction","target":{"@type":"EntryPoint","urlTemplate":"https:\/\/ecoxshop.ch\/?s={search_term_string}"},"query-input":"required name=search_term_string"}],"inLanguage":"en-GB"},{"@type":"Organization","@id":"https:\/\/ecoxshop.ch\/#organization","name":"Ecox Shop","url":"https:\/\/ecoxshop.ch\/","logo":{"@type":"ImageObject","inLanguage":"en-GB","@id":"https:\/\/ecoxshop.ch\/#\/schema\/logo\/image\/","url":"https:\/\/ecoxshop.ch\/wp-content\/uploads\/2023\/05\/logo-ecox.svg","contentUrl":"https:\/\/ecoxshop.ch\/wp-content\/uploads\/2023\/05\/logo-ecox.svg","width":304.6,"height":91.5,"caption":"Ecox Shop"},"image":{"@id":"https:\/\/ecoxshop.ch\/#\/schema\/logo\/image\/"}}]}},"_links":{"self":[{"href":"https:\/\/ecoxshop.ch\/en\/wp-json\/wp\/v3\/product\/39702"}],"collection":[{"href":"https:\/\/ecoxshop.ch\/en\/wp-json\/wp\/v3\/product"}],"about":[{"href":"https:\/\/ecoxshop.ch\/en\/wp-json\/wp\/v2\/types\/product"}],"wp:featuredmedia":[{"embeddable":true,"href":"https:\/\/ecoxshop.ch\/en\/wp-json\/wp\/v2\/media\/39703"}],"wp:attachment":[{"href":"https:\/\/ecoxshop.ch\/en\/wp-json\/wp\/v2\/media?parent=39702"}],"wp:term":[{"taxonomy":"product_cat","embeddable":true,"href":"https:\/\/ecoxshop.ch\/en\/wp-json\/wp\/v2\/product_cat?post=39702"},{"taxonomy":"product_tag","embeddable":true,"href":"https:\/\/ecoxshop.ch\/en\/wp-json\/wp\/v2\/product_tag?post=39702"}],"curies":[{"name":"wp","href":"https:\/\/api.w.org\/{rel}","templated":true}]}}