{"id":33412,"date":"2025-03-06T17:27:30","date_gmt":"2025-03-06T16:27:30","guid":{"rendered":"https:\/\/ecoxshop.ch\/prodotto\/scala-in-alluminio-scalamia-rinforzata-gierre-6-gradini-0-48x1-10xh-1-84-m\/"},"modified":"2025-03-07T15:40:20","modified_gmt":"2025-03-07T14:40:20","slug":"scala-in-alluminio-scalamia-rinforzata-gierre-6-gradini-0-48x1-10xh-1-84-m","status":"publish","type":"product","link":"https:\/\/ecoxshop.ch\/en\/product\/scala-in-alluminio-scalamia-rinforzata-gierre-6-gradini-0-48x1-10xh-1-84-m\/","title":{"rendered":"Gierre reinforced aluminium ladder 6 steps - 0.48\u00d71.10xH.1.84 m"},"content":{"rendered":"<p>La scala in alluminio Scalam\u00eca \u00e8 dotata di una struttura in alluminio con rinforzi posteriori per garantire una maggiore sicurezza. La piattaforma \u00e8 in acciaio con il blocco antiapertura. Due corde antiapertura conferiscono maggiore stabilit\u00e0, insieme ai piedini antiscivolo zigrinati. Il gradino zigrinato da 81 mm \u00e8 fissato con un rivetto passante, ed \u00e8 dotato di una copertura esterna antitaglio. Conforme al D.LGS. 81\/08. EN 131. Portata massima 150 kg. Altezza massima di lavoro 3,23 m. Dimensioni prodotto chiuso con imballo H. 1,99 x L. 0,50 x P. 0,14 m. Dimensioni prodotto chiuso senza imballo H. 1,84 x L. 0,48 x P. 0,12 m. Dimensioni prodotto aperto 0,48 x 1,10 x H. 1,84 m. Dimensione massima base scala aperta doppia 1,10 m. Altezza massima del gradino pi\u00f9 alto o della piattaforma 1,23 m. Altezza massima prodotto aperto 1,84 m. Lunghezza del prodotto tutto chiuso 1,97 m. Peso con imballo 5,90 kg. Peso senza imballo 5,4 kg. Tipo di gradini \/ pioli gradini. Numero di gradini \/ pioli 6. Larghezza gradini \/ sezione dei pioli 8,1 cm. Tipo di base montanti paralleli. Sezione profili \/ montanti ant. 40&#215;20 \/ post.33&#215;20 mm. Garanzia 5 anni.<\/p>","protected":false},"excerpt":{"rendered":"<p>Scala in alluminio Scalam\u00eca rinforzata Gierre 6 gradini &#8211; 0.48&#215;1.10xH.1.84 m AL160<\/p>","protected":false},"featured_media":33413,"template":"","meta":[],"product_cat":[255],"product_tag":[],"yoast_head":"<!-- This site is optimized with the Yoast SEO plugin v20.7 - https:\/\/yoast.com\/wordpress\/plugins\/seo\/ -->\n<title>Scala in alluminio Scalam\u00eca rinforzata Gierre 6 gradini - 0.48x1.10xH.1.84 m - Ecox Shop<\/title>\n<meta name=\"robots\" content=\"index, follow, max-snippet:-1, max-image-preview:large, max-video-preview:-1\" \/>\n<link rel=\"canonical\" href=\"https:\/\/ecoxshop.ch\/en\/product\/scala-in-alluminio-scalamia-rinforzata-gierre-6-gradini-0-48x1-10xh-1-84-m\/\" \/>\n<meta property=\"og:locale\" content=\"en_GB\" \/>\n<meta property=\"og:type\" content=\"article\" \/>\n<meta property=\"og:title\" content=\"Scala in alluminio Scalam\u00eca rinforzata Gierre 6 gradini - 0.48x1.10xH.1.84 m - Ecox Shop\" \/>\n<meta property=\"og:description\" content=\"Scala in alluminio Scalam\u00eca rinforzata Gierre 6 gradini - 0.48x1.10xH.1.84 m AL160\" \/>\n<meta property=\"og:url\" content=\"https:\/\/ecoxshop.ch\/en\/product\/scala-in-alluminio-scalamia-rinforzata-gierre-6-gradini-0-48x1-10xh-1-84-m\/\" \/>\n<meta property=\"og:site_name\" content=\"Ecox Shop\" \/>\n<meta property=\"article:modified_time\" content=\"2025-03-07T14:40:20+00:00\" \/>\n<meta property=\"og:image\" content=\"https:\/\/ecoxshop.ch\/wp-content\/uploads\/2025\/03\/2567863.jpg\" \/>\n\t<meta property=\"og:image:width\" content=\"480\" \/>\n\t<meta property=\"og:image:height\" content=\"480\" \/>\n\t<meta property=\"og:image:type\" content=\"image\/jpeg\" \/>\n<meta name=\"twitter:card\" content=\"summary_large_image\" \/>\n<meta name=\"twitter:label1\" content=\"Estimated reading time\" \/>\n\t<meta name=\"twitter:data1\" content=\"1 minute\" \/>\n<script type=\"application\/ld+json\" class=\"yoast-schema-graph\">{\"@context\":\"https:\/\/schema.org\",\"@graph\":[{\"@type\":\"WebPage\",\"@id\":\"https:\/\/ecoxshop.ch\/en\/product\/scala-in-alluminio-scalamia-rinforzata-gierre-6-gradini-0-48x1-10xh-1-84-m\/\",\"url\":\"https:\/\/ecoxshop.ch\/en\/product\/scala-in-alluminio-scalamia-rinforzata-gierre-6-gradini-0-48x1-10xh-1-84-m\/\",\"name\":\"Scala in alluminio Scalam\u00eca rinforzata Gierre 6 gradini - 0.48x1.10xH.1.84 m - Ecox Shop\",\"isPartOf\":{\"@id\":\"https:\/\/ecoxshop.ch\/#website\"},\"datePublished\":\"2025-03-06T16:27:30+00:00\",\"dateModified\":\"2025-03-07T14:40:20+00:00\",\"breadcrumb\":{\"@id\":\"https:\/\/ecoxshop.ch\/en\/product\/scala-in-alluminio-scalamia-rinforzata-gierre-6-gradini-0-48x1-10xh-1-84-m\/#breadcrumb\"},\"inLanguage\":\"en-GB\",\"potentialAction\":[{\"@type\":\"ReadAction\",\"target\":[\"https:\/\/ecoxshop.ch\/en\/product\/scala-in-alluminio-scalamia-rinforzata-gierre-6-gradini-0-48x1-10xh-1-84-m\/\"]}]},{\"@type\":\"BreadcrumbList\",\"@id\":\"https:\/\/ecoxshop.ch\/en\/product\/scala-in-alluminio-scalamia-rinforzata-gierre-6-gradini-0-48x1-10xh-1-84-m\/#breadcrumb\",\"itemListElement\":[{\"@type\":\"ListItem\",\"position\":1,\"name\":\"Home\",\"item\":\"https:\/\/ecoxshop.ch\/it\/\"},{\"@type\":\"ListItem\",\"position\":2,\"name\":\"Shop\",\"item\":\"https:\/\/ecoxshop.ch\/it\/shop\/\"},{\"@type\":\"ListItem\",\"position\":3,\"name\":\"Scala in alluminio Scalam\u00eca rinforzata Gierre 6 gradini &#8211; 0.48&#215;1.10xH.1.84 m\"}]},{\"@type\":\"WebSite\",\"@id\":\"https:\/\/ecoxshop.ch\/#website\",\"url\":\"https:\/\/ecoxshop.ch\/\",\"name\":\"Ecox Shop\",\"description\":\"\",\"publisher\":{\"@id\":\"https:\/\/ecoxshop.ch\/#organization\"},\"potentialAction\":[{\"@type\":\"SearchAction\",\"target\":{\"@type\":\"EntryPoint\",\"urlTemplate\":\"https:\/\/ecoxshop.ch\/?s={search_term_string}\"},\"query-input\":\"required name=search_term_string\"}],\"inLanguage\":\"en-GB\"},{\"@type\":\"Organization\",\"@id\":\"https:\/\/ecoxshop.ch\/#organization\",\"name\":\"Ecox Shop\",\"url\":\"https:\/\/ecoxshop.ch\/\",\"logo\":{\"@type\":\"ImageObject\",\"inLanguage\":\"en-GB\",\"@id\":\"https:\/\/ecoxshop.ch\/#\/schema\/logo\/image\/\",\"url\":\"https:\/\/ecoxshop.ch\/wp-content\/uploads\/2023\/05\/logo-ecox.svg\",\"contentUrl\":\"https:\/\/ecoxshop.ch\/wp-content\/uploads\/2023\/05\/logo-ecox.svg\",\"width\":304.6,\"height\":91.5,\"caption\":\"Ecox Shop\"},\"image\":{\"@id\":\"https:\/\/ecoxshop.ch\/#\/schema\/logo\/image\/\"}}]}<\/script>\n<!-- \/ Yoast SEO plugin. -->","yoast_head_json":{"title":"Scala in alluminio Scalam\u00eca rinforzata Gierre 6 gradini - 0.48x1.10xH.1.84 m - Ecox Shop","robots":{"index":"index","follow":"follow","max-snippet":"max-snippet:-1","max-image-preview":"max-image-preview:large","max-video-preview":"max-video-preview:-1"},"canonical":"https:\/\/ecoxshop.ch\/en\/product\/scala-in-alluminio-scalamia-rinforzata-gierre-6-gradini-0-48x1-10xh-1-84-m\/","og_locale":"en_GB","og_type":"article","og_title":"Scala in alluminio Scalam\u00eca rinforzata Gierre 6 gradini - 0.48x1.10xH.1.84 m - Ecox Shop","og_description":"Scala in alluminio Scalam\u00eca rinforzata Gierre 6 gradini - 0.48x1.10xH.1.84 m AL160","og_url":"https:\/\/ecoxshop.ch\/en\/product\/scala-in-alluminio-scalamia-rinforzata-gierre-6-gradini-0-48x1-10xh-1-84-m\/","og_site_name":"Ecox Shop","article_modified_time":"2025-03-07T14:40:20+00:00","og_image":[{"width":480,"height":480,"url":"https:\/\/ecoxshop.ch\/wp-content\/uploads\/2025\/03\/2567863.jpg","type":"image\/jpeg"}],"twitter_card":"summary_large_image","twitter_misc":{"Estimated reading time":"1 minute"},"schema":{"@context":"https:\/\/schema.org","@graph":[{"@type":"WebPage","@id":"https:\/\/ecoxshop.ch\/en\/product\/scala-in-alluminio-scalamia-rinforzata-gierre-6-gradini-0-48x1-10xh-1-84-m\/","url":"https:\/\/ecoxshop.ch\/en\/product\/scala-in-alluminio-scalamia-rinforzata-gierre-6-gradini-0-48x1-10xh-1-84-m\/","name":"Scala in alluminio Scalam\u00eca rinforzata Gierre 6 gradini - 0.48x1.10xH.1.84 m - Ecox Shop","isPartOf":{"@id":"https:\/\/ecoxshop.ch\/#website"},"datePublished":"2025-03-06T16:27:30+00:00","dateModified":"2025-03-07T14:40:20+00:00","breadcrumb":{"@id":"https:\/\/ecoxshop.ch\/en\/product\/scala-in-alluminio-scalamia-rinforzata-gierre-6-gradini-0-48x1-10xh-1-84-m\/#breadcrumb"},"inLanguage":"en-GB","potentialAction":[{"@type":"ReadAction","target":["https:\/\/ecoxshop.ch\/en\/product\/scala-in-alluminio-scalamia-rinforzata-gierre-6-gradini-0-48x1-10xh-1-84-m\/"]}]},{"@type":"BreadcrumbList","@id":"https:\/\/ecoxshop.ch\/en\/product\/scala-in-alluminio-scalamia-rinforzata-gierre-6-gradini-0-48x1-10xh-1-84-m\/#breadcrumb","itemListElement":[{"@type":"ListItem","position":1,"name":"Home","item":"https:\/\/ecoxshop.ch\/it\/"},{"@type":"ListItem","position":2,"name":"Shop","item":"https:\/\/ecoxshop.ch\/it\/shop\/"},{"@type":"ListItem","position":3,"name":"Scala in alluminio Scalam\u00eca rinforzata Gierre 6 gradini &#8211; 0.48&#215;1.10xH.1.84 m"}]},{"@type":"WebSite","@id":"https:\/\/ecoxshop.ch\/#website","url":"https:\/\/ecoxshop.ch\/","name":"Ecox Shop","description":"","publisher":{"@id":"https:\/\/ecoxshop.ch\/#organization"},"potentialAction":[{"@type":"SearchAction","target":{"@type":"EntryPoint","urlTemplate":"https:\/\/ecoxshop.ch\/?s={search_term_string}"},"query-input":"required name=search_term_string"}],"inLanguage":"en-GB"},{"@type":"Organization","@id":"https:\/\/ecoxshop.ch\/#organization","name":"Ecox Shop","url":"https:\/\/ecoxshop.ch\/","logo":{"@type":"ImageObject","inLanguage":"en-GB","@id":"https:\/\/ecoxshop.ch\/#\/schema\/logo\/image\/","url":"https:\/\/ecoxshop.ch\/wp-content\/uploads\/2023\/05\/logo-ecox.svg","contentUrl":"https:\/\/ecoxshop.ch\/wp-content\/uploads\/2023\/05\/logo-ecox.svg","width":304.6,"height":91.5,"caption":"Ecox Shop"},"image":{"@id":"https:\/\/ecoxshop.ch\/#\/schema\/logo\/image\/"}}]}},"_links":{"self":[{"href":"https:\/\/ecoxshop.ch\/en\/wp-json\/wp\/v3\/product\/33412"}],"collection":[{"href":"https:\/\/ecoxshop.ch\/en\/wp-json\/wp\/v3\/product"}],"about":[{"href":"https:\/\/ecoxshop.ch\/en\/wp-json\/wp\/v2\/types\/product"}],"wp:featuredmedia":[{"embeddable":true,"href":"https:\/\/ecoxshop.ch\/en\/wp-json\/wp\/v2\/media\/33413"}],"wp:attachment":[{"href":"https:\/\/ecoxshop.ch\/en\/wp-json\/wp\/v2\/media?parent=33412"}],"wp:term":[{"taxonomy":"product_cat","embeddable":true,"href":"https:\/\/ecoxshop.ch\/en\/wp-json\/wp\/v2\/product_cat?post=33412"},{"taxonomy":"product_tag","embeddable":true,"href":"https:\/\/ecoxshop.ch\/en\/wp-json\/wp\/v2\/product_tag?post=33412"}],"curies":[{"name":"wp","href":"https:\/\/api.w.org\/{rel}","templated":true}]}}