{"id":27934,"date":"2025-03-06T15:19:11","date_gmt":"2025-03-06T14:19:11","guid":{"rendered":"https:\/\/ecoxshop.ch\/prodotto\/lucchetto-a-combinazione-sottile-per-laptop-per-slot-standard-kensington\/"},"modified":"2025-03-07T15:27:35","modified_gmt":"2025-03-07T14:27:35","slug":"lucchetto-a-combinazione-sottile-per-laptop-per-slot-standard-kensington","status":"publish","type":"product","link":"https:\/\/ecoxshop.ch\/en\/product\/lucchetto-a-combinazione-sottile-per-laptop-per-slot-standard-kensington\/","title":{"rendered":"Slim combination laptop padlock - for standard Kensington slot"},"content":{"rendered":"<p>Con gli odierni laptop sottili, \u00e8 possibile inserire un lucchetto con cavo, ma il laptop \u00e8 cos\u00ec sottile che dopo il collegamento del lucchetto non pu\u00f2 restare in piano, perch\u00e9 il suo spessore \u00e8 maggiore di quello del laptop, sollevandolo dalla superficie di appoggio. Il lucchetto per laptop con combinazione Slim \u00e8 la soluzione di blocco senza chiave pi\u00f9 robusta che consente ai laptop ultrasottili e 2 in 1 con slot di blocco standard di restare in piano e stabili. 10.000 combinazioni possibili, selezionabili dall&#8217;utente. La registrazione gratuita del codice consente una ricerca rapida, facile e sicura se la combinazione viene persa o dimenticata.<\/p>","protected":false},"excerpt":{"rendered":"<p>Lucchetto a combinazione sottile per laptop &#8211; per slot standard Kensington nero &#8211; K60600WW<\/p>","protected":false},"featured_media":27935,"template":"","meta":[],"product_cat":[547],"product_tag":[],"yoast_head":"<!-- This site is optimized with the Yoast SEO plugin v20.7 - https:\/\/yoast.com\/wordpress\/plugins\/seo\/ -->\n<title>Lucchetto a combinazione sottile per laptop - per slot standard Kensington - Ecox Shop<\/title>\n<meta name=\"robots\" content=\"index, follow, max-snippet:-1, max-image-preview:large, max-video-preview:-1\" \/>\n<link rel=\"canonical\" href=\"https:\/\/ecoxshop.ch\/en\/product\/lucchetto-a-combinazione-sottile-per-laptop-per-slot-standard-kensington\/\" \/>\n<meta property=\"og:locale\" content=\"en_GB\" \/>\n<meta property=\"og:type\" content=\"article\" \/>\n<meta property=\"og:title\" content=\"Lucchetto a combinazione sottile per laptop - per slot standard Kensington - Ecox Shop\" \/>\n<meta property=\"og:description\" content=\"Lucchetto a combinazione sottile per laptop - per slot standard Kensington nero - K60600WW\" \/>\n<meta property=\"og:url\" content=\"https:\/\/ecoxshop.ch\/en\/product\/lucchetto-a-combinazione-sottile-per-laptop-per-slot-standard-kensington\/\" \/>\n<meta property=\"og:site_name\" content=\"Ecox Shop\" \/>\n<meta property=\"article:modified_time\" content=\"2025-03-07T14:27:35+00:00\" \/>\n<meta property=\"og:image\" content=\"https:\/\/ecoxshop.ch\/wp-content\/uploads\/2025\/03\/2342820.jpg\" \/>\n\t<meta property=\"og:image:width\" content=\"480\" \/>\n\t<meta property=\"og:image:height\" content=\"480\" \/>\n\t<meta property=\"og:image:type\" content=\"image\/jpeg\" \/>\n<meta name=\"twitter:card\" content=\"summary_large_image\" \/>\n<script type=\"application\/ld+json\" class=\"yoast-schema-graph\">{\"@context\":\"https:\/\/schema.org\",\"@graph\":[{\"@type\":\"WebPage\",\"@id\":\"https:\/\/ecoxshop.ch\/en\/product\/lucchetto-a-combinazione-sottile-per-laptop-per-slot-standard-kensington\/\",\"url\":\"https:\/\/ecoxshop.ch\/en\/product\/lucchetto-a-combinazione-sottile-per-laptop-per-slot-standard-kensington\/\",\"name\":\"Lucchetto a combinazione sottile per laptop - per slot standard Kensington - Ecox Shop\",\"isPartOf\":{\"@id\":\"https:\/\/ecoxshop.ch\/#website\"},\"datePublished\":\"2025-03-06T14:19:11+00:00\",\"dateModified\":\"2025-03-07T14:27:35+00:00\",\"breadcrumb\":{\"@id\":\"https:\/\/ecoxshop.ch\/en\/product\/lucchetto-a-combinazione-sottile-per-laptop-per-slot-standard-kensington\/#breadcrumb\"},\"inLanguage\":\"en-GB\",\"potentialAction\":[{\"@type\":\"ReadAction\",\"target\":[\"https:\/\/ecoxshop.ch\/en\/product\/lucchetto-a-combinazione-sottile-per-laptop-per-slot-standard-kensington\/\"]}]},{\"@type\":\"BreadcrumbList\",\"@id\":\"https:\/\/ecoxshop.ch\/en\/product\/lucchetto-a-combinazione-sottile-per-laptop-per-slot-standard-kensington\/#breadcrumb\",\"itemListElement\":[{\"@type\":\"ListItem\",\"position\":1,\"name\":\"Home\",\"item\":\"https:\/\/ecoxshop.ch\/it\/\"},{\"@type\":\"ListItem\",\"position\":2,\"name\":\"Shop\",\"item\":\"https:\/\/ecoxshop.ch\/it\/shop\/\"},{\"@type\":\"ListItem\",\"position\":3,\"name\":\"Lucchetto a combinazione sottile per laptop &#8211; per slot standard Kensington\"}]},{\"@type\":\"WebSite\",\"@id\":\"https:\/\/ecoxshop.ch\/#website\",\"url\":\"https:\/\/ecoxshop.ch\/\",\"name\":\"Ecox Shop\",\"description\":\"\",\"publisher\":{\"@id\":\"https:\/\/ecoxshop.ch\/#organization\"},\"potentialAction\":[{\"@type\":\"SearchAction\",\"target\":{\"@type\":\"EntryPoint\",\"urlTemplate\":\"https:\/\/ecoxshop.ch\/?s={search_term_string}\"},\"query-input\":\"required name=search_term_string\"}],\"inLanguage\":\"en-GB\"},{\"@type\":\"Organization\",\"@id\":\"https:\/\/ecoxshop.ch\/#organization\",\"name\":\"Ecox Shop\",\"url\":\"https:\/\/ecoxshop.ch\/\",\"logo\":{\"@type\":\"ImageObject\",\"inLanguage\":\"en-GB\",\"@id\":\"https:\/\/ecoxshop.ch\/#\/schema\/logo\/image\/\",\"url\":\"https:\/\/ecoxshop.ch\/wp-content\/uploads\/2023\/05\/logo-ecox.svg\",\"contentUrl\":\"https:\/\/ecoxshop.ch\/wp-content\/uploads\/2023\/05\/logo-ecox.svg\",\"width\":304.6,\"height\":91.5,\"caption\":\"Ecox Shop\"},\"image\":{\"@id\":\"https:\/\/ecoxshop.ch\/#\/schema\/logo\/image\/\"}}]}<\/script>\n<!-- \/ Yoast SEO plugin. -->","yoast_head_json":{"title":"Lucchetto a combinazione sottile per laptop - per slot standard Kensington - Ecox Shop","robots":{"index":"index","follow":"follow","max-snippet":"max-snippet:-1","max-image-preview":"max-image-preview:large","max-video-preview":"max-video-preview:-1"},"canonical":"https:\/\/ecoxshop.ch\/en\/product\/lucchetto-a-combinazione-sottile-per-laptop-per-slot-standard-kensington\/","og_locale":"en_GB","og_type":"article","og_title":"Lucchetto a combinazione sottile per laptop - per slot standard Kensington - Ecox Shop","og_description":"Lucchetto a combinazione sottile per laptop - per slot standard Kensington nero - K60600WW","og_url":"https:\/\/ecoxshop.ch\/en\/product\/lucchetto-a-combinazione-sottile-per-laptop-per-slot-standard-kensington\/","og_site_name":"Ecox Shop","article_modified_time":"2025-03-07T14:27:35+00:00","og_image":[{"width":480,"height":480,"url":"https:\/\/ecoxshop.ch\/wp-content\/uploads\/2025\/03\/2342820.jpg","type":"image\/jpeg"}],"twitter_card":"summary_large_image","schema":{"@context":"https:\/\/schema.org","@graph":[{"@type":"WebPage","@id":"https:\/\/ecoxshop.ch\/en\/product\/lucchetto-a-combinazione-sottile-per-laptop-per-slot-standard-kensington\/","url":"https:\/\/ecoxshop.ch\/en\/product\/lucchetto-a-combinazione-sottile-per-laptop-per-slot-standard-kensington\/","name":"Lucchetto a combinazione sottile per laptop - per slot standard Kensington - Ecox Shop","isPartOf":{"@id":"https:\/\/ecoxshop.ch\/#website"},"datePublished":"2025-03-06T14:19:11+00:00","dateModified":"2025-03-07T14:27:35+00:00","breadcrumb":{"@id":"https:\/\/ecoxshop.ch\/en\/product\/lucchetto-a-combinazione-sottile-per-laptop-per-slot-standard-kensington\/#breadcrumb"},"inLanguage":"en-GB","potentialAction":[{"@type":"ReadAction","target":["https:\/\/ecoxshop.ch\/en\/product\/lucchetto-a-combinazione-sottile-per-laptop-per-slot-standard-kensington\/"]}]},{"@type":"BreadcrumbList","@id":"https:\/\/ecoxshop.ch\/en\/product\/lucchetto-a-combinazione-sottile-per-laptop-per-slot-standard-kensington\/#breadcrumb","itemListElement":[{"@type":"ListItem","position":1,"name":"Home","item":"https:\/\/ecoxshop.ch\/it\/"},{"@type":"ListItem","position":2,"name":"Shop","item":"https:\/\/ecoxshop.ch\/it\/shop\/"},{"@type":"ListItem","position":3,"name":"Lucchetto a combinazione sottile per laptop &#8211; per slot standard Kensington"}]},{"@type":"WebSite","@id":"https:\/\/ecoxshop.ch\/#website","url":"https:\/\/ecoxshop.ch\/","name":"Ecox Shop","description":"","publisher":{"@id":"https:\/\/ecoxshop.ch\/#organization"},"potentialAction":[{"@type":"SearchAction","target":{"@type":"EntryPoint","urlTemplate":"https:\/\/ecoxshop.ch\/?s={search_term_string}"},"query-input":"required name=search_term_string"}],"inLanguage":"en-GB"},{"@type":"Organization","@id":"https:\/\/ecoxshop.ch\/#organization","name":"Ecox Shop","url":"https:\/\/ecoxshop.ch\/","logo":{"@type":"ImageObject","inLanguage":"en-GB","@id":"https:\/\/ecoxshop.ch\/#\/schema\/logo\/image\/","url":"https:\/\/ecoxshop.ch\/wp-content\/uploads\/2023\/05\/logo-ecox.svg","contentUrl":"https:\/\/ecoxshop.ch\/wp-content\/uploads\/2023\/05\/logo-ecox.svg","width":304.6,"height":91.5,"caption":"Ecox Shop"},"image":{"@id":"https:\/\/ecoxshop.ch\/#\/schema\/logo\/image\/"}}]}},"_links":{"self":[{"href":"https:\/\/ecoxshop.ch\/en\/wp-json\/wp\/v3\/product\/27934"}],"collection":[{"href":"https:\/\/ecoxshop.ch\/en\/wp-json\/wp\/v3\/product"}],"about":[{"href":"https:\/\/ecoxshop.ch\/en\/wp-json\/wp\/v2\/types\/product"}],"wp:featuredmedia":[{"embeddable":true,"href":"https:\/\/ecoxshop.ch\/en\/wp-json\/wp\/v2\/media\/27935"}],"wp:attachment":[{"href":"https:\/\/ecoxshop.ch\/en\/wp-json\/wp\/v2\/media?parent=27934"}],"wp:term":[{"taxonomy":"product_cat","embeddable":true,"href":"https:\/\/ecoxshop.ch\/en\/wp-json\/wp\/v2\/product_cat?post=27934"},{"taxonomy":"product_tag","embeddable":true,"href":"https:\/\/ecoxshop.ch\/en\/wp-json\/wp\/v2\/product_tag?post=27934"}],"curies":[{"name":"wp","href":"https:\/\/api.w.org\/{rel}","templated":true}]}}