{"id":26899,"date":"2025-03-06T15:05:04","date_gmt":"2025-03-06T14:05:04","guid":{"rendered":"https:\/\/ecoxshop.ch\/prodotto\/soundbar-stereo-gaming-illuminata-rgb-trust-gxt-619-thorne-design\/"},"modified":"2025-03-07T15:25:34","modified_gmt":"2025-03-07T14:25:34","slug":"soundbar-stereo-gaming-illuminata-rgb-trust-gxt-619-thorne-design","status":"publish","type":"product","link":"https:\/\/ecoxshop.ch\/en\/product\/soundbar-stereo-gaming-illuminata-rgb-trust-gxt-619-thorne-design\/","title":{"rendered":"Trust GXT 619 Thorne RGB illuminated gaming stereo soundbar - design"},"content":{"rendered":"<p>La sound bar Trust Thorne \u00e8 perfetta per semplificare al massimo l&#8217;esperienza di gaming. Fattore di forma ridotto. collocabile facilmente davanti al monitor o alla TV essendo di dimensioni ridotte, permette di recuperare spazio. Gli altoparlanti stereo non devono necessariamente essere ingombranti.<br \/>\nLa sound bar Trust Thorne \u00e8 perfetta per semplificare al massimo l&#8217;esperienza di gaming. Basta collegare il cavo AUX al jack per cuffie da 3,5 mm del PC o del laptop e collegare il cavo USB all&#8217;alimentazione. Non occorre altro per giocare a un livello completamente nuovo. E grazie alle connessioni universali, la sound bar Thorne \u00e8 compatibile anche con la TV!<br \/>\nI gamer esigono esperienze eccellenti. Non solo l&#8217;audio deve essere di buona qualit\u00e0: anche l&#8217;occhio vuole la sua parte. La sound bar Trust GXT 619 Thorne \u00e8 dotata di luci RGB regolabili, con 6 modalit\u00e0 di illuminazione diverse. I giochi assumeranno nuove tinte, grazie a questa sound bar.<br \/>\nGrazie all&#8217;ampia manopola illuminata di controllo del volume sulla parte anteriore della sound bar Thorne, potrai regolare facilmente il volume senza distrarti dal gioco. La manopola di controllo facilmente accessibile permette di controllare e di raggiungere facilmente i 12W di potenza di picco (6W RMS) degli altoparlanti stereo incorporati.<br \/>\nFrequenza audio 20 Hz &#8211; 20000 Hz. Dimensioni 4&#215;7,5&#215;7 cm. Colore nero, peso 700 g. Lunghezza cavo 140 cm, connettore cuffie con jack 3,5 mm, impedenza 4 Ohm. Ricaricabile con cavo USB.<\/p>","protected":false},"excerpt":{"rendered":"<p>Soundbar stereo gaming illuminata RGB Trust GXT 619 Thorne &#8211; design salvaspazio &#8211; nero &#8211; 24007<\/p>","protected":false},"featured_media":26900,"template":"","meta":[],"product_cat":[272],"product_tag":[],"yoast_head":"<!-- This site is optimized with the Yoast SEO plugin v20.7 - https:\/\/yoast.com\/wordpress\/plugins\/seo\/ -->\n<title>Soundbar stereo gaming illuminata RGB Trust GXT 619 Thorne - design - Ecox Shop<\/title>\n<meta name=\"robots\" content=\"index, follow, max-snippet:-1, max-image-preview:large, max-video-preview:-1\" \/>\n<link rel=\"canonical\" href=\"https:\/\/ecoxshop.ch\/en\/product\/soundbar-stereo-gaming-illuminata-rgb-trust-gxt-619-thorne-design\/\" \/>\n<meta property=\"og:locale\" content=\"en_GB\" \/>\n<meta property=\"og:type\" content=\"article\" \/>\n<meta property=\"og:title\" content=\"Soundbar stereo gaming illuminata RGB Trust GXT 619 Thorne - design - Ecox Shop\" \/>\n<meta property=\"og:description\" content=\"Soundbar stereo gaming illuminata RGB Trust GXT 619 Thorne - design salvaspazio - nero - 24007\" \/>\n<meta property=\"og:url\" content=\"https:\/\/ecoxshop.ch\/en\/product\/soundbar-stereo-gaming-illuminata-rgb-trust-gxt-619-thorne-design\/\" \/>\n<meta property=\"og:site_name\" content=\"Ecox Shop\" \/>\n<meta property=\"article:modified_time\" content=\"2025-03-07T14:25:34+00:00\" \/>\n<meta property=\"og:image\" content=\"https:\/\/ecoxshop.ch\/wp-content\/uploads\/2025\/03\/2343065.jpg\" \/>\n\t<meta property=\"og:image:width\" content=\"480\" \/>\n\t<meta property=\"og:image:height\" content=\"480\" \/>\n\t<meta property=\"og:image:type\" content=\"image\/jpeg\" \/>\n<meta name=\"twitter:card\" content=\"summary_large_image\" \/>\n<meta name=\"twitter:label1\" content=\"Estimated reading time\" \/>\n\t<meta name=\"twitter:data1\" content=\"1 minute\" \/>\n<script type=\"application\/ld+json\" class=\"yoast-schema-graph\">{\"@context\":\"https:\/\/schema.org\",\"@graph\":[{\"@type\":\"WebPage\",\"@id\":\"https:\/\/ecoxshop.ch\/it\/prodotto\/soundbar-stereo-gaming-illuminata-rgb-trust-gxt-619-thorne-design\/\",\"url\":\"https:\/\/ecoxshop.ch\/it\/prodotto\/soundbar-stereo-gaming-illuminata-rgb-trust-gxt-619-thorne-design\/\",\"name\":\"Soundbar stereo gaming illuminata RGB Trust GXT 619 Thorne - design - Ecox Shop\",\"isPartOf\":{\"@id\":\"https:\/\/ecoxshop.ch\/#website\"},\"datePublished\":\"2025-03-06T14:05:04+00:00\",\"dateModified\":\"2025-03-07T14:25:34+00:00\",\"breadcrumb\":{\"@id\":\"https:\/\/ecoxshop.ch\/it\/prodotto\/soundbar-stereo-gaming-illuminata-rgb-trust-gxt-619-thorne-design\/#breadcrumb\"},\"inLanguage\":\"en-GB\",\"potentialAction\":[{\"@type\":\"ReadAction\",\"target\":[\"https:\/\/ecoxshop.ch\/it\/prodotto\/soundbar-stereo-gaming-illuminata-rgb-trust-gxt-619-thorne-design\/\"]}]},{\"@type\":\"BreadcrumbList\",\"@id\":\"https:\/\/ecoxshop.ch\/it\/prodotto\/soundbar-stereo-gaming-illuminata-rgb-trust-gxt-619-thorne-design\/#breadcrumb\",\"itemListElement\":[{\"@type\":\"ListItem\",\"position\":1,\"name\":\"Home\",\"item\":\"https:\/\/ecoxshop.ch\/it\/\"},{\"@type\":\"ListItem\",\"position\":2,\"name\":\"Shop\",\"item\":\"https:\/\/ecoxshop.ch\/it\/shop\/\"},{\"@type\":\"ListItem\",\"position\":3,\"name\":\"Soundbar stereo gaming illuminata RGB Trust GXT 619 Thorne &#8211; design\"}]},{\"@type\":\"WebSite\",\"@id\":\"https:\/\/ecoxshop.ch\/#website\",\"url\":\"https:\/\/ecoxshop.ch\/\",\"name\":\"Ecox Shop\",\"description\":\"\",\"publisher\":{\"@id\":\"https:\/\/ecoxshop.ch\/#organization\"},\"potentialAction\":[{\"@type\":\"SearchAction\",\"target\":{\"@type\":\"EntryPoint\",\"urlTemplate\":\"https:\/\/ecoxshop.ch\/?s={search_term_string}\"},\"query-input\":\"required name=search_term_string\"}],\"inLanguage\":\"en-GB\"},{\"@type\":\"Organization\",\"@id\":\"https:\/\/ecoxshop.ch\/#organization\",\"name\":\"Ecox Shop\",\"url\":\"https:\/\/ecoxshop.ch\/\",\"logo\":{\"@type\":\"ImageObject\",\"inLanguage\":\"en-GB\",\"@id\":\"https:\/\/ecoxshop.ch\/#\/schema\/logo\/image\/\",\"url\":\"https:\/\/ecoxshop.ch\/wp-content\/uploads\/2023\/05\/logo-ecox.svg\",\"contentUrl\":\"https:\/\/ecoxshop.ch\/wp-content\/uploads\/2023\/05\/logo-ecox.svg\",\"width\":304.6,\"height\":91.5,\"caption\":\"Ecox Shop\"},\"image\":{\"@id\":\"https:\/\/ecoxshop.ch\/#\/schema\/logo\/image\/\"}}]}<\/script>\n<!-- \/ Yoast SEO plugin. -->","yoast_head_json":{"title":"Soundbar stereo gaming illuminata RGB Trust GXT 619 Thorne - design - Ecox Shop","robots":{"index":"index","follow":"follow","max-snippet":"max-snippet:-1","max-image-preview":"max-image-preview:large","max-video-preview":"max-video-preview:-1"},"canonical":"https:\/\/ecoxshop.ch\/en\/product\/soundbar-stereo-gaming-illuminata-rgb-trust-gxt-619-thorne-design\/","og_locale":"en_GB","og_type":"article","og_title":"Soundbar stereo gaming illuminata RGB Trust GXT 619 Thorne - design - Ecox Shop","og_description":"Soundbar stereo gaming illuminata RGB Trust GXT 619 Thorne - design salvaspazio - nero - 24007","og_url":"https:\/\/ecoxshop.ch\/en\/product\/soundbar-stereo-gaming-illuminata-rgb-trust-gxt-619-thorne-design\/","og_site_name":"Ecox Shop","article_modified_time":"2025-03-07T14:25:34+00:00","og_image":[{"width":480,"height":480,"url":"https:\/\/ecoxshop.ch\/wp-content\/uploads\/2025\/03\/2343065.jpg","type":"image\/jpeg"}],"twitter_card":"summary_large_image","twitter_misc":{"Estimated reading time":"1 minute"},"schema":{"@context":"https:\/\/schema.org","@graph":[{"@type":"WebPage","@id":"https:\/\/ecoxshop.ch\/it\/prodotto\/soundbar-stereo-gaming-illuminata-rgb-trust-gxt-619-thorne-design\/","url":"https:\/\/ecoxshop.ch\/it\/prodotto\/soundbar-stereo-gaming-illuminata-rgb-trust-gxt-619-thorne-design\/","name":"Soundbar stereo gaming illuminata RGB Trust GXT 619 Thorne - design - Ecox Shop","isPartOf":{"@id":"https:\/\/ecoxshop.ch\/#website"},"datePublished":"2025-03-06T14:05:04+00:00","dateModified":"2025-03-07T14:25:34+00:00","breadcrumb":{"@id":"https:\/\/ecoxshop.ch\/it\/prodotto\/soundbar-stereo-gaming-illuminata-rgb-trust-gxt-619-thorne-design\/#breadcrumb"},"inLanguage":"en-GB","potentialAction":[{"@type":"ReadAction","target":["https:\/\/ecoxshop.ch\/it\/prodotto\/soundbar-stereo-gaming-illuminata-rgb-trust-gxt-619-thorne-design\/"]}]},{"@type":"BreadcrumbList","@id":"https:\/\/ecoxshop.ch\/it\/prodotto\/soundbar-stereo-gaming-illuminata-rgb-trust-gxt-619-thorne-design\/#breadcrumb","itemListElement":[{"@type":"ListItem","position":1,"name":"Home","item":"https:\/\/ecoxshop.ch\/it\/"},{"@type":"ListItem","position":2,"name":"Shop","item":"https:\/\/ecoxshop.ch\/it\/shop\/"},{"@type":"ListItem","position":3,"name":"Soundbar stereo gaming illuminata RGB Trust GXT 619 Thorne &#8211; design"}]},{"@type":"WebSite","@id":"https:\/\/ecoxshop.ch\/#website","url":"https:\/\/ecoxshop.ch\/","name":"Ecox Shop","description":"","publisher":{"@id":"https:\/\/ecoxshop.ch\/#organization"},"potentialAction":[{"@type":"SearchAction","target":{"@type":"EntryPoint","urlTemplate":"https:\/\/ecoxshop.ch\/?s={search_term_string}"},"query-input":"required name=search_term_string"}],"inLanguage":"en-GB"},{"@type":"Organization","@id":"https:\/\/ecoxshop.ch\/#organization","name":"Ecox Shop","url":"https:\/\/ecoxshop.ch\/","logo":{"@type":"ImageObject","inLanguage":"en-GB","@id":"https:\/\/ecoxshop.ch\/#\/schema\/logo\/image\/","url":"https:\/\/ecoxshop.ch\/wp-content\/uploads\/2023\/05\/logo-ecox.svg","contentUrl":"https:\/\/ecoxshop.ch\/wp-content\/uploads\/2023\/05\/logo-ecox.svg","width":304.6,"height":91.5,"caption":"Ecox Shop"},"image":{"@id":"https:\/\/ecoxshop.ch\/#\/schema\/logo\/image\/"}}]}},"_links":{"self":[{"href":"https:\/\/ecoxshop.ch\/en\/wp-json\/wp\/v3\/product\/26899"}],"collection":[{"href":"https:\/\/ecoxshop.ch\/en\/wp-json\/wp\/v3\/product"}],"about":[{"href":"https:\/\/ecoxshop.ch\/en\/wp-json\/wp\/v2\/types\/product"}],"wp:featuredmedia":[{"embeddable":true,"href":"https:\/\/ecoxshop.ch\/en\/wp-json\/wp\/v2\/media\/26900"}],"wp:attachment":[{"href":"https:\/\/ecoxshop.ch\/en\/wp-json\/wp\/v2\/media?parent=26899"}],"wp:term":[{"taxonomy":"product_cat","embeddable":true,"href":"https:\/\/ecoxshop.ch\/en\/wp-json\/wp\/v2\/product_cat?post=26899"},{"taxonomy":"product_tag","embeddable":true,"href":"https:\/\/ecoxshop.ch\/en\/wp-json\/wp\/v2\/product_tag?post=26899"}],"curies":[{"name":"wp","href":"https:\/\/api.w.org\/{rel}","templated":true}]}}