{"id":23946,"date":"2025-03-06T14:24:24","date_gmt":"2025-03-06T13:24:24","guid":{"rendered":"https:\/\/ecoxshop.ch\/prodotto\/distruggidocumenti-uso-moderato-hsm-securio-b34-p-4-100-l-taglio\/"},"modified":"2025-03-07T15:19:19","modified_gmt":"2025-03-07T14:19:19","slug":"distruggidocumenti-uso-moderato-hsm-securio-b34-p-4-100-l-taglio","status":"publish","type":"product","link":"https:\/\/ecoxshop.ch\/en\/product\/distruggidocumenti-uso-moderato-hsm-securio-b34-p-4-100-l-taglio\/","title":{"rendered":"Moderate Duty Shredder HSM SECURIO B34 - P-4 - 100 L - cut"},"content":{"rendered":"<p>Questo distruggidocumenti di prima classe, dal design elegante, garantisce la sicurezza dei dati nei grandi uffici.  La luce di taglio da 310mm consente la distruzione di carta A3. Taglia: 30-32 fogli di carta 80 gr nella versione a strisce da 5,8 mm e 21-22 fogli di carta 80 gr nella versione a frammenti da 4,5&#215;30 mm, carte di credito e CD. Grazie alla potente trasmissione, distrugge in maniera affidabile e silenziosa la quantit\u00e0 di dati prodotta da un massimo di 8 persone. I materiali pregiati e la rinomata qualit\u00e0 &#8221;Made in Germany&#8221; garantiscono sicurezza e una lunga durata. Con garanzia di 3 anni. Alberi di taglio in acciaio massiccio temprato con garanzia a vita. Il potente motore garantisce elevate prestazioni di taglio ed un affidabile funzionamento a ciclo continuo. Funzionamento silenzioso. Consumo energetico estremamente ridotto, solo 0,1 W in modalit\u00e0 stand-by con il controllo intelligente EcoSmart. Il distruggidocumenti ha ottenuto il riconoscimento Angelo Blu per la costruzione durevole, il ridotto consumo energetico e l&#8217;uso di materiali ecocompatibili. La tecnologia anti inceppamento con funzione di reverse automatico previene il blocco della carta. L&#8217;elemento di sicurezza con vano d&#8217;introduzione CD impedisce l&#8217;alimentazione involontaria e funge da protezione antischeggia durante la distruzione di CD. Con il tasto multifunzione, l&#8217;apparecchio pu\u00f2 essere utilizzato in modo intuitivo. Start\/stop automatico. Il distruggidocumenti \u00e8 trasportabile in maniera comoda e semplice su ruote. Dopo avere aperto lo sportello, il sacco di raccolta estraibile e riutilizzabile da 100 litri pu\u00f2 essere comodamente prelevato e svuotato. L&#8217;utilizzo di un sacchetto separato consente la raccolta differenziata del materiale triturato. Il distruggidocumenti \u00e8 dotato di un robusto mobile in legno con angolo di apertura della porta particolarmente ampio. La bassa emissione di polveri \u00e8 stata certificata presso un istituto indipendente: l&#8217;utilizzo direttamente sul posto di lavoro \u00e8 sicuro. Un LED indica quando il contenitore \u00e8 pieno e la macchina si spegne automaticamente. Attraverso la finestra d&#8217;ispezione, il livello di riempimento del contenitore di raccolta \u00e8 visibile in qualsiasi momento. Dimensione LxPxH: 54,1&#215;43,9&#215;84,5 cm.<\/p>","protected":false},"excerpt":{"rendered":"<p>Distruggidocumenti uso moderato HSM SECURIO B34 &#8211; P-4 &#8211; 100 L &#8211; taglio a frammenti 4,5&#215;30 mm &#8211; 1843111<\/p>","protected":false},"featured_media":23947,"template":"","meta":[],"product_cat":[174],"product_tag":[],"yoast_head":"<!-- This site is optimized with the Yoast SEO plugin v20.7 - https:\/\/yoast.com\/wordpress\/plugins\/seo\/ -->\n<title>Distruggidocumenti uso moderato HSM SECURIO B34 - P-4 - 100 L - taglio - Ecox Shop<\/title>\n<meta name=\"robots\" content=\"index, follow, max-snippet:-1, max-image-preview:large, max-video-preview:-1\" \/>\n<link rel=\"canonical\" href=\"https:\/\/ecoxshop.ch\/en\/product\/distruggidocumenti-uso-moderato-hsm-securio-b34-p-4-100-l-taglio\/\" \/>\n<meta property=\"og:locale\" content=\"en_GB\" \/>\n<meta property=\"og:type\" content=\"article\" \/>\n<meta property=\"og:title\" content=\"Distruggidocumenti uso moderato HSM SECURIO B34 - P-4 - 100 L - taglio - Ecox Shop\" \/>\n<meta property=\"og:description\" content=\"Distruggidocumenti uso moderato HSM SECURIO B34 - P-4 - 100 L - taglio a frammenti 4,5x30 mm - 1843111\" \/>\n<meta property=\"og:url\" content=\"https:\/\/ecoxshop.ch\/en\/product\/distruggidocumenti-uso-moderato-hsm-securio-b34-p-4-100-l-taglio\/\" \/>\n<meta property=\"og:site_name\" content=\"Ecox Shop\" \/>\n<meta property=\"article:modified_time\" content=\"2025-03-07T14:19:19+00:00\" \/>\n<meta property=\"og:image\" content=\"https:\/\/ecoxshop.ch\/wp-content\/uploads\/2025\/03\/1782374.jpg\" \/>\n\t<meta property=\"og:image:width\" content=\"480\" \/>\n\t<meta property=\"og:image:height\" content=\"480\" \/>\n\t<meta property=\"og:image:type\" content=\"image\/jpeg\" \/>\n<meta name=\"twitter:card\" content=\"summary_large_image\" \/>\n<meta name=\"twitter:label1\" content=\"Estimated reading time\" \/>\n\t<meta name=\"twitter:data1\" content=\"2 minutes\" \/>\n<script type=\"application\/ld+json\" class=\"yoast-schema-graph\">{\"@context\":\"https:\/\/schema.org\",\"@graph\":[{\"@type\":\"WebPage\",\"@id\":\"https:\/\/ecoxshop.ch\/it\/prodotto\/distruggidocumenti-uso-moderato-hsm-securio-b34-p-4-100-l-taglio\/\",\"url\":\"https:\/\/ecoxshop.ch\/it\/prodotto\/distruggidocumenti-uso-moderato-hsm-securio-b34-p-4-100-l-taglio\/\",\"name\":\"Distruggidocumenti uso moderato HSM SECURIO B34 - P-4 - 100 L - taglio - Ecox Shop\",\"isPartOf\":{\"@id\":\"https:\/\/ecoxshop.ch\/#website\"},\"datePublished\":\"2025-03-06T13:24:24+00:00\",\"dateModified\":\"2025-03-07T14:19:19+00:00\",\"breadcrumb\":{\"@id\":\"https:\/\/ecoxshop.ch\/it\/prodotto\/distruggidocumenti-uso-moderato-hsm-securio-b34-p-4-100-l-taglio\/#breadcrumb\"},\"inLanguage\":\"en-GB\",\"potentialAction\":[{\"@type\":\"ReadAction\",\"target\":[\"https:\/\/ecoxshop.ch\/it\/prodotto\/distruggidocumenti-uso-moderato-hsm-securio-b34-p-4-100-l-taglio\/\"]}]},{\"@type\":\"BreadcrumbList\",\"@id\":\"https:\/\/ecoxshop.ch\/it\/prodotto\/distruggidocumenti-uso-moderato-hsm-securio-b34-p-4-100-l-taglio\/#breadcrumb\",\"itemListElement\":[{\"@type\":\"ListItem\",\"position\":1,\"name\":\"Home\",\"item\":\"https:\/\/ecoxshop.ch\/it\/\"},{\"@type\":\"ListItem\",\"position\":2,\"name\":\"Shop\",\"item\":\"https:\/\/ecoxshop.ch\/it\/shop\/\"},{\"@type\":\"ListItem\",\"position\":3,\"name\":\"Distruggidocumenti uso moderato HSM SECURIO B34 &#8211; P-4 &#8211; 100 L &#8211; taglio\"}]},{\"@type\":\"WebSite\",\"@id\":\"https:\/\/ecoxshop.ch\/#website\",\"url\":\"https:\/\/ecoxshop.ch\/\",\"name\":\"Ecox Shop\",\"description\":\"\",\"publisher\":{\"@id\":\"https:\/\/ecoxshop.ch\/#organization\"},\"potentialAction\":[{\"@type\":\"SearchAction\",\"target\":{\"@type\":\"EntryPoint\",\"urlTemplate\":\"https:\/\/ecoxshop.ch\/?s={search_term_string}\"},\"query-input\":\"required name=search_term_string\"}],\"inLanguage\":\"en-GB\"},{\"@type\":\"Organization\",\"@id\":\"https:\/\/ecoxshop.ch\/#organization\",\"name\":\"Ecox Shop\",\"url\":\"https:\/\/ecoxshop.ch\/\",\"logo\":{\"@type\":\"ImageObject\",\"inLanguage\":\"en-GB\",\"@id\":\"https:\/\/ecoxshop.ch\/#\/schema\/logo\/image\/\",\"url\":\"https:\/\/ecoxshop.ch\/wp-content\/uploads\/2023\/05\/logo-ecox.svg\",\"contentUrl\":\"https:\/\/ecoxshop.ch\/wp-content\/uploads\/2023\/05\/logo-ecox.svg\",\"width\":304.6,\"height\":91.5,\"caption\":\"Ecox Shop\"},\"image\":{\"@id\":\"https:\/\/ecoxshop.ch\/#\/schema\/logo\/image\/\"}}]}<\/script>\n<!-- \/ Yoast SEO plugin. -->","yoast_head_json":{"title":"Distruggidocumenti uso moderato HSM SECURIO B34 - P-4 - 100 L - taglio - Ecox Shop","robots":{"index":"index","follow":"follow","max-snippet":"max-snippet:-1","max-image-preview":"max-image-preview:large","max-video-preview":"max-video-preview:-1"},"canonical":"https:\/\/ecoxshop.ch\/en\/product\/distruggidocumenti-uso-moderato-hsm-securio-b34-p-4-100-l-taglio\/","og_locale":"en_GB","og_type":"article","og_title":"Distruggidocumenti uso moderato HSM SECURIO B34 - P-4 - 100 L - taglio - Ecox Shop","og_description":"Distruggidocumenti uso moderato HSM SECURIO B34 - P-4 - 100 L - taglio a frammenti 4,5x30 mm - 1843111","og_url":"https:\/\/ecoxshop.ch\/en\/product\/distruggidocumenti-uso-moderato-hsm-securio-b34-p-4-100-l-taglio\/","og_site_name":"Ecox Shop","article_modified_time":"2025-03-07T14:19:19+00:00","og_image":[{"width":480,"height":480,"url":"https:\/\/ecoxshop.ch\/wp-content\/uploads\/2025\/03\/1782374.jpg","type":"image\/jpeg"}],"twitter_card":"summary_large_image","twitter_misc":{"Estimated reading time":"2 minutes"},"schema":{"@context":"https:\/\/schema.org","@graph":[{"@type":"WebPage","@id":"https:\/\/ecoxshop.ch\/it\/prodotto\/distruggidocumenti-uso-moderato-hsm-securio-b34-p-4-100-l-taglio\/","url":"https:\/\/ecoxshop.ch\/it\/prodotto\/distruggidocumenti-uso-moderato-hsm-securio-b34-p-4-100-l-taglio\/","name":"Distruggidocumenti uso moderato HSM SECURIO B34 - P-4 - 100 L - taglio - Ecox Shop","isPartOf":{"@id":"https:\/\/ecoxshop.ch\/#website"},"datePublished":"2025-03-06T13:24:24+00:00","dateModified":"2025-03-07T14:19:19+00:00","breadcrumb":{"@id":"https:\/\/ecoxshop.ch\/it\/prodotto\/distruggidocumenti-uso-moderato-hsm-securio-b34-p-4-100-l-taglio\/#breadcrumb"},"inLanguage":"en-GB","potentialAction":[{"@type":"ReadAction","target":["https:\/\/ecoxshop.ch\/it\/prodotto\/distruggidocumenti-uso-moderato-hsm-securio-b34-p-4-100-l-taglio\/"]}]},{"@type":"BreadcrumbList","@id":"https:\/\/ecoxshop.ch\/it\/prodotto\/distruggidocumenti-uso-moderato-hsm-securio-b34-p-4-100-l-taglio\/#breadcrumb","itemListElement":[{"@type":"ListItem","position":1,"name":"Home","item":"https:\/\/ecoxshop.ch\/it\/"},{"@type":"ListItem","position":2,"name":"Shop","item":"https:\/\/ecoxshop.ch\/it\/shop\/"},{"@type":"ListItem","position":3,"name":"Distruggidocumenti uso moderato HSM SECURIO B34 &#8211; P-4 &#8211; 100 L &#8211; taglio"}]},{"@type":"WebSite","@id":"https:\/\/ecoxshop.ch\/#website","url":"https:\/\/ecoxshop.ch\/","name":"Ecox Shop","description":"","publisher":{"@id":"https:\/\/ecoxshop.ch\/#organization"},"potentialAction":[{"@type":"SearchAction","target":{"@type":"EntryPoint","urlTemplate":"https:\/\/ecoxshop.ch\/?s={search_term_string}"},"query-input":"required name=search_term_string"}],"inLanguage":"en-GB"},{"@type":"Organization","@id":"https:\/\/ecoxshop.ch\/#organization","name":"Ecox Shop","url":"https:\/\/ecoxshop.ch\/","logo":{"@type":"ImageObject","inLanguage":"en-GB","@id":"https:\/\/ecoxshop.ch\/#\/schema\/logo\/image\/","url":"https:\/\/ecoxshop.ch\/wp-content\/uploads\/2023\/05\/logo-ecox.svg","contentUrl":"https:\/\/ecoxshop.ch\/wp-content\/uploads\/2023\/05\/logo-ecox.svg","width":304.6,"height":91.5,"caption":"Ecox Shop"},"image":{"@id":"https:\/\/ecoxshop.ch\/#\/schema\/logo\/image\/"}}]}},"_links":{"self":[{"href":"https:\/\/ecoxshop.ch\/en\/wp-json\/wp\/v3\/product\/23946"}],"collection":[{"href":"https:\/\/ecoxshop.ch\/en\/wp-json\/wp\/v3\/product"}],"about":[{"href":"https:\/\/ecoxshop.ch\/en\/wp-json\/wp\/v2\/types\/product"}],"wp:featuredmedia":[{"embeddable":true,"href":"https:\/\/ecoxshop.ch\/en\/wp-json\/wp\/v2\/media\/23947"}],"wp:attachment":[{"href":"https:\/\/ecoxshop.ch\/en\/wp-json\/wp\/v2\/media?parent=23946"}],"wp:term":[{"taxonomy":"product_cat","embeddable":true,"href":"https:\/\/ecoxshop.ch\/en\/wp-json\/wp\/v2\/product_cat?post=23946"},{"taxonomy":"product_tag","embeddable":true,"href":"https:\/\/ecoxshop.ch\/en\/wp-json\/wp\/v2\/product_tag?post=23946"}],"curies":[{"name":"wp","href":"https:\/\/api.w.org\/{rel}","templated":true}]}}