{"id":21759,"date":"2025-03-06T13:55:56","date_gmt":"2025-03-06T12:55:56","guid":{"rendered":"https:\/\/ecoxshop.ch\/prodotto\/bancone-reception-basso-per-disabili-nero-venato-frassino-80x975xh-72-cm-in\/"},"modified":"2025-03-07T15:14:47","modified_gmt":"2025-03-07T14:14:47","slug":"bancone-reception-basso-per-disabili-nero-venato-frassino-80x975xh-72-cm-in","status":"publish","type":"product","link":"https:\/\/ecoxshop.ch\/en\/product\/bancone-reception-basso-per-disabili-nero-venato-frassino-80x975xh-72-cm-in\/","title":{"rendered":"Low reception desk for disabled persons black veined ash 80\u00d797,5xH.72 cm in"},"content":{"rendered":"<p> Bancone Reception basso per disabili senza sopralzo Musa, permette l\u0092allestimento di postazioni di lavoro personalizzate secondo le esigenze e lo spazio a disposizione Gli elementi si integrano fra loro creando soluzioni flessibili, funzionali e dinamiche, per cui la reception non connota pi\u00f9 una barriera, ma un\u0092area di accoglienza. Robusta ed elegante si distingue per l\u0092accostamento cromatico del bianco con il colore di finitura, dando vita a configurazioni che ben si adattano ad ogni ambiente di lavoro.  <\/p>\n<p> Disegnato pensando all\u0092utilizzatore moderno, il bancone \u00e8 completo di asola passacavi. Ogni modulo \u00e8 completo di separatori laterali (profondit\u00e0 35 cm, spessore 18 mm) per garantire privacy ed isolamento acustico. Dotata di piedini regolabili in altezza.  Materiale nobilitato bilaminato melaminico (spessore 18 e 22 mm), finiture antigraffio e antiriflesso. Profondit\u00e0 piani di lavoro 60 cm,. <\/p>\n<p> Dimensioni 80&#215;97,5xH.72 cm, colore finitura nero venato, pannello verticale bianco. Peso totale imballi 31,2 kg. <\/p>\n<p> All materials used during the entire production cycle meet the criteria imposed by current regulations. Artexport uses melamine-faced panels conforming to UNI and EN class E1 standards (CATAS certified, emission of harmful gases in the event of fire) in its processing. The panels are FSC and PEFC certified: they are obtained by recovering recycled wood materials, with the aim of limiting both the production of landfill waste and the phenomenon of intensive deforestation for industrial purposes. Environmentally friendly packaging made entirely of cardboard for complete recycling. In-house production certified Iso 9001. <\/p>\n<p> Product sold in kit form, easily assembled by the end customer thanks to the intuitive instructions in each package. The assembly\/disassembly process is reversible and can also be replicated by the customer in a completely autonomous manner. In the event of breakage of a single piece, the modularity of the elements allows its replacement without having to dispose of the entire product. <\/p>","protected":false},"excerpt":{"rendered":"<p>Bancone reception basso per disabili nero venato frassino 80&#215;97,5xH.72 cm in melaminico Musa Artexport &#8211; 2824-HB80\/83<\/p>","protected":false},"featured_media":21760,"template":"","meta":[],"product_cat":[539],"product_tag":[],"yoast_head":"<!-- This site is optimized with the Yoast SEO plugin v20.7 - https:\/\/yoast.com\/wordpress\/plugins\/seo\/ -->\n<title>Bancone reception basso per disabili nero venato frassino 80x97,5xH.72 cm in - Ecox Shop<\/title>\n<meta name=\"robots\" content=\"index, follow, max-snippet:-1, max-image-preview:large, max-video-preview:-1\" \/>\n<link rel=\"canonical\" href=\"https:\/\/ecoxshop.ch\/en\/product\/bancone-reception-basso-per-disabili-nero-venato-frassino-80x975xh-72-cm-in\/\" \/>\n<meta property=\"og:locale\" content=\"en_GB\" \/>\n<meta property=\"og:type\" content=\"article\" \/>\n<meta property=\"og:title\" content=\"Bancone reception basso per disabili nero venato frassino 80x97,5xH.72 cm in - Ecox Shop\" \/>\n<meta property=\"og:description\" content=\"Bancone reception basso per disabili nero venato frassino 80x97,5xH.72 cm in melaminico Musa Artexport - 2824-HB80\/83\" \/>\n<meta property=\"og:url\" content=\"https:\/\/ecoxshop.ch\/en\/product\/bancone-reception-basso-per-disabili-nero-venato-frassino-80x975xh-72-cm-in\/\" \/>\n<meta property=\"og:site_name\" content=\"Ecox Shop\" \/>\n<meta property=\"article:modified_time\" content=\"2025-03-07T14:14:47+00:00\" \/>\n<meta property=\"og:image\" content=\"https:\/\/ecoxshop.ch\/wp-content\/uploads\/2025\/03\/2090807.jpg\" \/>\n\t<meta property=\"og:image:width\" content=\"480\" \/>\n\t<meta property=\"og:image:height\" content=\"480\" \/>\n\t<meta property=\"og:image:type\" content=\"image\/jpeg\" \/>\n<meta name=\"twitter:card\" content=\"summary_large_image\" \/>\n<meta name=\"twitter:label1\" content=\"Estimated reading time\" \/>\n\t<meta name=\"twitter:data1\" content=\"1 minute\" \/>\n<script type=\"application\/ld+json\" class=\"yoast-schema-graph\">{\"@context\":\"https:\/\/schema.org\",\"@graph\":[{\"@type\":\"WebPage\",\"@id\":\"https:\/\/ecoxshop.ch\/en\/product\/bancone-reception-basso-per-disabili-nero-venato-frassino-80x975xh-72-cm-in\/\",\"url\":\"https:\/\/ecoxshop.ch\/en\/product\/bancone-reception-basso-per-disabili-nero-venato-frassino-80x975xh-72-cm-in\/\",\"name\":\"Bancone reception basso per disabili nero venato frassino 80x97,5xH.72 cm in - Ecox Shop\",\"isPartOf\":{\"@id\":\"https:\/\/ecoxshop.ch\/#website\"},\"datePublished\":\"2025-03-06T12:55:56+00:00\",\"dateModified\":\"2025-03-07T14:14:47+00:00\",\"breadcrumb\":{\"@id\":\"https:\/\/ecoxshop.ch\/en\/product\/bancone-reception-basso-per-disabili-nero-venato-frassino-80x975xh-72-cm-in\/#breadcrumb\"},\"inLanguage\":\"en-GB\",\"potentialAction\":[{\"@type\":\"ReadAction\",\"target\":[\"https:\/\/ecoxshop.ch\/en\/product\/bancone-reception-basso-per-disabili-nero-venato-frassino-80x975xh-72-cm-in\/\"]}]},{\"@type\":\"BreadcrumbList\",\"@id\":\"https:\/\/ecoxshop.ch\/en\/product\/bancone-reception-basso-per-disabili-nero-venato-frassino-80x975xh-72-cm-in\/#breadcrumb\",\"itemListElement\":[{\"@type\":\"ListItem\",\"position\":1,\"name\":\"Home\",\"item\":\"https:\/\/ecoxshop.ch\/it\/\"},{\"@type\":\"ListItem\",\"position\":2,\"name\":\"Shop\",\"item\":\"https:\/\/ecoxshop.ch\/it\/shop\/\"},{\"@type\":\"ListItem\",\"position\":3,\"name\":\"Bancone reception basso per disabili nero venato frassino 80&#215;97,5xH.72 cm in\"}]},{\"@type\":\"WebSite\",\"@id\":\"https:\/\/ecoxshop.ch\/#website\",\"url\":\"https:\/\/ecoxshop.ch\/\",\"name\":\"Ecox Shop\",\"description\":\"\",\"publisher\":{\"@id\":\"https:\/\/ecoxshop.ch\/#organization\"},\"potentialAction\":[{\"@type\":\"SearchAction\",\"target\":{\"@type\":\"EntryPoint\",\"urlTemplate\":\"https:\/\/ecoxshop.ch\/?s={search_term_string}\"},\"query-input\":\"required name=search_term_string\"}],\"inLanguage\":\"en-GB\"},{\"@type\":\"Organization\",\"@id\":\"https:\/\/ecoxshop.ch\/#organization\",\"name\":\"Ecox Shop\",\"url\":\"https:\/\/ecoxshop.ch\/\",\"logo\":{\"@type\":\"ImageObject\",\"inLanguage\":\"en-GB\",\"@id\":\"https:\/\/ecoxshop.ch\/#\/schema\/logo\/image\/\",\"url\":\"https:\/\/ecoxshop.ch\/wp-content\/uploads\/2023\/05\/logo-ecox.svg\",\"contentUrl\":\"https:\/\/ecoxshop.ch\/wp-content\/uploads\/2023\/05\/logo-ecox.svg\",\"width\":304.6,\"height\":91.5,\"caption\":\"Ecox Shop\"},\"image\":{\"@id\":\"https:\/\/ecoxshop.ch\/#\/schema\/logo\/image\/\"}}]}<\/script>\n<!-- \/ Yoast SEO plugin. -->","yoast_head_json":{"title":"Bancone reception basso per disabili nero venato frassino 80x97,5xH.72 cm in - Ecox Shop","robots":{"index":"index","follow":"follow","max-snippet":"max-snippet:-1","max-image-preview":"max-image-preview:large","max-video-preview":"max-video-preview:-1"},"canonical":"https:\/\/ecoxshop.ch\/en\/product\/bancone-reception-basso-per-disabili-nero-venato-frassino-80x975xh-72-cm-in\/","og_locale":"en_GB","og_type":"article","og_title":"Bancone reception basso per disabili nero venato frassino 80x97,5xH.72 cm in - Ecox Shop","og_description":"Bancone reception basso per disabili nero venato frassino 80x97,5xH.72 cm in melaminico Musa Artexport - 2824-HB80\/83","og_url":"https:\/\/ecoxshop.ch\/en\/product\/bancone-reception-basso-per-disabili-nero-venato-frassino-80x975xh-72-cm-in\/","og_site_name":"Ecox Shop","article_modified_time":"2025-03-07T14:14:47+00:00","og_image":[{"width":480,"height":480,"url":"https:\/\/ecoxshop.ch\/wp-content\/uploads\/2025\/03\/2090807.jpg","type":"image\/jpeg"}],"twitter_card":"summary_large_image","twitter_misc":{"Estimated reading time":"1 minute"},"schema":{"@context":"https:\/\/schema.org","@graph":[{"@type":"WebPage","@id":"https:\/\/ecoxshop.ch\/en\/product\/bancone-reception-basso-per-disabili-nero-venato-frassino-80x975xh-72-cm-in\/","url":"https:\/\/ecoxshop.ch\/en\/product\/bancone-reception-basso-per-disabili-nero-venato-frassino-80x975xh-72-cm-in\/","name":"Bancone reception basso per disabili nero venato frassino 80x97,5xH.72 cm in - Ecox Shop","isPartOf":{"@id":"https:\/\/ecoxshop.ch\/#website"},"datePublished":"2025-03-06T12:55:56+00:00","dateModified":"2025-03-07T14:14:47+00:00","breadcrumb":{"@id":"https:\/\/ecoxshop.ch\/en\/product\/bancone-reception-basso-per-disabili-nero-venato-frassino-80x975xh-72-cm-in\/#breadcrumb"},"inLanguage":"en-GB","potentialAction":[{"@type":"ReadAction","target":["https:\/\/ecoxshop.ch\/en\/product\/bancone-reception-basso-per-disabili-nero-venato-frassino-80x975xh-72-cm-in\/"]}]},{"@type":"BreadcrumbList","@id":"https:\/\/ecoxshop.ch\/en\/product\/bancone-reception-basso-per-disabili-nero-venato-frassino-80x975xh-72-cm-in\/#breadcrumb","itemListElement":[{"@type":"ListItem","position":1,"name":"Home","item":"https:\/\/ecoxshop.ch\/it\/"},{"@type":"ListItem","position":2,"name":"Shop","item":"https:\/\/ecoxshop.ch\/it\/shop\/"},{"@type":"ListItem","position":3,"name":"Bancone reception basso per disabili nero venato frassino 80&#215;97,5xH.72 cm in"}]},{"@type":"WebSite","@id":"https:\/\/ecoxshop.ch\/#website","url":"https:\/\/ecoxshop.ch\/","name":"Ecox Shop","description":"","publisher":{"@id":"https:\/\/ecoxshop.ch\/#organization"},"potentialAction":[{"@type":"SearchAction","target":{"@type":"EntryPoint","urlTemplate":"https:\/\/ecoxshop.ch\/?s={search_term_string}"},"query-input":"required name=search_term_string"}],"inLanguage":"en-GB"},{"@type":"Organization","@id":"https:\/\/ecoxshop.ch\/#organization","name":"Ecox Shop","url":"https:\/\/ecoxshop.ch\/","logo":{"@type":"ImageObject","inLanguage":"en-GB","@id":"https:\/\/ecoxshop.ch\/#\/schema\/logo\/image\/","url":"https:\/\/ecoxshop.ch\/wp-content\/uploads\/2023\/05\/logo-ecox.svg","contentUrl":"https:\/\/ecoxshop.ch\/wp-content\/uploads\/2023\/05\/logo-ecox.svg","width":304.6,"height":91.5,"caption":"Ecox Shop"},"image":{"@id":"https:\/\/ecoxshop.ch\/#\/schema\/logo\/image\/"}}]}},"_links":{"self":[{"href":"https:\/\/ecoxshop.ch\/en\/wp-json\/wp\/v3\/product\/21759"}],"collection":[{"href":"https:\/\/ecoxshop.ch\/en\/wp-json\/wp\/v3\/product"}],"about":[{"href":"https:\/\/ecoxshop.ch\/en\/wp-json\/wp\/v2\/types\/product"}],"wp:featuredmedia":[{"embeddable":true,"href":"https:\/\/ecoxshop.ch\/en\/wp-json\/wp\/v2\/media\/21760"}],"wp:attachment":[{"href":"https:\/\/ecoxshop.ch\/en\/wp-json\/wp\/v2\/media?parent=21759"}],"wp:term":[{"taxonomy":"product_cat","embeddable":true,"href":"https:\/\/ecoxshop.ch\/en\/wp-json\/wp\/v2\/product_cat?post=21759"},{"taxonomy":"product_tag","embeddable":true,"href":"https:\/\/ecoxshop.ch\/en\/wp-json\/wp\/v2\/product_tag?post=21759"}],"curies":[{"name":"wp","href":"https:\/\/api.w.org\/{rel}","templated":true}]}}