{"id":21555,"date":"2025-03-06T13:53:16","date_gmt":"2025-03-06T12:53:16","guid":{"rendered":"https:\/\/ecoxshop.ch\/prodotto\/mobile-a-giorno-medio-rovere-80x35xh-120-cm-con-2-ripiani-regolabili\/"},"modified":"2025-03-07T15:14:23","modified_gmt":"2025-03-07T14:14:23","slug":"mobile-a-giorno-medio-rovere-80x35xh-120-cm-con-2-ripiani-regolabili","status":"publish","type":"product","link":"https:\/\/ecoxshop.ch\/en\/product\/mobile-a-giorno-medio-rovere-80x35xh-120-cm-con-2-ripiani-regolabili\/","title":{"rendered":"Medium oak open cabinet 80x35xH.120 cm with 2 adjustable shelves"},"content":{"rendered":"<p> Mobile a giorno medio con due ripiani Venere Plus, una linea economica ma caratterizzata da soluzioni tecniche di livello superiore. Una serie di componenti con dimensioni conformi alle normative sulla sicurezza dei posti di lavoro in ufficio. <\/p>\n<p> Il prodotto \u00e8 allestito a giorno oppure \u00e8 completabile con ante dotate di serratura (opzionali, di 18 mm di spessore), ed \u00e8 realizzato in materiale bilaminato nobilitato melaminico. Top di spessore 22 mm, antigraffio ed antiriflesso. Base e fianchi di spessore 18 mm, ripiani di spessore 18 mm regolabili in altezza con sistema di bloccaggio nella posizione desiderata. Una serie di mobili componibili per affiancamento e\/o sovrapposizione. Rifiniti posteriormente nello stesso colore della struttura (posteriore di spessore 10 mm) possono essere utilizzati come pareti divisorie all\u0092interno dell\u0092ambiente di lavoro. Piedini regolabili in altezza per un perfetto livellamento sul pavimento. <\/p>\n<p> Dimensioni 80x35xH.120 cm, colore rovere. Peso totale imballi 32,5 kg. Ante compatibili codice 115745. <\/p>\n<p> All materials used during the entire production cycle meet the criteria imposed by current regulations. Artexport uses melamine-faced panels conforming to UNI and EN class E1 standards (CATAS certified, emission of harmful gases in the event of fire) in its processing. The panels are FSC and PEFC certified: they are obtained by recovering recycled wood materials, with the aim of limiting both the production of landfill waste and the phenomenon of intensive deforestation for industrial purposes. Environmentally friendly packaging made entirely of cardboard for complete recycling. In-house production certified Iso 9001. <\/p>\n<p> Product sold in kit form, easily assembled by the end customer thanks to the intuitive instructions in each package. The assembly\/disassembly process is reversible and can also be replicated by the customer in a completely autonomous manner. In the event of breakage of a single piece, the modularity of the elements allows its replacement without having to dispose of the entire product. <\/p>","protected":false},"excerpt":{"rendered":"<p>Mobile a giorno medio rovere 80x35xH.120 cm con 2 ripiani regolabili linea Presto Artexport &#8211; 035\/C<\/p>","protected":false},"featured_media":21556,"template":"","meta":[],"product_cat":[536],"product_tag":[],"yoast_head":"<!-- This site is optimized with the Yoast SEO plugin v20.7 - https:\/\/yoast.com\/wordpress\/plugins\/seo\/ -->\n<title>Mobile a giorno medio rovere 80x35xH.120 cm con 2 ripiani regolabili - Ecox Shop<\/title>\n<meta name=\"robots\" content=\"index, follow, max-snippet:-1, max-image-preview:large, max-video-preview:-1\" \/>\n<link rel=\"canonical\" href=\"https:\/\/ecoxshop.ch\/en\/product\/mobile-a-giorno-medio-rovere-80x35xh-120-cm-con-2-ripiani-regolabili\/\" \/>\n<meta property=\"og:locale\" content=\"en_GB\" \/>\n<meta property=\"og:type\" content=\"article\" \/>\n<meta property=\"og:title\" content=\"Mobile a giorno medio rovere 80x35xH.120 cm con 2 ripiani regolabili - Ecox Shop\" \/>\n<meta property=\"og:description\" content=\"Mobile a giorno medio rovere 80x35xH.120 cm con 2 ripiani regolabili linea Presto Artexport - 035\/C\" \/>\n<meta property=\"og:url\" content=\"https:\/\/ecoxshop.ch\/en\/product\/mobile-a-giorno-medio-rovere-80x35xh-120-cm-con-2-ripiani-regolabili\/\" \/>\n<meta property=\"og:site_name\" content=\"Ecox Shop\" \/>\n<meta property=\"article:modified_time\" content=\"2025-03-07T14:14:23+00:00\" \/>\n<meta property=\"og:image\" content=\"https:\/\/ecoxshop.ch\/wp-content\/uploads\/2025\/03\/2090810.jpg\" \/>\n\t<meta property=\"og:image:width\" content=\"480\" \/>\n\t<meta property=\"og:image:height\" content=\"480\" \/>\n\t<meta property=\"og:image:type\" content=\"image\/jpeg\" \/>\n<meta name=\"twitter:card\" content=\"summary_large_image\" \/>\n<meta name=\"twitter:label1\" content=\"Estimated reading time\" \/>\n\t<meta name=\"twitter:data1\" content=\"1 minute\" \/>\n<script type=\"application\/ld+json\" class=\"yoast-schema-graph\">{\"@context\":\"https:\/\/schema.org\",\"@graph\":[{\"@type\":\"WebPage\",\"@id\":\"https:\/\/ecoxshop.ch\/en\/product\/mobile-a-giorno-medio-rovere-80x35xh-120-cm-con-2-ripiani-regolabili\/\",\"url\":\"https:\/\/ecoxshop.ch\/en\/product\/mobile-a-giorno-medio-rovere-80x35xh-120-cm-con-2-ripiani-regolabili\/\",\"name\":\"Mobile a giorno medio rovere 80x35xH.120 cm con 2 ripiani regolabili - Ecox Shop\",\"isPartOf\":{\"@id\":\"https:\/\/ecoxshop.ch\/#website\"},\"datePublished\":\"2025-03-06T12:53:16+00:00\",\"dateModified\":\"2025-03-07T14:14:23+00:00\",\"breadcrumb\":{\"@id\":\"https:\/\/ecoxshop.ch\/en\/product\/mobile-a-giorno-medio-rovere-80x35xh-120-cm-con-2-ripiani-regolabili\/#breadcrumb\"},\"inLanguage\":\"en-GB\",\"potentialAction\":[{\"@type\":\"ReadAction\",\"target\":[\"https:\/\/ecoxshop.ch\/en\/product\/mobile-a-giorno-medio-rovere-80x35xh-120-cm-con-2-ripiani-regolabili\/\"]}]},{\"@type\":\"BreadcrumbList\",\"@id\":\"https:\/\/ecoxshop.ch\/en\/product\/mobile-a-giorno-medio-rovere-80x35xh-120-cm-con-2-ripiani-regolabili\/#breadcrumb\",\"itemListElement\":[{\"@type\":\"ListItem\",\"position\":1,\"name\":\"Home\",\"item\":\"https:\/\/ecoxshop.ch\/it\/\"},{\"@type\":\"ListItem\",\"position\":2,\"name\":\"Shop\",\"item\":\"https:\/\/ecoxshop.ch\/it\/shop\/\"},{\"@type\":\"ListItem\",\"position\":3,\"name\":\"Mobile a giorno medio rovere 80x35xH.120 cm con 2 ripiani regolabili\"}]},{\"@type\":\"WebSite\",\"@id\":\"https:\/\/ecoxshop.ch\/#website\",\"url\":\"https:\/\/ecoxshop.ch\/\",\"name\":\"Ecox Shop\",\"description\":\"\",\"publisher\":{\"@id\":\"https:\/\/ecoxshop.ch\/#organization\"},\"potentialAction\":[{\"@type\":\"SearchAction\",\"target\":{\"@type\":\"EntryPoint\",\"urlTemplate\":\"https:\/\/ecoxshop.ch\/?s={search_term_string}\"},\"query-input\":\"required name=search_term_string\"}],\"inLanguage\":\"en-GB\"},{\"@type\":\"Organization\",\"@id\":\"https:\/\/ecoxshop.ch\/#organization\",\"name\":\"Ecox Shop\",\"url\":\"https:\/\/ecoxshop.ch\/\",\"logo\":{\"@type\":\"ImageObject\",\"inLanguage\":\"en-GB\",\"@id\":\"https:\/\/ecoxshop.ch\/#\/schema\/logo\/image\/\",\"url\":\"https:\/\/ecoxshop.ch\/wp-content\/uploads\/2023\/05\/logo-ecox.svg\",\"contentUrl\":\"https:\/\/ecoxshop.ch\/wp-content\/uploads\/2023\/05\/logo-ecox.svg\",\"width\":304.6,\"height\":91.5,\"caption\":\"Ecox Shop\"},\"image\":{\"@id\":\"https:\/\/ecoxshop.ch\/#\/schema\/logo\/image\/\"}}]}<\/script>\n<!-- \/ Yoast SEO plugin. -->","yoast_head_json":{"title":"Mobile a giorno medio rovere 80x35xH.120 cm con 2 ripiani regolabili - Ecox Shop","robots":{"index":"index","follow":"follow","max-snippet":"max-snippet:-1","max-image-preview":"max-image-preview:large","max-video-preview":"max-video-preview:-1"},"canonical":"https:\/\/ecoxshop.ch\/en\/product\/mobile-a-giorno-medio-rovere-80x35xh-120-cm-con-2-ripiani-regolabili\/","og_locale":"en_GB","og_type":"article","og_title":"Mobile a giorno medio rovere 80x35xH.120 cm con 2 ripiani regolabili - Ecox Shop","og_description":"Mobile a giorno medio rovere 80x35xH.120 cm con 2 ripiani regolabili linea Presto Artexport - 035\/C","og_url":"https:\/\/ecoxshop.ch\/en\/product\/mobile-a-giorno-medio-rovere-80x35xh-120-cm-con-2-ripiani-regolabili\/","og_site_name":"Ecox Shop","article_modified_time":"2025-03-07T14:14:23+00:00","og_image":[{"width":480,"height":480,"url":"https:\/\/ecoxshop.ch\/wp-content\/uploads\/2025\/03\/2090810.jpg","type":"image\/jpeg"}],"twitter_card":"summary_large_image","twitter_misc":{"Estimated reading time":"1 minute"},"schema":{"@context":"https:\/\/schema.org","@graph":[{"@type":"WebPage","@id":"https:\/\/ecoxshop.ch\/en\/product\/mobile-a-giorno-medio-rovere-80x35xh-120-cm-con-2-ripiani-regolabili\/","url":"https:\/\/ecoxshop.ch\/en\/product\/mobile-a-giorno-medio-rovere-80x35xh-120-cm-con-2-ripiani-regolabili\/","name":"Mobile a giorno medio rovere 80x35xH.120 cm con 2 ripiani regolabili - Ecox Shop","isPartOf":{"@id":"https:\/\/ecoxshop.ch\/#website"},"datePublished":"2025-03-06T12:53:16+00:00","dateModified":"2025-03-07T14:14:23+00:00","breadcrumb":{"@id":"https:\/\/ecoxshop.ch\/en\/product\/mobile-a-giorno-medio-rovere-80x35xh-120-cm-con-2-ripiani-regolabili\/#breadcrumb"},"inLanguage":"en-GB","potentialAction":[{"@type":"ReadAction","target":["https:\/\/ecoxshop.ch\/en\/product\/mobile-a-giorno-medio-rovere-80x35xh-120-cm-con-2-ripiani-regolabili\/"]}]},{"@type":"BreadcrumbList","@id":"https:\/\/ecoxshop.ch\/en\/product\/mobile-a-giorno-medio-rovere-80x35xh-120-cm-con-2-ripiani-regolabili\/#breadcrumb","itemListElement":[{"@type":"ListItem","position":1,"name":"Home","item":"https:\/\/ecoxshop.ch\/it\/"},{"@type":"ListItem","position":2,"name":"Shop","item":"https:\/\/ecoxshop.ch\/it\/shop\/"},{"@type":"ListItem","position":3,"name":"Mobile a giorno medio rovere 80x35xH.120 cm con 2 ripiani regolabili"}]},{"@type":"WebSite","@id":"https:\/\/ecoxshop.ch\/#website","url":"https:\/\/ecoxshop.ch\/","name":"Ecox Shop","description":"","publisher":{"@id":"https:\/\/ecoxshop.ch\/#organization"},"potentialAction":[{"@type":"SearchAction","target":{"@type":"EntryPoint","urlTemplate":"https:\/\/ecoxshop.ch\/?s={search_term_string}"},"query-input":"required name=search_term_string"}],"inLanguage":"en-GB"},{"@type":"Organization","@id":"https:\/\/ecoxshop.ch\/#organization","name":"Ecox Shop","url":"https:\/\/ecoxshop.ch\/","logo":{"@type":"ImageObject","inLanguage":"en-GB","@id":"https:\/\/ecoxshop.ch\/#\/schema\/logo\/image\/","url":"https:\/\/ecoxshop.ch\/wp-content\/uploads\/2023\/05\/logo-ecox.svg","contentUrl":"https:\/\/ecoxshop.ch\/wp-content\/uploads\/2023\/05\/logo-ecox.svg","width":304.6,"height":91.5,"caption":"Ecox Shop"},"image":{"@id":"https:\/\/ecoxshop.ch\/#\/schema\/logo\/image\/"}}]}},"_links":{"self":[{"href":"https:\/\/ecoxshop.ch\/en\/wp-json\/wp\/v3\/product\/21555"}],"collection":[{"href":"https:\/\/ecoxshop.ch\/en\/wp-json\/wp\/v3\/product"}],"about":[{"href":"https:\/\/ecoxshop.ch\/en\/wp-json\/wp\/v2\/types\/product"}],"wp:featuredmedia":[{"embeddable":true,"href":"https:\/\/ecoxshop.ch\/en\/wp-json\/wp\/v2\/media\/21556"}],"wp:attachment":[{"href":"https:\/\/ecoxshop.ch\/en\/wp-json\/wp\/v2\/media?parent=21555"}],"wp:term":[{"taxonomy":"product_cat","embeddable":true,"href":"https:\/\/ecoxshop.ch\/en\/wp-json\/wp\/v2\/product_cat?post=21555"},{"taxonomy":"product_tag","embeddable":true,"href":"https:\/\/ecoxshop.ch\/en\/wp-json\/wp\/v2\/product_tag?post=21555"}],"curies":[{"name":"wp","href":"https:\/\/api.w.org\/{rel}","templated":true}]}}