{"id":20238,"date":"2025-03-06T13:35:34","date_gmt":"2025-03-06T12:35:34","guid":{"rendered":"https:\/\/ecoxshop.ch\/prodotto\/carta-per-fotocopie-a4-sylvamo-rey-text-graphics-170-cie-80\/"},"modified":"2025-03-07T15:11:57","modified_gmt":"2025-03-07T14:11:57","slug":"carta-per-fotocopie-a4-sylvamo-rey-text-graphics-170-cie-80","status":"publish","type":"product","link":"https:\/\/ecoxshop.ch\/en\/product\/carta-per-fotocopie-a4-sylvamo-rey-text-graphics-170-cie-80\/","title":{"rendered":"A4 Copy Paper Sylvamo Rey Text &amp; Graphics 170 CIE 80"},"content":{"rendered":"<p>Carta di qualit\u00e0 di livello superiore per ottenere stampe dai colori pi\u00f9 vivaci. Grazie alla sua levigatezza ottimizzata per una qualit\u00e0 di stampa perfetta, \u00e8 la migliore soluzione multiuso per tutte le stampanti laser e a getto d&#8217;inchiostro a colori. Grado di bianco estremo e finitura vellutata per esaltare colori e contrasti. Superficie altamente levigata per stampe perfettamente uniformi, a colori e in bianco e nero. 80 g\/m\u00b2, formato A4, 170 CIE. Risma da 500 fogli.<\/p>","protected":false},"excerpt":{"rendered":"<p>Carta per fotocopie A4 Sylvamo Rey Text &#038; Graphics 170 CIE 80 g\/m\u00b2  Risma 500 fogli &#8211; RYTEG080X435<\/p>","protected":false},"featured_media":20239,"template":"","meta":[],"product_cat":[212],"product_tag":[],"yoast_head":"<!-- This site is optimized with the Yoast SEO plugin v20.7 - https:\/\/yoast.com\/wordpress\/plugins\/seo\/ -->\n<title>Carta per fotocopie A4 Sylvamo Rey Text &amp; Graphics 170 CIE 80 - Ecox Shop<\/title>\n<meta name=\"robots\" content=\"index, follow, max-snippet:-1, max-image-preview:large, max-video-preview:-1\" \/>\n<link rel=\"canonical\" href=\"https:\/\/ecoxshop.ch\/en\/product\/carta-per-fotocopie-a4-sylvamo-rey-text-graphics-170-cie-80\/\" \/>\n<meta property=\"og:locale\" content=\"en_GB\" \/>\n<meta property=\"og:type\" content=\"article\" \/>\n<meta property=\"og:title\" content=\"Carta per fotocopie A4 Sylvamo Rey Text &amp; Graphics 170 CIE 80 - Ecox Shop\" \/>\n<meta property=\"og:description\" content=\"Carta per fotocopie A4 Sylvamo Rey Text &amp; Graphics 170 CIE 80 g\/m\u00b2 Risma 500 fogli - RYTEG080X435\" \/>\n<meta property=\"og:url\" content=\"https:\/\/ecoxshop.ch\/en\/product\/carta-per-fotocopie-a4-sylvamo-rey-text-graphics-170-cie-80\/\" \/>\n<meta property=\"og:site_name\" content=\"Ecox Shop\" \/>\n<meta property=\"article:modified_time\" content=\"2025-03-07T14:11:57+00:00\" \/>\n<meta property=\"og:image\" content=\"https:\/\/ecoxshop.ch\/wp-content\/uploads\/2025\/03\/1936394.jpg\" \/>\n\t<meta property=\"og:image:width\" content=\"480\" \/>\n\t<meta property=\"og:image:height\" content=\"480\" \/>\n\t<meta property=\"og:image:type\" content=\"image\/jpeg\" \/>\n<meta name=\"twitter:card\" content=\"summary_large_image\" \/>\n<script type=\"application\/ld+json\" class=\"yoast-schema-graph\">{\"@context\":\"https:\/\/schema.org\",\"@graph\":[{\"@type\":\"WebPage\",\"@id\":\"https:\/\/ecoxshop.ch\/it\/prodotto\/carta-per-fotocopie-a4-sylvamo-rey-text-graphics-170-cie-80\/\",\"url\":\"https:\/\/ecoxshop.ch\/it\/prodotto\/carta-per-fotocopie-a4-sylvamo-rey-text-graphics-170-cie-80\/\",\"name\":\"Carta per fotocopie A4 Sylvamo Rey Text & Graphics 170 CIE 80 - Ecox Shop\",\"isPartOf\":{\"@id\":\"https:\/\/ecoxshop.ch\/#website\"},\"datePublished\":\"2025-03-06T12:35:34+00:00\",\"dateModified\":\"2025-03-07T14:11:57+00:00\",\"breadcrumb\":{\"@id\":\"https:\/\/ecoxshop.ch\/it\/prodotto\/carta-per-fotocopie-a4-sylvamo-rey-text-graphics-170-cie-80\/#breadcrumb\"},\"inLanguage\":\"en-GB\",\"potentialAction\":[{\"@type\":\"ReadAction\",\"target\":[\"https:\/\/ecoxshop.ch\/it\/prodotto\/carta-per-fotocopie-a4-sylvamo-rey-text-graphics-170-cie-80\/\"]}]},{\"@type\":\"BreadcrumbList\",\"@id\":\"https:\/\/ecoxshop.ch\/it\/prodotto\/carta-per-fotocopie-a4-sylvamo-rey-text-graphics-170-cie-80\/#breadcrumb\",\"itemListElement\":[{\"@type\":\"ListItem\",\"position\":1,\"name\":\"Home\",\"item\":\"https:\/\/ecoxshop.ch\/it\/\"},{\"@type\":\"ListItem\",\"position\":2,\"name\":\"Shop\",\"item\":\"https:\/\/ecoxshop.ch\/it\/shop\/\"},{\"@type\":\"ListItem\",\"position\":3,\"name\":\"Carta per fotocopie A4 Sylvamo Rey Text &#038; Graphics 170 CIE 80\"}]},{\"@type\":\"WebSite\",\"@id\":\"https:\/\/ecoxshop.ch\/#website\",\"url\":\"https:\/\/ecoxshop.ch\/\",\"name\":\"Ecox Shop\",\"description\":\"\",\"publisher\":{\"@id\":\"https:\/\/ecoxshop.ch\/#organization\"},\"potentialAction\":[{\"@type\":\"SearchAction\",\"target\":{\"@type\":\"EntryPoint\",\"urlTemplate\":\"https:\/\/ecoxshop.ch\/?s={search_term_string}\"},\"query-input\":\"required name=search_term_string\"}],\"inLanguage\":\"en-GB\"},{\"@type\":\"Organization\",\"@id\":\"https:\/\/ecoxshop.ch\/#organization\",\"name\":\"Ecox Shop\",\"url\":\"https:\/\/ecoxshop.ch\/\",\"logo\":{\"@type\":\"ImageObject\",\"inLanguage\":\"en-GB\",\"@id\":\"https:\/\/ecoxshop.ch\/#\/schema\/logo\/image\/\",\"url\":\"https:\/\/ecoxshop.ch\/wp-content\/uploads\/2023\/05\/logo-ecox.svg\",\"contentUrl\":\"https:\/\/ecoxshop.ch\/wp-content\/uploads\/2023\/05\/logo-ecox.svg\",\"width\":304.6,\"height\":91.5,\"caption\":\"Ecox Shop\"},\"image\":{\"@id\":\"https:\/\/ecoxshop.ch\/#\/schema\/logo\/image\/\"}}]}<\/script>\n<!-- \/ Yoast SEO plugin. -->","yoast_head_json":{"title":"Carta per fotocopie A4 Sylvamo Rey Text & Graphics 170 CIE 80 - Ecox Shop","robots":{"index":"index","follow":"follow","max-snippet":"max-snippet:-1","max-image-preview":"max-image-preview:large","max-video-preview":"max-video-preview:-1"},"canonical":"https:\/\/ecoxshop.ch\/en\/product\/carta-per-fotocopie-a4-sylvamo-rey-text-graphics-170-cie-80\/","og_locale":"en_GB","og_type":"article","og_title":"Carta per fotocopie A4 Sylvamo Rey Text & Graphics 170 CIE 80 - Ecox Shop","og_description":"Carta per fotocopie A4 Sylvamo Rey Text & Graphics 170 CIE 80 g\/m\u00b2 Risma 500 fogli - RYTEG080X435","og_url":"https:\/\/ecoxshop.ch\/en\/product\/carta-per-fotocopie-a4-sylvamo-rey-text-graphics-170-cie-80\/","og_site_name":"Ecox Shop","article_modified_time":"2025-03-07T14:11:57+00:00","og_image":[{"width":480,"height":480,"url":"https:\/\/ecoxshop.ch\/wp-content\/uploads\/2025\/03\/1936394.jpg","type":"image\/jpeg"}],"twitter_card":"summary_large_image","schema":{"@context":"https:\/\/schema.org","@graph":[{"@type":"WebPage","@id":"https:\/\/ecoxshop.ch\/it\/prodotto\/carta-per-fotocopie-a4-sylvamo-rey-text-graphics-170-cie-80\/","url":"https:\/\/ecoxshop.ch\/it\/prodotto\/carta-per-fotocopie-a4-sylvamo-rey-text-graphics-170-cie-80\/","name":"Carta per fotocopie A4 Sylvamo Rey Text & Graphics 170 CIE 80 - Ecox Shop","isPartOf":{"@id":"https:\/\/ecoxshop.ch\/#website"},"datePublished":"2025-03-06T12:35:34+00:00","dateModified":"2025-03-07T14:11:57+00:00","breadcrumb":{"@id":"https:\/\/ecoxshop.ch\/it\/prodotto\/carta-per-fotocopie-a4-sylvamo-rey-text-graphics-170-cie-80\/#breadcrumb"},"inLanguage":"en-GB","potentialAction":[{"@type":"ReadAction","target":["https:\/\/ecoxshop.ch\/it\/prodotto\/carta-per-fotocopie-a4-sylvamo-rey-text-graphics-170-cie-80\/"]}]},{"@type":"BreadcrumbList","@id":"https:\/\/ecoxshop.ch\/it\/prodotto\/carta-per-fotocopie-a4-sylvamo-rey-text-graphics-170-cie-80\/#breadcrumb","itemListElement":[{"@type":"ListItem","position":1,"name":"Home","item":"https:\/\/ecoxshop.ch\/it\/"},{"@type":"ListItem","position":2,"name":"Shop","item":"https:\/\/ecoxshop.ch\/it\/shop\/"},{"@type":"ListItem","position":3,"name":"Carta per fotocopie A4 Sylvamo Rey Text &#038; Graphics 170 CIE 80"}]},{"@type":"WebSite","@id":"https:\/\/ecoxshop.ch\/#website","url":"https:\/\/ecoxshop.ch\/","name":"Ecox Shop","description":"","publisher":{"@id":"https:\/\/ecoxshop.ch\/#organization"},"potentialAction":[{"@type":"SearchAction","target":{"@type":"EntryPoint","urlTemplate":"https:\/\/ecoxshop.ch\/?s={search_term_string}"},"query-input":"required name=search_term_string"}],"inLanguage":"en-GB"},{"@type":"Organization","@id":"https:\/\/ecoxshop.ch\/#organization","name":"Ecox Shop","url":"https:\/\/ecoxshop.ch\/","logo":{"@type":"ImageObject","inLanguage":"en-GB","@id":"https:\/\/ecoxshop.ch\/#\/schema\/logo\/image\/","url":"https:\/\/ecoxshop.ch\/wp-content\/uploads\/2023\/05\/logo-ecox.svg","contentUrl":"https:\/\/ecoxshop.ch\/wp-content\/uploads\/2023\/05\/logo-ecox.svg","width":304.6,"height":91.5,"caption":"Ecox Shop"},"image":{"@id":"https:\/\/ecoxshop.ch\/#\/schema\/logo\/image\/"}}]}},"_links":{"self":[{"href":"https:\/\/ecoxshop.ch\/en\/wp-json\/wp\/v3\/product\/20238"}],"collection":[{"href":"https:\/\/ecoxshop.ch\/en\/wp-json\/wp\/v3\/product"}],"about":[{"href":"https:\/\/ecoxshop.ch\/en\/wp-json\/wp\/v2\/types\/product"}],"wp:featuredmedia":[{"embeddable":true,"href":"https:\/\/ecoxshop.ch\/en\/wp-json\/wp\/v2\/media\/20239"}],"wp:attachment":[{"href":"https:\/\/ecoxshop.ch\/en\/wp-json\/wp\/v2\/media?parent=20238"}],"wp:term":[{"taxonomy":"product_cat","embeddable":true,"href":"https:\/\/ecoxshop.ch\/en\/wp-json\/wp\/v2\/product_cat?post=20238"},{"taxonomy":"product_tag","embeddable":true,"href":"https:\/\/ecoxshop.ch\/en\/wp-json\/wp\/v2\/product_tag?post=20238"}],"curies":[{"name":"wp","href":"https:\/\/api.w.org\/{rel}","templated":true}]}}