{"id":16767,"date":"2025-03-06T12:51:27","date_gmt":"2025-03-06T11:51:27","guid":{"rendered":"https:\/\/ecoxshop.ch\/prodotto\/sedia-visitatore-4-gambe-unisit-dado-d5s-acciaio-nero-rivestimento-ignifugo\/"},"modified":"2025-03-07T15:03:43","modified_gmt":"2025-03-07T14:03:43","slug":"sedia-visitatore-4-gambe-unisit-dado-d5s-acciaio-nero-rivestimento-ignifugo","status":"publish","type":"product","link":"https:\/\/ecoxshop.ch\/en\/product\/sedia-visitatore-4-gambe-unisit-dado-d5s-acciaio-nero-rivestimento-ignifugo\/","title":{"rendered":"Visitor chair 4 legs Unisit Dado D5S steel black - fire retardant upholstery"},"content":{"rendered":"<p>Sedia visitatore a 4 gambe Dado D5S in acciaio nero, impilabile, schienale fisso. Dado \u00e8 una linea veramente multipurpose che presenta ogni soluzione per i pi\u00f9 svariati utilizzi. \u00c8 indicata per arredare sale conferenze e attesa. La struttura in acciaio nero tubolare ovale la rende elegante e adatta ad ambienti sia moderni sia classici, \u00e8 indicata per un utilizzo frequente e prolungato, certificazione di stabilit\u00e0, comoda e utile per l&#8217;ufficio o la scuola. Confezione da 4 pezzi. Braccioli non inclusi. <\/p>\n<p>Misure: Altezza Totale 80 cm, Altezza Seduta 46 cm, Altezza Schienale 34 cm, Profondit\u00e0 seduta 41 cm, Larghezza Seduta 53 cm, Larghezza Schienale: 48 cm, Braccioli opzionali (codici 110073, 110078).  <\/p>\n<p>Class No Flame fire retardant coating, modacrylic fibre, reaction to fire class 1 380g m\/lin. Colour black. <\/p>\n<p>Unisit's extensive family of community seating brings together all products specifically for hospitality. From meeting rooms to waiting rooms, interlocutor chairs and specialised meeting areas. The extensive choice of alternatives makes it possible to always find the solution best suited to the customer's requirements. <\/p>","protected":false},"excerpt":{"rendered":"<p>Sedia visitatore 4 gambe Unisit Dado D5S acciaio nero &#8211; rivestimento ignifugo nero &#8211; Conf. 4 pezzi &#8211; D5S\/4\/IN<\/p>","protected":false},"featured_media":16768,"template":"","meta":[],"product_cat":[496],"product_tag":[],"yoast_head":"<!-- This site is optimized with the Yoast SEO plugin v20.7 - https:\/\/yoast.com\/wordpress\/plugins\/seo\/ -->\n<title>Sedia visitatore 4 gambe Unisit Dado D5S acciaio nero - rivestimento ignifugo - Ecox Shop<\/title>\n<meta name=\"robots\" content=\"index, follow, max-snippet:-1, max-image-preview:large, max-video-preview:-1\" \/>\n<link rel=\"canonical\" href=\"https:\/\/ecoxshop.ch\/en\/product\/sedia-visitatore-4-gambe-unisit-dado-d5s-acciaio-nero-rivestimento-ignifugo\/\" \/>\n<meta property=\"og:locale\" content=\"en_GB\" \/>\n<meta property=\"og:type\" content=\"article\" \/>\n<meta property=\"og:title\" content=\"Sedia visitatore 4 gambe Unisit Dado D5S acciaio nero - rivestimento ignifugo - Ecox Shop\" \/>\n<meta property=\"og:description\" content=\"Sedia visitatore 4 gambe Unisit Dado D5S acciaio nero - rivestimento ignifugo nero - Conf. 4 pezzi - D5S\/4\/IN\" \/>\n<meta property=\"og:url\" content=\"https:\/\/ecoxshop.ch\/en\/product\/sedia-visitatore-4-gambe-unisit-dado-d5s-acciaio-nero-rivestimento-ignifugo\/\" \/>\n<meta property=\"og:site_name\" content=\"Ecox Shop\" \/>\n<meta property=\"article:modified_time\" content=\"2025-03-07T14:03:43+00:00\" \/>\n<meta property=\"og:image\" content=\"https:\/\/ecoxshop.ch\/wp-content\/uploads\/2025\/03\/1917697.jpg\" \/>\n\t<meta property=\"og:image:width\" content=\"480\" \/>\n\t<meta property=\"og:image:height\" content=\"480\" \/>\n\t<meta property=\"og:image:type\" content=\"image\/jpeg\" \/>\n<meta name=\"twitter:card\" content=\"summary_large_image\" \/>\n<meta name=\"twitter:label1\" content=\"Estimated reading time\" \/>\n\t<meta name=\"twitter:data1\" content=\"1 minute\" \/>\n<script type=\"application\/ld+json\" class=\"yoast-schema-graph\">{\"@context\":\"https:\/\/schema.org\",\"@graph\":[{\"@type\":\"WebPage\",\"@id\":\"https:\/\/ecoxshop.ch\/it\/prodotto\/sedia-visitatore-4-gambe-unisit-dado-d5s-acciaio-nero-rivestimento-ignifugo\/\",\"url\":\"https:\/\/ecoxshop.ch\/it\/prodotto\/sedia-visitatore-4-gambe-unisit-dado-d5s-acciaio-nero-rivestimento-ignifugo\/\",\"name\":\"Sedia visitatore 4 gambe Unisit Dado D5S acciaio nero - rivestimento ignifugo - Ecox Shop\",\"isPartOf\":{\"@id\":\"https:\/\/ecoxshop.ch\/#website\"},\"datePublished\":\"2025-03-06T11:51:27+00:00\",\"dateModified\":\"2025-03-07T14:03:43+00:00\",\"breadcrumb\":{\"@id\":\"https:\/\/ecoxshop.ch\/it\/prodotto\/sedia-visitatore-4-gambe-unisit-dado-d5s-acciaio-nero-rivestimento-ignifugo\/#breadcrumb\"},\"inLanguage\":\"en-GB\",\"potentialAction\":[{\"@type\":\"ReadAction\",\"target\":[\"https:\/\/ecoxshop.ch\/it\/prodotto\/sedia-visitatore-4-gambe-unisit-dado-d5s-acciaio-nero-rivestimento-ignifugo\/\"]}]},{\"@type\":\"BreadcrumbList\",\"@id\":\"https:\/\/ecoxshop.ch\/it\/prodotto\/sedia-visitatore-4-gambe-unisit-dado-d5s-acciaio-nero-rivestimento-ignifugo\/#breadcrumb\",\"itemListElement\":[{\"@type\":\"ListItem\",\"position\":1,\"name\":\"Home\",\"item\":\"https:\/\/ecoxshop.ch\/it\/\"},{\"@type\":\"ListItem\",\"position\":2,\"name\":\"Shop\",\"item\":\"https:\/\/ecoxshop.ch\/it\/shop\/\"},{\"@type\":\"ListItem\",\"position\":3,\"name\":\"Sedia visitatore 4 gambe Unisit Dado D5S acciaio nero &#8211; rivestimento ignifugo\"}]},{\"@type\":\"WebSite\",\"@id\":\"https:\/\/ecoxshop.ch\/#website\",\"url\":\"https:\/\/ecoxshop.ch\/\",\"name\":\"Ecox Shop\",\"description\":\"\",\"publisher\":{\"@id\":\"https:\/\/ecoxshop.ch\/#organization\"},\"potentialAction\":[{\"@type\":\"SearchAction\",\"target\":{\"@type\":\"EntryPoint\",\"urlTemplate\":\"https:\/\/ecoxshop.ch\/?s={search_term_string}\"},\"query-input\":\"required name=search_term_string\"}],\"inLanguage\":\"en-GB\"},{\"@type\":\"Organization\",\"@id\":\"https:\/\/ecoxshop.ch\/#organization\",\"name\":\"Ecox Shop\",\"url\":\"https:\/\/ecoxshop.ch\/\",\"logo\":{\"@type\":\"ImageObject\",\"inLanguage\":\"en-GB\",\"@id\":\"https:\/\/ecoxshop.ch\/#\/schema\/logo\/image\/\",\"url\":\"https:\/\/ecoxshop.ch\/wp-content\/uploads\/2023\/05\/logo-ecox.svg\",\"contentUrl\":\"https:\/\/ecoxshop.ch\/wp-content\/uploads\/2023\/05\/logo-ecox.svg\",\"width\":304.6,\"height\":91.5,\"caption\":\"Ecox Shop\"},\"image\":{\"@id\":\"https:\/\/ecoxshop.ch\/#\/schema\/logo\/image\/\"}}]}<\/script>\n<!-- \/ Yoast SEO plugin. -->","yoast_head_json":{"title":"Sedia visitatore 4 gambe Unisit Dado D5S acciaio nero - rivestimento ignifugo - Ecox Shop","robots":{"index":"index","follow":"follow","max-snippet":"max-snippet:-1","max-image-preview":"max-image-preview:large","max-video-preview":"max-video-preview:-1"},"canonical":"https:\/\/ecoxshop.ch\/en\/product\/sedia-visitatore-4-gambe-unisit-dado-d5s-acciaio-nero-rivestimento-ignifugo\/","og_locale":"en_GB","og_type":"article","og_title":"Sedia visitatore 4 gambe Unisit Dado D5S acciaio nero - rivestimento ignifugo - Ecox Shop","og_description":"Sedia visitatore 4 gambe Unisit Dado D5S acciaio nero - rivestimento ignifugo nero - Conf. 4 pezzi - D5S\/4\/IN","og_url":"https:\/\/ecoxshop.ch\/en\/product\/sedia-visitatore-4-gambe-unisit-dado-d5s-acciaio-nero-rivestimento-ignifugo\/","og_site_name":"Ecox Shop","article_modified_time":"2025-03-07T14:03:43+00:00","og_image":[{"width":480,"height":480,"url":"https:\/\/ecoxshop.ch\/wp-content\/uploads\/2025\/03\/1917697.jpg","type":"image\/jpeg"}],"twitter_card":"summary_large_image","twitter_misc":{"Estimated reading time":"1 minute"},"schema":{"@context":"https:\/\/schema.org","@graph":[{"@type":"WebPage","@id":"https:\/\/ecoxshop.ch\/it\/prodotto\/sedia-visitatore-4-gambe-unisit-dado-d5s-acciaio-nero-rivestimento-ignifugo\/","url":"https:\/\/ecoxshop.ch\/it\/prodotto\/sedia-visitatore-4-gambe-unisit-dado-d5s-acciaio-nero-rivestimento-ignifugo\/","name":"Sedia visitatore 4 gambe Unisit Dado D5S acciaio nero - rivestimento ignifugo - Ecox Shop","isPartOf":{"@id":"https:\/\/ecoxshop.ch\/#website"},"datePublished":"2025-03-06T11:51:27+00:00","dateModified":"2025-03-07T14:03:43+00:00","breadcrumb":{"@id":"https:\/\/ecoxshop.ch\/it\/prodotto\/sedia-visitatore-4-gambe-unisit-dado-d5s-acciaio-nero-rivestimento-ignifugo\/#breadcrumb"},"inLanguage":"en-GB","potentialAction":[{"@type":"ReadAction","target":["https:\/\/ecoxshop.ch\/it\/prodotto\/sedia-visitatore-4-gambe-unisit-dado-d5s-acciaio-nero-rivestimento-ignifugo\/"]}]},{"@type":"BreadcrumbList","@id":"https:\/\/ecoxshop.ch\/it\/prodotto\/sedia-visitatore-4-gambe-unisit-dado-d5s-acciaio-nero-rivestimento-ignifugo\/#breadcrumb","itemListElement":[{"@type":"ListItem","position":1,"name":"Home","item":"https:\/\/ecoxshop.ch\/it\/"},{"@type":"ListItem","position":2,"name":"Shop","item":"https:\/\/ecoxshop.ch\/it\/shop\/"},{"@type":"ListItem","position":3,"name":"Sedia visitatore 4 gambe Unisit Dado D5S acciaio nero &#8211; rivestimento ignifugo"}]},{"@type":"WebSite","@id":"https:\/\/ecoxshop.ch\/#website","url":"https:\/\/ecoxshop.ch\/","name":"Ecox Shop","description":"","publisher":{"@id":"https:\/\/ecoxshop.ch\/#organization"},"potentialAction":[{"@type":"SearchAction","target":{"@type":"EntryPoint","urlTemplate":"https:\/\/ecoxshop.ch\/?s={search_term_string}"},"query-input":"required name=search_term_string"}],"inLanguage":"en-GB"},{"@type":"Organization","@id":"https:\/\/ecoxshop.ch\/#organization","name":"Ecox Shop","url":"https:\/\/ecoxshop.ch\/","logo":{"@type":"ImageObject","inLanguage":"en-GB","@id":"https:\/\/ecoxshop.ch\/#\/schema\/logo\/image\/","url":"https:\/\/ecoxshop.ch\/wp-content\/uploads\/2023\/05\/logo-ecox.svg","contentUrl":"https:\/\/ecoxshop.ch\/wp-content\/uploads\/2023\/05\/logo-ecox.svg","width":304.6,"height":91.5,"caption":"Ecox Shop"},"image":{"@id":"https:\/\/ecoxshop.ch\/#\/schema\/logo\/image\/"}}]}},"_links":{"self":[{"href":"https:\/\/ecoxshop.ch\/en\/wp-json\/wp\/v3\/product\/16767"}],"collection":[{"href":"https:\/\/ecoxshop.ch\/en\/wp-json\/wp\/v3\/product"}],"about":[{"href":"https:\/\/ecoxshop.ch\/en\/wp-json\/wp\/v2\/types\/product"}],"wp:featuredmedia":[{"embeddable":true,"href":"https:\/\/ecoxshop.ch\/en\/wp-json\/wp\/v2\/media\/16768"}],"wp:attachment":[{"href":"https:\/\/ecoxshop.ch\/en\/wp-json\/wp\/v2\/media?parent=16767"}],"wp:term":[{"taxonomy":"product_cat","embeddable":true,"href":"https:\/\/ecoxshop.ch\/en\/wp-json\/wp\/v2\/product_cat?post=16767"},{"taxonomy":"product_tag","embeddable":true,"href":"https:\/\/ecoxshop.ch\/en\/wp-json\/wp\/v2\/product_tag?post=16767"}],"curies":[{"name":"wp","href":"https:\/\/api.w.org\/{rel}","templated":true}]}}