{"id":15854,"date":"2025-03-06T12:38:42","date_gmt":"2025-03-06T11:38:42","guid":{"rendered":"https:\/\/ecoxshop.ch\/prodotto\/puntatore-laser-con-joystick-kensington-presenter-expert-luce\/"},"modified":"2025-03-07T15:01:33","modified_gmt":"2025-03-07T14:01:33","slug":"puntatore-laser-con-joystick-kensington-presenter-expert-luce","status":"publish","type":"product","link":"https:\/\/ecoxshop.ch\/en\/product\/puntatore-laser-con-joystick-kensington-presenter-expert-luce\/","title":{"rendered":"Laser pointer with joystick Kensington Presenter Expert light"},"content":{"rendered":"<p>Puntatore Expert\u0099laser rosso con Joystk. Il telecomando wireless per presentazioni Expert con puntatore laser rosso e controllo del cursore fornisce strumenti professionali per controllare la stanza e il cursore del laptop. A volte il puntatore non basta. Con un semplice interruttore \u00e8 possibile passare dalla modalit\u00e0 Presentazione alla modalit\u00e0 Controllo cursore. Il ricevitore wireless da 2,4 GHz si pu\u00f2 riporre comodamente nel telecomando e le interferenze di altri dispositivi non sono pi\u00f9 un problema, perch\u00e9 l&#8217;abbinamento \u00e8 univoco. Colore: nero.<\/p>","protected":false},"excerpt":{"rendered":"<p>Puntatore laser con joystick Kensington Presenter Expert luce rossa &#8211; K72425EU<\/p>","protected":false},"featured_media":15855,"template":"","meta":[],"product_cat":[89],"product_tag":[],"yoast_head":"<!-- This site is optimized with the Yoast SEO plugin v20.7 - https:\/\/yoast.com\/wordpress\/plugins\/seo\/ -->\n<title>Puntatore laser con joystick Kensington Presenter Expert luce - Ecox Shop<\/title>\n<meta name=\"robots\" content=\"index, follow, max-snippet:-1, max-image-preview:large, max-video-preview:-1\" \/>\n<link rel=\"canonical\" href=\"https:\/\/ecoxshop.ch\/en\/product\/puntatore-laser-con-joystick-kensington-presenter-expert-luce\/\" \/>\n<meta property=\"og:locale\" content=\"en_GB\" \/>\n<meta property=\"og:type\" content=\"article\" \/>\n<meta property=\"og:title\" content=\"Puntatore laser con joystick Kensington Presenter Expert luce - Ecox Shop\" \/>\n<meta property=\"og:description\" content=\"Puntatore laser con joystick Kensington Presenter Expert luce rossa - K72425EU\" \/>\n<meta property=\"og:url\" content=\"https:\/\/ecoxshop.ch\/en\/product\/puntatore-laser-con-joystick-kensington-presenter-expert-luce\/\" \/>\n<meta property=\"og:site_name\" content=\"Ecox Shop\" \/>\n<meta property=\"article:modified_time\" content=\"2025-03-07T14:01:33+00:00\" \/>\n<meta property=\"og:image\" content=\"https:\/\/ecoxshop.ch\/wp-content\/uploads\/2025\/03\/1917500.jpg\" \/>\n\t<meta property=\"og:image:width\" content=\"480\" \/>\n\t<meta property=\"og:image:height\" content=\"480\" \/>\n\t<meta property=\"og:image:type\" content=\"image\/jpeg\" \/>\n<meta name=\"twitter:card\" content=\"summary_large_image\" \/>\n<script type=\"application\/ld+json\" class=\"yoast-schema-graph\">{\"@context\":\"https:\/\/schema.org\",\"@graph\":[{\"@type\":\"WebPage\",\"@id\":\"https:\/\/ecoxshop.ch\/it\/prodotto\/puntatore-laser-con-joystick-kensington-presenter-expert-luce\/\",\"url\":\"https:\/\/ecoxshop.ch\/it\/prodotto\/puntatore-laser-con-joystick-kensington-presenter-expert-luce\/\",\"name\":\"Puntatore laser con joystick Kensington Presenter Expert luce - Ecox Shop\",\"isPartOf\":{\"@id\":\"https:\/\/ecoxshop.ch\/#website\"},\"datePublished\":\"2025-03-06T11:38:42+00:00\",\"dateModified\":\"2025-03-07T14:01:33+00:00\",\"breadcrumb\":{\"@id\":\"https:\/\/ecoxshop.ch\/it\/prodotto\/puntatore-laser-con-joystick-kensington-presenter-expert-luce\/#breadcrumb\"},\"inLanguage\":\"en-GB\",\"potentialAction\":[{\"@type\":\"ReadAction\",\"target\":[\"https:\/\/ecoxshop.ch\/it\/prodotto\/puntatore-laser-con-joystick-kensington-presenter-expert-luce\/\"]}]},{\"@type\":\"BreadcrumbList\",\"@id\":\"https:\/\/ecoxshop.ch\/it\/prodotto\/puntatore-laser-con-joystick-kensington-presenter-expert-luce\/#breadcrumb\",\"itemListElement\":[{\"@type\":\"ListItem\",\"position\":1,\"name\":\"Home\",\"item\":\"https:\/\/ecoxshop.ch\/it\/\"},{\"@type\":\"ListItem\",\"position\":2,\"name\":\"Shop\",\"item\":\"https:\/\/ecoxshop.ch\/it\/shop\/\"},{\"@type\":\"ListItem\",\"position\":3,\"name\":\"Puntatore laser con joystick Kensington Presenter Expert luce\"}]},{\"@type\":\"WebSite\",\"@id\":\"https:\/\/ecoxshop.ch\/#website\",\"url\":\"https:\/\/ecoxshop.ch\/\",\"name\":\"Ecox Shop\",\"description\":\"\",\"publisher\":{\"@id\":\"https:\/\/ecoxshop.ch\/#organization\"},\"potentialAction\":[{\"@type\":\"SearchAction\",\"target\":{\"@type\":\"EntryPoint\",\"urlTemplate\":\"https:\/\/ecoxshop.ch\/?s={search_term_string}\"},\"query-input\":\"required name=search_term_string\"}],\"inLanguage\":\"en-GB\"},{\"@type\":\"Organization\",\"@id\":\"https:\/\/ecoxshop.ch\/#organization\",\"name\":\"Ecox Shop\",\"url\":\"https:\/\/ecoxshop.ch\/\",\"logo\":{\"@type\":\"ImageObject\",\"inLanguage\":\"en-GB\",\"@id\":\"https:\/\/ecoxshop.ch\/#\/schema\/logo\/image\/\",\"url\":\"https:\/\/ecoxshop.ch\/wp-content\/uploads\/2023\/05\/logo-ecox.svg\",\"contentUrl\":\"https:\/\/ecoxshop.ch\/wp-content\/uploads\/2023\/05\/logo-ecox.svg\",\"width\":304.6,\"height\":91.5,\"caption\":\"Ecox Shop\"},\"image\":{\"@id\":\"https:\/\/ecoxshop.ch\/#\/schema\/logo\/image\/\"}}]}<\/script>\n<!-- \/ Yoast SEO plugin. -->","yoast_head_json":{"title":"Puntatore laser con joystick Kensington Presenter Expert luce - Ecox Shop","robots":{"index":"index","follow":"follow","max-snippet":"max-snippet:-1","max-image-preview":"max-image-preview:large","max-video-preview":"max-video-preview:-1"},"canonical":"https:\/\/ecoxshop.ch\/en\/product\/puntatore-laser-con-joystick-kensington-presenter-expert-luce\/","og_locale":"en_GB","og_type":"article","og_title":"Puntatore laser con joystick Kensington Presenter Expert luce - Ecox Shop","og_description":"Puntatore laser con joystick Kensington Presenter Expert luce rossa - K72425EU","og_url":"https:\/\/ecoxshop.ch\/en\/product\/puntatore-laser-con-joystick-kensington-presenter-expert-luce\/","og_site_name":"Ecox Shop","article_modified_time":"2025-03-07T14:01:33+00:00","og_image":[{"width":480,"height":480,"url":"https:\/\/ecoxshop.ch\/wp-content\/uploads\/2025\/03\/1917500.jpg","type":"image\/jpeg"}],"twitter_card":"summary_large_image","schema":{"@context":"https:\/\/schema.org","@graph":[{"@type":"WebPage","@id":"https:\/\/ecoxshop.ch\/it\/prodotto\/puntatore-laser-con-joystick-kensington-presenter-expert-luce\/","url":"https:\/\/ecoxshop.ch\/it\/prodotto\/puntatore-laser-con-joystick-kensington-presenter-expert-luce\/","name":"Puntatore laser con joystick Kensington Presenter Expert luce - Ecox Shop","isPartOf":{"@id":"https:\/\/ecoxshop.ch\/#website"},"datePublished":"2025-03-06T11:38:42+00:00","dateModified":"2025-03-07T14:01:33+00:00","breadcrumb":{"@id":"https:\/\/ecoxshop.ch\/it\/prodotto\/puntatore-laser-con-joystick-kensington-presenter-expert-luce\/#breadcrumb"},"inLanguage":"en-GB","potentialAction":[{"@type":"ReadAction","target":["https:\/\/ecoxshop.ch\/it\/prodotto\/puntatore-laser-con-joystick-kensington-presenter-expert-luce\/"]}]},{"@type":"BreadcrumbList","@id":"https:\/\/ecoxshop.ch\/it\/prodotto\/puntatore-laser-con-joystick-kensington-presenter-expert-luce\/#breadcrumb","itemListElement":[{"@type":"ListItem","position":1,"name":"Home","item":"https:\/\/ecoxshop.ch\/it\/"},{"@type":"ListItem","position":2,"name":"Shop","item":"https:\/\/ecoxshop.ch\/it\/shop\/"},{"@type":"ListItem","position":3,"name":"Puntatore laser con joystick Kensington Presenter Expert luce"}]},{"@type":"WebSite","@id":"https:\/\/ecoxshop.ch\/#website","url":"https:\/\/ecoxshop.ch\/","name":"Ecox Shop","description":"","publisher":{"@id":"https:\/\/ecoxshop.ch\/#organization"},"potentialAction":[{"@type":"SearchAction","target":{"@type":"EntryPoint","urlTemplate":"https:\/\/ecoxshop.ch\/?s={search_term_string}"},"query-input":"required name=search_term_string"}],"inLanguage":"en-GB"},{"@type":"Organization","@id":"https:\/\/ecoxshop.ch\/#organization","name":"Ecox Shop","url":"https:\/\/ecoxshop.ch\/","logo":{"@type":"ImageObject","inLanguage":"en-GB","@id":"https:\/\/ecoxshop.ch\/#\/schema\/logo\/image\/","url":"https:\/\/ecoxshop.ch\/wp-content\/uploads\/2023\/05\/logo-ecox.svg","contentUrl":"https:\/\/ecoxshop.ch\/wp-content\/uploads\/2023\/05\/logo-ecox.svg","width":304.6,"height":91.5,"caption":"Ecox Shop"},"image":{"@id":"https:\/\/ecoxshop.ch\/#\/schema\/logo\/image\/"}}]}},"_links":{"self":[{"href":"https:\/\/ecoxshop.ch\/en\/wp-json\/wp\/v3\/product\/15854"}],"collection":[{"href":"https:\/\/ecoxshop.ch\/en\/wp-json\/wp\/v3\/product"}],"about":[{"href":"https:\/\/ecoxshop.ch\/en\/wp-json\/wp\/v2\/types\/product"}],"wp:featuredmedia":[{"embeddable":true,"href":"https:\/\/ecoxshop.ch\/en\/wp-json\/wp\/v2\/media\/15855"}],"wp:attachment":[{"href":"https:\/\/ecoxshop.ch\/en\/wp-json\/wp\/v2\/media?parent=15854"}],"wp:term":[{"taxonomy":"product_cat","embeddable":true,"href":"https:\/\/ecoxshop.ch\/en\/wp-json\/wp\/v2\/product_cat?post=15854"},{"taxonomy":"product_tag","embeddable":true,"href":"https:\/\/ecoxshop.ch\/en\/wp-json\/wp\/v2\/product_tag?post=15854"}],"curies":[{"name":"wp","href":"https:\/\/api.w.org\/{rel}","templated":true}]}}