{"id":14486,"date":"2025-03-06T12:19:23","date_gmt":"2025-03-06T11:19:23","guid":{"rendered":"https:\/\/ecoxshop.ch\/prodotto\/penna-gel-a-scatto-bic-gel-ocity-07-mm-blu\/"},"modified":"2025-03-07T14:59:22","modified_gmt":"2025-03-07T13:59:22","slug":"penna-gel-a-scatto-bic-gel-ocity-07-mm-blu","status":"publish","type":"product","link":"https:\/\/ecoxshop.ch\/en\/product\/penna-gel-a-scatto-bic-gel-ocity-07-mm-blu\/","title":{"rendered":"BIC Gel-ocity gel pen 0.7 mm blue"},"content":{"rendered":"<p>Disponibile in 3 intensi colori, la penna BIC Gel-ocity scorre sulla pagina grazie all\u0092inchiostro gel. La grip in gomma offre un\u0092impugnatura straordinariamente confortevole. Una penna intelligente grazie al sistema a scatto.\u00a0Una delle priorit\u00e0 di BIC \u00e8 da sempre il raggiungimento del perfetto equilibrio tra funzionalit\u00e0 e design: questa penna ha infatti un fusto traslucido che consente di controllare il livello d\u0092inchiostro.<\/p>","protected":false},"excerpt":{"rendered":"<p>Penna gel a scatto BIC Gel-ocity 0,7 mm blu 829158<\/p>","protected":false},"featured_media":14487,"template":"","meta":[],"product_cat":[364],"product_tag":[],"yoast_head":"<!-- This site is optimized with the Yoast SEO plugin v20.7 - https:\/\/yoast.com\/wordpress\/plugins\/seo\/ -->\n<title>Penna gel a scatto BIC Gel-ocity 0,7 mm blu - Ecox Shop<\/title>\n<meta name=\"robots\" content=\"index, follow, max-snippet:-1, max-image-preview:large, max-video-preview:-1\" \/>\n<link rel=\"canonical\" href=\"https:\/\/ecoxshop.ch\/en\/product\/penna-gel-a-scatto-bic-gel-ocity-07-mm-blu\/\" \/>\n<meta property=\"og:locale\" content=\"en_GB\" \/>\n<meta property=\"og:type\" content=\"article\" \/>\n<meta property=\"og:title\" content=\"Penna gel a scatto BIC Gel-ocity 0,7 mm blu - Ecox Shop\" \/>\n<meta property=\"og:description\" content=\"Penna gel a scatto BIC Gel-ocity 0,7 mm blu 829158\" \/>\n<meta property=\"og:url\" content=\"https:\/\/ecoxshop.ch\/en\/product\/penna-gel-a-scatto-bic-gel-ocity-07-mm-blu\/\" \/>\n<meta property=\"og:site_name\" content=\"Ecox Shop\" \/>\n<meta property=\"article:modified_time\" content=\"2025-03-07T13:59:22+00:00\" \/>\n<meta property=\"og:image\" content=\"https:\/\/ecoxshop.ch\/wp-content\/uploads\/2025\/03\/1539289.jpg\" \/>\n\t<meta property=\"og:image:width\" content=\"480\" \/>\n\t<meta property=\"og:image:height\" content=\"480\" \/>\n\t<meta property=\"og:image:type\" content=\"image\/jpeg\" \/>\n<meta name=\"twitter:card\" content=\"summary_large_image\" \/>\n<script type=\"application\/ld+json\" class=\"yoast-schema-graph\">{\"@context\":\"https:\/\/schema.org\",\"@graph\":[{\"@type\":\"WebPage\",\"@id\":\"https:\/\/ecoxshop.ch\/it\/prodotto\/penna-gel-a-scatto-bic-gel-ocity-07-mm-blu\/\",\"url\":\"https:\/\/ecoxshop.ch\/it\/prodotto\/penna-gel-a-scatto-bic-gel-ocity-07-mm-blu\/\",\"name\":\"Penna gel a scatto BIC Gel-ocity 0,7 mm blu - Ecox Shop\",\"isPartOf\":{\"@id\":\"https:\/\/ecoxshop.ch\/#website\"},\"datePublished\":\"2025-03-06T11:19:23+00:00\",\"dateModified\":\"2025-03-07T13:59:22+00:00\",\"breadcrumb\":{\"@id\":\"https:\/\/ecoxshop.ch\/it\/prodotto\/penna-gel-a-scatto-bic-gel-ocity-07-mm-blu\/#breadcrumb\"},\"inLanguage\":\"en-GB\",\"potentialAction\":[{\"@type\":\"ReadAction\",\"target\":[\"https:\/\/ecoxshop.ch\/it\/prodotto\/penna-gel-a-scatto-bic-gel-ocity-07-mm-blu\/\"]}]},{\"@type\":\"BreadcrumbList\",\"@id\":\"https:\/\/ecoxshop.ch\/it\/prodotto\/penna-gel-a-scatto-bic-gel-ocity-07-mm-blu\/#breadcrumb\",\"itemListElement\":[{\"@type\":\"ListItem\",\"position\":1,\"name\":\"Home\",\"item\":\"https:\/\/ecoxshop.ch\/it\/\"},{\"@type\":\"ListItem\",\"position\":2,\"name\":\"Shop\",\"item\":\"https:\/\/ecoxshop.ch\/it\/shop\/\"},{\"@type\":\"ListItem\",\"position\":3,\"name\":\"Penna gel a scatto BIC Gel-ocity 0,7 mm blu\"}]},{\"@type\":\"WebSite\",\"@id\":\"https:\/\/ecoxshop.ch\/#website\",\"url\":\"https:\/\/ecoxshop.ch\/\",\"name\":\"Ecox Shop\",\"description\":\"\",\"publisher\":{\"@id\":\"https:\/\/ecoxshop.ch\/#organization\"},\"potentialAction\":[{\"@type\":\"SearchAction\",\"target\":{\"@type\":\"EntryPoint\",\"urlTemplate\":\"https:\/\/ecoxshop.ch\/?s={search_term_string}\"},\"query-input\":\"required name=search_term_string\"}],\"inLanguage\":\"en-GB\"},{\"@type\":\"Organization\",\"@id\":\"https:\/\/ecoxshop.ch\/#organization\",\"name\":\"Ecox Shop\",\"url\":\"https:\/\/ecoxshop.ch\/\",\"logo\":{\"@type\":\"ImageObject\",\"inLanguage\":\"en-GB\",\"@id\":\"https:\/\/ecoxshop.ch\/#\/schema\/logo\/image\/\",\"url\":\"https:\/\/ecoxshop.ch\/wp-content\/uploads\/2023\/05\/logo-ecox.svg\",\"contentUrl\":\"https:\/\/ecoxshop.ch\/wp-content\/uploads\/2023\/05\/logo-ecox.svg\",\"width\":304.6,\"height\":91.5,\"caption\":\"Ecox Shop\"},\"image\":{\"@id\":\"https:\/\/ecoxshop.ch\/#\/schema\/logo\/image\/\"}}]}<\/script>\n<!-- \/ Yoast SEO plugin. -->","yoast_head_json":{"title":"Penna gel a scatto BIC Gel-ocity 0,7 mm blu - Ecox Shop","robots":{"index":"index","follow":"follow","max-snippet":"max-snippet:-1","max-image-preview":"max-image-preview:large","max-video-preview":"max-video-preview:-1"},"canonical":"https:\/\/ecoxshop.ch\/en\/product\/penna-gel-a-scatto-bic-gel-ocity-07-mm-blu\/","og_locale":"en_GB","og_type":"article","og_title":"Penna gel a scatto BIC Gel-ocity 0,7 mm blu - Ecox Shop","og_description":"Penna gel a scatto BIC Gel-ocity 0,7 mm blu 829158","og_url":"https:\/\/ecoxshop.ch\/en\/product\/penna-gel-a-scatto-bic-gel-ocity-07-mm-blu\/","og_site_name":"Ecox Shop","article_modified_time":"2025-03-07T13:59:22+00:00","og_image":[{"width":480,"height":480,"url":"https:\/\/ecoxshop.ch\/wp-content\/uploads\/2025\/03\/1539289.jpg","type":"image\/jpeg"}],"twitter_card":"summary_large_image","schema":{"@context":"https:\/\/schema.org","@graph":[{"@type":"WebPage","@id":"https:\/\/ecoxshop.ch\/it\/prodotto\/penna-gel-a-scatto-bic-gel-ocity-07-mm-blu\/","url":"https:\/\/ecoxshop.ch\/it\/prodotto\/penna-gel-a-scatto-bic-gel-ocity-07-mm-blu\/","name":"Penna gel a scatto BIC Gel-ocity 0,7 mm blu - Ecox Shop","isPartOf":{"@id":"https:\/\/ecoxshop.ch\/#website"},"datePublished":"2025-03-06T11:19:23+00:00","dateModified":"2025-03-07T13:59:22+00:00","breadcrumb":{"@id":"https:\/\/ecoxshop.ch\/it\/prodotto\/penna-gel-a-scatto-bic-gel-ocity-07-mm-blu\/#breadcrumb"},"inLanguage":"en-GB","potentialAction":[{"@type":"ReadAction","target":["https:\/\/ecoxshop.ch\/it\/prodotto\/penna-gel-a-scatto-bic-gel-ocity-07-mm-blu\/"]}]},{"@type":"BreadcrumbList","@id":"https:\/\/ecoxshop.ch\/it\/prodotto\/penna-gel-a-scatto-bic-gel-ocity-07-mm-blu\/#breadcrumb","itemListElement":[{"@type":"ListItem","position":1,"name":"Home","item":"https:\/\/ecoxshop.ch\/it\/"},{"@type":"ListItem","position":2,"name":"Shop","item":"https:\/\/ecoxshop.ch\/it\/shop\/"},{"@type":"ListItem","position":3,"name":"Penna gel a scatto BIC Gel-ocity 0,7 mm blu"}]},{"@type":"WebSite","@id":"https:\/\/ecoxshop.ch\/#website","url":"https:\/\/ecoxshop.ch\/","name":"Ecox Shop","description":"","publisher":{"@id":"https:\/\/ecoxshop.ch\/#organization"},"potentialAction":[{"@type":"SearchAction","target":{"@type":"EntryPoint","urlTemplate":"https:\/\/ecoxshop.ch\/?s={search_term_string}"},"query-input":"required name=search_term_string"}],"inLanguage":"en-GB"},{"@type":"Organization","@id":"https:\/\/ecoxshop.ch\/#organization","name":"Ecox Shop","url":"https:\/\/ecoxshop.ch\/","logo":{"@type":"ImageObject","inLanguage":"en-GB","@id":"https:\/\/ecoxshop.ch\/#\/schema\/logo\/image\/","url":"https:\/\/ecoxshop.ch\/wp-content\/uploads\/2023\/05\/logo-ecox.svg","contentUrl":"https:\/\/ecoxshop.ch\/wp-content\/uploads\/2023\/05\/logo-ecox.svg","width":304.6,"height":91.5,"caption":"Ecox Shop"},"image":{"@id":"https:\/\/ecoxshop.ch\/#\/schema\/logo\/image\/"}}]}},"_links":{"self":[{"href":"https:\/\/ecoxshop.ch\/en\/wp-json\/wp\/v3\/product\/14486"}],"collection":[{"href":"https:\/\/ecoxshop.ch\/en\/wp-json\/wp\/v3\/product"}],"about":[{"href":"https:\/\/ecoxshop.ch\/en\/wp-json\/wp\/v2\/types\/product"}],"wp:featuredmedia":[{"embeddable":true,"href":"https:\/\/ecoxshop.ch\/en\/wp-json\/wp\/v2\/media\/14487"}],"wp:attachment":[{"href":"https:\/\/ecoxshop.ch\/en\/wp-json\/wp\/v2\/media?parent=14486"}],"wp:term":[{"taxonomy":"product_cat","embeddable":true,"href":"https:\/\/ecoxshop.ch\/en\/wp-json\/wp\/v2\/product_cat?post=14486"},{"taxonomy":"product_tag","embeddable":true,"href":"https:\/\/ecoxshop.ch\/en\/wp-json\/wp\/v2\/product_tag?post=14486"}],"curies":[{"name":"wp","href":"https:\/\/api.w.org\/{rel}","templated":true}]}}