{"id":13963,"date":"2025-03-06T12:13:28","date_gmt":"2025-03-06T11:13:28","guid":{"rendered":"https:\/\/ecoxshop.ch\/prodotto\/cornici-autofissanti-durable-duraframe-sun-a4-argento-metallizzato\/"},"modified":"2025-03-07T14:58:25","modified_gmt":"2025-03-07T13:58:25","slug":"cornici-autofissanti-durable-duraframe-sun-a4-argento-metallizzato","status":"publish","type":"product","link":"https:\/\/ecoxshop.ch\/en\/product\/cornici-autofissanti-durable-duraframe-sun-a4-argento-metallizzato\/","title":{"rendered":"Self-adhesive frames DURABLE DURAFRAME\u00ae SUN A4 silver metallic"},"content":{"rendered":"<p>Change the habit, exhibit in style!<br \/>\nDURAFRAME\u00ae POSTER SUN \u00e8 la cornice espositiva formato poster per le superfici vetrate esposte alla luce diretta del sole ideale per esporre pubblicit\u00e0 e\/o informazioni in formato A4.<br \/>\nPresentazione ordinata e professionale di avvisi e materiale informativo. L&#8217;inserto \u00e8 facilmente sostituibile semplicemente sollevando il pannello magnetico. Cornice studiata specificatamente per esporre pubblicit\u00e0 ed informazioni su vetrine direttamente esposte alla luce diretta del sole. Per esporre pubblicit\u00e0 e informazioni su vetrine di attivit\u00e0 commerciali. Semplice da applicare, senza rischi di creare bolle. removibile, senza lasciare residui di alcun genere. Resistente fino a 70\u00b0C. Dotata di stabilizzatore UV garantito 2 anni. Su superfici vetrate permette la visualizzazione dei manifesti da entrambi i lati. Cornice identica da entrambi i lati. Utilizzabile sia in posizione verticale sia in orizzontale. Dimensioni esterne: 236 x 323 mm.<\/p>","protected":false},"excerpt":{"rendered":"<p>Cornici autofissanti DURABLE DURAFRAME\u00ae SUN A4 argento metallizzato 236x323mm  conf. 2 &#8211; 484123<\/p>","protected":false},"featured_media":13964,"template":"","meta":[],"product_cat":[118],"product_tag":[],"yoast_head":"<!-- This site is optimized with the Yoast SEO plugin v20.7 - https:\/\/yoast.com\/wordpress\/plugins\/seo\/ -->\n<title>Cornici autofissanti DURABLE DURAFRAME\u00ae SUN A4 argento metallizzato - Ecox Shop<\/title>\n<meta name=\"robots\" content=\"index, follow, max-snippet:-1, max-image-preview:large, max-video-preview:-1\" \/>\n<link rel=\"canonical\" href=\"https:\/\/ecoxshop.ch\/en\/product\/cornici-autofissanti-durable-duraframe-sun-a4-argento-metallizzato\/\" \/>\n<meta property=\"og:locale\" content=\"en_GB\" \/>\n<meta property=\"og:type\" content=\"article\" \/>\n<meta property=\"og:title\" content=\"Cornici autofissanti DURABLE DURAFRAME\u00ae SUN A4 argento metallizzato - Ecox Shop\" \/>\n<meta property=\"og:description\" content=\"Cornici autofissanti DURABLE DURAFRAME\u00ae SUN A4 argento metallizzato 236x323mm conf. 2 - 484123\" \/>\n<meta property=\"og:url\" content=\"https:\/\/ecoxshop.ch\/en\/product\/cornici-autofissanti-durable-duraframe-sun-a4-argento-metallizzato\/\" \/>\n<meta property=\"og:site_name\" content=\"Ecox Shop\" \/>\n<meta property=\"article:modified_time\" content=\"2025-03-07T13:58:25+00:00\" \/>\n<meta property=\"og:image\" content=\"https:\/\/ecoxshop.ch\/wp-content\/uploads\/2025\/03\/1641658.jpg\" \/>\n\t<meta property=\"og:image:width\" content=\"480\" \/>\n\t<meta property=\"og:image:height\" content=\"480\" \/>\n\t<meta property=\"og:image:type\" content=\"image\/jpeg\" \/>\n<meta name=\"twitter:card\" content=\"summary_large_image\" \/>\n<meta name=\"twitter:label1\" content=\"Estimated reading time\" \/>\n\t<meta name=\"twitter:data1\" content=\"1 minute\" \/>\n<script type=\"application\/ld+json\" class=\"yoast-schema-graph\">{\"@context\":\"https:\/\/schema.org\",\"@graph\":[{\"@type\":\"WebPage\",\"@id\":\"https:\/\/ecoxshop.ch\/en\/product\/cornici-autofissanti-durable-duraframe-sun-a4-argento-metallizzato\/\",\"url\":\"https:\/\/ecoxshop.ch\/en\/product\/cornici-autofissanti-durable-duraframe-sun-a4-argento-metallizzato\/\",\"name\":\"Cornici autofissanti DURABLE DURAFRAME\u00ae SUN A4 argento metallizzato - Ecox Shop\",\"isPartOf\":{\"@id\":\"https:\/\/ecoxshop.ch\/#website\"},\"datePublished\":\"2025-03-06T11:13:28+00:00\",\"dateModified\":\"2025-03-07T13:58:25+00:00\",\"breadcrumb\":{\"@id\":\"https:\/\/ecoxshop.ch\/en\/product\/cornici-autofissanti-durable-duraframe-sun-a4-argento-metallizzato\/#breadcrumb\"},\"inLanguage\":\"en-GB\",\"potentialAction\":[{\"@type\":\"ReadAction\",\"target\":[\"https:\/\/ecoxshop.ch\/en\/product\/cornici-autofissanti-durable-duraframe-sun-a4-argento-metallizzato\/\"]}]},{\"@type\":\"BreadcrumbList\",\"@id\":\"https:\/\/ecoxshop.ch\/en\/product\/cornici-autofissanti-durable-duraframe-sun-a4-argento-metallizzato\/#breadcrumb\",\"itemListElement\":[{\"@type\":\"ListItem\",\"position\":1,\"name\":\"Home\",\"item\":\"https:\/\/ecoxshop.ch\/it\/\"},{\"@type\":\"ListItem\",\"position\":2,\"name\":\"Shop\",\"item\":\"https:\/\/ecoxshop.ch\/it\/shop\/\"},{\"@type\":\"ListItem\",\"position\":3,\"name\":\"Cornici autofissanti DURABLE DURAFRAME\u00ae SUN A4 argento metallizzato\"}]},{\"@type\":\"WebSite\",\"@id\":\"https:\/\/ecoxshop.ch\/#website\",\"url\":\"https:\/\/ecoxshop.ch\/\",\"name\":\"Ecox Shop\",\"description\":\"\",\"publisher\":{\"@id\":\"https:\/\/ecoxshop.ch\/#organization\"},\"potentialAction\":[{\"@type\":\"SearchAction\",\"target\":{\"@type\":\"EntryPoint\",\"urlTemplate\":\"https:\/\/ecoxshop.ch\/?s={search_term_string}\"},\"query-input\":\"required name=search_term_string\"}],\"inLanguage\":\"en-GB\"},{\"@type\":\"Organization\",\"@id\":\"https:\/\/ecoxshop.ch\/#organization\",\"name\":\"Ecox Shop\",\"url\":\"https:\/\/ecoxshop.ch\/\",\"logo\":{\"@type\":\"ImageObject\",\"inLanguage\":\"en-GB\",\"@id\":\"https:\/\/ecoxshop.ch\/#\/schema\/logo\/image\/\",\"url\":\"https:\/\/ecoxshop.ch\/wp-content\/uploads\/2023\/05\/logo-ecox.svg\",\"contentUrl\":\"https:\/\/ecoxshop.ch\/wp-content\/uploads\/2023\/05\/logo-ecox.svg\",\"width\":304.6,\"height\":91.5,\"caption\":\"Ecox Shop\"},\"image\":{\"@id\":\"https:\/\/ecoxshop.ch\/#\/schema\/logo\/image\/\"}}]}<\/script>\n<!-- \/ Yoast SEO plugin. -->","yoast_head_json":{"title":"Cornici autofissanti DURABLE DURAFRAME\u00ae SUN A4 argento metallizzato - Ecox Shop","robots":{"index":"index","follow":"follow","max-snippet":"max-snippet:-1","max-image-preview":"max-image-preview:large","max-video-preview":"max-video-preview:-1"},"canonical":"https:\/\/ecoxshop.ch\/en\/product\/cornici-autofissanti-durable-duraframe-sun-a4-argento-metallizzato\/","og_locale":"en_GB","og_type":"article","og_title":"Cornici autofissanti DURABLE DURAFRAME\u00ae SUN A4 argento metallizzato - Ecox Shop","og_description":"Cornici autofissanti DURABLE DURAFRAME\u00ae SUN A4 argento metallizzato 236x323mm conf. 2 - 484123","og_url":"https:\/\/ecoxshop.ch\/en\/product\/cornici-autofissanti-durable-duraframe-sun-a4-argento-metallizzato\/","og_site_name":"Ecox Shop","article_modified_time":"2025-03-07T13:58:25+00:00","og_image":[{"width":480,"height":480,"url":"https:\/\/ecoxshop.ch\/wp-content\/uploads\/2025\/03\/1641658.jpg","type":"image\/jpeg"}],"twitter_card":"summary_large_image","twitter_misc":{"Estimated reading time":"1 minute"},"schema":{"@context":"https:\/\/schema.org","@graph":[{"@type":"WebPage","@id":"https:\/\/ecoxshop.ch\/en\/product\/cornici-autofissanti-durable-duraframe-sun-a4-argento-metallizzato\/","url":"https:\/\/ecoxshop.ch\/en\/product\/cornici-autofissanti-durable-duraframe-sun-a4-argento-metallizzato\/","name":"Cornici autofissanti DURABLE DURAFRAME\u00ae SUN A4 argento metallizzato - Ecox Shop","isPartOf":{"@id":"https:\/\/ecoxshop.ch\/#website"},"datePublished":"2025-03-06T11:13:28+00:00","dateModified":"2025-03-07T13:58:25+00:00","breadcrumb":{"@id":"https:\/\/ecoxshop.ch\/en\/product\/cornici-autofissanti-durable-duraframe-sun-a4-argento-metallizzato\/#breadcrumb"},"inLanguage":"en-GB","potentialAction":[{"@type":"ReadAction","target":["https:\/\/ecoxshop.ch\/en\/product\/cornici-autofissanti-durable-duraframe-sun-a4-argento-metallizzato\/"]}]},{"@type":"BreadcrumbList","@id":"https:\/\/ecoxshop.ch\/en\/product\/cornici-autofissanti-durable-duraframe-sun-a4-argento-metallizzato\/#breadcrumb","itemListElement":[{"@type":"ListItem","position":1,"name":"Home","item":"https:\/\/ecoxshop.ch\/it\/"},{"@type":"ListItem","position":2,"name":"Shop","item":"https:\/\/ecoxshop.ch\/it\/shop\/"},{"@type":"ListItem","position":3,"name":"Cornici autofissanti DURABLE DURAFRAME\u00ae SUN A4 argento metallizzato"}]},{"@type":"WebSite","@id":"https:\/\/ecoxshop.ch\/#website","url":"https:\/\/ecoxshop.ch\/","name":"Ecox Shop","description":"","publisher":{"@id":"https:\/\/ecoxshop.ch\/#organization"},"potentialAction":[{"@type":"SearchAction","target":{"@type":"EntryPoint","urlTemplate":"https:\/\/ecoxshop.ch\/?s={search_term_string}"},"query-input":"required name=search_term_string"}],"inLanguage":"en-GB"},{"@type":"Organization","@id":"https:\/\/ecoxshop.ch\/#organization","name":"Ecox Shop","url":"https:\/\/ecoxshop.ch\/","logo":{"@type":"ImageObject","inLanguage":"en-GB","@id":"https:\/\/ecoxshop.ch\/#\/schema\/logo\/image\/","url":"https:\/\/ecoxshop.ch\/wp-content\/uploads\/2023\/05\/logo-ecox.svg","contentUrl":"https:\/\/ecoxshop.ch\/wp-content\/uploads\/2023\/05\/logo-ecox.svg","width":304.6,"height":91.5,"caption":"Ecox Shop"},"image":{"@id":"https:\/\/ecoxshop.ch\/#\/schema\/logo\/image\/"}}]}},"_links":{"self":[{"href":"https:\/\/ecoxshop.ch\/en\/wp-json\/wp\/v3\/product\/13963"}],"collection":[{"href":"https:\/\/ecoxshop.ch\/en\/wp-json\/wp\/v3\/product"}],"about":[{"href":"https:\/\/ecoxshop.ch\/en\/wp-json\/wp\/v2\/types\/product"}],"wp:featuredmedia":[{"embeddable":true,"href":"https:\/\/ecoxshop.ch\/en\/wp-json\/wp\/v2\/media\/13964"}],"wp:attachment":[{"href":"https:\/\/ecoxshop.ch\/en\/wp-json\/wp\/v2\/media?parent=13963"}],"wp:term":[{"taxonomy":"product_cat","embeddable":true,"href":"https:\/\/ecoxshop.ch\/en\/wp-json\/wp\/v2\/product_cat?post=13963"},{"taxonomy":"product_tag","embeddable":true,"href":"https:\/\/ecoxshop.ch\/en\/wp-json\/wp\/v2\/product_tag?post=13963"}],"curies":[{"name":"wp","href":"https:\/\/api.w.org\/{rel}","templated":true}]}}