{"id":13866,"date":"2025-03-06T12:12:20","date_gmt":"2025-03-06T11:12:20","guid":{"rendered":"https:\/\/ecoxshop.ch\/prodotto\/pittogramma-da-pavimento-gilet-di-sicurezza-alta-visibilita-obbligatorio\/"},"modified":"2025-03-07T14:58:15","modified_gmt":"2025-03-07T13:58:15","slug":"pittogramma-da-pavimento-gilet-di-sicurezza-alta-visibilita-obbligatorio","status":"publish","type":"product","link":"https:\/\/ecoxshop.ch\/en\/product\/pictogram-floor-safety-vest-high-visibility-mandatory\/","title":{"rendered":"Floor pictogram 'High-visibility safety waistcoat mandatory'."},"content":{"rendered":"<p>Registered safety signs to identify hazardous areas, storage areas, pedestrian crossings, etc. Pictogram 'High Visibility Safety Vest Mandatory' M015 compliant with UNI EN ISO 7010. Adhesive for application on floors in indoor areas such as warehouses, distribution centres, production and more. Robust and abrasion resistant. Complies with UNI EN ISO 7010. Slip resistance R9 in accordance with DIN 51130. Dimensions: \u00d8 430 mm, thickness 0.4 mm.<\/p>","protected":false},"excerpt":{"rendered":"<p>Floor pictogram \"High visibility safety waistcoat mandatory\" Durable light blue \u00d8 430 mm - 173506<\/p>","protected":false},"featured_media":9501,"template":"","meta":[],"product_cat":[454],"product_tag":[],"yoast_head":"<!-- This site is optimized with the Yoast SEO plugin v20.7 - https:\/\/yoast.com\/wordpress\/plugins\/seo\/ -->\n<title>Pittogramma da pavimento &quot;Gilet di sicurezza alta visibilit\u00e0 obbligatorio&#039;&#039; - Ecox Shop<\/title>\n<meta name=\"robots\" content=\"index, follow, max-snippet:-1, max-image-preview:large, max-video-preview:-1\" \/>\n<link rel=\"canonical\" href=\"https:\/\/ecoxshop.ch\/en\/product\/pittogramma-da-pavimento-gilet-di-sicurezza-alta-visibilita-obbligatorio\/\" \/>\n<meta property=\"og:locale\" content=\"en_GB\" \/>\n<meta property=\"og:type\" content=\"article\" \/>\n<meta property=\"og:title\" content=\"Pittogramma da pavimento &quot;Gilet di sicurezza alta visibilit\u00e0 obbligatorio&#039;&#039; - Ecox Shop\" \/>\n<meta property=\"og:description\" content=\"Pittogramma da pavimento &#039;&#039;Gilet di sicurezza alta visibilit\u00e0 obbligatorio&#039;&#039; Durable azzurro \u00d8 430 mm - 173506\" \/>\n<meta property=\"og:url\" content=\"https:\/\/ecoxshop.ch\/en\/product\/pittogramma-da-pavimento-gilet-di-sicurezza-alta-visibilita-obbligatorio\/\" \/>\n<meta property=\"og:site_name\" content=\"Ecox Shop\" \/>\n<meta property=\"article:modified_time\" content=\"2025-03-07T13:58:15+00:00\" \/>\n<meta property=\"og:image\" content=\"https:\/\/ecoxshop.ch\/wp-content\/uploads\/2025\/03\/1712909.jpg\" \/>\n\t<meta property=\"og:image:width\" content=\"480\" \/>\n\t<meta property=\"og:image:height\" content=\"480\" \/>\n\t<meta property=\"og:image:type\" content=\"image\/jpeg\" \/>\n<meta name=\"twitter:card\" content=\"summary_large_image\" \/>\n<script type=\"application\/ld+json\" class=\"yoast-schema-graph\">{\"@context\":\"https:\/\/schema.org\",\"@graph\":[{\"@type\":\"WebPage\",\"@id\":\"https:\/\/ecoxshop.ch\/en\/product\/pittogramma-da-pavimento-gilet-di-sicurezza-alta-visibilita-obbligatorio\/\",\"url\":\"https:\/\/ecoxshop.ch\/en\/product\/pittogramma-da-pavimento-gilet-di-sicurezza-alta-visibilita-obbligatorio\/\",\"name\":\"Pittogramma da pavimento \\\"Gilet di sicurezza alta visibilit\u00e0 obbligatorio'' - Ecox Shop\",\"isPartOf\":{\"@id\":\"https:\/\/ecoxshop.ch\/#website\"},\"datePublished\":\"2025-03-06T11:12:20+00:00\",\"dateModified\":\"2025-03-07T13:58:15+00:00\",\"breadcrumb\":{\"@id\":\"https:\/\/ecoxshop.ch\/en\/product\/pittogramma-da-pavimento-gilet-di-sicurezza-alta-visibilita-obbligatorio\/#breadcrumb\"},\"inLanguage\":\"en-GB\",\"potentialAction\":[{\"@type\":\"ReadAction\",\"target\":[\"https:\/\/ecoxshop.ch\/en\/product\/pittogramma-da-pavimento-gilet-di-sicurezza-alta-visibilita-obbligatorio\/\"]}]},{\"@type\":\"BreadcrumbList\",\"@id\":\"https:\/\/ecoxshop.ch\/en\/product\/pittogramma-da-pavimento-gilet-di-sicurezza-alta-visibilita-obbligatorio\/#breadcrumb\",\"itemListElement\":[{\"@type\":\"ListItem\",\"position\":1,\"name\":\"Home\",\"item\":\"https:\/\/ecoxshop.ch\/it\/\"},{\"@type\":\"ListItem\",\"position\":2,\"name\":\"Shop\",\"item\":\"https:\/\/ecoxshop.ch\/it\/shop\/\"},{\"@type\":\"ListItem\",\"position\":3,\"name\":\"Pittogramma da pavimento &#8220;Gilet di sicurezza alta visibilit\u00e0 obbligatorio&#8221;\"}]},{\"@type\":\"WebSite\",\"@id\":\"https:\/\/ecoxshop.ch\/#website\",\"url\":\"https:\/\/ecoxshop.ch\/\",\"name\":\"Ecox Shop\",\"description\":\"\",\"publisher\":{\"@id\":\"https:\/\/ecoxshop.ch\/#organization\"},\"potentialAction\":[{\"@type\":\"SearchAction\",\"target\":{\"@type\":\"EntryPoint\",\"urlTemplate\":\"https:\/\/ecoxshop.ch\/?s={search_term_string}\"},\"query-input\":\"required name=search_term_string\"}],\"inLanguage\":\"en-GB\"},{\"@type\":\"Organization\",\"@id\":\"https:\/\/ecoxshop.ch\/#organization\",\"name\":\"Ecox Shop\",\"url\":\"https:\/\/ecoxshop.ch\/\",\"logo\":{\"@type\":\"ImageObject\",\"inLanguage\":\"en-GB\",\"@id\":\"https:\/\/ecoxshop.ch\/#\/schema\/logo\/image\/\",\"url\":\"https:\/\/ecoxshop.ch\/wp-content\/uploads\/2023\/05\/logo-ecox.svg\",\"contentUrl\":\"https:\/\/ecoxshop.ch\/wp-content\/uploads\/2023\/05\/logo-ecox.svg\",\"width\":304.6,\"height\":91.5,\"caption\":\"Ecox Shop\"},\"image\":{\"@id\":\"https:\/\/ecoxshop.ch\/#\/schema\/logo\/image\/\"}}]}<\/script>\n<!-- \/ Yoast SEO plugin. -->","yoast_head_json":{"title":"Pittogramma da pavimento \"Gilet di sicurezza alta visibilit\u00e0 obbligatorio'' - Ecox Shop","robots":{"index":"index","follow":"follow","max-snippet":"max-snippet:-1","max-image-preview":"max-image-preview:large","max-video-preview":"max-video-preview:-1"},"canonical":"https:\/\/ecoxshop.ch\/en\/product\/pittogramma-da-pavimento-gilet-di-sicurezza-alta-visibilita-obbligatorio\/","og_locale":"en_GB","og_type":"article","og_title":"Pittogramma da pavimento \"Gilet di sicurezza alta visibilit\u00e0 obbligatorio'' - Ecox Shop","og_description":"Pittogramma da pavimento ''Gilet di sicurezza alta visibilit\u00e0 obbligatorio'' Durable azzurro \u00d8 430 mm - 173506","og_url":"https:\/\/ecoxshop.ch\/en\/product\/pittogramma-da-pavimento-gilet-di-sicurezza-alta-visibilita-obbligatorio\/","og_site_name":"Ecox Shop","article_modified_time":"2025-03-07T13:58:15+00:00","og_image":[{"width":480,"height":480,"url":"https:\/\/ecoxshop.ch\/wp-content\/uploads\/2025\/03\/1712909.jpg","type":"image\/jpeg"}],"twitter_card":"summary_large_image","schema":{"@context":"https:\/\/schema.org","@graph":[{"@type":"WebPage","@id":"https:\/\/ecoxshop.ch\/en\/product\/pittogramma-da-pavimento-gilet-di-sicurezza-alta-visibilita-obbligatorio\/","url":"https:\/\/ecoxshop.ch\/en\/product\/pittogramma-da-pavimento-gilet-di-sicurezza-alta-visibilita-obbligatorio\/","name":"Pittogramma da pavimento \"Gilet di sicurezza alta visibilit\u00e0 obbligatorio'' - Ecox Shop","isPartOf":{"@id":"https:\/\/ecoxshop.ch\/#website"},"datePublished":"2025-03-06T11:12:20+00:00","dateModified":"2025-03-07T13:58:15+00:00","breadcrumb":{"@id":"https:\/\/ecoxshop.ch\/en\/product\/pittogramma-da-pavimento-gilet-di-sicurezza-alta-visibilita-obbligatorio\/#breadcrumb"},"inLanguage":"en-GB","potentialAction":[{"@type":"ReadAction","target":["https:\/\/ecoxshop.ch\/en\/product\/pittogramma-da-pavimento-gilet-di-sicurezza-alta-visibilita-obbligatorio\/"]}]},{"@type":"BreadcrumbList","@id":"https:\/\/ecoxshop.ch\/en\/product\/pittogramma-da-pavimento-gilet-di-sicurezza-alta-visibilita-obbligatorio\/#breadcrumb","itemListElement":[{"@type":"ListItem","position":1,"name":"Home","item":"https:\/\/ecoxshop.ch\/it\/"},{"@type":"ListItem","position":2,"name":"Shop","item":"https:\/\/ecoxshop.ch\/it\/shop\/"},{"@type":"ListItem","position":3,"name":"Pittogramma da pavimento &#8220;Gilet di sicurezza alta visibilit\u00e0 obbligatorio&#8221;"}]},{"@type":"WebSite","@id":"https:\/\/ecoxshop.ch\/#website","url":"https:\/\/ecoxshop.ch\/","name":"Ecox Shop","description":"","publisher":{"@id":"https:\/\/ecoxshop.ch\/#organization"},"potentialAction":[{"@type":"SearchAction","target":{"@type":"EntryPoint","urlTemplate":"https:\/\/ecoxshop.ch\/?s={search_term_string}"},"query-input":"required name=search_term_string"}],"inLanguage":"en-GB"},{"@type":"Organization","@id":"https:\/\/ecoxshop.ch\/#organization","name":"Ecox Shop","url":"https:\/\/ecoxshop.ch\/","logo":{"@type":"ImageObject","inLanguage":"en-GB","@id":"https:\/\/ecoxshop.ch\/#\/schema\/logo\/image\/","url":"https:\/\/ecoxshop.ch\/wp-content\/uploads\/2023\/05\/logo-ecox.svg","contentUrl":"https:\/\/ecoxshop.ch\/wp-content\/uploads\/2023\/05\/logo-ecox.svg","width":304.6,"height":91.5,"caption":"Ecox Shop"},"image":{"@id":"https:\/\/ecoxshop.ch\/#\/schema\/logo\/image\/"}}]}},"_links":{"self":[{"href":"https:\/\/ecoxshop.ch\/en\/wp-json\/wp\/v3\/product\/13866"}],"collection":[{"href":"https:\/\/ecoxshop.ch\/en\/wp-json\/wp\/v3\/product"}],"about":[{"href":"https:\/\/ecoxshop.ch\/en\/wp-json\/wp\/v2\/types\/product"}],"wp:featuredmedia":[{"embeddable":true,"href":"https:\/\/ecoxshop.ch\/en\/wp-json\/wp\/v2\/media\/9501"}],"wp:attachment":[{"href":"https:\/\/ecoxshop.ch\/en\/wp-json\/wp\/v2\/media?parent=13866"}],"wp:term":[{"taxonomy":"product_cat","embeddable":true,"href":"https:\/\/ecoxshop.ch\/en\/wp-json\/wp\/v2\/product_cat?post=13866"},{"taxonomy":"product_tag","embeddable":true,"href":"https:\/\/ecoxshop.ch\/en\/wp-json\/wp\/v2\/product_tag?post=13866"}],"curies":[{"name":"wp","href":"https:\/\/api.w.org\/{rel}","templated":true}]}}