{"id":11943,"date":"2025-03-06T10:14:12","date_gmt":"2025-03-06T09:14:12","guid":{"rendered":"https:\/\/ecoxshop.ch\/prodotto\/nastri-antisdrucciolo-tesa-anti-slip-professional-50-mm-x-15-m-nero\/"},"modified":"2025-03-07T14:51:25","modified_gmt":"2025-03-07T13:51:25","slug":"nastri-antisdrucciolo-tesa-anti-slip-professional-50-mm-x-15-m-nero","status":"publish","type":"product","link":"https:\/\/ecoxshop.ch\/en\/product\/nastri-antisdrucciolo-tesa-anti-slip-professional-50-mm-x-15-m-nero\/","title":{"rendered":"Tesa Anti Slip Professional 50 mm x 15 m black"},"content":{"rendered":"<p>Il campo di applicazione della gamma Tesa\u00ae Anti Slip Professional riguarda ogni settore in cui \u00e8 richiesta sicurezza. L&#8217;antisdrucciolo \u00e8 la protezione ideale per prevenire gli slittamenti ed inoltre per evitare incidenti sul lavoro. La buona adesivit\u00e0 del prodotto lo rende idoneo per superfici critiche come pavimenti di aziende, aree industriali, ecc. Il rivestimento in adesivo forte e di lunga durata assicura un effetto antisdrucciolo fino a 1-2 anni in condizioni normali di utilizzo. I nastri antisdrucciolo sono strappabili con le mani e non si restringono dopo l&#8217;applicazione.<\/p>","protected":false},"excerpt":{"rendered":"<p>Nastri antisdrucciolo tesa Anti Slip Professional 50 mm x 15 m nero 60950-00001-00<\/p>","protected":false},"featured_media":5717,"template":"","meta":[],"product_cat":[224],"product_tag":[],"yoast_head":"<!-- This site is optimized with the Yoast SEO plugin v20.7 - https:\/\/yoast.com\/wordpress\/plugins\/seo\/ -->\n<title>Nastri antisdrucciolo tesa Anti Slip Professional 50 mm x 15 m nero - Ecox Shop<\/title>\n<meta name=\"robots\" content=\"index, follow, max-snippet:-1, max-image-preview:large, max-video-preview:-1\" \/>\n<link rel=\"canonical\" href=\"https:\/\/ecoxshop.ch\/en\/product\/nastri-antisdrucciolo-tesa-anti-slip-professional-50-mm-x-15-m-nero\/\" \/>\n<meta property=\"og:locale\" content=\"en_GB\" \/>\n<meta property=\"og:type\" content=\"article\" \/>\n<meta property=\"og:title\" content=\"Nastri antisdrucciolo tesa Anti Slip Professional 50 mm x 15 m nero - Ecox Shop\" \/>\n<meta property=\"og:description\" content=\"Nastri antisdrucciolo tesa Anti Slip Professional 50 mm x 15 m nero 60950-00001-00\" \/>\n<meta property=\"og:url\" content=\"https:\/\/ecoxshop.ch\/en\/product\/nastri-antisdrucciolo-tesa-anti-slip-professional-50-mm-x-15-m-nero\/\" \/>\n<meta property=\"og:site_name\" content=\"Ecox Shop\" \/>\n<meta property=\"article:modified_time\" content=\"2025-03-07T13:51:25+00:00\" \/>\n<meta property=\"og:image\" content=\"https:\/\/ecoxshop.ch\/wp-content\/uploads\/2025\/03\/1849109.jpg\" \/>\n\t<meta property=\"og:image:width\" content=\"480\" \/>\n\t<meta property=\"og:image:height\" content=\"480\" \/>\n\t<meta property=\"og:image:type\" content=\"image\/jpeg\" \/>\n<meta name=\"twitter:card\" content=\"summary_large_image\" \/>\n<script type=\"application\/ld+json\" class=\"yoast-schema-graph\">{\"@context\":\"https:\/\/schema.org\",\"@graph\":[{\"@type\":\"WebPage\",\"@id\":\"https:\/\/ecoxshop.ch\/prodotto\/nastri-antisdrucciolo-tesa-anti-slip-professional-50-mm-x-15-m-nero\/\",\"url\":\"https:\/\/ecoxshop.ch\/prodotto\/nastri-antisdrucciolo-tesa-anti-slip-professional-50-mm-x-15-m-nero\/\",\"name\":\"Nastri antisdrucciolo tesa Anti Slip Professional 50 mm x 15 m nero - Ecox Shop\",\"isPartOf\":{\"@id\":\"https:\/\/ecoxshop.ch\/#website\"},\"datePublished\":\"2025-03-06T09:14:12+00:00\",\"dateModified\":\"2025-03-07T13:51:25+00:00\",\"breadcrumb\":{\"@id\":\"https:\/\/ecoxshop.ch\/prodotto\/nastri-antisdrucciolo-tesa-anti-slip-professional-50-mm-x-15-m-nero\/#breadcrumb\"},\"inLanguage\":\"en-GB\",\"potentialAction\":[{\"@type\":\"ReadAction\",\"target\":[\"https:\/\/ecoxshop.ch\/prodotto\/nastri-antisdrucciolo-tesa-anti-slip-professional-50-mm-x-15-m-nero\/\"]}]},{\"@type\":\"BreadcrumbList\",\"@id\":\"https:\/\/ecoxshop.ch\/prodotto\/nastri-antisdrucciolo-tesa-anti-slip-professional-50-mm-x-15-m-nero\/#breadcrumb\",\"itemListElement\":[{\"@type\":\"ListItem\",\"position\":1,\"name\":\"Home\",\"item\":\"https:\/\/ecoxshop.ch\/it\/\"},{\"@type\":\"ListItem\",\"position\":2,\"name\":\"Shop\",\"item\":\"https:\/\/ecoxshop.ch\/it\/shop\/\"},{\"@type\":\"ListItem\",\"position\":3,\"name\":\"Nastri antisdrucciolo tesa Anti Slip Professional 50 mm x 15 m nero\"}]},{\"@type\":\"WebSite\",\"@id\":\"https:\/\/ecoxshop.ch\/#website\",\"url\":\"https:\/\/ecoxshop.ch\/\",\"name\":\"Ecox Shop\",\"description\":\"\",\"publisher\":{\"@id\":\"https:\/\/ecoxshop.ch\/#organization\"},\"potentialAction\":[{\"@type\":\"SearchAction\",\"target\":{\"@type\":\"EntryPoint\",\"urlTemplate\":\"https:\/\/ecoxshop.ch\/?s={search_term_string}\"},\"query-input\":\"required name=search_term_string\"}],\"inLanguage\":\"en-GB\"},{\"@type\":\"Organization\",\"@id\":\"https:\/\/ecoxshop.ch\/#organization\",\"name\":\"Ecox Shop\",\"url\":\"https:\/\/ecoxshop.ch\/\",\"logo\":{\"@type\":\"ImageObject\",\"inLanguage\":\"en-GB\",\"@id\":\"https:\/\/ecoxshop.ch\/#\/schema\/logo\/image\/\",\"url\":\"https:\/\/ecoxshop.ch\/wp-content\/uploads\/2023\/05\/logo-ecox.svg\",\"contentUrl\":\"https:\/\/ecoxshop.ch\/wp-content\/uploads\/2023\/05\/logo-ecox.svg\",\"width\":304.6,\"height\":91.5,\"caption\":\"Ecox Shop\"},\"image\":{\"@id\":\"https:\/\/ecoxshop.ch\/#\/schema\/logo\/image\/\"}}]}<\/script>\n<!-- \/ Yoast SEO plugin. -->","yoast_head_json":{"title":"Nastri antisdrucciolo tesa Anti Slip Professional 50 mm x 15 m nero - Ecox Shop","robots":{"index":"index","follow":"follow","max-snippet":"max-snippet:-1","max-image-preview":"max-image-preview:large","max-video-preview":"max-video-preview:-1"},"canonical":"https:\/\/ecoxshop.ch\/en\/product\/nastri-antisdrucciolo-tesa-anti-slip-professional-50-mm-x-15-m-nero\/","og_locale":"en_GB","og_type":"article","og_title":"Nastri antisdrucciolo tesa Anti Slip Professional 50 mm x 15 m nero - Ecox Shop","og_description":"Nastri antisdrucciolo tesa Anti Slip Professional 50 mm x 15 m nero 60950-00001-00","og_url":"https:\/\/ecoxshop.ch\/en\/product\/nastri-antisdrucciolo-tesa-anti-slip-professional-50-mm-x-15-m-nero\/","og_site_name":"Ecox Shop","article_modified_time":"2025-03-07T13:51:25+00:00","og_image":[{"width":480,"height":480,"url":"https:\/\/ecoxshop.ch\/wp-content\/uploads\/2025\/03\/1849109.jpg","type":"image\/jpeg"}],"twitter_card":"summary_large_image","schema":{"@context":"https:\/\/schema.org","@graph":[{"@type":"WebPage","@id":"https:\/\/ecoxshop.ch\/prodotto\/nastri-antisdrucciolo-tesa-anti-slip-professional-50-mm-x-15-m-nero\/","url":"https:\/\/ecoxshop.ch\/prodotto\/nastri-antisdrucciolo-tesa-anti-slip-professional-50-mm-x-15-m-nero\/","name":"Nastri antisdrucciolo tesa Anti Slip Professional 50 mm x 15 m nero - Ecox Shop","isPartOf":{"@id":"https:\/\/ecoxshop.ch\/#website"},"datePublished":"2025-03-06T09:14:12+00:00","dateModified":"2025-03-07T13:51:25+00:00","breadcrumb":{"@id":"https:\/\/ecoxshop.ch\/prodotto\/nastri-antisdrucciolo-tesa-anti-slip-professional-50-mm-x-15-m-nero\/#breadcrumb"},"inLanguage":"en-GB","potentialAction":[{"@type":"ReadAction","target":["https:\/\/ecoxshop.ch\/prodotto\/nastri-antisdrucciolo-tesa-anti-slip-professional-50-mm-x-15-m-nero\/"]}]},{"@type":"BreadcrumbList","@id":"https:\/\/ecoxshop.ch\/prodotto\/nastri-antisdrucciolo-tesa-anti-slip-professional-50-mm-x-15-m-nero\/#breadcrumb","itemListElement":[{"@type":"ListItem","position":1,"name":"Home","item":"https:\/\/ecoxshop.ch\/it\/"},{"@type":"ListItem","position":2,"name":"Shop","item":"https:\/\/ecoxshop.ch\/it\/shop\/"},{"@type":"ListItem","position":3,"name":"Nastri antisdrucciolo tesa Anti Slip Professional 50 mm x 15 m nero"}]},{"@type":"WebSite","@id":"https:\/\/ecoxshop.ch\/#website","url":"https:\/\/ecoxshop.ch\/","name":"Ecox Shop","description":"","publisher":{"@id":"https:\/\/ecoxshop.ch\/#organization"},"potentialAction":[{"@type":"SearchAction","target":{"@type":"EntryPoint","urlTemplate":"https:\/\/ecoxshop.ch\/?s={search_term_string}"},"query-input":"required name=search_term_string"}],"inLanguage":"en-GB"},{"@type":"Organization","@id":"https:\/\/ecoxshop.ch\/#organization","name":"Ecox Shop","url":"https:\/\/ecoxshop.ch\/","logo":{"@type":"ImageObject","inLanguage":"en-GB","@id":"https:\/\/ecoxshop.ch\/#\/schema\/logo\/image\/","url":"https:\/\/ecoxshop.ch\/wp-content\/uploads\/2023\/05\/logo-ecox.svg","contentUrl":"https:\/\/ecoxshop.ch\/wp-content\/uploads\/2023\/05\/logo-ecox.svg","width":304.6,"height":91.5,"caption":"Ecox Shop"},"image":{"@id":"https:\/\/ecoxshop.ch\/#\/schema\/logo\/image\/"}}]}},"_links":{"self":[{"href":"https:\/\/ecoxshop.ch\/en\/wp-json\/wp\/v3\/product\/11943"}],"collection":[{"href":"https:\/\/ecoxshop.ch\/en\/wp-json\/wp\/v3\/product"}],"about":[{"href":"https:\/\/ecoxshop.ch\/en\/wp-json\/wp\/v2\/types\/product"}],"wp:featuredmedia":[{"embeddable":true,"href":"https:\/\/ecoxshop.ch\/en\/wp-json\/wp\/v2\/media\/5717"}],"wp:attachment":[{"href":"https:\/\/ecoxshop.ch\/en\/wp-json\/wp\/v2\/media?parent=11943"}],"wp:term":[{"taxonomy":"product_cat","embeddable":true,"href":"https:\/\/ecoxshop.ch\/en\/wp-json\/wp\/v2\/product_cat?post=11943"},{"taxonomy":"product_tag","embeddable":true,"href":"https:\/\/ecoxshop.ch\/en\/wp-json\/wp\/v2\/product_tag?post=11943"}],"curies":[{"name":"wp","href":"https:\/\/api.w.org\/{rel}","templated":true}]}}